{"id":411,"date":"2024-10-09T09:49:05","date_gmt":"2024-10-09T09:49:05","guid":{"rendered":"https:\/\/lekarzpodroznik.pl\/store\/?post_type=product&#038;p=411"},"modified":"2025-03-12T10:17:10","modified_gmt":"2025-03-12T10:17:10","slug":"exodermin","status":"publish","type":"product","link":"https:\/\/lekarzpodroznik.pl\/store\/product\/exodermin\/","title":{"rendered":"Exodermin"},"content":{"rendered":"<p>Exodermin to krem o silnym dzia\u0142aniu przeciwgrzybiczym, przeznaczony do stosowania miejscowego na sk\u00f3r\u0119 oraz paznokcie dotkni\u0119te infekcj\u0105 grzybicz\u0105. Preparat ten nale\u017cy do grupy dermokosmetyk\u00f3w, kt\u00f3re wspieraj\u0105 leczenie chor\u00f3b sk\u00f3rnych. Dzi\u0119ki swojej konsystencji, krem \u0142atwo si\u0119 wch\u0142ania i dzia\u0142a bezpo\u015brednio na dotkni\u0119te obszary, co przyspiesza proces regeneracji sk\u00f3ry i paznokci.<\/p>\n<p>Krem jest dost\u0119pny w wygodnych opakowaniach tubkowych, co u\u0142atwia jego aplikacj\u0119 na zainfekowane miejsca. Exodermin to preparat przeznaczony zar\u00f3wno do u\u017cytku domowego, jak i do u\u017cytku profesjonalnego, w ramach leczenia przewlek\u0142ych infekcji grzybiczych.<\/p>\n<p style=\"text-align: center;\"><a class=\"border-button\" href=\"https:\/\/mandarv.com\/Sp4S?sub1=sub1&amp;sub2=sub2&amp;sub3=sub3&amp;sub4=sub4&amp;sub5=sub5\">www.exodermin.pl<\/a><\/p>\n<h2>Wskazania i przeciwwskazania Exodermin<\/h2>\n<p>Exodermin jest rekomendowany dla os\u00f3b borykaj\u0105cych si\u0119 z r\u00f3\u017cnymi formami grzybicy, w tym grzybicy st\u00f3p, paznokci oraz fa\u0142d\u00f3w sk\u00f3rnych. Dzia\u0142a efektywnie w przypadku takich objaw\u00f3w jak sw\u0119dzenie, pieczenie, \u0142uszczenie si\u0119 sk\u00f3ry oraz nieprzyjemny zapach. Mo\u017ce by\u0107 stosowany zar\u00f3wno w pocz\u0105tkowych stadiach infekcji, jak i w przypadkach przewlek\u0142ych.<\/p>\n<h3>Wskazania:<\/h3>\n<ul>\n<li>Grzybica st\u00f3p (tzw. stopa sportowca)<\/li>\n<li>Grzybica paznokci (onychomikoza)<\/li>\n<li>Infekcje grzybicze sk\u00f3ry<\/li>\n<li>Nadmierne pocenie st\u00f3p i zwi\u0105zany z tym nieprzyjemny zapach<\/li>\n<li>Podra\u017cnienia i p\u0119kni\u0119cia sk\u00f3ry zwi\u0105zane z infekcj\u0105 grzybicz\u0105<\/li>\n<\/ul>\n<h3>Przeciwwskazania:<\/h3>\n<ul>\n<li>Nadwra\u017cliwo\u015b\u0107 na kt\u00f3rykolwiek ze sk\u0142adnik\u00f3w preparatu<\/li>\n<li>Otwarte rany na sk\u00f3rze (zaleca si\u0119 ostro\u017cno\u015b\u0107 w przypadku du\u017cych p\u0119kni\u0119\u0107)<\/li>\n<li>Ci\u0105\u017ca i okres karmienia piersi\u0105 (przed zastosowaniem nale\u017cy skonsultowa\u0107 si\u0119 z lekarzem)<\/li>\n<\/ul>\n<p>Exodermin jest generalnie bezpieczny do stosowania, jednak osoby z wra\u017cliw\u0105 sk\u00f3r\u0105 powinny zachowa\u0107 ostro\u017cno\u015b\u0107 i, w razie potrzeby, wykona\u0107 pr\u00f3b\u0119 uczuleniow\u0105 przed pe\u0142nym zastosowaniem preparatu.<\/p>\n<h2>Sk\u0142ad Exodermin &#8211; Skuteczne sk\u0142adniki<\/h2>\n<p>Sk\u0142ad kremu Exodermin zosta\u0142 dobrany w taki spos\u00f3b, aby zapewni\u0107 kompleksowe dzia\u0142anie przeciwgrzybicze, antybakteryjne oraz regeneruj\u0105ce. W sk\u0142adzie znajduj\u0105 si\u0119 naturalne i bezpieczne dla sk\u00f3ry sk\u0142adniki, kt\u00f3re nie tylko niszcz\u0105 patogeny, ale tak\u017ce wspomagaj\u0105 odbudow\u0119 uszkodzonej sk\u00f3ry oraz wzmacniaj\u0105 p\u0142ytk\u0119 paznokciow\u0105.<\/p>\n<p>Oto kluczowe sk\u0142adniki, kt\u00f3re czyni\u0105 Exodermin tak skutecznym:<\/p>\n<h3>1. <strong>Castoreum + ekstrakt z mumii<\/strong><\/h3>\n<ul>\n<li>Castoreum to substancja o silnych w\u0142a\u015bciwo\u015bciach przeciwgrzybiczych, znana z tradycyjnej medycyny naturalnej. W po\u0142\u0105czeniu z ekstraktem z mumii, sk\u0142adniki te dezynfekuj\u0105 i niszcz\u0105 struktur\u0119 infekcji grzybiczej, eliminuj\u0105c sw\u0119dzenie oraz dyskomfort. Dodatkowo przyspieszaj\u0105 gojenie si\u0119 ran i p\u0119kni\u0119\u0107 na sk\u00f3rze.<\/li>\n<\/ul>\n<h3>2. <strong>Smo\u0142a z kory brzozy + ekstrakt z li\u015bci aloesu<\/strong><\/h3>\n<ul>\n<li>Te sk\u0142adniki dzia\u0142aj\u0105 przede wszystkim jako bariera ochronna przed rozwojem patogennej mikroflory. Smo\u0142a brzozowa dzia\u0142a antyseptycznie, a aloes od\u017cywia i nawil\u017ca sk\u00f3r\u0119, pomagaj\u0105c w redukcji nadmiernej potliwo\u015bci i nieprzyjemnego zapachu.<\/li>\n<\/ul>\n<h3>3. <strong>Olej Monarda + ekstrakt z nagietka<\/strong><\/h3>\n<ul>\n<li>Monarda i nagietek tworz\u0105 na sk\u00f3rze warstw\u0119 ochronn\u0105, zapobiegaj\u0105c\u0105 dalszemu rozprzestrzenianiu si\u0119 bakterii. Nagietek jest znany z w\u0142a\u015bciwo\u015bci regeneracyjnych, co sprawia, \u017ce Exodermin wzmacnia p\u0142ytk\u0119 paznokcia, zapobiegaj\u0105c jej dalszemu uszkodzeniu.<\/li>\n<\/ul>\n<h3>4. <strong>Propolis + kalanchoe<\/strong><\/h3>\n<ul>\n<li>Propolis jest silnym naturalnym \u015brodkiem o dzia\u0142aniu przeciwbakteryjnym i przeciwzapalnym. W po\u0142\u0105czeniu z kalanchoe, dzia\u0142a na uk\u0142ad odporno\u015bciowy, pomagaj\u0105c organizmowi zwalcza\u0107 przewlek\u0142e infekcje grzybicze oraz poprawiaj\u0105c og\u00f3lny stan sk\u00f3ry.<\/li>\n<\/ul>\n<h2>Efekty stosowania &#8211; Dzia\u0142anie kremu Exodermin<\/h2>\n<p>Regularne stosowanie kremu Exodermin przynosi zauwa\u017calne efekty ju\u017c po kilku dniach. Oto, jakie korzy\u015bci mo\u017cna zaobserwowa\u0107 w trakcie terapii:<\/p>\n<ol>\n<li><strong>Likwidacja grzybicy<\/strong> &#8211; Sk\u0142adniki aktywne kremu skutecznie niszcz\u0105 patogeny grzybicze, zapobiegaj\u0105c dalszemu rozprzestrzenianiu si\u0119 infekcji.<\/li>\n<li><strong>Redukcja sw\u0119dzenia i pieczenia<\/strong> &#8211; Sw\u0119dzenie to jeden z najbardziej uci\u0105\u017cliwych objaw\u00f3w grzybicy. Exodermin dzia\u0142a koj\u0105co na sk\u00f3r\u0119, eliminuj\u0105c ten problem.<\/li>\n<li><strong>Regeneracja sk\u00f3ry i paznokci<\/strong> &#8211; Krem wspomaga odbudow\u0119 uszkodzonych tkanek, przyspieszaj\u0105c proces gojenia ran oraz regeneracji paznokci.<\/li>\n<li><strong>Zmniejszenie nadmiernej potliwo\u015bci<\/strong> &#8211; Exodermin reguluje prac\u0119 gruczo\u0142\u00f3w potowych, redukuj\u0105c potliwo\u015b\u0107 st\u00f3p oraz eliminuj\u0105c nieprzyjemny zapach.<\/li>\n<li><strong>D\u0142ugotrwa\u0142a ochrona<\/strong> &#8211; Stosowanie kremu zapobiega nawrotom grzybicy, tworz\u0105c barier\u0119 ochronn\u0105 na sk\u00f3rze i paznokciach.<\/li>\n<\/ol>\n<h2>Gdzie kupi\u0107 Exodermin?<\/h2>\n<p>Exodermin to produkt, kt\u00f3ry mo\u017cna kupi\u0107 wy\u0142\u0105cznie w wybranych kana\u0142ach sprzeda\u017cy, co gwarantuje jego oryginalno\u015b\u0107 oraz najwy\u017csz\u0105 jako\u015b\u0107. Nale\u017cy podkre\u015bli\u0107, \u017ce krem ten nie jest dost\u0119pny w tradycyjnych, stacjonarnych aptekach. Dlatego, je\u015bli zastanawiasz si\u0119, <strong>gdzie kupi\u0107 Exodermin<\/strong>, warto skorzysta\u0107 z poni\u017cszych wskaz\u00f3wek:<\/p>\n<p>Najlepiej zamawia\u0107 produkt bezpo\u015brednio od <strong>producenta<\/strong>, co zapewnia dost\u0119p do oryginalnego preparatu w najlepszej cenie. Oficjalne strony internetowe oferuj\u0105 mo\u017cliwo\u015b\u0107 zakupu z gwarancj\u0105 autentyczno\u015bci, a cz\u0119sto mo\u017cna tak\u017ce natrafi\u0107 na promocyjne oferty. Wpisuj\u0105c w wyszukiwark\u0119 has\u0142a takie jak &#8222;kupi\u0107 Exodermin&#8221;, &#8222;gdzie kupi\u0107 Exodermin&#8221;, &#8222;kupi\u0107 u producenta&#8221;, mo\u017cna trafi\u0107 na strony dystrybutor\u00f3w oferuj\u0105cych krem z dostaw\u0105 pod wskazany adres.<\/p>\n<p><strong>Exodermin nie jest dost\u0119pny w aptekach<\/strong> stacjonarnych, co eliminuje ryzyko nabycia podr\u00f3bek, kt\u00f3re mog\u0105 by\u0107 nieskuteczne, a nawet szkodliwe dla zdrowia.<\/p>\n<p>Exodermin to innowacyjny krem, kt\u00f3ry oferuje kompleksowe rozwi\u0105zanie dla os\u00f3b zmagaj\u0105cych si\u0119 z grzybic\u0105. Dzi\u0119ki skutecznemu sk\u0142adowi oraz naturalnym substancjom, dzia\u0142a szybko i bezpiecznie, eliminuj\u0105c objawy i przyczyny infekcji grzybiczej. Je\u015bli zmagasz si\u0119 z tym problemem, warto da\u0107 szans\u0119 temu preparatowi, aby skutecznie i trwale pozby\u0107 si\u0119 grzybicy.<\/p>\n<p style=\"text-align: center;\"><a class=\"border-button\" href=\"https:\/\/mandarv.com\/Sp4S?sub1=sub1&amp;sub2=sub2&amp;sub3=sub3&amp;sub4=sub4&amp;sub5=sub5\">KUPI\u0106 PO CENIE PRODUCENTA (-50%)<\/a><\/p>\n","protected":false},"excerpt":{"rendered":"<p>Nr kat.: 870874612<\/p>\n<p style=\"text-align: center;\"><a class=\"border-button\" href=\"https:\/\/mandarv.com\/Sp4S?sub1=sub1&amp;sub2=sub2&amp;sub3=sub3&amp;sub4=sub4&amp;sub5=sub5\">KUP TERAZ<\/a><\/p>\n","protected":false},"featured_media":1129,"comment_status":"open","ping_status":"closed","template":"","meta":[],"product_brand":[],"product_cat":[18],"product_tag":[],"class_list":{"0":"post-411","1":"product","2":"type-product","3":"status-publish","4":"has-post-thumbnail","6":"product_cat-suplementy","8":"first","9":"instock","10":"sale","11":"shipping-taxable","12":"purchasable","13":"product-type-simple"},"aioseo_notices":[],"_links":{"self":[{"href":"https:\/\/lekarzpodroznik.pl\/store\/wp-json\/wp\/v2\/product\/411","targetHints":{"allow":["GET"]}}],"collection":[{"href":"https:\/\/lekarzpodroznik.pl\/store\/wp-json\/wp\/v2\/product"}],"about":[{"href":"https:\/\/lekarzpodroznik.pl\/store\/wp-json\/wp\/v2\/types\/product"}],"replies":[{"embeddable":true,"href":"https:\/\/lekarzpodroznik.pl\/store\/wp-json\/wp\/v2\/comments?post=411"}],"wp:featuredmedia":[{"embeddable":true,"href":"https:\/\/lekarzpodroznik.pl\/store\/wp-json\/wp\/v2\/media\/1129"}],"wp:attachment":[{"href":"https:\/\/lekarzpodroznik.pl\/store\/wp-json\/wp\/v2\/media?parent=411"}],"wp:term":[{"taxonomy":"product_brand","embeddable":true,"href":"https:\/\/lekarzpodroznik.pl\/store\/wp-json\/wp\/v2\/product_brand?post=411"},{"taxonomy":"product_cat","embeddable":true,"href":"https:\/\/lekarzpodroznik.pl\/store\/wp-json\/wp\/v2\/product_cat?post=411"},{"taxonomy":"product_tag","embeddable":true,"href":"https:\/\/lekarzpodroznik.pl\/store\/wp-json\/wp\/v2\/product_tag?post=411"}],"curies":[{"name":"wp","href":"https:\/\/api.w.org\/{rel}","templated":true}]}}