{"id":415,"date":"2024-10-09T09:57:33","date_gmt":"2024-10-09T09:57:33","guid":{"rendered":"https:\/\/lekarzpodroznik.pl\/store\/?post_type=product&#038;p=415"},"modified":"2025-12-26T17:03:51","modified_gmt":"2025-12-26T17:03:51","slug":"gelarex","status":"publish","type":"product","link":"https:\/\/lekarzpodroznik.pl\/store\/product\/gelarex\/","title":{"rendered":"Gelarex"},"content":{"rendered":"<p><strong>Gelarex<\/strong> to krem przeznaczony do miejscowego stosowania na obszary dotkni\u0119te hemoroidami. Jego formu\u0142a zosta\u0142a opracowana z my\u015bl\u0105 o szybkiej ulgi od nieprzyjemnych objaw\u00f3w, takich jak b\u00f3l, pieczenie i sw\u0119dzenie. Krem jest \u0142atwy w aplikacji i dzia\u0142a bezpo\u015brednio na \u017ar\u00f3d\u0142o problemu, co czyni go idealnym wyborem dla os\u00f3b cierpi\u0105cych na hemoroidy, zar\u00f3wno wewn\u0119trzne, jak i zewn\u0119trzne.<\/p>\n<p><strong>Gelarex<\/strong> nale\u017cy do grupy preparat\u00f3w miejscowych, kt\u00f3re charakteryzuj\u0105 si\u0119 bezpo\u015brednim dzia\u0142aniem na sk\u00f3r\u0119 i b\u0142ony \u015bluzowe. Dzi\u0119ki zastosowaniu naturalnych sk\u0142adnik\u00f3w aktywnych, krem mo\u017ce by\u0107 stosowany przez szerok\u0105 grup\u0119 pacjent\u00f3w, minimalizuj\u0105c ryzyko wyst\u0105pienia dzia\u0142a\u0144 niepo\u017c\u0105danych.<\/p>\n<p style=\"text-align: center;\"><a class=\"border-button\" href=\"https:\/\/mandarv.com\/nIFS?sub1=sub1&amp;sub2=sub2&amp;sub3=sub3&amp;sub4=sub4&amp;sub5=sub5\">www.gelarex.pl<\/a><\/p>\n<h2><strong>Wskazania i przeciwwskazania Gelarex<\/strong><\/h2>\n<p>Krem <strong>Gelarex<\/strong> jest wskazany dla os\u00f3b, kt\u00f3re cierpi\u0105 na:<\/p>\n<ol>\n<li>Hemoroidy zewn\u0119trzne.<\/li>\n<li>Hemoroidy wewn\u0119trzne.<\/li>\n<li>P\u0119kni\u0119cia odbytu.<\/li>\n<li>Sw\u0119dzenie i pieczenie w okolicach odbytu.<\/li>\n<li>Dyskomfort podczas siedzenia lub chodzenia.<\/li>\n<\/ol>\n<p>Dzi\u0119ki naturalnym sk\u0142adnikom i miejscowemu dzia\u0142aniu, <strong>Gelarex<\/strong> szybko \u0142agodzi nieprzyjemne objawy i wspomaga proces gojenia. Jest szczeg\u00f3lnie polecany osobom prowadz\u0105cym siedz\u0105cy tryb \u017cycia, a tak\u017ce tym, kt\u00f3rzy zmagaj\u0105 si\u0119 z problemem przewlek\u0142ych zapar\u0107, co mo\u017ce prowadzi\u0107 do powstawania lub zaostrzenia hemoroid\u00f3w.<\/p>\n<p><strong>Przeciwwskazania<\/strong>: Mimo i\u017c <strong>Gelarex<\/strong> jest produktem o naturalnym sk\u0142adzie, istniej\u0105 pewne przeciwwskazania do jego stosowania. Nie zaleca si\u0119 stosowania kremu u os\u00f3b uczulonych na kt\u00f3rykolwiek ze sk\u0142adnik\u00f3w preparatu. Kobiety w ci\u0105\u017cy i karmi\u0105ce piersi\u0105 powinny skonsultowa\u0107 si\u0119 z lekarzem przed rozpocz\u0119ciem kuracji, aby unikn\u0105\u0107 potencjalnych zagro\u017ce\u0144.<\/p>\n<h2><strong>Sk\u0142ad Gelarex \u2013 skuteczne sk\u0142adniki<\/strong><\/h2>\n<p>Jednym z kluczowych element\u00f3w, kt\u00f3re wyr\u00f3\u017cniaj\u0105 <strong>Gelarex<\/strong>, jest jego starannie dobrany sk\u0142ad. Krem oparty jest na naturalnych sk\u0142adnikach, kt\u00f3re wspomagaj\u0105 proces regeneracji tkanek oraz \u0142agodz\u0105 stany zapalne. Oto g\u0142\u00f3wne sk\u0142adniki preparatu:<\/p>\n<table>\n<thead>\n<tr>\n<th><strong>Sk\u0142adnik<\/strong><\/th>\n<th><strong>Dzia\u0142anie<\/strong><\/th>\n<\/tr>\n<\/thead>\n<tbody>\n<tr>\n<td><strong>Ekstrakt z kasztanowca<\/strong><\/td>\n<td>Wzmacnia naczynia krwiono\u015bne, zmniejsza obrz\u0119ki i dzia\u0142a przeciwzapalnie.<\/td>\n<\/tr>\n<tr>\n<td><strong>Aloes<\/strong><\/td>\n<td>\u0141agodzi podra\u017cnienia, dzia\u0142a regeneruj\u0105co i przyspiesza gojenie ran.<\/td>\n<\/tr>\n<tr>\n<td><strong>Ekstrakt z nagietka<\/strong><\/td>\n<td>Posiada w\u0142a\u015bciwo\u015bci przeciwzapalne i przeciwbakteryjne, co pomaga w redukcji stanu zapalnego.<\/td>\n<\/tr>\n<tr>\n<td><strong>Olej z wiesio\u0142ka<\/strong><\/td>\n<td>Wspomaga regeneracj\u0119 sk\u00f3ry, \u0142agodzi \u015bwi\u0105d i pieczenie.<\/td>\n<\/tr>\n<tr>\n<td><strong>Mentol<\/strong><\/td>\n<td>Ch\u0142odzi i \u0142agodzi objawy b\u00f3lowe, zmniejsza sw\u0119dzenie.<\/td>\n<\/tr>\n<\/tbody>\n<\/table>\n<p>Dzi\u0119ki po\u0142\u0105czeniu tych sk\u0142adnik\u00f3w, <strong>Gelarex<\/strong> dzia\u0142a wielokierunkowo \u2013 wzmacnia naczynia krwiono\u015bne, \u0142agodzi stany zapalne oraz przyspiesza regeneracj\u0119 tkanek, co pozwala na szybsze ust\u0105pienie objaw\u00f3w hemoroid\u00f3w.<\/p>\n<h2><strong>Efekty stosowania &#8211; dzia\u0142anie kremu Gelarex<\/strong><\/h2>\n<p>Regularne stosowanie kremu <strong>Gelarex<\/strong> przynosi wymierne korzy\u015bci dla pacjent\u00f3w zmagaj\u0105cych si\u0119 z hemoroidami. Oto g\u0142\u00f3wne efekty, kt\u00f3re mo\u017cna zaobserwowa\u0107 po jego zastosowaniu:<\/p>\n<ol>\n<li><strong>Szybka ulga w b\u00f3lu<\/strong>: Mentol zawarty w kremie natychmiastowo ch\u0142odzi i \u0142agodzi b\u00f3l oraz pieczenie, co sprawia, \u017ce pacjent odczuwa ulg\u0119 ju\u017c po kilku minutach od aplikacji.<\/li>\n<li><strong>Zmniejszenie stanu zapalnego<\/strong>: Naturalne sk\u0142adniki, takie jak ekstrakt z nagietka oraz kasztanowca, dzia\u0142aj\u0105 przeciwzapalnie, co pozwala na redukcj\u0119 obrz\u0119ku i zapalenia naczy\u0144 krwiono\u015bnych.<\/li>\n<li><strong>Przyspieszenie gojenia<\/strong>: Aloes i olej z wiesio\u0142ka wspomagaj\u0105 proces regeneracji tkanek, co przyczynia si\u0119 do szybszego gojenia ran i mikrop\u0119kni\u0119\u0107.<\/li>\n<li><strong>Zabezpieczenie przed nawrotami<\/strong>: Dzi\u0119ki wzmocnieniu \u015bcian naczy\u0144 krwiono\u015bnych, krem pomaga zapobiega\u0107 nawrotom hemoroid\u00f3w.<\/li>\n<\/ol>\n<p>Regularne stosowanie <strong>Gelarex<\/strong> nie tylko \u0142agodzi objawy, ale r\u00f3wnie\u017c pomaga w profilaktyce hemoroid\u00f3w, co czyni go idealnym rozwi\u0105zaniem zar\u00f3wno dla os\u00f3b zmagaj\u0105cych si\u0119 z problemem na co dzie\u0144, jak i dla tych, kt\u00f3rzy chc\u0105 zapobiec nawrotom dolegliwo\u015bci.<\/p>\n<h2><strong>Gdzie kupi\u0107 Gelarex?<\/strong><\/h2>\n<p>Zakup odpowiedniego preparatu na hemoroidy jest kluczowy dla skutecznego leczenia. W przypadku <strong>Gelarex<\/strong> warto zwr\u00f3ci\u0107 uwag\u0119 na kilka wa\u017cnych kwestii.<\/p>\n<p>Przede wszystkim, krem <strong>Gelarex<\/strong> nie jest dost\u0119pny w tradycyjnych aptekach stacjonarnych. Aby mie\u0107 pewno\u015b\u0107, \u017ce kupujemy oryginalny produkt, najlepiej skorzysta\u0107 z oferty bezpo\u015brednio od producenta. W Internecie mo\u017cna znale\u017a\u0107 wiele ofert sprzeda\u017cy, jednak nie ka\u017cda z nich gwarantuje oryginalno\u015b\u0107 produktu. Dlatego, je\u015bli szukasz, gdzie kupi\u0107 <strong>Gelarex<\/strong>, upewnij si\u0119, \u017ce dokonujesz zakupu na oficjalnej stronie producenta lub zaufanego dystrybutora.<\/p>\n<p>Kupuj\u0105c krem u producenta, masz pewno\u015b\u0107, \u017ce preparat jest oryginalny, a dodatkowo cz\u0119sto mo\u017cesz skorzysta\u0107 z promocji i ofert specjalnych, kt\u00f3re pozwalaj\u0105 na zakup produktu w ni\u017cszej cenie. Pami\u0119taj, \u017ce kupowanie <strong>Gelarex<\/strong> w niesprawdzonych miejscach, takich jak aukcje internetowe, mo\u017ce wi\u0105za\u0107 si\u0119 z ryzykiem zakupu podr\u00f3bki, kt\u00f3ra nie b\u0119dzie mia\u0142a tych samych w\u0142a\u015bciwo\u015bci leczniczych.<\/p>\n<p><strong>Gelarex<\/strong> to krem na hemoroidy, kt\u00f3ry dzi\u0119ki swoim naturalnym sk\u0142adnikom i miejscowemu dzia\u0142aniu, oferuje szybk\u0105 ulg\u0119 w b\u00f3lu, pieczeniu i sw\u0119dzeniu. Regularne stosowanie preparatu pomaga wzmocni\u0107 naczynia krwiono\u015bne, zmniejszy\u0107 stan zapalny oraz zapobiec nawrotom dolegliwo\u015bci. Dzi\u0119ki starannie dobranemu sk\u0142adowi, <strong>Gelarex<\/strong> jest bezpieczny i skuteczny w walce z hemoroidami, co czyni go jednym z najlepszych preparat\u00f3w dost\u0119pnych na rynku. Je\u015bli zastanawiasz si\u0119, gdzie kupi\u0107 <strong>Gelarex<\/strong>, zawsze wybieraj oficjalne \u017ar\u00f3d\u0142a, aby mie\u0107 pewno\u015b\u0107, \u017ce kupujesz oryginalny i skuteczny produkt.<\/p>\n<p style=\"text-align: center;\"><a class=\"border-button\" href=\"https:\/\/mandarv.com\/nIFS?sub1=sub1&amp;sub2=sub2&amp;sub3=sub3&amp;sub4=sub4&amp;sub5=sub5\">KUPI\u0106 PO CENIE PRODUCENTA (-50%)<\/a><\/p>\n","protected":false},"excerpt":{"rendered":"<p>Nr kat.: 870874614<\/p>\n<p style=\"text-align: center;\"><a class=\"border-button\" href=\"https:\/\/mandarv.com\/nIFS?sub1=sub1&amp;sub2=sub2&amp;sub3=sub3&amp;sub4=sub4&amp;sub5=sub5\">KUP TERAZ<\/a><\/p>\n","protected":false},"featured_media":1144,"comment_status":"open","ping_status":"closed","template":"","meta":[],"product_brand":[],"product_cat":[18],"product_tag":[],"class_list":{"0":"post-415","1":"product","2":"type-product","3":"status-publish","4":"has-post-thumbnail","6":"product_cat-suplementy","8":"first","9":"instock","10":"sale","11":"shipping-taxable","12":"purchasable","13":"product-type-simple"},"aioseo_notices":[],"_links":{"self":[{"href":"https:\/\/lekarzpodroznik.pl\/store\/wp-json\/wp\/v2\/product\/415","targetHints":{"allow":["GET"]}}],"collection":[{"href":"https:\/\/lekarzpodroznik.pl\/store\/wp-json\/wp\/v2\/product"}],"about":[{"href":"https:\/\/lekarzpodroznik.pl\/store\/wp-json\/wp\/v2\/types\/product"}],"replies":[{"embeddable":true,"href":"https:\/\/lekarzpodroznik.pl\/store\/wp-json\/wp\/v2\/comments?post=415"}],"wp:featuredmedia":[{"embeddable":true,"href":"https:\/\/lekarzpodroznik.pl\/store\/wp-json\/wp\/v2\/media\/1144"}],"wp:attachment":[{"href":"https:\/\/lekarzpodroznik.pl\/store\/wp-json\/wp\/v2\/media?parent=415"}],"wp:term":[{"taxonomy":"product_brand","embeddable":true,"href":"https:\/\/lekarzpodroznik.pl\/store\/wp-json\/wp\/v2\/product_brand?post=415"},{"taxonomy":"product_cat","embeddable":true,"href":"https:\/\/lekarzpodroznik.pl\/store\/wp-json\/wp\/v2\/product_cat?post=415"},{"taxonomy":"product_tag","embeddable":true,"href":"https:\/\/lekarzpodroznik.pl\/store\/wp-json\/wp\/v2\/product_tag?post=415"}],"curies":[{"name":"wp","href":"https:\/\/api.w.org\/{rel}","templated":true}]}}