{"id":419,"date":"2024-10-09T10:08:10","date_gmt":"2024-10-09T10:08:10","guid":{"rendered":"https:\/\/lekarzpodroznik.pl\/store\/?post_type=product&#038;p=419"},"modified":"2025-03-12T10:31:23","modified_gmt":"2025-03-12T10:31:23","slug":"gigant","status":"publish","type":"product","link":"https:\/\/lekarzpodroznik.pl\/store\/product\/gigant\/","title":{"rendered":"Gigant"},"content":{"rendered":"<p><strong>Gigant<\/strong> to specjalistyczny \u017cel, kt\u00f3ry ma za zadanie wspom\u00f3c m\u0119\u017cczyzn w osi\u0105gni\u0119ciu lepszych wynik\u00f3w seksualnych oraz zwi\u0119kszeniu rozmiaru penisa. Produkt ten nale\u017cy do grupy suplement\u00f3w diety i preparat\u00f3w kosmetycznych, kt\u00f3re dzia\u0142aj\u0105 miejscowo. Dzi\u0119ki swojej formie \u017celu \u0142atwo si\u0119 aplikuje, co jest du\u017c\u0105 zalet\u0105 w por\u00f3wnaniu z innymi formami suplement\u00f3w, takimi jak tabletki czy kapsu\u0142ki.<\/p>\n<p>Produkt dzia\u0142a na kilku p\u0142aszczyznach \u2013 nie tylko stymuluje wzrost tkanek penisa, ale tak\u017ce poprawia ukrwienie i wspomaga potencj\u0119. Gigant zdoby\u0142 du\u017c\u0105 popularno\u015b\u0107 w\u015br\u00f3d m\u0119\u017cczyzn, kt\u00f3rzy szukaj\u0105 naturalnych i bezpiecznych metod poprawy swojej seksualnej sprawno\u015bci.<\/p>\n<p style=\"text-align: center;\"><a class=\"border-button\" href=\"https:\/\/mandarv.com\/jQbS?sub1=sub1&amp;sub2=sub2&amp;sub3=sub3&amp;sub4=sub4&amp;sub5=sub5\">www.gigant.pl<\/a><\/p>\n<h2>Wskazania i przeciwwskazania Gigant<\/h2>\n<p>Gigant jest dedykowany m\u0119\u017cczyznom, kt\u00f3rzy chc\u0105:<\/p>\n<ul>\n<li>Zwi\u0119kszy\u0107 d\u0142ugo\u015b\u0107 i grubo\u015b\u0107 swojego penisa,<\/li>\n<li>Poprawi\u0107 jako\u015b\u0107 swoich erekcji,<\/li>\n<li>Wzmocni\u0107 potencj\u0119 i zwi\u0119kszy\u0107 satysfakcj\u0119 z \u017cycia seksualnego.<\/li>\n<\/ul>\n<p>Preparat jest szczeg\u00f3lnie polecany osobom borykaj\u0105cym si\u0119 z problemami z erekcj\u0105, spadkiem libido, czy brakiem pewno\u015bci siebie w sferze seksualnej.<\/p>\n<p><strong>Przeciwwskazania:<\/strong> Gigant, jak ka\u017cdy produkt, ma pewne przeciwwskazania. Przede wszystkim nie jest zalecany osobom uczulonym na kt\u00f3rykolwiek ze sk\u0142adnik\u00f3w \u017celu. Dodatkowo, nale\u017cy unika\u0107 jego stosowania w przypadku otwartych ran na sk\u00f3rze oraz stan\u00f3w zapalnych. Osoby cierpi\u0105ce na powa\u017cne schorzenia uk\u0142adu kr\u0105\u017cenia powinny skonsultowa\u0107 si\u0119 z lekarzem przed u\u017cyciem preparatu.<\/p>\n<h2>Sk\u0142ad Gigant \u2013 skuteczne sk\u0142adniki<\/h2>\n<p>Gigant zawiera starannie dobrane sk\u0142adniki naturalne, kt\u00f3re wykazuj\u0105 potwierdzone dzia\u0142anie wspomagaj\u0105ce potencj\u0119 oraz powi\u0119kszenie penisa. Poni\u017cej przedstawiamy najwa\u017cniejsze sk\u0142adniki i ich w\u0142a\u015bciwo\u015bci:<\/p>\n<ol>\n<li><strong>R\u00f3\u017ceniec g\u00f3rski<\/strong><br \/>\nTen naturalny sk\u0142adnik ma dzia\u0142anie wzmacniaj\u0105ce \u015bciany naczy\u0144 krwiono\u015bnych i poprawiaj\u0105ce kr\u0105\u017cenie krwi. Dzi\u0119ki temu, penis jest lepiej ukrwiony, co prowadzi do mocniejszych i d\u0142u\u017cej trwaj\u0105cych erekcji. R\u00f3\u017ceniec g\u00f3rski wspomaga tak\u017ce organizm w walce ze stresem, co ma pozytywny wp\u0142yw na libido i og\u00f3ln\u0105 sprawno\u015b\u0107 seksualn\u0105.<\/li>\n<li><strong>Owoce Paullinia<\/strong><br \/>\nS\u0105 one bogate w substancje, kt\u00f3re wspieraj\u0105 budow\u0119 tkanek narz\u0105d\u00f3w p\u0142ciowych, zwi\u0119kszaj\u0105c ich d\u0142ugo\u015b\u0107 i \u015brednic\u0119. Owoce te poprawiaj\u0105 produkcj\u0119 nasienia oraz zwi\u0119kszaj\u0105 aktywno\u015b\u0107 seksualn\u0105 m\u0119\u017cczyzn. Dzia\u0142aj\u0105 r\u00f3wnie\u017c jako silny afrodyzjak, podnosz\u0105c poziom energii i wytrzyma\u0142o\u015b\u0107.<\/li>\n<li><strong>Sza\u0142wia<\/strong><br \/>\nDzia\u0142a tonizuj\u0105co i stymuluj\u0105co na potencj\u0119, co sprawia, \u017ce jest cz\u0119sto stosowana r\u00f3wnie\u017c w suplementach dla sportowc\u00f3w. Sza\u0142wia wspomaga wydzielanie hormonu wzrostu, co ma znaczenie w procesie regeneracji i wzrostu tkanek.<\/li>\n<li><strong>Mi\u0119ta polna<\/strong><br \/>\nJest sk\u0142adnikiem, kt\u00f3ry dzia\u0142a rozgrzewaj\u0105co, zwi\u0119kszaj\u0105c przep\u0142yw krwi do penisa, co w rezultacie poprawia si\u0142\u0119 erekcji. Mi\u0119ta polna dodatkowo wzmacnia uczucie od\u015bwie\u017cenia, co mo\u017ce poprawi\u0107 komfort stosowania preparatu.<\/li>\n<\/ol>\n<h2>Efekty stosowania \u2013 dzia\u0142anie \u017celu Gigant<\/h2>\n<p>Systematyczne stosowanie \u017celu Gigant przynosi zauwa\u017calne efekty ju\u017c po kilku tygodniach. Poni\u017cej przedstawiamy najbardziej po\u017c\u0105dane rezultaty, kt\u00f3re mo\u017cna osi\u0105gn\u0105\u0107 dzi\u0119ki regularnemu u\u017cywaniu preparatu:<\/p>\n<ol>\n<li><strong>Zwi\u0119kszenie rozmiaru penisa<\/strong><br \/>\nG\u0142\u00f3wnym efektem, na kt\u00f3rym zale\u017cy wielu m\u0119\u017cczyznom, jest powi\u0119kszenie penisa. Dzi\u0119ki sk\u0142adnikom takim jak owoce Paullinia, mo\u017cliwe jest zwi\u0119kszenie zar\u00f3wno d\u0142ugo\u015bci, jak i grubo\u015bci narz\u0105du p\u0142ciowego.<\/li>\n<li><strong>Poprawa potencji<\/strong><br \/>\nDzi\u0119ki sk\u0142adnikom wspieraj\u0105cym kr\u0105\u017cenie i produkcj\u0119 hormon\u00f3w, Gigant znacz\u0105co poprawia potencj\u0119. Erekcje staj\u0105 si\u0119 silniejsze i d\u0142u\u017cej trwaj\u0105ce, co prowadzi do wi\u0119kszej satysfakcji z \u017cycia seksualnego.<\/li>\n<li><strong>Wzrost poziomu libido<\/strong><br \/>\nNaturalne afrodyzjaki zawarte w preparacie, takie jak mi\u0119ta polna i r\u00f3\u017ceniec g\u00f3rski, podnosz\u0105 poziom libido i zwi\u0119kszaj\u0105 apetyt na seks.<\/li>\n<li><strong>Poprawa jako\u015bci nasienia<\/strong><br \/>\nRegularne stosowanie Gigant wspomaga produkcj\u0119 nasienia, co jest korzystne dla m\u0119\u017cczyzn staraj\u0105cych si\u0119 o potomstwo.<\/li>\n<li><strong>Wzrost pewno\u015bci siebie<\/strong><br \/>\nOpr\u00f3cz fizycznych efekt\u00f3w, Gigant ma r\u00f3wnie\u017c pozytywny wp\u0142yw na psychik\u0119. Zwi\u0119kszona pewno\u015b\u0107 siebie w sferze seksualnej prowadzi do lepszego samopoczucia i wi\u0119kszej satysfakcji z \u017cycia.<\/li>\n<\/ol>\n<h2>Gdzie kupi\u0107 Gigant?<\/h2>\n<p>Gigant nie jest dost\u0119pny w tradycyjnych aptekach. Dlatego te\u017c, je\u015bli zastanawiasz si\u0119, gdzie kupi\u0107 ten produkt, odpowied\u017a jest prosta \u2013 mo\u017cna go naby\u0107 bezpo\u015brednio u producenta. Zaleca si\u0119 unikanie zakupu w nieautoryzowanych \u017ar\u00f3d\u0142ach, takich jak aukcje internetowe, poniewa\u017c mo\u017ce to prowadzi\u0107 do nabycia podr\u00f3bki. Oryginalny Gigant mo\u017cna kupi\u0107 na oficjalnej stronie producenta, gdzie cz\u0119sto oferowane s\u0105 r\u00f3wnie\u017c promocyjne ceny oraz darmowa dostawa.<\/p>\n<p>Gigant nie jest dost\u0119pny w stacjonarnych aptekach. Aby unikn\u0105\u0107 rozczarowa\u0144, najlepiej z\u0142o\u017cy\u0107 zam\u00f3wienie bezpo\u015brednio u producenta. W ten spos\u00f3b masz pewno\u015b\u0107, \u017ce otrzymasz oryginalny produkt, kt\u00f3ry spe\u0142ni Twoje oczekiwania.<\/p>\n<p>Gigant to skuteczny \u017cel, kt\u00f3ry wspiera m\u0119\u017cczyzn w d\u0105\u017ceniu do poprawy swoich zdolno\u015bci seksualnych. Naturalne sk\u0142adniki, takie jak r\u00f3\u017ceniec g\u00f3rski, owoce Paullinia, sza\u0142wia i mi\u0119ta polna, wspieraj\u0105 wzrost tkanek, poprawiaj\u0105 kr\u0105\u017cenie oraz zwi\u0119kszaj\u0105 potencj\u0119. Regularne stosowanie \u017celu prowadzi do zauwa\u017calnych efekt\u00f3w, takich jak wi\u0119kszy rozmiar penisa, lepsze erekcje oraz wzrost pewno\u015bci siebie.<\/p>\n<p style=\"text-align: center;\"><a class=\"border-button\" href=\"https:\/\/mandarv.com\/jQbS?sub1=sub1&amp;sub2=sub2&amp;sub3=sub3&amp;sub4=sub4&amp;sub5=sub5\">KUPI\u0106 PO CENIE PRODUCENTA (-50%)<\/a><\/p>\n","protected":false},"excerpt":{"rendered":"<p>Nr kat.: 870874616<\/p>\n<p style=\"text-align: center;\"><a class=\"border-button\" href=\"https:\/\/mandarv.com\/jQbS?sub1=sub1&amp;sub2=sub2&amp;sub3=sub3&amp;sub4=sub4&amp;sub5=sub5\">KUP TERAZ<\/a><\/p>\n","protected":false},"featured_media":1145,"comment_status":"open","ping_status":"closed","template":"","meta":[],"product_brand":[],"product_cat":[18],"product_tag":[],"class_list":{"0":"post-419","1":"product","2":"type-product","3":"status-publish","4":"has-post-thumbnail","6":"product_cat-suplementy","8":"first","9":"instock","10":"sale","11":"shipping-taxable","12":"purchasable","13":"product-type-simple"},"aioseo_notices":[],"_links":{"self":[{"href":"https:\/\/lekarzpodroznik.pl\/store\/wp-json\/wp\/v2\/product\/419","targetHints":{"allow":["GET"]}}],"collection":[{"href":"https:\/\/lekarzpodroznik.pl\/store\/wp-json\/wp\/v2\/product"}],"about":[{"href":"https:\/\/lekarzpodroznik.pl\/store\/wp-json\/wp\/v2\/types\/product"}],"replies":[{"embeddable":true,"href":"https:\/\/lekarzpodroznik.pl\/store\/wp-json\/wp\/v2\/comments?post=419"}],"wp:featuredmedia":[{"embeddable":true,"href":"https:\/\/lekarzpodroznik.pl\/store\/wp-json\/wp\/v2\/media\/1145"}],"wp:attachment":[{"href":"https:\/\/lekarzpodroznik.pl\/store\/wp-json\/wp\/v2\/media?parent=419"}],"wp:term":[{"taxonomy":"product_brand","embeddable":true,"href":"https:\/\/lekarzpodroznik.pl\/store\/wp-json\/wp\/v2\/product_brand?post=419"},{"taxonomy":"product_cat","embeddable":true,"href":"https:\/\/lekarzpodroznik.pl\/store\/wp-json\/wp\/v2\/product_cat?post=419"},{"taxonomy":"product_tag","embeddable":true,"href":"https:\/\/lekarzpodroznik.pl\/store\/wp-json\/wp\/v2\/product_tag?post=419"}],"curies":[{"name":"wp","href":"https:\/\/api.w.org\/{rel}","templated":true}]}}