{"id":421,"date":"2024-10-09T10:12:52","date_gmt":"2024-10-09T10:12:52","guid":{"rendered":"https:\/\/lekarzpodroznik.pl\/store\/?post_type=product&#038;p=421"},"modified":"2024-10-30T11:17:59","modified_gmt":"2024-10-30T11:17:59","slug":"gluconol","status":"publish","type":"product","link":"https:\/\/lekarzpodroznik.pl\/store\/product\/gluconol\/","title":{"rendered":"GLUCONOL"},"content":{"rendered":"<p>GLUCONOL to innowacyjny suplement diety w formie kapsu\u0142ek, stworzony z my\u015bl\u0105 o osobach, kt\u00f3re borykaj\u0105 si\u0119 z problemem niestabilnego poziomu cukru we krwi. Produkt ten nale\u017cy do grupy preparat\u00f3w naturalnych, wspieraj\u0105cych prac\u0119 trzustki oraz normalizuj\u0105cych procesy metaboliczne. GLUCONOL zosta\u0142 zaprojektowany z my\u015bl\u0105 o wspomaganiu naturalnej zdolno\u015bci organizmu do regulacji poziomu glukozy, co jest kluczowe dla os\u00f3b z cukrzyc\u0105, insulinooporno\u015bci\u0105 oraz tych, kt\u00f3rzy chc\u0105 poprawi\u0107 swoje og\u00f3lne zdrowie metaboliczne.<\/p>\n<p>GLUCONOL dost\u0119pny jest w postaci wygodnych do spo\u017cycia kapsu\u0142ek, kt\u00f3re umo\u017cliwiaj\u0105 precyzyjne dawkowanie. Ka\u017cde opakowanie zawiera 30 kapsu\u0142ek, co wystarcza na miesi\u0119czn\u0105 kuracj\u0119. Regularne stosowanie preparatu pozwala na stopniow\u0105 popraw\u0119 funkcjonowania uk\u0142adu hormonalnego oraz stabilizacj\u0119 poziomu cukru we krwi.<\/p>\n<p style=\"text-align: center;\"><a class=\"border-button\" href=\"https:\/\/mandarv.com\/wtiS?sub1=sub1&amp;sub2=sub2&amp;sub3=sub3&amp;sub4=sub4&amp;sub5=sub5\">www.gluconol.pl<\/a><\/p>\n<h2>Wskazania i przeciwwskazania GLUCONOL<\/h2>\n<p>GLUCONOL polecany jest osobom, kt\u00f3re:<\/p>\n<ol>\n<li>Zmagaj\u0105 si\u0119 z niestabilnym poziomem cukru we krwi.<\/li>\n<li>Cierpi\u0105 na cukrzyc\u0119 typu 2.<\/li>\n<li>Maj\u0105 problemy z insulinooporno\u015bci\u0105.<\/li>\n<li>Chc\u0105 poprawi\u0107 prac\u0119 trzustki i innych organ\u00f3w odpowiedzialnych za metabolizm glukozy.<\/li>\n<li>Zale\u017cy im na wsparciu proces\u00f3w detoksykacyjnych organizmu.<\/li>\n<\/ol>\n<h3>Przeciwwskazania<\/h3>\n<p>Chocia\u017c GLUCONOL jest produktem naturalnym, istniej\u0105 pewne przeciwwskazania do jego stosowania. Preparat nie jest zalecany dla:<\/p>\n<ul>\n<li>Kobiet w ci\u0105\u017cy i karmi\u0105cych piersi\u0105.<\/li>\n<li>Os\u00f3b uczulonych na kt\u00f3rykolwiek sk\u0142adnik preparatu.<\/li>\n<li>Os\u00f3b z powa\u017cnymi schorzeniami przewlek\u0142ymi, kt\u00f3re nie s\u0105 skonsultowane z lekarzem.<\/li>\n<\/ul>\n<p>W przypadku jakichkolwiek w\u0105tpliwo\u015bci, przed rozpocz\u0119ciem kuracji GLUCONOL zaleca si\u0119 konsultacj\u0119 z lekarzem.<\/p>\n<h2>Sk\u0142ad GLUCONOL &#8211; skuteczne sk\u0142adniki<\/h2>\n<p>GLUCONOL zawiera starannie dobrane, naturalne sk\u0142adniki, kt\u00f3re wspieraj\u0105 prac\u0119 trzustki, chroni\u0105 organizm przed intoksykacj\u0105 oraz pomagaj\u0105 regulowa\u0107 poziom cukru we krwi. Oto g\u0142\u00f3wne sk\u0142adniki, kt\u00f3re znajduj\u0105 si\u0119 w ka\u017cdej kapsu\u0142ce:<\/p>\n<h3>Ekstrakt z morwy bia\u0142ej<\/h3>\n<p>Ekstrakt z morwy bia\u0142ej jest znany ze swojego dzia\u0142ania obni\u017caj\u0105cego poziom cukru we krwi. Wspomaga hamowanie enzym\u00f3w odpowiedzialnych za rozk\u0142ad cukr\u00f3w w przewodzie pokarmowym, co prowadzi do zmniejszenia wch\u0142aniania glukozy.<\/p>\n<h3>Gymnema sylvestre<\/h3>\n<p>Gymnema sylvestre to ro\u015blina, kt\u00f3ra od wiek\u00f3w jest stosowana w medycynie ajurwedyjskiej w leczeniu cukrzycy. Pomaga obni\u017cy\u0107 poziom cukru we krwi oraz poprawia wra\u017cliwo\u015b\u0107 kom\u00f3rek na insulin\u0119.<\/p>\n<h3>Ekstrakt z cynamonu<\/h3>\n<p>Cynamon ma silne w\u0142a\u015bciwo\u015bci antyoksydacyjne i przeciwzapalne. Badania pokazuj\u0105, \u017ce mo\u017ce pom\u00f3c w obni\u017caniu poziomu cukru we krwi poprzez popraw\u0119 funkcji insuliny w organizmie.<\/p>\n<h3>Kwas alfa-liponowy<\/h3>\n<p>Jest to silny antyoksydant, kt\u00f3ry pomaga chroni\u0107 kom\u00f3rki przed stresem oksydacyjnym. Dodatkowo wspomaga metabolizm glukozy i dzia\u0142a ochronnie na trzustk\u0119.<\/p>\n<h3>Chrom<\/h3>\n<p>Chrom jest kluczowym minera\u0142em dla prawid\u0142owego funkcjonowania organizmu, poniewa\u017c pomaga regulowa\u0107 poziom cukru we krwi, wspomagaj\u0105c dzia\u0142anie insuliny.<\/p>\n<h2>Efekty stosowania &#8211; dzia\u0142anie kapsu\u0142ki GLUCONOL<\/h2>\n<p>Stosowanie GLUCONOL przynosi szeroki wachlarz korzy\u015bci zdrowotnych, kt\u00f3re nie ograniczaj\u0105 si\u0119 wy\u0142\u0105cznie do regulacji poziomu cukru we krwi. Oto najwa\u017cniejsze efekty stosowania kapsu\u0142ek:<\/p>\n<ol>\n<li><strong>Regulacja poziomu cukru we krwi<\/strong> \u2013 aktywne sk\u0142adniki GLUCONOL pomagaj\u0105 stabilizowa\u0107 poziom glukozy, zmniejszaj\u0105c ryzyko nag\u0142ych skok\u00f3w cukru oraz poprawiaj\u0105c metabolizm w\u0119glowodan\u00f3w.<\/li>\n<li><strong>Pobudzenie pracy kom\u00f3rek beta trzustki<\/strong> \u2013 kapsu\u0142ki wspomagaj\u0105 naturalne funkcje trzustki, w tym produkcj\u0119 insuliny przez kom\u00f3rki beta wysepek Langerhansa.<\/li>\n<li><strong>Ochrona przed intoksykacj\u0105<\/strong> \u2013 GLUCONOL oczyszcza organizm z toksyn, chroni przed stresem oksydacyjnym i wspiera naturalne procesy detoksykacyjne.<\/li>\n<li><strong>Poprawa zdrowia uk\u0142adu krwiono\u015bnego<\/strong> \u2013 suplement wzmacnia naczynia krwiono\u015bne, obni\u017ca poziom cholesterolu we krwi oraz normalizuje ci\u015bnienie t\u0119tnicze.<\/li>\n<li><strong>Wspieranie uk\u0142adu odporno\u015bciowego<\/strong> \u2013 GLUCONOL dzia\u0142a jako wsparcie dla uk\u0142adu odporno\u015bciowego, zapobiegaj\u0105c r\u00f3\u017cnym infekcjom oraz wspieraj\u0105c naturaln\u0105 barier\u0119 ochronn\u0105 organizmu.<\/li>\n<li><strong>Poprawa funkcji wzroku<\/strong> \u2013 produkt chroni narz\u0105d wzroku przed uszkodzeniami, kt\u00f3re mog\u0105 by\u0107 wynikiem wysokiego poziomu cukru we krwi, zmniejszaj\u0105c ryzyko retinopatii cukrzycowej.<\/li>\n<li><strong>R\u00f3wnowaga hormonalna<\/strong> \u2013 kapsu\u0142ki wspieraj\u0105 prawid\u0142owe funkcjonowanie uk\u0142adu hormonalnego, pomagaj\u0105c w regulacji r\u00f3wnowagi hormonalnej oraz poprawiaj\u0105c funkcje tarczycy i jajnik\u00f3w.<\/li>\n<\/ol>\n<h2>Gdzie kupi\u0107 GLUCONOL?<\/h2>\n<p>GLUCONOL nie jest dost\u0119pny w stacjonarnych aptekach, co czyni go produktem unikalnym na rynku. Aby zagwarantowa\u0107 jego oryginalno\u015b\u0107 oraz jako\u015b\u0107, najlepiej jest zakupi\u0107 GLUCONOL bezpo\u015brednio u producenta. Zakup przez oficjaln\u0105 stron\u0119 internetow\u0105 to gwarancja, \u017ce otrzymasz produkt najwy\u017cszej jako\u015bci, kt\u00f3ry spe\u0142ni wszystkie Twoje oczekiwania. Unikaj zakup\u00f3w na nieautoryzowanych stronach internetowych, gdzie oferowane s\u0105 podr\u00f3bki o nieznanym sk\u0142adzie i dzia\u0142aniu.<\/p>\n<p>Kupuj\u0105c bezpo\u015brednio u producenta, mo\u017cesz r\u00f3wnie\u017c skorzysta\u0107 z licznych promocji i rabat\u00f3w, kt\u00f3re nie s\u0105 dost\u0119pne w innych miejscach. Je\u015bli szukasz, gdzie kupi\u0107 GLUCONOL, warto sprawdzi\u0107 oficjaln\u0105 stron\u0119 internetow\u0105, gdzie dost\u0119pne s\u0105 szczeg\u00f3\u0142y dotycz\u0105ce zam\u00f3wie\u0144, a tak\u017ce opinie zadowolonych klient\u00f3w. Dodatkowo, przy zakupie wi\u0119kszej ilo\u015bci opakowa\u0144, mo\u017cna liczy\u0107 na korzystniejsze ceny.<\/p>\n<p>GLUCONOL to nowoczesny suplement diety, kt\u00f3ry wspiera organizm w walce z niestabilnym poziomem cukru we krwi. Dzi\u0119ki naturalnym sk\u0142adnikom takim jak morwa bia\u0142a, gymnema sylvestre, ekstrakt z cynamonu i chrom, kapsu\u0142ki GLUCONOL oferuj\u0105 szeroki wachlarz korzy\u015bci zdrowotnych. Poprawiaj\u0105 funkcje trzustki, oczyszczaj\u0105 organizm z toksyn oraz wzmacniaj\u0105 uk\u0142ad krwiono\u015bny. Je\u015bli zale\u017cy Ci na skutecznej regulacji poziomu cukru oraz wsparciu zdrowia metabolicznego, GLUCONOL to idealne rozwi\u0105zanie.<\/p>\n<p style=\"text-align: center;\"><a class=\"border-button\" href=\"https:\/\/mandarv.com\/wtiS?sub1=sub1&amp;sub2=sub2&amp;sub3=sub3&amp;sub4=sub4&amp;sub5=sub5\">KUPI\u0106 PO CENIE PRODUCENTA (-50%)<\/a><\/p>\n","protected":false},"excerpt":{"rendered":"<p>Nr kat.: 870874617<\/p>\n<p style=\"text-align: center;\"><a class=\"border-button\" href=\"https:\/\/mandarv.com\/wtiS?sub1=sub1&amp;sub2=sub2&amp;sub3=sub3&amp;sub4=sub4&amp;sub5=sub5\">KUP TERAZ<\/a><\/p>\n","protected":false},"featured_media":422,"comment_status":"open","ping_status":"closed","template":"","meta":[],"product_brand":[],"product_cat":[18],"product_tag":[],"class_list":{"0":"post-421","1":"product","2":"type-product","3":"status-publish","4":"has-post-thumbnail","6":"product_cat-suplementy","8":"first","9":"instock","10":"sale","11":"shipping-taxable","12":"purchasable","13":"product-type-simple"},"aioseo_notices":[],"_links":{"self":[{"href":"https:\/\/lekarzpodroznik.pl\/store\/wp-json\/wp\/v2\/product\/421","targetHints":{"allow":["GET"]}}],"collection":[{"href":"https:\/\/lekarzpodroznik.pl\/store\/wp-json\/wp\/v2\/product"}],"about":[{"href":"https:\/\/lekarzpodroznik.pl\/store\/wp-json\/wp\/v2\/types\/product"}],"replies":[{"embeddable":true,"href":"https:\/\/lekarzpodroznik.pl\/store\/wp-json\/wp\/v2\/comments?post=421"}],"wp:featuredmedia":[{"embeddable":true,"href":"https:\/\/lekarzpodroznik.pl\/store\/wp-json\/wp\/v2\/media\/422"}],"wp:attachment":[{"href":"https:\/\/lekarzpodroznik.pl\/store\/wp-json\/wp\/v2\/media?parent=421"}],"wp:term":[{"taxonomy":"product_brand","embeddable":true,"href":"https:\/\/lekarzpodroznik.pl\/store\/wp-json\/wp\/v2\/product_brand?post=421"},{"taxonomy":"product_cat","embeddable":true,"href":"https:\/\/lekarzpodroznik.pl\/store\/wp-json\/wp\/v2\/product_cat?post=421"},{"taxonomy":"product_tag","embeddable":true,"href":"https:\/\/lekarzpodroznik.pl\/store\/wp-json\/wp\/v2\/product_tag?post=421"}],"curies":[{"name":"wp","href":"https:\/\/api.w.org\/{rel}","templated":true}]}}