{"id":423,"date":"2024-10-09T10:21:25","date_gmt":"2024-10-09T10:21:25","guid":{"rendered":"https:\/\/lekarzpodroznik.pl\/store\/?post_type=product&#038;p=423"},"modified":"2024-10-30T11:18:46","modified_gmt":"2024-10-30T11:18:46","slug":"herzena","status":"publish","type":"product","link":"https:\/\/lekarzpodroznik.pl\/store\/product\/herzena\/","title":{"rendered":"Herzena"},"content":{"rendered":"<p><strong>Herzena<\/strong> to innowacyjny suplement diety w formie kapsu\u0142ek, zaprojektowany specjalnie dla os\u00f3b cierpi\u0105cych na nadci\u015bnienie. Jest to produkt naturalny, kt\u00f3ry zosta\u0142 opracowany na bazie starannie wyselekcjonowanych sk\u0142adnik\u00f3w pochodzenia ro\u015blinnego. Kapsu\u0142ki maj\u0105 na celu nie tylko obni\u017cenie ci\u015bnienia krwi, ale r\u00f3wnie\u017c popraw\u0119 og\u00f3lnej kondycji uk\u0142adu sercowo-naczyniowego.<\/p>\n<p>Herzena nale\u017cy do grupy preparat\u00f3w na bazie sk\u0142adnik\u00f3w naturalnych, co czyni go bezpiecznym i skutecznym rozwi\u0105zaniem dla os\u00f3b, kt\u00f3re zmagaj\u0105 si\u0119 z problemem nadci\u015bnienia, ale nie chc\u0105 stosowa\u0107 silnych lek\u00f3w farmakologicznych. Produkt jest wolny od sztucznych dodatk\u00f3w, co dodatkowo minimalizuje ryzyko wyst\u0105pienia skutk\u00f3w ubocznych.<\/p>\n<p style=\"text-align: center;\"><a class=\"border-button\" href=\"https:\/\/lwiimphn.girllyday.com\">www.herzena.pl<\/a><\/p>\n<h2>Wskazania i przeciwwskazania Herzena<\/h2>\n<p>Herzena jest zalecana dla os\u00f3b, kt\u00f3re:<\/p>\n<ol>\n<li>Zmagaj\u0105 si\u0119 z nadci\u015bnieniem t\u0119tniczym.<\/li>\n<li>Do\u015bwiadczaj\u0105 problem\u00f3w z sercem i uk\u0142adem kr\u0105\u017cenia.<\/li>\n<li>Cierpi\u0105 na stres i napi\u0119cie, kt\u00f3re mog\u0105 wp\u0142ywa\u0107 na podwy\u017cszenie ci\u015bnienia.<\/li>\n<li>Szukaj\u0105 naturalnych metod obni\u017cenia ci\u015bnienia krwi bez potrzeby stosowania lek\u00f3w syntetycznych.<\/li>\n<\/ol>\n<p>Mimo naturalnego sk\u0142adu, jak ka\u017cdy suplement diety, Herzena ma pewne przeciwwskazania. Produkt nie jest zalecany dla os\u00f3b uczulonych na kt\u00f3rykolwiek ze sk\u0142adnik\u00f3w kapsu\u0142ek. Przed rozpocz\u0119ciem kuracji warto skonsultowa\u0107 si\u0119 z lekarzem, zw\u0142aszcza je\u015bli pacjent stosuje inne leki lub ma zdiagnozowane przewlek\u0142e choroby, takie jak cukrzyca czy niewydolno\u015b\u0107 nerek.<\/p>\n<h2>Sk\u0142ad Herzena \u2013 skuteczne sk\u0142adniki<\/h2>\n<p>Herzena zawiera wy\u0142\u0105cznie naturalne, starannie dobrane sk\u0142adniki o udowodnionym dzia\u0142aniu terapeutycznym na uk\u0142ad sercowo-naczyniowy. Ka\u017cdy z nich pe\u0142ni okre\u015blon\u0105 rol\u0119 w poprawie funkcjonowania organizmu oraz obni\u017ceniu ci\u015bnienia t\u0119tniczego.<\/p>\n<h4>Ekstrakt z li\u015bci g\u0142ogu<\/h4>\n<p>Li\u015bcie g\u0142ogu od wiek\u00f3w s\u0105 stosowane w medycynie ludowej do poprawy pracy serca. G\u0142\u00f3g zawiera zwi\u0105zki, kt\u00f3re wspomagaj\u0105 rozlu\u017anienie naczy\u0144 krwiono\u015bnych, co skutkuje obni\u017ceniem ci\u015bnienia krwi. Ponadto g\u0142\u00f3g wspiera prac\u0119 serca, co ma szczeg\u00f3lne znaczenie w przypadku os\u00f3b zmagaj\u0105cych si\u0119 z nadci\u015bnieniem.<\/p>\n<h4>Ekstrakt z nasion dyni<\/h4>\n<p>Nasiona dyni s\u0105 bogate w magnez, kt\u00f3ry jest kluczowym minera\u0142em wspomagaj\u0105cym prawid\u0142owe funkcjonowanie serca i uk\u0142adu krwiono\u015bnego. Magnez pomaga w regulacji ci\u015bnienia krwi poprzez rozszerzanie naczy\u0144 krwiono\u015bnych i redukcj\u0119 skurcz\u00f3w mi\u0119\u015bniowych. Dzi\u0119ki temu ekstrakt z nasion dyni w kapsu\u0142kach Herzena wspomaga normalizacj\u0119 ci\u015bnienia.<\/p>\n<h4>Ekstrakt z owoc\u00f3w grzyba chaga<\/h4>\n<p>Chaga to grzyb o wyj\u0105tkowych w\u0142a\u015bciwo\u015bciach zdrowotnych, kt\u00f3ry znany jest ze swojego silnego dzia\u0142ania przeciwutleniaj\u0105cego. Ekstrakt z tego grzyba pomaga w eliminacji toksyn z organizmu, co korzystnie wp\u0142ywa na funkcjonowanie ca\u0142ego uk\u0142adu krwiono\u015bnego. Regularne stosowanie grzyba chaga mo\u017ce r\u00f3wnie\u017c obni\u017cy\u0107 poziom cholesterolu, co jest istotnym czynnikiem w walce z nadci\u015bnieniem.<\/p>\n<h2>Efekty stosowania \u2013 dzia\u0142anie kapsu\u0142ek Herzena<\/h2>\n<p>Regularne stosowanie kapsu\u0142ek <strong>Herzena<\/strong> przynosi szereg korzy\u015bci zdrowotnych. Oto najwa\u017cniejsze z nich:<\/p>\n<ol>\n<li><strong>Obni\u017cenie ci\u015bnienia krwi<\/strong> \u2013 dzi\u0119ki sk\u0142adnikom aktywnym, takim jak ekstrakt z g\u0142ogu i nasion dyni, kapsu\u0142ki pomagaj\u0105 w naturalny spos\u00f3b regulowa\u0107 ci\u015bnienie krwi, co zmniejsza ryzyko wyst\u0105pienia gro\u017anych powik\u0142a\u0144.<\/li>\n<li><strong>Poprawa funkcjonowania serca<\/strong> \u2013 g\u0142\u00f3g i dynia maj\u0105 korzystny wp\u0142yw na serce, wzmacniaj\u0105c jego prac\u0119 oraz zapobiegaj\u0105c nadmiernemu obci\u0105\u017ceniu.<\/li>\n<li><strong>Detoksykacja organizmu<\/strong> \u2013 grzyb chaga pomaga w eliminacji toksyn i wolnych rodnik\u00f3w, co wspiera og\u00f3ln\u0105 regeneracj\u0119 organizmu i poprawia samopoczucie.<\/li>\n<li><strong>Wzmocnienie uk\u0142adu odporno\u015bciowego<\/strong> \u2013 regularne stosowanie Herzena nie tylko wspomaga walk\u0119 z nadci\u015bnieniem, ale r\u00f3wnie\u017c wzmacnia uk\u0142ad odporno\u015bciowy dzi\u0119ki obecno\u015bci naturalnych przeciwutleniaczy.<\/li>\n<\/ol>\n<p>Pierwsze efekty stosowania preparatu mo\u017cna zauwa\u017cy\u0107 ju\u017c po kilku dniach, jednak dla uzyskania pe\u0142nych korzy\u015bci zaleca si\u0119 d\u0142u\u017csze stosowanie suplementu.<\/p>\n<h2>Gdzie kupi\u0107 Herzena?<\/h2>\n<p><strong>Herzena<\/strong> nie jest dost\u0119pna w stacjonarnych aptekach, co dla wielu os\u00f3b mo\u017ce stanowi\u0107 pewne utrudnienie. Jednak dzi\u0119ki sprzeda\u017cy online, mo\u017cna z \u0142atwo\u015bci\u0105 znale\u017a\u0107 produkt w internecie. Aby unikn\u0105\u0107 zakupu podr\u00f3bek lub niskiej jako\u015bci produkt\u00f3w, warto szuka\u0107 oryginalnych kapsu\u0142ek Herzena bezpo\u015brednio u producenta.<\/p>\n<p>Kiedy szukasz, gdzie kupi\u0107 Herzena, najlepiej skorzysta\u0107 z oficjalnej strony internetowej producenta, kt\u00f3ry oferuje pe\u0142ne wsparcie oraz gwarancj\u0119 autentyczno\u015bci produktu. Kupno Herzena w aptece online lub na stronach producenta daje pewno\u015b\u0107, \u017ce otrzymasz oryginalny produkt, kt\u00f3ry przyniesie oczekiwane efekty.<\/p>\n<p>Warto unika\u0107 zakup\u00f3w na podejrzanych portalach aukcyjnych, gdzie cena mo\u017ce by\u0107 podejrzanie niska, co cz\u0119sto wi\u0105\u017ce si\u0119 z ryzykiem otrzymania podr\u00f3bek. <strong>Kupuj\u0105c Herzena bezpo\u015brednio od producenta<\/strong>, masz pewno\u015b\u0107, \u017ce kapsu\u0142ki s\u0105 oryginalne i bezpieczne dla zdrowia.<\/p>\n<p>Herzena to naturalny preparat wspomagaj\u0105cy walk\u0119 z nadci\u015bnieniem. Jego skuteczno\u015b\u0107 wynika z unikalnej formu\u0142y, opartej na ekstraktach ro\u015blinnych takich jak g\u0142\u00f3g, nasiona dyni oraz grzyb chaga. Regularne stosowanie kapsu\u0142ek mo\u017ce przynie\u015b\u0107 wymierne korzy\u015bci w postaci obni\u017cenia ci\u015bnienia krwi, poprawy funkcjonowania uk\u0142adu sercowo-naczyniowego oraz og\u00f3lnej detoksykacji organizmu.<\/p>\n<p style=\"text-align: center;\"><a class=\"border-button\" href=\"https:\/\/lwiimphn.girllyday.com\">KUPI\u0106 PO CENIE PRODUCENTA (-50%)<\/a><\/p>\n","protected":false},"excerpt":{"rendered":"<p>Nr kat.: 870874618<\/p>\n<p style=\"text-align: center;\"><a class=\"border-button\" href=\"https:\/\/lwiimphn.girllyday.com\">KUP TERAZ<\/a><\/p>\n","protected":false},"featured_media":424,"comment_status":"open","ping_status":"closed","template":"","meta":[],"product_brand":[],"product_cat":[18],"product_tag":[],"class_list":{"0":"post-423","1":"product","2":"type-product","3":"status-publish","4":"has-post-thumbnail","6":"product_cat-suplementy","8":"first","9":"instock","10":"sale","11":"shipping-taxable","12":"purchasable","13":"product-type-simple"},"aioseo_notices":[],"_links":{"self":[{"href":"https:\/\/lekarzpodroznik.pl\/store\/wp-json\/wp\/v2\/product\/423","targetHints":{"allow":["GET"]}}],"collection":[{"href":"https:\/\/lekarzpodroznik.pl\/store\/wp-json\/wp\/v2\/product"}],"about":[{"href":"https:\/\/lekarzpodroznik.pl\/store\/wp-json\/wp\/v2\/types\/product"}],"replies":[{"embeddable":true,"href":"https:\/\/lekarzpodroznik.pl\/store\/wp-json\/wp\/v2\/comments?post=423"}],"wp:featuredmedia":[{"embeddable":true,"href":"https:\/\/lekarzpodroznik.pl\/store\/wp-json\/wp\/v2\/media\/424"}],"wp:attachment":[{"href":"https:\/\/lekarzpodroznik.pl\/store\/wp-json\/wp\/v2\/media?parent=423"}],"wp:term":[{"taxonomy":"product_brand","embeddable":true,"href":"https:\/\/lekarzpodroznik.pl\/store\/wp-json\/wp\/v2\/product_brand?post=423"},{"taxonomy":"product_cat","embeddable":true,"href":"https:\/\/lekarzpodroznik.pl\/store\/wp-json\/wp\/v2\/product_cat?post=423"},{"taxonomy":"product_tag","embeddable":true,"href":"https:\/\/lekarzpodroznik.pl\/store\/wp-json\/wp\/v2\/product_tag?post=423"}],"curies":[{"name":"wp","href":"https:\/\/api.w.org\/{rel}","templated":true}]}}