{"id":425,"date":"2024-10-09T10:25:58","date_gmt":"2024-10-09T10:25:58","guid":{"rendered":"https:\/\/lekarzpodroznik.pl\/store\/?post_type=product&#038;p=425"},"modified":"2025-03-12T10:38:30","modified_gmt":"2025-03-12T10:38:30","slug":"hondro-sol","status":"publish","type":"product","link":"https:\/\/lekarzpodroznik.pl\/store\/product\/hondro-sol\/","title":{"rendered":"Hondro Sol"},"content":{"rendered":"<p><strong>Hondro Sol<\/strong> to innowacyjny spray przeznaczony do stosowania zewn\u0119trznego, kt\u00f3ry wspomaga leczenie dolegliwo\u015bci staw\u00f3w. Preparat nale\u017cy do grupy produkt\u00f3w o dzia\u0142aniu przeciwb\u00f3lowym i regeneruj\u0105cym, wspomagaj\u0105cych funkcjonowanie uk\u0142adu ruchu. W odr\u00f3\u017cnieniu od tradycyjnych tabletek i ma\u015bci, Hondro Sol ma form\u0119 sprayu, co czyni jego aplikacj\u0119 wygodniejsz\u0105 i bardziej efektywn\u0105. Produkt dzia\u0142a miejscowo, co pozwala na szybkie przenikanie aktywnych sk\u0142adnik\u00f3w bezpo\u015brednio w obszar b\u00f3lu, przynosz\u0105c ulg\u0119 niemal natychmiastowo.<\/p>\n<p style=\"text-align: center;\"><a class=\"border-button\" href=\"https:\/\/keonv.com\/SOYS?sub1=sub1&amp;sub2=sub2&amp;sub3=sub3&amp;sub4=sub4&amp;sub5=sub5\">www.hondro-sol.pl<\/a><\/p>\n<h2>Wskazania i przeciwwskazania Hondro Sol<\/h2>\n<h3>Wskazania<\/h3>\n<p>Hondro Sol jest zalecany dla os\u00f3b borykaj\u0105cych si\u0119 z r\u00f3\u017cnymi problemami stawowymi. Preparat mo\u017ce by\u0107 stosowany zar\u00f3wno przy przewlek\u0142ych, jak i dora\u017anych dolegliwo\u015bciach b\u00f3lowych. Oto g\u0142\u00f3wne wskazania do stosowania Hondro Sol:<\/p>\n<ol>\n<li><strong>B\u00f3le staw\u00f3w<\/strong> \u2014 wynikaj\u0105ce z przeci\u0105\u017ce\u0144, uraz\u00f3w czy zmian zwyrodnieniowych.<\/li>\n<li><strong>Stany zapalne staw\u00f3w<\/strong> \u2014 np. reumatoidalne zapalenie staw\u00f3w.<\/li>\n<li><strong>Schorzenia zwyrodnieniowe<\/strong> \u2014 takie jak osteoartroza, kt\u00f3ra powoduje stopniowe zu\u017cywanie si\u0119 chrz\u0105stki stawowej.<\/li>\n<li><strong>Skr\u0119cenia, nadwyr\u0119\u017cenia i kontuzje sportowe<\/strong> \u2014 spray dzia\u0142a wspomagaj\u0105co w regeneracji uszkodzonych tkanek.<\/li>\n<li><strong>Profilaktyka<\/strong> \u2014 dla os\u00f3b aktywnych fizycznie, nara\u017conych na kontuzje lub nadmierne obci\u0105\u017cenie staw\u00f3w.<\/li>\n<\/ol>\n<h3>Przeciwwskazania<\/h3>\n<p>Mimo \u017ce Hondro Sol jest preparatem bezpiecznym dla wi\u0119kszo\u015bci os\u00f3b, istniej\u0105 pewne przeciwwskazania do jego stosowania. Oto najwa\u017cniejsze z nich:<\/p>\n<ul>\n<li><strong>Alergia na sk\u0142adniki preparatu<\/strong>: osoby uczulone na kt\u00f3rykolwiek ze sk\u0142adnik\u00f3w Hondro Sol powinny unika\u0107 jego stosowania.<\/li>\n<li><strong>Sk\u00f3ra uszkodzona<\/strong>: preparat nie powinien by\u0107 aplikowany na otwarte rany, uszkodzon\u0105 sk\u00f3r\u0119 czy owrzodzenia.<\/li>\n<li><strong>Ci\u0105\u017ca i okres karmienia piersi\u0105<\/strong>: przed zastosowaniem produktu w tym okresie zaleca si\u0119 konsultacj\u0119 z lekarzem.<\/li>\n<\/ul>\n<h2>Sk\u0142ad Hondro Sol &#8211; skuteczne sk\u0142adniki<\/h2>\n<p>Jednym z kluczowych element\u00f3w skuteczno\u015bci Hondro Sol jest jego unikalny sk\u0142ad. Zawiera on starannie dobrane sk\u0142adniki o dzia\u0142aniu przeciwb\u00f3lowym, przeciwzapalnym i regeneruj\u0105cym. Oto g\u0142\u00f3wne sk\u0142adniki Hondro Sol:<\/p>\n<table style=\"height: 170px;\" width=\"919\">\n<thead>\n<tr>\n<th>Sk\u0142adnik<\/th>\n<th>Dzia\u0142anie<\/th>\n<\/tr>\n<\/thead>\n<tbody>\n<tr>\n<td><strong>Chondroityna<\/strong><\/td>\n<td>Regeneruje chrz\u0105stk\u0119 stawow\u0105, zapobiega jej zu\u017cyciu.<\/td>\n<\/tr>\n<tr>\n<td><strong>Glukozamina<\/strong><\/td>\n<td>Wspomaga regeneracj\u0119 tkanki stawowej, redukuje b\u00f3l.<\/td>\n<\/tr>\n<tr>\n<td><strong>Wyci\u0105g z arniki<\/strong><\/td>\n<td>Dzia\u0142a przeciwzapalnie i przeciwb\u00f3lowo, przyspiesza gojenie uraz\u00f3w.<\/td>\n<\/tr>\n<tr>\n<td><strong>Wyci\u0105g z eukaliptusa<\/strong><\/td>\n<td>Przynosi uczucie ch\u0142odzenia, zmniejsza obrz\u0119ki.<\/td>\n<\/tr>\n<tr>\n<td><strong>Kamfora<\/strong><\/td>\n<td>Pobudza kr\u0105\u017cenie krwi, \u0142agodzi stany zapalne i b\u00f3l.<\/td>\n<\/tr>\n<\/tbody>\n<\/table>\n<p>Dzi\u0119ki synergii tych sk\u0142adnik\u00f3w, Hondro Sol dzia\u0142a kompleksowo, przynosz\u0105c ulg\u0119 zar\u00f3wno w przypadku ostrych stan\u00f3w zapalnych, jak i przewlek\u0142ych dolegliwo\u015bci stawowych. Zawarta w preparacie chondroityna i glukozamina wspomagaj\u0105 procesy regeneracyjne, co pozwala nie tylko na z\u0142agodzenie objaw\u00f3w, ale r\u00f3wnie\u017c na d\u0142ugotrwa\u0142e wspieranie zdrowia staw\u00f3w.<\/p>\n<h2>Efekty stosowania &#8211; dzia\u0142anie Hondro Sol<\/h2>\n<p>Hondro Sol to preparat, kt\u00f3ry dzia\u0142a wieloaspektowo, przynosz\u0105c korzy\u015bci ju\u017c od pierwszych zastosowa\u0144. Oto jakie efekty mo\u017cna osi\u0105gn\u0105\u0107 dzi\u0119ki regularnemu stosowaniu:<\/p>\n<ol>\n<li><strong>\u0141agodzenie b\u00f3lu<\/strong> \u2014 spray dzia\u0142a niemal natychmiastowo, \u0142agodz\u0105c b\u00f3l w obr\u0119bie staw\u00f3w. Dzi\u0119ki miejscowemu dzia\u0142aniu preparatu, b\u00f3l jest redukowany bez konieczno\u015bci stosowania silnych lek\u00f3w przeciwb\u00f3lowych.<\/li>\n<li><strong>Zmniejszenie stan\u00f3w zapalnych<\/strong> \u2014 zawarte w preparacie sk\u0142adniki dzia\u0142aj\u0105 przeciwzapalnie, co pomaga w redukcji opuchlizny oraz zaczerwienienia w miejscach dotkni\u0119tych zapaleniem.<\/li>\n<li><strong>Poprawa ruchomo\u015bci staw\u00f3w<\/strong> \u2014 regularne stosowanie Hondro Sol przyczynia si\u0119 do zwi\u0119kszenia elastyczno\u015bci i ruchomo\u015bci staw\u00f3w, co jest szczeg\u00f3lnie wa\u017cne dla os\u00f3b aktywnych fizycznie.<\/li>\n<li><strong>Regeneracja chrz\u0105stki<\/strong> \u2014 dzi\u0119ki glukozaminie i chondroitynie, preparat wspomaga odbudow\u0119 chrz\u0105stki stawowej, co jest kluczowe dla d\u0142ugotrwa\u0142ego zdrowia staw\u00f3w.<\/li>\n<li><strong>Profilaktyka uraz\u00f3w<\/strong> \u2014 osoby stosuj\u0105ce Hondro Sol mog\u0105 odczuwa\u0107 mniejsze ryzyko kontuzji czy nadwyr\u0119\u017ce\u0144, co sprawia, \u017ce preparat mo\u017ce by\u0107 stosowany zar\u00f3wno w terapii, jak i profilaktyce problem\u00f3w stawowych.<\/li>\n<\/ol>\n<h2>Gdzie kupi\u0107 Hondro Sol?<\/h2>\n<p>Zakup Hondro Sol to kwestia, kt\u00f3ra budzi zainteresowanie wielu potencjalnych u\u017cytkownik\u00f3w. Warto zwr\u00f3ci\u0107 uwag\u0119, \u017ce preparat nie jest dost\u0119pny w stacjonarnych aptekach. Wynika to z polityki producenta, kt\u00f3ry zdecydowa\u0142 si\u0119 na sprzeda\u017c bezpo\u015bredni\u0105, aby zagwarantowa\u0107 autentyczno\u015b\u0107 i oryginalno\u015b\u0107 produktu.<\/p>\n<p>Najlepszym miejscem, aby <strong>kupi\u0107 Hondro Sol<\/strong>, jest oficjalna strona internetowa producenta. Dzi\u0119ki zakupowi bezpo\u015brednio u \u017ar\u00f3d\u0142a, mo\u017cemy mie\u0107 pewno\u015b\u0107, \u017ce otrzymujemy oryginalny produkt, kt\u00f3ry b\u0119dzie dzia\u0142a\u0142 zgodnie z opisem. Co wi\u0119cej, cz\u0119sto na stronie producenta dost\u0119pne s\u0105 promocje i rabaty, kt\u00f3re pozwalaj\u0105 na zakup preparatu w korzystnej cenie.<\/p>\n<p><strong>Dlaczego warto kupi\u0107 Hondro Sol na oficjalnej stronie producenta:<\/strong><\/p>\n<ol>\n<li><strong>Gwarancja autentyczno\u015bci<\/strong> \u2014 zakup przez stron\u0119 producenta zapewnia, \u017ce otrzymasz oryginalny produkt.<\/li>\n<li><strong>Bezpiecze\u0144stwo<\/strong> \u2014 produkt jest przesy\u0142any bezpo\u015brednio do klienta, co eliminuje ryzyko zakupu podrobionych preparat\u00f3w.<\/li>\n<li><strong>Promocje i rabaty<\/strong> \u2014 na stronie cz\u0119sto pojawiaj\u0105 si\u0119 oferty specjalne, kt\u00f3re pozwalaj\u0105 zaoszcz\u0119dzi\u0107 na zakupie.<\/li>\n<li><strong>Wygoda<\/strong> \u2014 zakup online umo\u017cliwia zam\u00f3wienie preparatu bez wychodzenia z domu, z dostaw\u0105 pod wskazany adres.<\/li>\n<\/ol>\n<p>Hondro Sol jest dost\u0119pny wy\u0142\u0105cznie w sprzeda\u017cy online, dlatego osoby szukaj\u0105ce go w stacjonarnych aptekach mog\u0105 spotka\u0107 si\u0119 z rozczarowaniem. Aby unikn\u0105\u0107 zakupu podr\u00f3bek, warto unika\u0107 niesprawdzonych \u017ar\u00f3de\u0142 i wybiera\u0107 jedynie oficjaln\u0105 stron\u0119 producenta.<\/p>\n<p>Hondro Sol to preparat, kt\u00f3ry mo\u017ce okaza\u0107 si\u0119 ratunkiem dla os\u00f3b cierpi\u0105cych na dolegliwo\u015bci stawowe. Dzi\u0119ki swojemu unikalnemu sk\u0142adowi, preparat dzia\u0142a kompleksowo, przynosz\u0105c ulg\u0119 w b\u00f3lu, zmniejszaj\u0105c stany zapalne i wspomagaj\u0105c regeneracj\u0119 chrz\u0105stki stawowej. Forma sprayu sprawia, \u017ce jego aplikacja jest \u0142atwa i szybka, a efekty odczuwalne s\u0105 niemal natychmiastowo.<\/p>\n<p style=\"text-align: center;\"><a class=\"border-button\" href=\"https:\/\/keonv.com\/SOYS?sub1=sub1&amp;sub2=sub2&amp;sub3=sub3&amp;sub4=sub4&amp;sub5=sub5\">KUPI\u0106 PO CENIE PRODUCENTA (-50%)<\/a><\/p>\n","protected":false},"excerpt":{"rendered":"<p>Nr kat.: 870874619<\/p>\n<p style=\"text-align: center;\"><a class=\"border-button\" href=\"https:\/\/keonv.com\/SOYS?sub1=sub1&amp;sub2=sub2&amp;sub3=sub3&amp;sub4=sub4&amp;sub5=sub5\">KUP TERAZ<\/a><\/p>\n","protected":false},"featured_media":1154,"comment_status":"open","ping_status":"closed","template":"","meta":[],"product_brand":[],"product_cat":[18],"product_tag":[],"class_list":{"0":"post-425","1":"product","2":"type-product","3":"status-publish","4":"has-post-thumbnail","6":"product_cat-suplementy","8":"first","9":"instock","10":"sale","11":"shipping-taxable","12":"purchasable","13":"product-type-simple"},"aioseo_notices":[],"_links":{"self":[{"href":"https:\/\/lekarzpodroznik.pl\/store\/wp-json\/wp\/v2\/product\/425","targetHints":{"allow":["GET"]}}],"collection":[{"href":"https:\/\/lekarzpodroznik.pl\/store\/wp-json\/wp\/v2\/product"}],"about":[{"href":"https:\/\/lekarzpodroznik.pl\/store\/wp-json\/wp\/v2\/types\/product"}],"replies":[{"embeddable":true,"href":"https:\/\/lekarzpodroznik.pl\/store\/wp-json\/wp\/v2\/comments?post=425"}],"wp:featuredmedia":[{"embeddable":true,"href":"https:\/\/lekarzpodroznik.pl\/store\/wp-json\/wp\/v2\/media\/1154"}],"wp:attachment":[{"href":"https:\/\/lekarzpodroznik.pl\/store\/wp-json\/wp\/v2\/media?parent=425"}],"wp:term":[{"taxonomy":"product_brand","embeddable":true,"href":"https:\/\/lekarzpodroznik.pl\/store\/wp-json\/wp\/v2\/product_brand?post=425"},{"taxonomy":"product_cat","embeddable":true,"href":"https:\/\/lekarzpodroznik.pl\/store\/wp-json\/wp\/v2\/product_cat?post=425"},{"taxonomy":"product_tag","embeddable":true,"href":"https:\/\/lekarzpodroznik.pl\/store\/wp-json\/wp\/v2\/product_tag?post=425"}],"curies":[{"name":"wp","href":"https:\/\/api.w.org\/{rel}","templated":true}]}}