{"id":429,"date":"2024-10-09T10:35:32","date_gmt":"2024-10-09T10:35:32","guid":{"rendered":"https:\/\/lekarzpodroznik.pl\/store\/?post_type=product&#038;p=429"},"modified":"2024-10-30T11:22:40","modified_gmt":"2024-10-30T11:22:40","slug":"hondrolife","status":"publish","type":"product","link":"https:\/\/lekarzpodroznik.pl\/store\/product\/hondrolife\/","title":{"rendered":"Hondrolife"},"content":{"rendered":"<p>Hondrolife to nowoczesny preparat w sprayu przeznaczony do stosowania miejscowego na sk\u00f3r\u0119 w okolicach staw\u00f3w. Jego innowacyjna forma aplikacji pozwala na szybkie wch\u0142anianie si\u0119 sk\u0142adnik\u00f3w aktywnych bez konieczno\u015bci d\u0142ugiego masa\u017cu czy wcierania. Spray jest skierowany do os\u00f3b, kt\u00f3re cierpi\u0105 na b\u00f3le staw\u00f3w, zapalenia, a tak\u017ce na ograniczon\u0105 ruchomo\u015b\u0107, wynikaj\u0105c\u0105 z uszkodzenia chrz\u0105stki lub wi\u0119zade\u0142.<\/p>\n<p>Grup\u0105 docelow\u0105 dla Hondrolife s\u0105 osoby aktywne fizycznie, sportowcy, a tak\u017ce osoby starsze, u kt\u00f3rych stawy uleg\u0142y degeneracji z powodu starzenia si\u0119 organizmu. Preparat mo\u017ce by\u0107 stosowany zar\u00f3wno w profilaktyce, jak i w celu z\u0142agodzenia istniej\u0105cych objaw\u00f3w.<\/p>\n<p style=\"text-align: center;\"><a class=\"border-button\" href=\"https:\/\/mandarv.com\/vhgS?sub1=sub1&amp;sub2=sub2&amp;sub3=sub3&amp;sub4=sub4&amp;sub5=sub5\">www.hondrolife.pl<\/a><\/p>\n<h2>Wskazania i Przeciwwskazania Hondrolife<\/h2>\n<p><strong>Wskazania do stosowania:<\/strong><\/p>\n<ul>\n<li>B\u00f3le staw\u00f3w o r\u00f3\u017cnym pochodzeniu.<\/li>\n<li>Obrz\u0119ki i stany zapalne staw\u00f3w.<\/li>\n<li>Sztywno\u015b\u0107 staw\u00f3w.<\/li>\n<li>Utrata ruchomo\u015bci staw\u00f3w.<\/li>\n<li>Urazy staw\u00f3w i wi\u0119zade\u0142.<\/li>\n<\/ul>\n<p><strong>Przeciwwskazania:<\/strong><\/p>\n<ul>\n<li>Nadwra\u017cliwo\u015b\u0107 na kt\u00f3rykolwiek ze sk\u0142adnik\u00f3w preparatu.<\/li>\n<li>Otwarta rana w miejscu aplikacji.<\/li>\n<li>Ci\u0105\u017ca i karmienie piersi\u0105 \u2013 stosowanie w tych przypadkach powinno by\u0107 skonsultowane z lekarzem.<\/li>\n<\/ul>\n<h2>Sk\u0142ad Hondrolife \u2013 skuteczne sk\u0142adniki<\/h2>\n<p>Jednym z kluczowych element\u00f3w, kt\u00f3ry wyr\u00f3\u017cnia Hondrolife na tle innych preparat\u00f3w, jest jego unikalny sk\u0142ad. Zosta\u0142 on skomponowany z my\u015bl\u0105 o wszechstronnym dzia\u0142aniu na r\u00f3\u017cne problemy ze stawami \u2013 od b\u00f3lu, przez stan zapalny, a\u017c po regeneracj\u0119 chrz\u0105stki.<\/p>\n<p><strong>G\u0142\u00f3wne sk\u0142adniki Hondrolife:<\/strong><\/p>\n<ol>\n<li><strong>Pantenol i alantoina<\/strong><br \/>\nTe substancje pe\u0142ni\u0105 kluczow\u0105 rol\u0119 w regeneracji uszkodzonych tkanek. Pantenol ma dzia\u0142anie przeciwzapalne i nawil\u017caj\u0105ce, natomiast alantoina wspomaga proces gojenia si\u0119 ran, tworz\u0105c ochronn\u0105 pow\u0142ok\u0119 na tkankach obj\u0119tych stanem zapalnym.<\/li>\n<li><strong>Olejki eteryczne z mi\u0119ty, cynamonu i eukaliptusa<\/strong><br \/>\nOlejki te dzia\u0142aj\u0105 przeciwb\u00f3lowo, od\u015bwie\u017caj\u0105co i przeciwzapalnie. Ich g\u0142\u00f3wn\u0105 zalet\u0105 jest zdolno\u015b\u0107 do poprawy kr\u0105\u017cenia krwi, co przyczynia si\u0119 do lepszego od\u017cywienia tkanek stawowych oraz zapobiega dalszemu niszczeniu staw\u00f3w i wi\u0119zade\u0142.<\/li>\n<li><strong>Witaminy E i B3<\/strong><br \/>\nWitaminy te s\u0105 niezwykle wa\u017cne dla zdrowia sk\u00f3ry oraz staw\u00f3w. Witamina E dzia\u0142a jako silny przeciwutleniacz, kt\u00f3ry chroni kom\u00f3rki przed uszkodzeniem, natomiast witamina B3 poprawia mikrokr\u0105\u017cenie i wspomaga procesy regeneracyjne w tkance \u0142\u0105cznej.<\/li>\n<li><strong>Ekstrakty z diabelskiego pazura i arniki<\/strong><br \/>\nDiabelski pazur to ro\u015blina znana z dzia\u0142ania przeciwzapalnego, a arnika poprawia przep\u0142yw krwi i dzia\u0142a \u0142agodz\u0105co na obrz\u0119ki. Po\u0142\u0105czenie tych sk\u0142adnik\u00f3w sprawia, \u017ce preparat skutecznie zwi\u0119ksza ruchomo\u015b\u0107 staw\u00f3w.<\/li>\n<li><strong>Glukozamina i chondroityna<\/strong><br \/>\nTe substancje s\u0105 fundamentalnymi sk\u0142adnikami chrz\u0105stki stawowej. Glukozamina i chondroityna nie tylko wzmacniaj\u0105 chrz\u0105stk\u0119, ale tak\u017ce przyspieszaj\u0105 procesy jej regeneracji. Dzia\u0142aj\u0105 one r\u00f3wnie\u017c przeciwb\u00f3lowo i przeciwzapalnie, co jest niezwykle wa\u017cne w przypadku uszkodze\u0144 staw\u00f3w.<\/li>\n<\/ol>\n<h2>Efekty stosowania \u2013 dzia\u0142anie Hondrolife<\/h2>\n<p>Hondrolife, dzi\u0119ki swojemu unikalnemu sk\u0142adowi, wykazuje szerokie spektrum dzia\u0142ania, kt\u00f3re przynosi ulg\u0119 w problemach ze stawami. Regularne stosowanie sprayu pozwala na osi\u0105gni\u0119cie nast\u0119puj\u0105cych efekt\u00f3w:<\/p>\n<ol>\n<li><strong>Redukcja b\u00f3lu<\/strong> \u2013 Dzia\u0142anie przeciwb\u00f3lowe sk\u0142adnik\u00f3w takich jak olejek z mi\u0119ty i ekstrakt z diabelskiego pazura przynosi szybk\u0105 ulg\u0119 w b\u00f3lu staw\u00f3w.<\/li>\n<li><strong>Zmniejszenie stan\u00f3w zapalnych<\/strong> \u2013 Glukozamina, chondroityna oraz pantenol skutecznie hamuj\u0105 procesy zapalne, co prowadzi do zmniejszenia obrz\u0119k\u00f3w.<\/li>\n<li><strong>Wspomaganie regeneracji chrz\u0105stki<\/strong> \u2013 Po\u0142\u0105czenie glukozaminy i chondroityny skutecznie odbudowuje zniszczon\u0105 chrz\u0105stk\u0119, przywracaj\u0105c elastyczno\u015b\u0107 i funkcjonalno\u015b\u0107 staw\u00f3w.<\/li>\n<li><strong>Zwi\u0119kszenie ruchomo\u015bci staw\u00f3w<\/strong> \u2013 Ekstrakty z arniki i diabelskiego pazura poprawiaj\u0105 przep\u0142yw krwi i dzia\u0142aj\u0105 rozlu\u017aniaj\u0105co na mi\u0119\u015bnie i wi\u0119zad\u0142a, co przek\u0142ada si\u0119 na wi\u0119ksz\u0105 swobod\u0119 ruchu.<\/li>\n<li><strong>Ochrona staw\u00f3w<\/strong> \u2013 Witaminy E i B3 oraz olejki eteryczne zapobiegaj\u0105 dalszemu uszkodzeniu staw\u00f3w, wspomagaj\u0105c naturalne procesy regeneracyjne organizmu.<\/li>\n<\/ol>\n<p>Hondrolife to produkt, kt\u00f3ry dzia\u0142a kompleksowo \u2013 nie tylko eliminuje objawy, ale tak\u017ce wspiera regeneracj\u0119 uszkodzonych tkanek stawowych, co czyni go wyj\u0105tkowym preparatem na rynku.<\/p>\n<h2>Gdzie kupi\u0107 Hondrolife?<\/h2>\n<p>Jednym z najcz\u0119stszych pyta\u0144, jakie zadaj\u0105 zainteresowani u\u017cytkownicy, jest: <strong>gdzie kupi\u0107 Hondrolife<\/strong>? Warto wiedzie\u0107, \u017ce Hondrolife nie jest dost\u0119pny w tradycyjnych aptekach stacjonarnych, co cz\u0119sto powoduje nieporozumienia. <strong>Nie znajdziemy go w aptekach<\/strong> \u2013 zar\u00f3wno tych lokalnych, jak i sieciowych.<\/p>\n<p>Aby zakupi\u0107 oryginalny produkt, najlepiej <strong>kupi\u0107 go bezpo\u015brednio u producenta<\/strong>. Oficjalna strona internetowa producenta to miejsce, gdzie mo\u017cemy by\u0107 pewni, \u017ce otrzymamy autentyczny produkt, kt\u00f3ry spe\u0142nia wszystkie standardy jako\u015bci. Zakupy online s\u0105 szybkie i bezpieczne, a zam\u00f3wienie jest dostarczane bezpo\u015brednio do domu.<\/p>\n<p>Warto zwr\u00f3ci\u0107 uwag\u0119 na promocje, kt\u00f3re cz\u0119sto oferuje producent, a tak\u017ce na mo\u017cliwo\u015b\u0107 uzyskania dodatkowych informacji dotycz\u0105cych produktu, sposobu jego stosowania oraz efekt\u00f3w.<\/p>\n<p>Hondrolife to innowacyjny spray, kt\u00f3ry skutecznie wspiera walk\u0119 z b\u00f3lem staw\u00f3w i procesami zapalnymi. Dzi\u0119ki starannie dobranym sk\u0142adnikom, dzia\u0142a kompleksowo, przywracaj\u0105c ruchomo\u015b\u0107 staw\u00f3w i wspomagaj\u0105c regeneracj\u0119 chrz\u0105stki. Je\u015bli zmagasz si\u0119 z problemami staw\u00f3w i szukasz skutecznego rozwi\u0105zania, Hondrolife mo\u017ce okaza\u0107 si\u0119 odpowiedzi\u0105 na Twoje potrzeby.<\/p>\n<p style=\"text-align: center;\"><a class=\"border-button\" href=\"https:\/\/mandarv.com\/vhgS?sub1=sub1&amp;sub2=sub2&amp;sub3=sub3&amp;sub4=sub4&amp;sub5=sub5\">KUPI\u0106 PO CENIE PRODUCENTA (-50%)<\/a><\/p>\n","protected":false},"excerpt":{"rendered":"<p>Nr kat.: 870874621<\/p>\n<p style=\"text-align: center;\"><a class=\"border-button\" href=\"https:\/\/mandarv.com\/vhgS?sub1=sub1&amp;sub2=sub2&amp;sub3=sub3&amp;sub4=sub4&amp;sub5=sub5\">KUP TERAZ<\/a><\/p>\n","protected":false},"featured_media":430,"comment_status":"open","ping_status":"closed","template":"","meta":[],"product_brand":[],"product_cat":[18],"product_tag":[],"class_list":{"0":"post-429","1":"product","2":"type-product","3":"status-publish","4":"has-post-thumbnail","6":"product_cat-suplementy","8":"first","9":"instock","10":"sale","11":"shipping-taxable","12":"purchasable","13":"product-type-simple"},"aioseo_notices":[],"_links":{"self":[{"href":"https:\/\/lekarzpodroznik.pl\/store\/wp-json\/wp\/v2\/product\/429","targetHints":{"allow":["GET"]}}],"collection":[{"href":"https:\/\/lekarzpodroznik.pl\/store\/wp-json\/wp\/v2\/product"}],"about":[{"href":"https:\/\/lekarzpodroznik.pl\/store\/wp-json\/wp\/v2\/types\/product"}],"replies":[{"embeddable":true,"href":"https:\/\/lekarzpodroznik.pl\/store\/wp-json\/wp\/v2\/comments?post=429"}],"wp:featuredmedia":[{"embeddable":true,"href":"https:\/\/lekarzpodroznik.pl\/store\/wp-json\/wp\/v2\/media\/430"}],"wp:attachment":[{"href":"https:\/\/lekarzpodroznik.pl\/store\/wp-json\/wp\/v2\/media?parent=429"}],"wp:term":[{"taxonomy":"product_brand","embeddable":true,"href":"https:\/\/lekarzpodroznik.pl\/store\/wp-json\/wp\/v2\/product_brand?post=429"},{"taxonomy":"product_cat","embeddable":true,"href":"https:\/\/lekarzpodroznik.pl\/store\/wp-json\/wp\/v2\/product_cat?post=429"},{"taxonomy":"product_tag","embeddable":true,"href":"https:\/\/lekarzpodroznik.pl\/store\/wp-json\/wp\/v2\/product_tag?post=429"}],"curies":[{"name":"wp","href":"https:\/\/api.w.org\/{rel}","templated":true}]}}