{"id":431,"date":"2024-10-09T10:39:40","date_gmt":"2024-10-09T10:39:40","guid":{"rendered":"https:\/\/lekarzpodroznik.pl\/store\/?post_type=product&#038;p=431"},"modified":"2024-10-30T11:23:24","modified_gmt":"2024-10-30T11:23:24","slug":"hondrostrong","status":"publish","type":"product","link":"https:\/\/lekarzpodroznik.pl\/store\/product\/hondrostrong\/","title":{"rendered":"Hondrostrong"},"content":{"rendered":"<p><strong>Hondrostrong<\/strong> to krem przeznaczony do miejscowego stosowania na sk\u00f3r\u0119, szczeg\u00f3lnie w obszarze staw\u00f3w. Jego unikalna formu\u0142a ma za zadanie wspomaga\u0107 regeneracj\u0119 chrz\u0105stki stawowej, a tak\u017ce \u0142agodzi\u0107 b\u00f3le zwi\u0105zane z reumatyzmem, artretyzmem czy innymi chorobami uk\u0142adu kostno-stawowego.<\/p>\n<p>Krem ten nale\u017cy do grupy preparat\u00f3w naturalnych, co oznacza, \u017ce w swoim sk\u0142adzie zawiera g\u0142\u00f3wnie ekstrakty ro\u015blinne oraz sk\u0142adniki pochodzenia zwierz\u0119cego, kt\u00f3re s\u0105 znane ze swoich w\u0142a\u015bciwo\u015bci regeneracyjnych i przeciwzapalnych. Ze wzgl\u0119du na brak silnych sk\u0142adnik\u00f3w chemicznych, <strong>Hondrostrong<\/strong> jest reklamowany jako bezpieczny i delikatny dla sk\u00f3ry, a jednocze\u015bnie skuteczny w dzia\u0142aniu.<\/p>\n<p style=\"text-align: center;\"><a class=\"border-button\" href=\"https:\/\/mandarv.com\/Tp4S?sub1=sub1&amp;sub2=sub2&amp;sub3=sub3&amp;sub4=sub4&amp;sub5=sub5\">www.hondrostrong.pl<\/a><\/p>\n<h2>Wskazania i przeciwwskazania Hondrostrong<\/h2>\n<p><strong>Wskazania do stosowania:<\/strong><\/p>\n<ul>\n<li>B\u00f3le staw\u00f3w spowodowane artretyzmem, reumatyzmem czy innymi chorobami zapalnymi.<\/li>\n<li>Ograniczona ruchomo\u015b\u0107 staw\u00f3w wynikaj\u0105ca z chor\u00f3b zwyrodnieniowych.<\/li>\n<li>Profilaktyka chor\u00f3b staw\u00f3w u os\u00f3b w wieku starszym oraz tych, kt\u00f3rzy s\u0105 nara\u017ceni na intensywny wysi\u0142ek fizyczny (sportowcy, osoby pracuj\u0105ce fizycznie).<\/li>\n<li>Regeneracja tkanek po urazach staw\u00f3w i mi\u0119\u015bni.<\/li>\n<\/ul>\n<p><strong>Przeciwwskazania:<\/strong><\/p>\n<p><strong>Hondrostrong<\/strong> jest produktem naturalnym, jednak nie jest wolny od przeciwwskaza\u0144. Osoby uczulone na kt\u00f3rykolwiek sk\u0142adnik kremu powinny unika\u0107 jego stosowania. W szczeg\u00f3lno\u015bci, nale\u017cy zwr\u00f3ci\u0107 uwag\u0119 na obecno\u015b\u0107 jadu pszczelego (apitoxin), kt\u00f3ry, cho\u0107 jest skuteczny w leczeniu stan\u00f3w zapalnych, mo\u017ce wywo\u0142a\u0107 reakcje alergiczne u os\u00f3b uczulonych na pszczo\u0142y.<\/p>\n<p>Przed rozpocz\u0119ciem stosowania, warto wykona\u0107 test alergiczny \u2013 na\u0142o\u017cy\u0107 niewielk\u0105 ilo\u015b\u0107 kremu na sk\u00f3r\u0119 i obserwowa\u0107 reakcj\u0119 przez 24 godziny.<\/p>\n<h2>Sk\u0142ad Hondrostrong &#8211; skuteczne sk\u0142adniki<\/h2>\n<p>Unikalno\u015b\u0107 kremu <strong>Hondrostrong<\/strong> polega na jego bogatym sk\u0142adzie, kt\u00f3ry opiera si\u0119 na naturalnych, leczniczych ekstraktach. Poni\u017cej przedstawiamy g\u0142\u00f3wne sk\u0142adniki i ich dzia\u0142anie:<\/p>\n<ol>\n<li><strong>Zielone ma\u0142\u017ce (Perna canaliculus)<\/strong> \u2013 pochodz\u0105 z wybrze\u017cy Nowej Zelandii i s\u0105 tradycyjnym pokarmem Maorys\u00f3w. Co ciekawe, badania nad diet\u0105 Maorys\u00f3w wykaza\u0142y, \u017ce prawie nie cierpi\u0105 oni na choroby staw\u00f3w, co przypisuje si\u0119 w\u0142a\u015bnie spo\u017cywaniu zielonych ma\u0142\u017cy. Ma\u0142\u017ce te s\u0105 bogate w mukopolisacharydy, kt\u00f3re stanowi\u0105 wa\u017cny sk\u0142adnik tkanki \u0142\u0105cznej w ludzkim organizmie. Regularne stosowanie ekstraktu z zielonych ma\u0142\u017cy wspiera regeneracj\u0119 chrz\u0105stki stawowej i \u0142agodzi stany zapalne.<\/li>\n<li><strong>Apitoxin (jad pszczeli)<\/strong> \u2013 znany ze swoich w\u0142a\u015bciwo\u015bci przeciwb\u00f3lowych i przeciwzapalnych. Jad pszczeli dzia\u0142a poprzez stymulowanie proces\u00f3w regeneracyjnych w tkankach stawowych, co przyczynia si\u0119 do przywracania ich sprawno\u015bci. Apitoxin aktywuje r\u00f3wnie\u017c kr\u0105\u017cenie krwi w obszarze obj\u0119tym stanem zapalnym, co wspiera procesy gojenia.<\/li>\n<li><strong>Sok z li\u015bci ostrokrzewu<\/strong> \u2013 skutecznie zwalcza stany zapalne i b\u00f3le reumatyczne. Posiada r\u00f3wnie\u017c w\u0142a\u015bciwo\u015bci przeciwbakteryjne, szczeg\u00f3lnie przeciwko bakteriom Streptococcus, kt\u00f3re mog\u0105 by\u0107 odpowiedzialne za rozw\u00f3j reumatyzmu.<\/li>\n<\/ol>\n<p>Te trzy kluczowe sk\u0142adniki tworz\u0105 pot\u0119\u017cn\u0105 formu\u0142\u0119, kt\u00f3ra dzia\u0142a wszechstronnie \u2013 zar\u00f3wno na powierzchowne objawy b\u00f3lu, jak i na g\u0142\u0119bsze problemy zwi\u0105zane z uszkodzeniami tkanek stawowych.<\/p>\n<h2>Efekty stosowania &#8211; dzia\u0142anie kremu Hondrostrong<\/h2>\n<p>Stosowanie <strong>Hondrostrong<\/strong> ma przynie\u015b\u0107 u\u017cytkownikom szereg korzy\u015bci zdrowotnych, szczeg\u00f3lnie w obszarze poprawy funkcjonowania staw\u00f3w. Do najwa\u017cniejszych efekt\u00f3w, jakie mo\u017cna zauwa\u017cy\u0107, nale\u017c\u0105:<\/p>\n<ul>\n<li><strong>Zmniejszenie b\u00f3lu<\/strong> \u2013 dzi\u0119ki w\u0142a\u015bciwo\u015bciom przeciwb\u00f3lowym jadu pszczelego oraz zielonych ma\u0142\u017cy, u\u017cytkownicy mog\u0105 odczuwa\u0107 znaczne zmniejszenie dolegliwo\u015bci b\u00f3lowych ju\u017c po kilku zastosowaniach.<\/li>\n<li><strong>Poprawa ruchomo\u015bci staw\u00f3w<\/strong> \u2013 krem wspiera regeneracj\u0119 chrz\u0105stki stawowej, co prowadzi do poprawy elastyczno\u015bci i ruchomo\u015bci staw\u00f3w.<\/li>\n<li><strong>Redukcja stan\u00f3w zapalnych<\/strong> \u2013 dzi\u0119ki w\u0142a\u015bciwo\u015bciom przeciwzapalnym, krem pomaga zwalcza\u0107 obrz\u0119ki i zaczerwienienia w obszarach obj\u0119tych stanem zapalnym.<\/li>\n<li><strong>Profilaktyka i regeneracja<\/strong> \u2013 regularne stosowanie kremu mo\u017ce pom\u00f3c w zapobieganiu dalszemu uszkodzeniu staw\u00f3w, a tak\u017ce wspiera procesy regeneracyjne po urazach.<\/li>\n<\/ul>\n<p>Warto zauwa\u017cy\u0107, \u017ce cho\u0107 efekty stosowania kremu mog\u0105 by\u0107 widoczne ju\u017c po kilku aplikacjach, najlepsze rezultaty mo\u017cna osi\u0105gn\u0105\u0107 przy d\u0142ugotrwa\u0142ym stosowaniu.<\/p>\n<h2>Gdzie kupi\u0107 Hondrostrong?<\/h2>\n<p>Jednym z najcz\u0119\u015bciej zadawanych pyta\u0144 przez osoby zainteresowane kremem <strong>Hondrostrong<\/strong> jest: &#8222;Gdzie mo\u017cna go kupi\u0107?&#8221;. Warto zaznaczy\u0107, \u017ce produkt ten <strong>nie jest dost\u0119pny w stacjonarnych aptekach<\/strong>. Aby unikn\u0105\u0107 podr\u00f3bek i mie\u0107 pewno\u015b\u0107, \u017ce kupujemy oryginalny preparat, zaleca si\u0119 zakup kremu bezpo\u015brednio u producenta lub za po\u015brednictwem autoryzowanych stron internetowych.<\/p>\n<p>Niestety, na rynku pojawiaj\u0105 si\u0119 r\u00f3\u017cnego rodzaju podr\u00f3bki i niesprawdzone produkty, dlatego warto uwa\u017ca\u0107 i unika\u0107 ofert pochodz\u0105cych z nieznanych \u017ar\u00f3de\u0142. Szukaj\u0105c frazy &#8222;kupi\u0107 Hondrostrong&#8221;, warto zwr\u00f3ci\u0107 uwag\u0119 na oficjalne strony dystrybutor\u00f3w, kt\u00f3re oferuj\u0105 gwarancj\u0119 jako\u015bci oraz mo\u017cliwo\u015b\u0107 zwrotu w przypadku niezadowolenia.<\/p>\n<p><strong>Hondrostrong<\/strong> to preparat, kt\u00f3ry dzi\u0119ki swojej naturalnej formule oraz skutecznym sk\u0142adnikom, takim jak zielone ma\u0142\u017ce, apitoxin i sok z ostrokrzewu, zdobywa coraz wi\u0119ksz\u0105 popularno\u015b\u0107 w leczeniu schorze\u0144 staw\u00f3w. Cho\u0107 efekty stosowania mog\u0105 by\u0107 widoczne ju\u017c po kilku aplikacjach, regularne i d\u0142ugotrwa\u0142e stosowanie kremu przynosi najlepsze rezultaty w profilaktyce i regeneracji tkanek stawowych.<\/p>\n<p style=\"text-align: center;\"><a class=\"border-button\" href=\"https:\/\/mandarv.com\/Tp4S?sub1=sub1&amp;sub2=sub2&amp;sub3=sub3&amp;sub4=sub4&amp;sub5=sub5\">KUPI\u0106 PO CENIE PRODUCENTA (-50%)<\/a><\/p>\n","protected":false},"excerpt":{"rendered":"<p>Nr kat.: 870874622<\/p>\n<p style=\"text-align: center;\"><a class=\"border-button\" href=\"https:\/\/mandarv.com\/Tp4S?sub1=sub1&amp;sub2=sub2&amp;sub3=sub3&amp;sub4=sub4&amp;sub5=sub5\">KUP TERAZ<\/a><\/p>\n","protected":false},"featured_media":432,"comment_status":"open","ping_status":"closed","template":"","meta":[],"product_brand":[],"product_cat":[18],"product_tag":[],"class_list":{"0":"post-431","1":"product","2":"type-product","3":"status-publish","4":"has-post-thumbnail","6":"product_cat-suplementy","8":"first","9":"instock","10":"sale","11":"shipping-taxable","12":"purchasable","13":"product-type-simple"},"aioseo_notices":[],"_links":{"self":[{"href":"https:\/\/lekarzpodroznik.pl\/store\/wp-json\/wp\/v2\/product\/431","targetHints":{"allow":["GET"]}}],"collection":[{"href":"https:\/\/lekarzpodroznik.pl\/store\/wp-json\/wp\/v2\/product"}],"about":[{"href":"https:\/\/lekarzpodroznik.pl\/store\/wp-json\/wp\/v2\/types\/product"}],"replies":[{"embeddable":true,"href":"https:\/\/lekarzpodroznik.pl\/store\/wp-json\/wp\/v2\/comments?post=431"}],"wp:featuredmedia":[{"embeddable":true,"href":"https:\/\/lekarzpodroznik.pl\/store\/wp-json\/wp\/v2\/media\/432"}],"wp:attachment":[{"href":"https:\/\/lekarzpodroznik.pl\/store\/wp-json\/wp\/v2\/media?parent=431"}],"wp:term":[{"taxonomy":"product_brand","embeddable":true,"href":"https:\/\/lekarzpodroznik.pl\/store\/wp-json\/wp\/v2\/product_brand?post=431"},{"taxonomy":"product_cat","embeddable":true,"href":"https:\/\/lekarzpodroznik.pl\/store\/wp-json\/wp\/v2\/product_cat?post=431"},{"taxonomy":"product_tag","embeddable":true,"href":"https:\/\/lekarzpodroznik.pl\/store\/wp-json\/wp\/v2\/product_tag?post=431"}],"curies":[{"name":"wp","href":"https:\/\/api.w.org\/{rel}","templated":true}]}}