{"id":441,"date":"2024-10-10T07:57:28","date_gmt":"2024-10-10T07:57:28","guid":{"rendered":"https:\/\/lekarzpodroznik.pl\/store\/?post_type=product&#038;p=441"},"modified":"2024-10-30T10:46:58","modified_gmt":"2024-10-30T10:46:58","slug":"keto-diet","status":"publish","type":"product","link":"https:\/\/lekarzpodroznik.pl\/store\/product\/keto-diet\/","title":{"rendered":"Keto Diet"},"content":{"rendered":"<p><strong>Keto Diet<\/strong> to suplement diety w formie kapsu\u0142ek, kt\u00f3rego celem jest wspieranie procesu odchudzania poprzez przyspieszenie stanu ketozy w organizmie. Produkt ten cieszy si\u0119 rosn\u0105c\u0105 popularno\u015bci\u0105 w\u015br\u00f3d os\u00f3b, kt\u00f3re chc\u0105 schudn\u0105\u0107 bez drastycznych diet i intensywnych trening\u00f3w. Keto Diet nale\u017cy do grupy suplement\u00f3w wspomagaj\u0105cych redukcj\u0119 wagi, szczeg\u00f3lnie polecanych osobom stosuj\u0105cym diet\u0119 ketogeniczn\u0105, ale mo\u017ce by\u0107 r\u00f3wnie\u017c stosowany przez osoby na innych dietach.<\/p>\n<p>Kapsu\u0142ki <strong>Keto Diet<\/strong> zosta\u0142y zaprojektowane z my\u015bl\u0105 o przyspieszeniu procesu spalania t\u0142uszczu. Dzi\u0119ki unikalnemu sk\u0142adowi pomagaj\u0105 organizmowi szybciej przej\u015b\u0107 w stan ketozy \u2013 metaboliczny stan, w kt\u00f3rym organizm zamiast glukozy zaczyna spala\u0107 t\u0142uszcze. Produkt dost\u0119pny jest w wygodnych opakowaniach, a dawkowanie jest \u0142atwe i dostosowane do codziennego u\u017cytkowania.<\/p>\n<p style=\"text-align: center;\"><a class=\"border-button\" href=\"https:\/\/mandarv.com\/HQbS?sub1=sub1&amp;sub2=sub2&amp;sub3=sub3&amp;sub4=sub4&amp;sub5=sub5\">www.keto-diet.pl<\/a><\/p>\n<h2>Wskazania i przeciwwskazania Keto Diet<\/h2>\n<p>Keto Diet jest suplementem przeznaczonym dla os\u00f3b, kt\u00f3re chc\u0105 skutecznie zredukowa\u0107 swoj\u0105 wag\u0119 i poprawi\u0107 og\u00f3lny stan zdrowia. Jest szczeg\u00f3lnie polecany dla os\u00f3b:<\/p>\n<ul>\n<li>Stosuj\u0105cych diet\u0119 ketogeniczn\u0105.<\/li>\n<li>Maj\u0105cych trudno\u015bci z osi\u0105gni\u0119ciem stanu ketozy na diecie niskow\u0119glowodanowej.<\/li>\n<li>Szukaj\u0105cych szybkiego i efektywnego sposobu na spalanie t\u0142uszczu.<\/li>\n<li>Pragn\u0105cych zredukowa\u0107 nadmierne \u0142aknienie i kontrolowa\u0107 apetyt.<\/li>\n<\/ul>\n<p>Nale\u017cy jednak pami\u0119ta\u0107, \u017ce jak ka\u017cdy suplement diety, Keto Diet ma swoje przeciwwskazania. Produktu nie powinny stosowa\u0107 osoby:<\/p>\n<ul>\n<li>Uczulone na kt\u00f3rykolwiek ze sk\u0142adnik\u00f3w suplementu.<\/li>\n<li>Kobiety w ci\u0105\u017cy i karmi\u0105ce piersi\u0105.<\/li>\n<li>Osoby z powa\u017cnymi schorzeniami uk\u0142adu pokarmowego bez konsultacji z lekarzem.<\/li>\n<\/ul>\n<p>Stosowanie Keto Diet powinno by\u0107 r\u00f3wnie\u017c poprzedzone konsultacj\u0105 z lekarzem w przypadku os\u00f3b przyjmuj\u0105cych leki na przewlek\u0142e choroby, takie jak cukrzyca czy nadci\u015bnienie.<\/p>\n<h2>Sk\u0142ad Keto Diet &#8211; skuteczne sk\u0142adniki<\/h2>\n<p>Jednym z kluczowych aspekt\u00f3w skuteczno\u015bci <strong>Keto Diet<\/strong> s\u0105 jego starannie dobrane sk\u0142adniki, kt\u00f3re wspomagaj\u0105 proces odchudzania i promuj\u0105 zdrow\u0105 redukcj\u0119 t\u0142uszczu. Poni\u017cej znajduje si\u0119 tabela, przedstawiaj\u0105ca najwa\u017cniejsze sk\u0142adniki oraz ich dzia\u0142anie:<\/p>\n<table>\n<thead>\n<tr>\n<th><strong>Sk\u0142adnik<\/strong><\/th>\n<th><strong>Dzia\u0142anie<\/strong><\/th>\n<\/tr>\n<\/thead>\n<tbody>\n<tr>\n<td><strong>BHB (Beta-hydroksyma\u015blan)<\/strong><\/td>\n<td>Przyspiesza proces ketozy, wspomagaj\u0105c spalanie t\u0142uszcz\u00f3w jako g\u0142\u00f3wnego \u017ar\u00f3d\u0142a energii.<\/td>\n<\/tr>\n<tr>\n<td><strong>Ekstrakt z zielonej herbaty<\/strong><\/td>\n<td>Przyspiesza metabolizm i pomaga w redukcji t\u0142uszczu.<\/td>\n<\/tr>\n<tr>\n<td><strong>L-karnityna<\/strong><\/td>\n<td>Wspiera transport kwas\u00f3w t\u0142uszczowych do mitochondri\u00f3w, gdzie s\u0105 spalane na energi\u0119.<\/td>\n<\/tr>\n<tr>\n<td><strong>Kofeina bezwodna<\/strong><\/td>\n<td>Zwi\u0119ksza energi\u0119 i poprawia koncentracj\u0119, co pomaga w treningach i codziennej aktywno\u015bci.<\/td>\n<\/tr>\n<tr>\n<td><strong>Witamina D<\/strong><\/td>\n<td>Wspiera uk\u0142ad odporno\u015bciowy i pomaga w regulacji poziomu wapnia, co mo\u017ce wspomaga\u0107 metabolizm.<\/td>\n<\/tr>\n<\/tbody>\n<\/table>\n<p>Dzi\u0119ki unikalnej kompozycji sk\u0142adnik\u00f3w, Keto Diet nie tylko przyspiesza proces ketozy, ale r\u00f3wnie\u017c dostarcza organizmowi energii i wspomaga walk\u0119 z uczuciem zm\u0119czenia, kt\u00f3re mo\u017ce wyst\u0105pi\u0107 podczas diety niskow\u0119glowodanowej.<\/p>\n<h2>Efekty stosowania &#8211; dzia\u0142anie kapsu\u0142ek Keto Diet<\/h2>\n<p>Stosowanie <strong>Keto Diet<\/strong> przynosi szereg korzy\u015bci, szczeg\u00f3lnie dla os\u00f3b, kt\u00f3re pragn\u0105 szybko i skutecznie schudn\u0105\u0107. Oto niekt\u00f3re z najcz\u0119\u015bciej wymienianych efekt\u00f3w:<\/p>\n<ol>\n<li><strong>Przyspieszenie stanu ketozy<\/strong> \u2013 Keto Diet wspomaga organizm w szybszym wej\u015bciu w stan ketozy, co pozwala na bardziej efektywne spalanie t\u0142uszczu jako g\u0142\u00f3wnego \u017ar\u00f3d\u0142a energii.<\/li>\n<li><strong>Redukcja t\u0142uszczu<\/strong> \u2013 Dzi\u0119ki zawarto\u015bci BHB i L-karnityny kapsu\u0142ki przyspieszaj\u0105 proces spalania t\u0142uszczu, zw\u0142aszcza z okolic brzucha, ud i bioder.<\/li>\n<li><strong>Zmniejszenie \u0142aknienia<\/strong> \u2013 Sk\u0142adniki suplementu pomagaj\u0105 kontrolowa\u0107 apetyt, co jest szczeg\u00f3lnie wa\u017cne dla os\u00f3b, kt\u00f3re zmagaj\u0105 si\u0119 z napadami g\u0142odu.<\/li>\n<li><strong>Zwi\u0119kszenie energii<\/strong> \u2013 Suplement poprawia og\u00f3lny poziom energii, co jest istotne dla os\u00f3b, kt\u00f3re cz\u0119sto odczuwaj\u0105 zm\u0119czenie podczas stosowania diety ketogenicznej.<\/li>\n<li><strong>Poprawa nastroju i koncentracji<\/strong> \u2013 Zawarto\u015b\u0107 kofeiny i witamin pomaga w utrzymaniu wysokiego poziomu energii mentalnej, co mo\u017ce zwi\u0119kszy\u0107 motywacj\u0119 do kontynuowania diety i aktywno\u015bci fizycznej.<\/li>\n<\/ol>\n<p>Dzi\u0119ki regularnemu stosowaniu Keto Diet, wiele os\u00f3b zauwa\u017ca znaczn\u0105 popraw\u0119 sylwetki ju\u017c po kilku tygodniach, a tak\u017ce zmniejszenie masy cia\u0142a o kilka kilogram\u00f3w w pierwszych tygodniach stosowania.<\/p>\n<h2>Gdzie kupi\u0107 Keto Diet?<\/h2>\n<p><strong>Gdzie kupi\u0107 Keto Diet<\/strong>? To pytanie, kt\u00f3re cz\u0119sto zadaj\u0105 osoby zainteresowane tym produktem. Przede wszystkim warto zaznaczy\u0107, \u017ce Keto Diet <strong>nie jest dost\u0119pny w stacjonarnych aptekach<\/strong> ani w popularnych sieciach drogeryjnych. Suplement ten mo\u017cna kupi\u0107 wy\u0142\u0105cznie online, co daje gwarancj\u0119, \u017ce otrzymamy oryginalny produkt.<\/p>\n<p>Kupuj\u0105c <strong>Keto Diet bezpo\u015brednio u producenta<\/strong>, mamy pewno\u015b\u0107, \u017ce suplement pochodzi z legalnego \u017ar\u00f3d\u0142a, co jest szczeg\u00f3lnie wa\u017cne, aby unikn\u0105\u0107 podr\u00f3bek, kt\u00f3re mog\u0105 pojawia\u0107 si\u0119 na rynku. Oficjalna strona producenta oferuje r\u00f3\u017cnorodne promocje, rabaty oraz bezpieczne metody p\u0142atno\u015bci, co czyni zakup \u0142atwym i bezproblemowym.<\/p>\n<p>Je\u015bli zastanawiasz si\u0119, <strong>gdzie kupi\u0107 Keto Diet<\/strong> w najkorzystniejszej cenie, to zdecydowanie warto poszuka\u0107 oferty bezpo\u015brednio na stronie producenta. Warto r\u00f3wnie\u017c regularnie sprawdza\u0107 dost\u0119pne promocje, kt\u00f3re cz\u0119sto obejmuj\u0105 zni\u017cki na wi\u0119ksze opakowania lub darmow\u0105 wysy\u0142k\u0119.<\/p>\n<p style=\"text-align: center;\"><a class=\"border-button\" href=\"https:\/\/mandarv.com\/HQbS?sub1=sub1&amp;sub2=sub2&amp;sub3=sub3&amp;sub4=sub4&amp;sub5=sub5\">KUPI\u0106 PO CENIE PRODUCENTA (-50%)<\/a><\/p>\n","protected":false},"excerpt":{"rendered":"<p>Nr kat.: 870874627<\/p>\n<p style=\"text-align: center;\"><a class=\"border-button\" href=\"https:\/\/mandarv.com\/HQbS?sub1=sub1&amp;sub2=sub2&amp;sub3=sub3&amp;sub4=sub4&amp;sub5=sub5\">KUP TERAZ<\/a><\/p>\n","protected":false},"featured_media":442,"comment_status":"open","ping_status":"closed","template":"","meta":[],"product_brand":[],"product_cat":[18],"product_tag":[],"class_list":{"0":"post-441","1":"product","2":"type-product","3":"status-publish","4":"has-post-thumbnail","6":"product_cat-suplementy","8":"first","9":"instock","10":"sale","11":"shipping-taxable","12":"purchasable","13":"product-type-simple"},"aioseo_notices":[],"_links":{"self":[{"href":"https:\/\/lekarzpodroznik.pl\/store\/wp-json\/wp\/v2\/product\/441","targetHints":{"allow":["GET"]}}],"collection":[{"href":"https:\/\/lekarzpodroznik.pl\/store\/wp-json\/wp\/v2\/product"}],"about":[{"href":"https:\/\/lekarzpodroznik.pl\/store\/wp-json\/wp\/v2\/types\/product"}],"replies":[{"embeddable":true,"href":"https:\/\/lekarzpodroznik.pl\/store\/wp-json\/wp\/v2\/comments?post=441"}],"wp:featuredmedia":[{"embeddable":true,"href":"https:\/\/lekarzpodroznik.pl\/store\/wp-json\/wp\/v2\/media\/442"}],"wp:attachment":[{"href":"https:\/\/lekarzpodroznik.pl\/store\/wp-json\/wp\/v2\/media?parent=441"}],"wp:term":[{"taxonomy":"product_brand","embeddable":true,"href":"https:\/\/lekarzpodroznik.pl\/store\/wp-json\/wp\/v2\/product_brand?post=441"},{"taxonomy":"product_cat","embeddable":true,"href":"https:\/\/lekarzpodroznik.pl\/store\/wp-json\/wp\/v2\/product_cat?post=441"},{"taxonomy":"product_tag","embeddable":true,"href":"https:\/\/lekarzpodroznik.pl\/store\/wp-json\/wp\/v2\/product_tag?post=441"}],"curies":[{"name":"wp","href":"https:\/\/api.w.org\/{rel}","templated":true}]}}