{"id":453,"date":"2024-10-10T08:17:50","date_gmt":"2024-10-10T08:17:50","guid":{"rendered":"https:\/\/lekarzpodroznik.pl\/store\/?post_type=product&#038;p=453"},"modified":"2025-05-29T11:33:09","modified_gmt":"2025-05-29T11:33:09","slug":"normadex","status":"publish","type":"product","link":"https:\/\/lekarzpodroznik.pl\/store\/product\/normadex\/","title":{"rendered":"Normadex"},"content":{"rendered":"<p>Normadex to preparat w postaci kapsu\u0142ek, kt\u00f3ry nale\u017cy do grupy suplement\u00f3w diety o dzia\u0142aniu przeciwpaso\u017cytniczym. Kapsu\u0142ki te s\u0105 stworzone z naturalnych sk\u0142adnik\u00f3w, kt\u00f3re maj\u0105 na celu zwalczenie paso\u017cyt\u00f3w w organizmie cz\u0142owieka, a tak\u017ce wsparcie regeneracji uk\u0142adu trawiennego i odporno\u015bciowego.<\/p>\n<p>Forma wydania preparatu \u2013 kapsu\u0142ki \u2013 jest bardzo wygodna dla u\u017cytkownika. \u0141atwo\u015b\u0107 stosowania oraz precyzyjnie dobrana dawka czynnych substancji w jednej kapsu\u0142ce sprawiaj\u0105, \u017ce Normadex jest \u0142atwy do stosowania na co dzie\u0144. Dodatkowo, forma kapsu\u0142ek zapewnia szybkie wch\u0142anianie si\u0119 sk\u0142adnik\u00f3w aktywnych w organizmie.<\/p>\n<p>Grupa, do kt\u00f3rej nale\u017cy Normadex, to suplementy diety, kt\u00f3re wspieraj\u0105 naturalne procesy obronne organizmu, pomagaj\u0105c w eliminacji paso\u017cyt\u00f3w, toksyn i innych niepo\u017c\u0105danych substancji. Normadex jest polecany szczeg\u00f3lnie osobom, kt\u00f3re podejrzewaj\u0105, \u017ce mog\u0105 mie\u0107 problem z paso\u017cytami, ale tak\u017ce tym, kt\u00f3rzy dbaj\u0105 o profilaktyk\u0119 zdrowotn\u0105.<\/p>\n<p style=\"text-align: center;\"><a class=\"border-button\" href=\"https:\/\/mandarv.com\/LzcS?sub1=sub1&amp;sub2=sub2&amp;sub3=sub3&amp;sub4=sub4&amp;sub5=sub5\">www.normadex.pl<\/a><\/p>\n<h2>Wskazania i przeciwwskazania Normadex<\/h2>\n<p>Normadex jest polecany osobom z podejrzeniem obecno\u015bci paso\u017cyt\u00f3w w organizmie. Najcz\u0119stszymi wskazaniami do stosowania kapsu\u0142ek s\u0105:<\/p>\n<ol>\n<li><strong>Problemy trawienne<\/strong> \u2013 paso\u017cyty cz\u0119sto powoduj\u0105 zaburzenia uk\u0142adu pokarmowego, takie jak biegunki, zaparcia, wzd\u0119cia czy b\u00f3le brzucha.<\/li>\n<li><strong>Zaburzenia odporno\u015bci<\/strong> \u2013 os\u0142abienie uk\u0142adu odporno\u015bciowego mo\u017ce by\u0107 spowodowane obecno\u015bci\u0105 paso\u017cyt\u00f3w.<\/li>\n<li><strong>Chroniczne zm\u0119czenie<\/strong> \u2013 paso\u017cyty mog\u0105 os\u0142abia\u0107 organizm, powoduj\u0105c uczucie ci\u0105g\u0142ego zm\u0119czenia.<\/li>\n<li><strong>Alergie<\/strong> \u2013 wiele os\u00f3b zara\u017conych paso\u017cytami zg\u0142asza wyst\u0119powanie nieznanych wcze\u015bniej reakcji alergicznych.<\/li>\n<li><strong>Z\u0142y stan sk\u00f3ry<\/strong> \u2013 tr\u0105dzik, wysypki i inne problemy sk\u00f3rne mog\u0105 by\u0107 wynikiem obecno\u015bci paso\u017cyt\u00f3w w organizmie.<\/li>\n<\/ol>\n<h3>Przeciwwskazania<\/h3>\n<p>Mimo \u017ce Normadex jest produktem opartym na naturalnych sk\u0142adnikach, istniej\u0105 pewne przeciwwskazania do jego stosowania. Nie zaleca si\u0119 stosowania kapsu\u0142ek w nast\u0119puj\u0105cych przypadkach:<\/p>\n<ul>\n<li><strong>Ci\u0105\u017ca i karmienie piersi\u0105<\/strong> \u2013 brak wystarczaj\u0105cych bada\u0144 potwierdzaj\u0105cych bezpiecze\u0144stwo stosowania Normadex w tym okresie.<\/li>\n<li><strong>Dzieci poni\u017cej 12 roku \u017cycia<\/strong> \u2013 preparat jest przeznaczony wy\u0142\u0105cznie dla os\u00f3b doros\u0142ych i m\u0142odzie\u017cy powy\u017cej 12 roku \u017cycia.<\/li>\n<li><strong>Alergia na kt\u00f3rykolwiek ze sk\u0142adnik\u00f3w<\/strong> \u2013 przed rozpocz\u0119ciem kuracji warto zapozna\u0107 si\u0119 ze sk\u0142adem preparatu i upewni\u0107 si\u0119, \u017ce nie ma uczulenia na \u017caden z jego sk\u0142adnik\u00f3w.<\/li>\n<\/ul>\n<h2>Sk\u0142ad Normadex \u2013 skuteczne sk\u0142adniki<\/h2>\n<p>Normadex wyr\u00f3\u017cnia si\u0119 naturalnym sk\u0142adem, kt\u00f3ry zosta\u0142 starannie opracowany w celu zwalczania paso\u017cyt\u00f3w oraz wspomagania regeneracji organizmu. Oto najwa\u017cniejsze sk\u0142adniki zawarte w kapsu\u0142kach Normadex:<\/p>\n<table>\n<thead>\n<tr>\n<th><strong>Sk\u0142adnik<\/strong><\/th>\n<th><strong>Dzia\u0142anie<\/strong><\/th>\n<\/tr>\n<\/thead>\n<tbody>\n<tr>\n<td><strong>Wyci\u0105g z pio\u0142unu<\/strong><\/td>\n<td>Posiada silne w\u0142a\u015bciwo\u015bci przeciwpaso\u017cytnicze, wspomaga eliminacj\u0119 paso\u017cyt\u00f3w.<\/td>\n<\/tr>\n<tr>\n<td><strong>Ekstrakt z czosnku<\/strong><\/td>\n<td>Wspiera uk\u0142ad odporno\u015bciowy, dzia\u0142a antybakteryjnie i przeciwzapalnie.<\/td>\n<\/tr>\n<tr>\n<td><strong>Korze\u0144 imbiru<\/strong><\/td>\n<td>Poprawia trawienie, dzia\u0142a detoksykuj\u0105co i przeciwdzia\u0142a zaparciom.<\/td>\n<\/tr>\n<tr>\n<td><strong>Wyci\u0105g z go\u017adzik\u00f3w<\/strong><\/td>\n<td>Ma w\u0142a\u015bciwo\u015bci antyseptyczne, skuteczny w walce z paso\u017cytami i grzybami.<\/td>\n<\/tr>\n<tr>\n<td><strong>Ekstrakt z pestek dyni<\/strong><\/td>\n<td>Wspiera eliminacj\u0119 paso\u017cyt\u00f3w, zw\u0142aszcza paso\u017cyt\u00f3w jelitowych.<\/td>\n<\/tr>\n<tr>\n<td><strong>Witamina C<\/strong><\/td>\n<td>Wzmacnia odporno\u015b\u0107 organizmu, dzia\u0142a antyoksydacyjnie.<\/td>\n<\/tr>\n<\/tbody>\n<\/table>\n<p>Ka\u017cdy z tych sk\u0142adnik\u00f3w pe\u0142ni wa\u017cn\u0105 rol\u0119 w procesie oczyszczania organizmu z paso\u017cyt\u00f3w, jednocze\u015bnie dbaj\u0105c o to, by nie zaburzy\u0107 naturalnej flory bakteryjnej.<\/p>\n<h2>Efekty stosowania \u2013 dzia\u0142anie kapsu\u0142ki Normadex<\/h2>\n<p>Stosowanie Normadex mo\u017ce przynie\u015b\u0107 wiele korzy\u015bci zdrowotnych. Przede wszystkim preparat dzia\u0142a w spos\u00f3b kompleksowy, eliminuj\u0105c paso\u017cyty z organizmu, a tak\u017ce wspomagaj\u0105c regeneracj\u0119 i detoksykacj\u0119. Oto najwa\u017cniejsze efekty, jakie mo\u017cna osi\u0105gn\u0105\u0107 dzi\u0119ki regularnemu stosowaniu kapsu\u0142ek:<\/p>\n<ol>\n<li><strong>Usuni\u0119cie paso\u017cyt\u00f3w<\/strong> \u2013 Normadex skutecznie zwalcza paso\u017cyty jelitowe, takie jak owsiki, tasiemce i inne niechciane organizmy.<\/li>\n<li><strong>Oczyszczenie organizmu<\/strong> \u2013 kapsu\u0142ki wspieraj\u0105 procesy detoksykacyjne, co pomaga usun\u0105\u0107 toksyny produkowane przez paso\u017cyty.<\/li>\n<li><strong>Wzmocnienie odporno\u015bci<\/strong> \u2013 preparat wspomaga uk\u0142ad odporno\u015bciowy, dzi\u0119ki czemu organizm lepiej radzi sobie z infekcjami.<\/li>\n<li><strong>Poprawa trawienia<\/strong> \u2013 Normadex reguluje prac\u0119 uk\u0142adu pokarmowego, pomagaj\u0105c w walce z zaparciami, biegunkami i wzd\u0119ciami.<\/li>\n<li><strong>Lepsze samopoczucie<\/strong> \u2013 eliminacja paso\u017cyt\u00f3w cz\u0119sto przyczynia si\u0119 do poprawy og\u00f3lnego stanu zdrowia, zwi\u0119kszenia poziomu energii i poprawy jako\u015bci \u017cycia.<\/li>\n<\/ol>\n<p>Stosuj\u0105c Normadex zgodnie z zaleceniami, mo\u017cna zauwa\u017cy\u0107 pierwsze efekty ju\u017c po kilku dniach kuracji. Wa\u017cne jest jednak, aby przestrzega\u0107 pe\u0142nej zalecanej dawki i kontynuowa\u0107 kuracj\u0119 przez wskazany okres, aby osi\u0105gn\u0105\u0107 maksymalne korzy\u015bci zdrowotne.<\/p>\n<h2>Gdzie kupi\u0107 Normadex?<\/h2>\n<p>Je\u015bli zastanawiasz si\u0119, gdzie kupi\u0107 Normadex, warto wiedzie\u0107, \u017ce produkt ten nie jest dost\u0119pny w tradycyjnych aptekach stacjonarnych. Aby unikn\u0105\u0107 podr\u00f3bek i nieoryginalnych produkt\u00f3w, zaleca si\u0119 zakup Normadex bezpo\u015brednio od producenta. Mo\u017cesz znale\u017a\u0107 ten preparat na oficjalnej stronie internetowej, co gwarantuje autentyczno\u015b\u0107 produktu oraz mo\u017cliwo\u015b\u0107 skorzystania z promocji i rabat\u00f3w.<\/p>\n<p>Wiele os\u00f3b wpisuje w wyszukiwark\u0119 frazy takie jak \u201eNormadex kupi\u0107 w aptece\u201d lub \u201egdzie kupi\u0107 Normadex\u201d, jednak warto pami\u0119ta\u0107, \u017ce najlepszym i najbezpieczniejszym miejscem zakupu jest strona producenta. Dzi\u0119ki temu masz pewno\u015b\u0107, \u017ce otrzymasz oryginalny produkt o pe\u0142nej skuteczno\u015bci.<\/p>\n<p>Niekt\u00f3re sklepy internetowe mog\u0105 oferowa\u0107 Normadex w atrakcyjnych cenach, ale zawsze warto sprawdzi\u0107, czy sprzedawca jest zaufany. Zakup na oficjalnej stronie producenta to r\u00f3wnie\u017c gwarancja dost\u0119pu do profesjonalnej obs\u0142ugi klienta oraz mo\u017cliwo\u015bci uzyskania dodatkowych informacji na temat stosowania produktu.<\/p>\n<p>Normadex to innowacyjne kapsu\u0142ki, kt\u00f3re skutecznie wspomagaj\u0105 walk\u0119 z paso\u017cytami. Dzi\u0119ki naturalnym sk\u0142adnikom, preparat dzia\u0142a w spos\u00f3b \u0142agodny, ale efektywny, wspieraj\u0105c organizm w procesie detoksykacji i odbudowy. Kapsu\u0142ki s\u0105 \u0142atwe w stosowaniu i mog\u0105 przynie\u015b\u0107 szybkie rezultaty. Wa\u017cne jest jednak, aby stosowa\u0107 je zgodnie z zaleceniami i dba\u0107 o regularno\u015b\u0107 kuracji.<\/p>\n<p>Normadex to produkt, kt\u00f3ry zyskuje coraz wi\u0119ksz\u0105 popularno\u015b\u0107 w\u015br\u00f3d os\u00f3b dbaj\u0105cych o zdrowie i chc\u0105cych oczy\u015bci\u0107 organizm z paso\u017cyt\u00f3w. Aby cieszy\u0107 si\u0119 pe\u0142n\u0105 skuteczno\u015bci\u0105 preparatu, zaleca si\u0119 zakup u sprawdzonego \u017ar\u00f3d\u0142a \u2013 bezpo\u015brednio u producenta. Wyb\u00f3r Normadex to inwestycja w zdrowie i lepsze samopoczucie.<\/p>\n<p style=\"text-align: center;\"><a class=\"border-button\" href=\"https:\/\/mandarv.com\/LzcS?sub1=sub1&amp;sub2=sub2&amp;sub3=sub3&amp;sub4=sub4&amp;sub5=sub5\">KUPI\u0106 PO CENIE PRODUCENTA (-50%)<\/a><\/p>\n","protected":false},"excerpt":{"rendered":"<p>Nr kat.: 870874632<\/p>\n<p style=\"text-align: center;\"><a class=\"border-button\" href=\"https:\/\/mandarv.com\/LzcS?sub1=sub1&amp;sub2=sub2&amp;sub3=sub3&amp;sub4=sub4&amp;sub5=sub5\">KUP TERAZ<\/a><\/p>\n","protected":false},"featured_media":1177,"comment_status":"open","ping_status":"closed","template":"","meta":[],"product_brand":[],"product_cat":[18],"product_tag":[],"class_list":{"0":"post-453","1":"product","2":"type-product","3":"status-publish","4":"has-post-thumbnail","6":"product_cat-suplementy","8":"first","9":"instock","10":"sale","11":"shipping-taxable","12":"purchasable","13":"product-type-simple"},"aioseo_notices":[],"_links":{"self":[{"href":"https:\/\/lekarzpodroznik.pl\/store\/wp-json\/wp\/v2\/product\/453","targetHints":{"allow":["GET"]}}],"collection":[{"href":"https:\/\/lekarzpodroznik.pl\/store\/wp-json\/wp\/v2\/product"}],"about":[{"href":"https:\/\/lekarzpodroznik.pl\/store\/wp-json\/wp\/v2\/types\/product"}],"replies":[{"embeddable":true,"href":"https:\/\/lekarzpodroznik.pl\/store\/wp-json\/wp\/v2\/comments?post=453"}],"wp:featuredmedia":[{"embeddable":true,"href":"https:\/\/lekarzpodroznik.pl\/store\/wp-json\/wp\/v2\/media\/1177"}],"wp:attachment":[{"href":"https:\/\/lekarzpodroznik.pl\/store\/wp-json\/wp\/v2\/media?parent=453"}],"wp:term":[{"taxonomy":"product_brand","embeddable":true,"href":"https:\/\/lekarzpodroznik.pl\/store\/wp-json\/wp\/v2\/product_brand?post=453"},{"taxonomy":"product_cat","embeddable":true,"href":"https:\/\/lekarzpodroznik.pl\/store\/wp-json\/wp\/v2\/product_cat?post=453"},{"taxonomy":"product_tag","embeddable":true,"href":"https:\/\/lekarzpodroznik.pl\/store\/wp-json\/wp\/v2\/product_tag?post=453"}],"curies":[{"name":"wp","href":"https:\/\/api.w.org\/{rel}","templated":true}]}}