{"id":459,"date":"2024-10-10T08:32:41","date_gmt":"2024-10-10T08:32:41","guid":{"rendered":"https:\/\/lekarzpodroznik.pl\/store\/?post_type=product&#038;p=459"},"modified":"2024-10-30T10:55:07","modified_gmt":"2024-10-30T10:55:07","slug":"predstonorm","status":"publish","type":"product","link":"https:\/\/lekarzpodroznik.pl\/store\/product\/predstonorm\/","title":{"rendered":"Predstonorm"},"content":{"rendered":"<p><strong>Predstonorm<\/strong> to innowacyjny preparat dost\u0119pny w postaci kapsu\u0142ek, przeznaczony do wspomagania zdrowia prostaty. Suplement ten jest cz\u0119\u015bci\u0105 szerszej grupy \u015brodk\u00f3w prozdrowotnych, skierowanych g\u0142\u00f3wnie na wsparcie uk\u0142adu moczowego i rozrodczego m\u0119\u017cczyzn. Kapsu\u0142ki zawieraj\u0105 starannie dobrany zestaw naturalnych sk\u0142adnik\u00f3w, kt\u00f3re dzia\u0142aj\u0105 wsp\u00f3lnie, aby zminimalizowa\u0107 objawy prostatitis i poprawi\u0107 og\u00f3lne samopoczucie pacjenta.<\/p>\n<p>Kapsu\u0142ki Predstonorm s\u0105 \u0142atwe w codziennym stosowaniu \u2013 wystarczy przyjmowa\u0107 je zgodnie z zaleceniami producenta. Dzi\u0119ki formie kapsu\u0142ek, aktywne sk\u0142adniki szybko wch\u0142aniaj\u0105 si\u0119 do organizmu, co pozwala na szybkie dzia\u0142anie. Produkt skierowany jest do os\u00f3b, kt\u00f3re chc\u0105 wspomaga\u0107 prac\u0119 prostaty, poprawi\u0107 funkcje uk\u0142adu moczowego oraz zapobiega\u0107 nawrotom stan\u00f3w zapalnych.<\/p>\n<p style=\"text-align: center;\"><a class=\"border-button\" href=\"https:\/\/mandarv.com\/j5IS?sub1=sub1&amp;sub2=sub2&amp;sub3=sub3&amp;sub4=sub4&amp;sub5=sub5\">www.predstonorm.pl<\/a><\/p>\n<h2>Wskazania i przeciwwskazania Predstonorm<\/h2>\n<p><strong>Wskazania do stosowania:<\/strong><\/p>\n<p>Predstonorm to produkt przeznaczony g\u0142\u00f3wnie dla m\u0119\u017cczyzn z problemami zdrowotnymi zwi\u0105zanymi z prostat\u0105. Kapsu\u0142ki s\u0105 szczeg\u00f3lnie polecane w nast\u0119puj\u0105cych przypadkach:<\/p>\n<ol>\n<li>Objawy prostatitis: b\u00f3l, pieczenie, trudno\u015bci z oddawaniem moczu.<\/li>\n<li>Przerost prostaty, kt\u00f3ry prowadzi do cz\u0119stych wizyt w toalecie, zw\u0142aszcza w nocy.<\/li>\n<li>Spadek libido i problemy z potencj\u0105 zwi\u0105zane z przewlek\u0142ymi stanami zapalnymi.<\/li>\n<li>Profilaktyka u m\u0119\u017cczyzn po 40. roku \u017cycia w celu utrzymania zdrowia prostaty i zapobiegania stanom zapalnym.<\/li>\n<li>Stany os\u0142abienia uk\u0142adu moczowego, cz\u0119ste infekcje dr\u00f3g moczowych.<\/li>\n<\/ol>\n<p><strong>Przeciwwskazania:<\/strong><\/p>\n<p>Pomimo \u017ce Predstonorm to produkt o naturalnym sk\u0142adzie, istniej\u0105 pewne przeciwwskazania do jego stosowania. Przed rozpocz\u0119ciem kuracji zawsze warto skonsultowa\u0107 si\u0119 z lekarzem. Produkt nie jest zalecany w nast\u0119puj\u0105cych sytuacjach:<\/p>\n<ul>\n<li>Nadwra\u017cliwo\u015b\u0107 na jakikolwiek sk\u0142adnik suplementu.<\/li>\n<li>Osoby z ci\u0119\u017ckimi schorzeniami nerek lub w\u0105troby powinny unika\u0107 stosowania bez konsultacji z lekarzem.<\/li>\n<li>Predstonorm nie jest odpowiedni dla m\u0119\u017cczyzn poni\u017cej 18 roku \u017cycia.<\/li>\n<\/ul>\n<h2>Sk\u0142ad Predstonorm &#8211; skuteczne sk\u0142adniki<\/h2>\n<p>Sukces Predstonorm opiera si\u0119 na starannie opracowanej formule, kt\u00f3ra zawiera wy\u0142\u0105cznie naturalne sk\u0142adniki. Ka\u017cdy z nich ma specyficzne w\u0142a\u015bciwo\u015bci, kt\u00f3re wspomagaj\u0105 zdrowie prostaty i uk\u0142adu moczowego. Poni\u017cej przedstawiamy najwa\u017cniejsze sk\u0142adniki:<\/p>\n<table>\n<thead>\n<tr>\n<th>Sk\u0142adnik<\/th>\n<th>Dzia\u0142anie<\/th>\n<\/tr>\n<\/thead>\n<tbody>\n<tr>\n<td><strong>Ekstrakt z palmy saba\u0142owej<\/strong><\/td>\n<td>Zmniejsza stan zapalny prostaty, poprawia przep\u0142yw moczu, wspomaga regeneracj\u0119 tkanek.<\/td>\n<\/tr>\n<tr>\n<td><strong>Lycopene<\/strong><\/td>\n<td>Silny antyoksydant, kt\u00f3ry chroni kom\u00f3rki przed uszkodzeniem i wspomaga zdrowie prostaty.<\/td>\n<\/tr>\n<tr>\n<td><strong>Cynk<\/strong><\/td>\n<td>Poprawia produkcj\u0119 testosteronu, wspiera uk\u0142ad immunologiczny i zdrowie m\u0119skiego uk\u0142adu rozrodczego.<\/td>\n<\/tr>\n<tr>\n<td><strong>Ekstrakt z pestek dyni<\/strong><\/td>\n<td>Naturalnie wspiera funkcje uk\u0142adu moczowego, zapobiega przerostowi prostaty.<\/td>\n<\/tr>\n<tr>\n<td><strong>Witamina E<\/strong><\/td>\n<td>Pomaga w regeneracji kom\u00f3rek, dzia\u0142a przeciwzapalnie i wspiera prawid\u0142owe funkcje prostaty.<\/td>\n<\/tr>\n<\/tbody>\n<\/table>\n<p>Wszystkie te sk\u0142adniki dzia\u0142aj\u0105 synergicznie, co oznacza, \u017ce wzajemnie si\u0119 uzupe\u0142niaj\u0105, pot\u0119guj\u0105c swoje w\u0142a\u015bciwo\u015bci. Dzi\u0119ki temu Predstonorm dzia\u0142a skutecznie i szybko.<\/p>\n<h2>Efekty stosowania \u2013 dzia\u0142anie kapsu\u0142ek Predstonorm<\/h2>\n<p>Stosowanie kapsu\u0142ek <strong>Predstonorm<\/strong> przynosi wiele korzy\u015bci, kt\u00f3re mog\u0105 poprawi\u0107 komfort \u017cycia m\u0119\u017cczyzn z problemami prostaty. Regularne stosowanie suplementu mo\u017ce przynie\u015b\u0107 nast\u0119puj\u0105ce efekty:<\/p>\n<ol>\n<li><strong>Zmniejszenie stanu zapalnego<\/strong> \u2013 aktywne sk\u0142adniki pomagaj\u0105 w redukcji zapalenia prostaty, co przek\u0142ada si\u0119 na zmniejszenie b\u00f3lu i dyskomfortu.<\/li>\n<li><strong>Poprawa oddawania moczu<\/strong> \u2013 suplement wp\u0142ywa korzystnie na funkcje uk\u0142adu moczowego, zmniejszaj\u0105c cz\u0119stotliwo\u015b\u0107 oddawania moczu, zw\u0142aszcza w nocy.<\/li>\n<li><strong>Wzrost libido<\/strong> \u2013 Predstonorm wspiera naturaln\u0105 produkcj\u0119 testosteronu, co mo\u017ce poprawi\u0107 libido i og\u00f3ln\u0105 wydolno\u015b\u0107 seksualn\u0105.<\/li>\n<li><strong>Poprawa samopoczucia<\/strong> \u2013 eliminacja b\u00f3lu i problem\u00f3w z oddawaniem moczu przek\u0142ada si\u0119 na lepsze samopoczucie i komfort \u017cycia.<\/li>\n<li><strong>Profilaktyka<\/strong> \u2013 regularne stosowanie suplementu mo\u017ce zmniejszy\u0107 ryzyko nawrotu stan\u00f3w zapalnych i przerostu prostaty.<\/li>\n<\/ol>\n<p>Efekty stosowania Predstonorm mog\u0105 by\u0107 zauwa\u017calne ju\u017c po kilku tygodniach regularnego stosowania, cho\u0107 pe\u0142na kuracja powinna trwa\u0107 co najmniej miesi\u0105c.<\/p>\n<h2>Gdzie kupi\u0107 Predstonorm?<\/h2>\n<p>Wielu m\u0119\u017cczyzn zastanawia si\u0119, <strong>gdzie mo\u017cna kupi\u0107 Predstonorm<\/strong>. Cho\u0107 suplement cieszy si\u0119 du\u017c\u0105 popularno\u015bci\u0105, nie jest dost\u0119pny w stacjonarnych aptekach. Zakup produktu w aptekach internetowych r\u00f3wnie\u017c mo\u017ce by\u0107 ograniczony. Najbezpieczniejsz\u0105 opcj\u0105 jest <strong>kupno bezpo\u015brednio od producenta<\/strong>, za po\u015brednictwem jego oficjalnej strony internetowej. Dzi\u0119ki temu mamy pewno\u015b\u0107, \u017ce otrzymujemy oryginalny produkt o wysokiej jako\u015bci.<\/p>\n<p>Poszukiwanie Predstonorm w stacjonarnych aptekach mo\u017ce by\u0107 frustruj\u0105ce, poniewa\u017c produkt nie jest tam dystrybuowany. Warto zwr\u00f3ci\u0107 uwag\u0119, \u017ce zakup bezpo\u015brednio u producenta cz\u0119sto wi\u0105\u017ce si\u0119 z atrakcyjnymi promocjami oraz zni\u017ckami. Dodatkowo, producent zapewnia dyskretn\u0105 wysy\u0142k\u0119, co jest wa\u017cne dla wielu m\u0119\u017cczyzn, kt\u00f3rzy chc\u0105 zachowa\u0107 prywatno\u015b\u0107 w kwestiach zdrowotnych.<\/p>\n<p>Je\u015bli szukasz <strong>gdzie kupi\u0107 Predstonorm<\/strong>, najlepszym rozwi\u0105zaniem jest <strong>zakup u producenta<\/strong>. To gwarancja nie tylko oryginalno\u015bci produktu, ale tak\u017ce korzystnych cen i bezpiecznej transakcji. Wa\u017cne jest, aby unika\u0107 podejrzanych stron i niesprawdzonych \u017ar\u00f3de\u0142, kt\u00f3re mog\u0105 oferowa\u0107 podr\u00f3bki o w\u0105tpliwej jako\u015bci.<\/p>\n<p>Predstonorm to nowoczesny suplement diety, kt\u00f3ry zyska\u0142 uznanie m\u0119\u017cczyzn borykaj\u0105cych si\u0119 z problemami prostaty. Dzi\u0119ki naturalnym sk\u0142adnikom, kapsu\u0142ki wspomagaj\u0105 walk\u0119 z prostatitis, zmniejszaj\u0105 stany zapalne i poprawiaj\u0105 funkcjonowanie uk\u0142adu moczowego. Produkt jest \u0142atwy w stosowaniu, a jego regularne u\u017cycie mo\u017ce przynie\u015b\u0107 wymierne korzy\u015bci zdrowotne.<\/p>\n<p>Jednak\u017ce, jak ka\u017cdy suplement diety, Predstonorm powinien by\u0107 stosowany z umiarem i zgodnie z zaleceniami. Przed rozpocz\u0119ciem kuracji warto skonsultowa\u0107 si\u0119 z lekarzem, szczeg\u00f3lnie je\u015bli masz w\u0105tpliwo\u015bci co do jego dzia\u0142ania lub sk\u0142adnik\u00f3w.<\/p>\n<p>Je\u015bli cierpisz na objawy prostatitis i szukasz naturalnego wsparcia dla swojej prostaty, <strong>Predstonorm<\/strong> mo\u017ce by\u0107 odpowiedzi\u0105 na Twoje problemy. Pami\u0119taj, \u017ce produkt nie jest dost\u0119pny w aptekach, wi\u0119c najlepiej <strong>kupi\u0107 go bezpo\u015brednio od producenta<\/strong>, aby mie\u0107 pewno\u015b\u0107, \u017ce otrzymujesz oryginalny suplement diety najwy\u017cszej jako\u015bci.<\/p>\n<p style=\"text-align: center;\"><a class=\"border-button\" href=\"https:\/\/mandarv.com\/j5IS?sub1=sub1&amp;sub2=sub2&amp;sub3=sub3&amp;sub4=sub4&amp;sub5=sub5\">KUPI\u0106 PO CENIE PRODUCENTA (-50%)<\/a><\/p>\n","protected":false},"excerpt":{"rendered":"<p>Nr kat.: 870874635<\/p>\n<p style=\"text-align: center;\"><a class=\"border-button\" href=\"https:\/\/mandarv.com\/j5IS?sub1=sub1&amp;sub2=sub2&amp;sub3=sub3&amp;sub4=sub4&amp;sub5=sub5\">KUP TERAZ<\/a><\/p>\n","protected":false},"featured_media":460,"comment_status":"open","ping_status":"closed","template":"","meta":[],"product_brand":[],"product_cat":[18],"product_tag":[],"class_list":{"0":"post-459","1":"product","2":"type-product","3":"status-publish","4":"has-post-thumbnail","6":"product_cat-suplementy","8":"first","9":"instock","10":"sale","11":"shipping-taxable","12":"purchasable","13":"product-type-simple"},"aioseo_notices":[],"_links":{"self":[{"href":"https:\/\/lekarzpodroznik.pl\/store\/wp-json\/wp\/v2\/product\/459","targetHints":{"allow":["GET"]}}],"collection":[{"href":"https:\/\/lekarzpodroznik.pl\/store\/wp-json\/wp\/v2\/product"}],"about":[{"href":"https:\/\/lekarzpodroznik.pl\/store\/wp-json\/wp\/v2\/types\/product"}],"replies":[{"embeddable":true,"href":"https:\/\/lekarzpodroznik.pl\/store\/wp-json\/wp\/v2\/comments?post=459"}],"wp:featuredmedia":[{"embeddable":true,"href":"https:\/\/lekarzpodroznik.pl\/store\/wp-json\/wp\/v2\/media\/460"}],"wp:attachment":[{"href":"https:\/\/lekarzpodroznik.pl\/store\/wp-json\/wp\/v2\/media?parent=459"}],"wp:term":[{"taxonomy":"product_brand","embeddable":true,"href":"https:\/\/lekarzpodroznik.pl\/store\/wp-json\/wp\/v2\/product_brand?post=459"},{"taxonomy":"product_cat","embeddable":true,"href":"https:\/\/lekarzpodroznik.pl\/store\/wp-json\/wp\/v2\/product_cat?post=459"},{"taxonomy":"product_tag","embeddable":true,"href":"https:\/\/lekarzpodroznik.pl\/store\/wp-json\/wp\/v2\/product_tag?post=459"}],"curies":[{"name":"wp","href":"https:\/\/api.w.org\/{rel}","templated":true}]}}