{"id":473,"date":"2024-10-10T09:04:01","date_gmt":"2024-10-10T09:04:01","guid":{"rendered":"https:\/\/lekarzpodroznik.pl\/store\/?post_type=product&#038;p=473"},"modified":"2024-10-30T11:01:53","modified_gmt":"2024-10-30T11:01:53","slug":"revitaprost","status":"publish","type":"product","link":"https:\/\/lekarzpodroznik.pl\/store\/product\/revitaprost\/","title":{"rendered":"Revitaprost"},"content":{"rendered":"<p>Revitaprost to suplement diety w formie kapsu\u0142ek, kt\u00f3ry zosta\u0142 opracowany z my\u015bl\u0105 o m\u0119\u017cczyznach cierpi\u0105cych na r\u00f3\u017cne dolegliwo\u015bci zwi\u0105zane z prostat\u0105, takie jak przewlek\u0142e zapalenie gruczo\u0142u krokowego, przerost prostaty czy problemy z oddawaniem moczu. Kapsu\u0142ki nale\u017c\u0105 do grupy preparat\u00f3w wspomagaj\u0105cych zdrowie prostaty i uk\u0142adu moczowo-p\u0142ciowego, a ich naturalny sk\u0142ad pozwala na skuteczne i bezpieczne dzia\u0142anie.<\/p>\n<p>Revitaprost dzia\u0142a na wiele aspekt\u00f3w zdrowia prostaty, wspieraj\u0105c nie tylko \u0142agodzenie objaw\u00f3w, takich jak b\u00f3l czy cz\u0119ste oddawanie moczu, ale r\u00f3wnie\u017c pomaga w profilaktyce zapalenia prostaty oraz innych schorze\u0144 tego gruczo\u0142u. Dzi\u0119ki odpowiedniej kombinacji sk\u0142adnik\u00f3w, kapsu\u0142ki te stymuluj\u0105 naturalne procesy regeneracyjne organizmu, eliminuj\u0105 stany zapalne i pomagaj\u0105 w utrzymaniu prawid\u0142owego poziomu hormon\u00f3w.<\/p>\n<p style=\"text-align: center;\"><a class=\"border-button\" href=\"https:\/\/mandarv.com\/hIFS?sub1=sub1&amp;sub2=sub2&amp;sub3=sub3&amp;sub4=sub4&amp;sub5=sub5\">www.revitaprost.pl<\/a><\/p>\n<h2>Wskazania i przeciwwskazania Revitaprost<\/h2>\n<p>Revitaprost jest zalecany m\u0119\u017cczyznom, kt\u00f3rzy borykaj\u0105 si\u0119 z problemami prostaty, a tak\u017ce tym, kt\u00f3rzy chc\u0105 zapobiec wyst\u0105pieniu takich problem\u00f3w w przysz\u0142o\u015bci. Wskazania do stosowania obejmuj\u0105:<\/p>\n<ol>\n<li>Przewlek\u0142e zapalenie gruczo\u0142u krokowego.<\/li>\n<li>Problemy z oddawaniem moczu, takie jak cz\u0119ste oddawanie moczu, zw\u0142aszcza w nocy.<\/li>\n<li>Przerost prostaty.<\/li>\n<li>Zesp\u00f3\u0142 b\u00f3lowy zwi\u0105zany z prostat\u0105.<\/li>\n<li>Os\u0142abienie funkcji rozrodczych.<\/li>\n<\/ol>\n<p><strong>Przeciwwskazania:<\/strong><\/p>\n<p>Cho\u0107 Revitaprost jest naturalnym produktem, istniej\u0105 pewne przeciwwskazania do jego stosowania. Produkt nie jest zalecany osobom uczulonym na kt\u00f3rykolwiek ze sk\u0142adnik\u00f3w preparatu, a tak\u017ce osobom poni\u017cej 18. roku \u017cycia. W przypadku jakichkolwiek w\u0105tpliwo\u015bci przed rozpocz\u0119ciem kuracji warto skonsultowa\u0107 si\u0119 z lekarzem.<\/p>\n<h2>Sk\u0142ad Revitaprost &#8211; skuteczne sk\u0142adniki<\/h2>\n<p>Sk\u0142ad Revitaprost opiera si\u0119 na naturalnych, skutecznych sk\u0142adnikach, kt\u00f3re wspieraj\u0105 zdrowie prostaty. Poni\u017cej przedstawiamy szczeg\u00f3\u0142owy opis najwa\u017cniejszych substancji aktywnych:<\/p>\n<h3><strong>Pestki dyni<\/strong><\/h3>\n<p>Pestki dyni s\u0105 \u017ar\u00f3d\u0142em zdrowych t\u0142uszcz\u00f3w i karotenoid\u00f3w, kt\u00f3re korzystnie wp\u0142ywaj\u0105 na stan prostaty. Zawieraj\u0105 one arginin\u0119, aminokwas, kt\u00f3ry wp\u0142ywa na popraw\u0119 poziomu hormon\u00f3w, a tak\u017ce przeciwdzia\u0142a rozwojowi guz\u00f3w prostaty.<\/p>\n<h3><strong>Ekstrakt z palmy saba\u0142owej<\/strong><\/h3>\n<p>Palma saba\u0142owa znana jest z w\u0142a\u015bciwo\u015bci wspieraj\u0105cych zdrowie gruczo\u0142u krokowego oraz funkcje rozrodcze. Ekstrakt z tej ro\u015bliny pomaga eliminowa\u0107 objawy takie jak zaburzenia oddawania moczu, cz\u0119ste oddawanie moczu w nocy, a tak\u017ce zesp\u00f3\u0142 b\u00f3lowy zwi\u0105zany z prostat\u0105.<\/p>\n<h3><strong>Pestki lnu<\/strong><\/h3>\n<p>Pestki lnu maj\u0105 silne dzia\u0142anie przeciwzapalne, co przyczynia si\u0119 do zmniejszenia stan\u00f3w zapalnych w obr\u0119bie prostaty. Dodatkowo wspomagaj\u0105 procesy regeneracyjne organizmu.<\/p>\n<h3><strong>Iwan czaj<\/strong><\/h3>\n<p>Iwan czaj to ro\u015blina, kt\u00f3ra korzystnie wp\u0142ywa na zdrowie prostaty i dolnych dr\u00f3g moczowych. Pomaga poprawi\u0107 og\u00f3lne samopoczucie fizyczne, wspiera zdrowie gruczo\u0142u krokowego i przeciwdzia\u0142a jego przerostowi.<\/p>\n<h3><strong>Cynk<\/strong><\/h3>\n<p>Cynk to jeden z kluczowych pierwiastk\u00f3w, kt\u00f3ry zapobiega rozwojowi stan\u00f3w zapalnych w prostacie. Poprawia tak\u017ce jako\u015b\u0107 nasienia i utrzymuje optymalny poziom testosteronu we krwi, co jest niezwykle istotne dla zdrowia m\u0119\u017cczyzn.<\/p>\n<h2>Efekty stosowania &#8211; dzia\u0142anie kapsu\u0142ki Revitaprost<\/h2>\n<p>Regularne stosowanie kapsu\u0142ek Revitaprost przynosi liczne korzy\u015bci dla zdrowia prostaty i ca\u0142ego uk\u0142adu moczowo-p\u0142ciowego. Oto najwa\u017cniejsze efekty:<\/p>\n<ol>\n<li><strong>Redukcja stan\u00f3w zapalnych<\/strong>: Dzi\u0119ki sk\u0142adnikom przeciwzapalnym, takim jak pestki lnu, kapsu\u0142ki pomagaj\u0105 zredukowa\u0107 stany zapalne prostaty.<\/li>\n<li><strong>Poprawa funkcji oddawania moczu<\/strong>: Palma saba\u0142owa oraz iwan czaj pomagaj\u0105 w eliminacji problem\u00f3w z oddawaniem moczu, takich jak cz\u0119stomocz czy bolesne oddawanie moczu.<\/li>\n<li><strong>Wzmocnienie funkcji rozrodczych<\/strong>: Sk\u0142adniki takie jak cynk wspieraj\u0105 produkcj\u0119 nasienia i utrzymanie optymalnego poziomu testosteronu, co pozytywnie wp\u0142ywa na funkcje rozrodcze.<\/li>\n<li><strong>Poprawa og\u00f3lnego stanu zdrowia<\/strong>: Revitaprost wspiera tak\u017ce og\u00f3lne samopoczucie fizyczne i przyczynia si\u0119 do poprawy jako\u015bci \u017cycia m\u0119\u017cczyzn.<\/li>\n<\/ol>\n<h2>Gdzie kupi\u0107 Revitaprost?<\/h2>\n<p>Jednym z najcz\u0119\u015bciej zadawanych pyta\u0144 jest, gdzie kupi\u0107 Revitaprost? Preparat ten jest dost\u0119pny tylko u producenta oraz na wybranych stronach internetowych. Warto zaznaczy\u0107, \u017ce Revitaprost <strong>nie jest dost\u0119pny w aptekach stacjonarnych<\/strong>, co oznacza, \u017ce nie znajdziesz go na p\u00f3\u0142kach w popularnych aptekach.<\/p>\n<p>Dla wielu m\u0119\u017cczyzn, kt\u00f3rzy poszukuj\u0105 bezpiecznego i skutecznego preparatu, najlepszym rozwi\u0105zaniem jest zakup bezpo\u015brednio od producenta. To gwarantuje autentyczno\u015b\u0107 produktu oraz najwy\u017csz\u0105 jako\u015b\u0107. Warto r\u00f3wnie\u017c poszuka\u0107 ofert promocyjnych, kt\u00f3re cz\u0119sto pojawiaj\u0105 si\u0119 na oficjalnej stronie. Kupuj\u0105c u producenta, mo\u017cesz liczy\u0107 na dodatkowe korzy\u015bci, takie jak darmowa dostawa czy mo\u017cliwo\u015b\u0107 skorzystania z programu lojalno\u015bciowego.<\/p>\n<p>Je\u015bli zastanawiasz si\u0119, <strong>gdzie kupi\u0107 Revitaprost<\/strong>, zdecydowanie warto rozwa\u017cy\u0107 bezpieczny zakup przez internet. Zakup u oficjalnego dostawcy zapewnia nie tylko wygod\u0119, ale tak\u017ce pewno\u015b\u0107, \u017ce otrzymasz oryginalny produkt o wysokiej skuteczno\u015bci.<\/p>\n<p>Revitaprost to innowacyjny preparat dla m\u0119\u017cczyzn, kt\u00f3ry skutecznie wspiera zdrowie prostaty. Dzi\u0119ki naturalnym sk\u0142adnikom, kapsu\u0142ki te eliminuj\u0105 objawy zapalenia prostaty, wspieraj\u0105 funkcje rozrodcze i pomagaj\u0105 w utrzymaniu dobrego samopoczucia. Je\u015bli szukasz preparatu, kt\u00f3ry poprawi jako\u015b\u0107 \u017cycia i zredukuje dolegliwo\u015bci zwi\u0105zane z prostat\u0105, Revitaprost mo\u017ce by\u0107 odpowiedzi\u0105 na Twoje potrzeby.<\/p>\n<p style=\"text-align: center;\"><a class=\"border-button\" href=\"https:\/\/mandarv.com\/hIFS?sub1=sub1&amp;sub2=sub2&amp;sub3=sub3&amp;sub4=sub4&amp;sub5=sub5\">KUPI\u0106 PO CENIE PRODUCENTA (-50%)<\/a><\/p>\n","protected":false},"excerpt":{"rendered":"<p>Nr kat.: 870874642<\/p>\n<p style=\"text-align: center;\"><a class=\"border-button\" href=\"https:\/\/mandarv.com\/hIFS?sub1=sub1&amp;sub2=sub2&amp;sub3=sub3&amp;sub4=sub4&amp;sub5=sub5\">KUP TERAZ<\/a><\/p>\n","protected":false},"featured_media":474,"comment_status":"open","ping_status":"closed","template":"","meta":[],"product_brand":[],"product_cat":[18],"product_tag":[],"class_list":{"0":"post-473","1":"product","2":"type-product","3":"status-publish","4":"has-post-thumbnail","6":"product_cat-suplementy","8":"first","9":"instock","10":"sale","11":"shipping-taxable","12":"purchasable","13":"product-type-simple"},"aioseo_notices":[],"_links":{"self":[{"href":"https:\/\/lekarzpodroznik.pl\/store\/wp-json\/wp\/v2\/product\/473","targetHints":{"allow":["GET"]}}],"collection":[{"href":"https:\/\/lekarzpodroznik.pl\/store\/wp-json\/wp\/v2\/product"}],"about":[{"href":"https:\/\/lekarzpodroznik.pl\/store\/wp-json\/wp\/v2\/types\/product"}],"replies":[{"embeddable":true,"href":"https:\/\/lekarzpodroznik.pl\/store\/wp-json\/wp\/v2\/comments?post=473"}],"wp:featuredmedia":[{"embeddable":true,"href":"https:\/\/lekarzpodroznik.pl\/store\/wp-json\/wp\/v2\/media\/474"}],"wp:attachment":[{"href":"https:\/\/lekarzpodroznik.pl\/store\/wp-json\/wp\/v2\/media?parent=473"}],"wp:term":[{"taxonomy":"product_brand","embeddable":true,"href":"https:\/\/lekarzpodroznik.pl\/store\/wp-json\/wp\/v2\/product_brand?post=473"},{"taxonomy":"product_cat","embeddable":true,"href":"https:\/\/lekarzpodroznik.pl\/store\/wp-json\/wp\/v2\/product_cat?post=473"},{"taxonomy":"product_tag","embeddable":true,"href":"https:\/\/lekarzpodroznik.pl\/store\/wp-json\/wp\/v2\/product_tag?post=473"}],"curies":[{"name":"wp","href":"https:\/\/api.w.org\/{rel}","templated":true}]}}