{"id":477,"date":"2024-10-10T09:13:18","date_gmt":"2024-10-10T09:13:18","guid":{"rendered":"https:\/\/lekarzpodroznik.pl\/store\/?post_type=product&#038;p=477"},"modified":"2024-10-30T11:03:33","modified_gmt":"2024-10-30T11:03:33","slug":"uslim","status":"publish","type":"product","link":"https:\/\/lekarzpodroznik.pl\/store\/product\/uslim\/","title":{"rendered":"USlim"},"content":{"rendered":"<p>USlim to suplement diety w postaci kapsu\u0142ek, kt\u00f3ry wspomaga proces odchudzania. Produkt ten zosta\u0142 zaprojektowany z my\u015bl\u0105 o osobach, kt\u00f3re pragn\u0105 zredukowa\u0107 swoj\u0105 wag\u0119 w spos\u00f3b bezpieczny i skuteczny. Dzi\u0119ki naturalnym sk\u0142adnikom zawartym w preparacie, USlim wp\u0142ywa na popraw\u0119 metabolizmu, zmniejsza uczucie g\u0142odu oraz wspomaga spalanie tkanki t\u0142uszczowej.<\/p>\n<p>Kapsu\u0142ki USlim nale\u017c\u0105 do grupy suplement\u00f3w diety przeznaczonych do kontrolowania masy cia\u0142a. Produkt ten skierowany jest do os\u00f3b doros\u0142ych, kt\u00f3re borykaj\u0105 si\u0119 z problemem nadwagi i oty\u0142o\u015bci, ale mo\u017ce by\u0107 tak\u017ce stosowany przez osoby, kt\u00f3re chc\u0105 utrzyma\u0107 zdrow\u0105 wag\u0119, poprawi\u0107 sylwetk\u0119 i wspom\u00f3c codzienn\u0105 aktywno\u015b\u0107 fizyczn\u0105.<\/p>\n<p style=\"text-align: center;\"><a class=\"border-button\" href=\"https:\/\/mandarv.com\/Z35S?sub1=sub1&amp;sub2=sub2&amp;sub3=sub3&amp;sub4=sub4&amp;sub5=sub5\">www.uslim.pl<\/a><\/p>\n<h2>Wskazania i przeciwwskazania USlim<\/h2>\n<p>USlim jest produktem, kt\u00f3ry ma wiele zalet i mo\u017ce by\u0107 stosowany przez szerokie grono u\u017cytkownik\u00f3w. Istniej\u0105 jednak pewne przeciwwskazania, o kt\u00f3rych nale\u017cy pami\u0119ta\u0107 przed rozpocz\u0119ciem kuracji.<\/p>\n<p><strong>Wskazania:<\/strong><\/p>\n<ul>\n<li><strong>Osoby z nadwag\u0105:<\/strong> Kapsu\u0142ki s\u0105 przeznaczone dla tych, kt\u00f3rzy maj\u0105 problem z nadwag\u0105 i szukaj\u0105 skutecznej metody na jej redukcj\u0119.<\/li>\n<li><strong>Osoby o niskim poziomie energii:<\/strong> Dzi\u0119ki USlim u\u017cytkownicy mog\u0105 do\u015bwiadczy\u0107 wzrostu energii, co u\u0142atwia codzienne funkcjonowanie.<\/li>\n<li><strong>Osoby chc\u0105ce utrzyma\u0107 zdrow\u0105 wag\u0119:<\/strong> USlim mo\u017cna stosowa\u0107 tak\u017ce profilaktycznie, aby zapobiec przyrostowi masy cia\u0142a.<\/li>\n<\/ul>\n<p><strong>Przeciwwskazania:<\/strong><\/p>\n<ul>\n<li><strong>Ci\u0105\u017ca i karmienie piersi\u0105:<\/strong> Kobiety w ci\u0105\u017cy oraz karmi\u0105ce piersi\u0105 powinny unika\u0107 stosowania tego preparatu, poniewa\u017c nie przeprowadzono bada\u0144 nad jego wp\u0142ywem na rozwijaj\u0105ce si\u0119 dziecko.<\/li>\n<li><strong>Choroby przewlek\u0142e:<\/strong> Osoby cierpi\u0105ce na powa\u017cne schorzenia, takie jak cukrzyca, choroby serca czy nadci\u015bnienie, powinny przed rozpocz\u0119ciem kuracji skonsultowa\u0107 si\u0119 z lekarzem.<\/li>\n<li><strong>Reakcje alergiczne:<\/strong> Preparat nie jest wskazany dla os\u00f3b, kt\u00f3re s\u0105 uczulone na jakikolwiek sk\u0142adnik kapsu\u0142ek.<\/li>\n<\/ul>\n<h2>Sk\u0142ad USlim \u2013 skuteczne sk\u0142adniki<\/h2>\n<p>Jednym z kluczowych aspekt\u00f3w USlim, kt\u00f3ry wyr\u00f3\u017cnia go na tle innych preparat\u00f3w na odchudzanie, jest jego naturalny i starannie dobrany sk\u0142ad. Dzi\u0119ki wykorzystaniu sk\u0142adnik\u00f3w pochodzenia ro\u015blinnego, kapsu\u0142ki s\u0105 bezpieczne i nie wywo\u0142uj\u0105 niepo\u017c\u0105danych efekt\u00f3w ubocznych. Oto najwa\u017cniejsze sk\u0142adniki, kt\u00f3re znajdziesz w USlim:<\/p>\n<table>\n<thead>\n<tr>\n<th><strong>Sk\u0142adnik<\/strong><\/th>\n<th><strong>Dzia\u0142anie<\/strong><\/th>\n<\/tr>\n<\/thead>\n<tbody>\n<tr>\n<td><strong>Ekstrakt z zielonej herbaty<\/strong><\/td>\n<td>Przyspiesza metabolizm, wspomaga spalanie tkanki t\u0142uszczowej.<\/td>\n<\/tr>\n<tr>\n<td><strong>Ekstrakt z gorzkiej pomara\u0144czy<\/strong><\/td>\n<td>Redukuje apetyt, stymuluje procesy termogeniczne.<\/td>\n<\/tr>\n<tr>\n<td><strong>L-karnityna<\/strong><\/td>\n<td>Pomaga w transporcie kwas\u00f3w t\u0142uszczowych do mitochondri\u00f3w, co przyspiesza ich spalanie.<\/td>\n<\/tr>\n<tr>\n<td><strong>Chrom<\/strong><\/td>\n<td>Reguluje poziom cukru we krwi, zmniejsza ochot\u0119 na s\u0142odycze.<\/td>\n<\/tr>\n<tr>\n<td><strong>Witamina B6<\/strong><\/td>\n<td>Wspomaga metabolizm bia\u0142ek i t\u0142uszcz\u00f3w, poprawia samopoczucie i poziom energii.<\/td>\n<\/tr>\n<\/tbody>\n<\/table>\n<p>Wszystkie te sk\u0142adniki dzia\u0142aj\u0105 synergicznie, wspieraj\u0105c naturalne mechanizmy organizmu odpowiedzialne za spalanie t\u0142uszczu i utrzymanie zdrowej masy cia\u0142a.<\/p>\n<h2>Efekty stosowania \u2013 dzia\u0142anie kapsu\u0142ek USlim<\/h2>\n<p>Efekty stosowania USlim zale\u017c\u0105 od wielu czynnik\u00f3w, takich jak styl \u017cycia, dieta oraz aktywno\u015b\u0107 fizyczna. Niemniej jednak regularne stosowanie kapsu\u0142ek przynosi szereg pozytywnych rezultat\u00f3w, kt\u00f3re mog\u0105 znacz\u0105co wp\u0142yn\u0105\u0107 na zdrowie i wygl\u0105d u\u017cytkownika.<\/p>\n<p><strong>G\u0142\u00f3wne efekty stosowania USlim:<\/strong><\/p>\n<ol>\n<li><strong>Redukcja masy cia\u0142a<\/strong>: USlim wspomaga proces odchudzania, u\u0142atwiaj\u0105c spalanie t\u0142uszczu i redukcj\u0119 wagi.<\/li>\n<li><strong>Poprawa metabolizmu<\/strong>: Sk\u0142adniki zawarte w kapsu\u0142kach przyspieszaj\u0105 procesy metaboliczne, co sprawia, \u017ce organizm szybciej spala kalorie.<\/li>\n<li><strong>Zmniejszenie apetytu<\/strong>: Dzi\u0119ki ekstraktowi z gorzkiej pomara\u0144czy oraz chromowi, u\u017cytkownicy do\u015bwiadczaj\u0105 zmniejszenia apetytu, co u\u0142atwia kontrolowanie ilo\u015bci spo\u017cywanych kalorii.<\/li>\n<li><strong>Wzrost energii<\/strong>: USlim pomaga zwi\u0119kszy\u0107 poziom energii, co sprawia, \u017ce osoby stosuj\u0105ce kapsu\u0142ki czuj\u0105 si\u0119 bardziej aktywne i maj\u0105 wi\u0119cej si\u0142y do \u0107wicze\u0144.<\/li>\n<li><strong>Poprawa kondycji fizycznej<\/strong>: Wzrost energii i lepszy metabolizm przyczyniaj\u0105 si\u0119 do og\u00f3lnej poprawy kondycji fizycznej, co u\u0142atwia wykonywanie codziennych obowi\u0105zk\u00f3w.<\/li>\n<\/ol>\n<h2>Gdzie kupi\u0107 USlim?<\/h2>\n<p>Jednym z najcz\u0119stszych pyta\u0144 zwi\u0105zanych z USlim jest: &#8222;Gdzie kupi\u0107 ten produkt?&#8221; Obecnie kapsu\u0142ki USlim mo\u017cna naby\u0107 jedynie za po\u015brednictwem oficjalnej strony producenta. Produkt nie jest dost\u0119pny w stacjonarnych aptekach ani w tradycyjnych sklepach. Aby unikn\u0105\u0107 ryzyka zakupu podr\u00f3bek, zaleca si\u0119 kupowanie USlim wy\u0142\u0105cznie z zaufanych \u017ar\u00f3de\u0142.<\/p>\n<p><strong>G\u0142\u00f3wne zalety zakupu na oficjalnej stronie producenta:<\/strong><\/p>\n<ul>\n<li><strong>Gwarancja jako\u015bci<\/strong>: Kupuj\u0105c bezpo\u015brednio od producenta, masz pewno\u015b\u0107, \u017ce otrzymasz oryginalny produkt.<\/li>\n<li><strong>Cz\u0119ste promocje<\/strong>: Producent cz\u0119sto oferuje zni\u017cki i promocje, co sprawia, \u017ce mo\u017cesz zaoszcz\u0119dzi\u0107 na zakupie kapsu\u0142ek.<\/li>\n<li><strong>Bezpieczna dostawa<\/strong>: Produkt zostanie dostarczony bezpo\u015brednio do Twojego domu, co jest wygodne i bezpieczne.<\/li>\n<\/ul>\n<p>Je\u015bli wi\u0119c zastanawiasz si\u0119, gdzie kupi\u0107 USlim, najlepszym wyborem jest strona producenta. Pami\u0119taj, \u017ce zakup preparatu w aptece stacjonarnej mo\u017ce nie by\u0107 mo\u017cliwy, dlatego warto poszuka\u0107 produktu online, aby unikn\u0105\u0107 rozczarowa\u0144.<\/p>\n<p>USlim to innowacyjny suplement diety w postaci kapsu\u0142ek, kt\u00f3ry zosta\u0142 stworzony, aby wspiera\u0107 osoby w ich drodze do zrzucenia zb\u0119dnych kilogram\u00f3w. Dzi\u0119ki starannie dobranym sk\u0142adnikom pochodzenia naturalnego, USlim wspomaga metabolizm, redukuje apetyt i dostarcza energii niezb\u0119dnej do prowadzenia aktywnego trybu \u017cycia.<\/p>\n<p style=\"text-align: center;\"><a class=\"border-button\" href=\"https:\/\/mandarv.com\/Z35S?sub1=sub1&amp;sub2=sub2&amp;sub3=sub3&amp;sub4=sub4&amp;sub5=sub5\">KUPI\u0106 PO CENIE PRODUCENTA (-50%)<\/a><\/p>\n","protected":false},"excerpt":{"rendered":"<p>Nr kat.: 870874644<\/p>\n<p style=\"text-align: center;\"><a class=\"border-button\" href=\"https:\/\/mandarv.com\/Z35S?sub1=sub1&amp;sub2=sub2&amp;sub3=sub3&amp;sub4=sub4&amp;sub5=sub5\">KUP TERAZ<\/a><\/p>\n","protected":false},"featured_media":478,"comment_status":"open","ping_status":"closed","template":"","meta":[],"product_brand":[],"product_cat":[18],"product_tag":[],"class_list":{"0":"post-477","1":"product","2":"type-product","3":"status-publish","4":"has-post-thumbnail","6":"product_cat-suplementy","8":"first","9":"instock","10":"sale","11":"shipping-taxable","12":"purchasable","13":"product-type-simple"},"aioseo_notices":[],"_links":{"self":[{"href":"https:\/\/lekarzpodroznik.pl\/store\/wp-json\/wp\/v2\/product\/477","targetHints":{"allow":["GET"]}}],"collection":[{"href":"https:\/\/lekarzpodroznik.pl\/store\/wp-json\/wp\/v2\/product"}],"about":[{"href":"https:\/\/lekarzpodroznik.pl\/store\/wp-json\/wp\/v2\/types\/product"}],"replies":[{"embeddable":true,"href":"https:\/\/lekarzpodroznik.pl\/store\/wp-json\/wp\/v2\/comments?post=477"}],"wp:featuredmedia":[{"embeddable":true,"href":"https:\/\/lekarzpodroznik.pl\/store\/wp-json\/wp\/v2\/media\/478"}],"wp:attachment":[{"href":"https:\/\/lekarzpodroznik.pl\/store\/wp-json\/wp\/v2\/media?parent=477"}],"wp:term":[{"taxonomy":"product_brand","embeddable":true,"href":"https:\/\/lekarzpodroznik.pl\/store\/wp-json\/wp\/v2\/product_brand?post=477"},{"taxonomy":"product_cat","embeddable":true,"href":"https:\/\/lekarzpodroznik.pl\/store\/wp-json\/wp\/v2\/product_cat?post=477"},{"taxonomy":"product_tag","embeddable":true,"href":"https:\/\/lekarzpodroznik.pl\/store\/wp-json\/wp\/v2\/product_tag?post=477"}],"curies":[{"name":"wp","href":"https:\/\/api.w.org\/{rel}","templated":true}]}}