{"id":479,"date":"2024-10-10T09:18:45","date_gmt":"2024-10-10T09:18:45","guid":{"rendered":"https:\/\/lekarzpodroznik.pl\/store\/?post_type=product&#038;p=479"},"modified":"2024-10-30T09:48:59","modified_gmt":"2024-10-30T09:48:59","slug":"varixil","status":"publish","type":"product","link":"https:\/\/lekarzpodroznik.pl\/store\/product\/varixil\/","title":{"rendered":"Varixil"},"content":{"rendered":"<p>Varixil to preparat w formie kremu, kt\u00f3ry zosta\u0142 stworzony z my\u015bl\u0105 o leczeniu i zapobieganiu objawom zwi\u0105zanym z varikoz\u0105, czyli \u017cylakami. Produkt nale\u017cy do grupy preparat\u00f3w o dzia\u0142aniu zewn\u0119trznym, kt\u00f3re maj\u0105 za zadanie poprawi\u0107 kr\u0105\u017cenie krwi, wzmocni\u0107 \u015bciany naczy\u0144 krwiono\u015bnych i zmniejszy\u0107 obrz\u0119ki. Krem ten jest \u0142atwy w u\u017cyciu, dzi\u0119ki swojej lekkiej konsystencji szybko si\u0119 wch\u0142ania i nie pozostawia t\u0142ustej warstwy na sk\u00f3rze.<\/p>\n<p>Varixil jest skierowany do os\u00f3b, kt\u00f3re borykaj\u0105 si\u0119 z problemami zwi\u0105zanymi z \u017cylakami na r\u00f3\u017cnych etapach choroby. Mo\u017ce by\u0107 stosowany zar\u00f3wno jako \u015brodek profilaktyczny, jak i wspomagaj\u0105cy w trakcie leczenia bardziej zaawansowanych przypadk\u00f3w varikozy.<\/p>\n<p style=\"text-align: center;\"><a class=\"border-button\" href=\"https:\/\/mandarv.com\/tXdS?sub1=sub1&amp;sub2=sub2&amp;sub3=sub3&amp;sub4=sub4&amp;sub5=sub5\">www.varixil.pl<\/a><\/p>\n<h2>Wskazania i przeciwwskazania Varixil<\/h2>\n<p><strong>Wskazania:<\/strong><\/p>\n<p>Varixil jest rekomendowany do stosowania u os\u00f3b zmagaj\u0105cych si\u0119 z:<\/p>\n<ul>\n<li>Pocz\u0105tkowymi objawami varikozy, takimi jak uczucie ci\u0119\u017cko\u015bci w nogach, obrz\u0119ki i skurcze mi\u0119\u015bni.<\/li>\n<li>\u017bylakami na r\u00f3\u017cnym etapie rozwoju.<\/li>\n<li>Sk\u0142onno\u015bci\u0105 do powstawania paj\u0105czk\u00f3w naczyniowych.<\/li>\n<li>Os\u0142abionymi \u015bcianami naczy\u0144 krwiono\u015bnych, kt\u00f3re mog\u0105 prowadzi\u0107 do powstawania \u017cylak\u00f3w.<\/li>\n<li>B\u00f3lami n\u00f3g spowodowanymi d\u0142ugotrwa\u0142ym staniem lub siedzeniem.<\/li>\n<\/ul>\n<p><strong>Przeciwwskazania:<\/strong><\/p>\n<p>Jak ka\u017cdy preparat, Varixil ma pewne przeciwwskazania, kt\u00f3re nale\u017cy uwzgl\u0119dni\u0107 przed jego zastosowaniem:<\/p>\n<ul>\n<li>Nie nale\u017cy stosowa\u0107 kremu, je\u015bli istnieje nadwra\u017cliwo\u015b\u0107 na kt\u00f3rykolwiek ze sk\u0142adnik\u00f3w preparatu.<\/li>\n<li>Nie zaleca si\u0119 stosowania u os\u00f3b z otwartymi ranami na sk\u00f3rze w miejscach aplikacji.<\/li>\n<li>Kobiety w ci\u0105\u017cy i karmi\u0105ce piersi\u0105 powinny skonsultowa\u0107 si\u0119 z lekarzem przed rozpocz\u0119ciem kuracji.<\/li>\n<\/ul>\n<h2>Sk\u0142ad Varixil &#8211; skuteczne sk\u0142adniki<\/h2>\n<p>Jednym z kluczowych aspekt\u00f3w, kt\u00f3ry wyr\u00f3\u017cnia Varixil na tle innych preparat\u00f3w, jest jego sk\u0142ad oparty na naturalnych sk\u0142adnikach aktywnych. Wszystkie substancje zosta\u0142y starannie dobrane, aby zapewni\u0107 skuteczno\u015b\u0107 dzia\u0142ania bez ryzyka podra\u017cnie\u0144 czy niepo\u017c\u0105danych efekt\u00f3w ubocznych.<\/p>\n<p><strong>Oto najwa\u017cniejsze sk\u0142adniki aktywne w kremie Varixil:<\/strong><\/p>\n<ol>\n<li><strong>Ekstrakt z kasztanowca<\/strong> \u2013 Znany ze swoich w\u0142a\u015bciwo\u015bci wzmacniaj\u0105cych \u015bciany naczy\u0144 krwiono\u015bnych. Pomaga zmniejsza\u0107 obrz\u0119ki oraz poprawia przep\u0142yw krwi w ko\u0144czynach dolnych.<\/li>\n<li><strong>Rutyna<\/strong> \u2013 Zwi\u0105zek organiczny, kt\u00f3ry dzia\u0142a przeciwzapalnie i przeciwwysi\u0119kowo. Zmniejsza przepuszczalno\u015b\u0107 naczy\u0144 krwiono\u015bnych, co pomaga zapobiega\u0107 powstawaniu obrz\u0119k\u00f3w.<\/li>\n<li><strong>Wyci\u0105g z arniki<\/strong> \u2013 Sk\u0142adnik o silnym dzia\u0142aniu przeciwzapalnym. Pomaga z\u0142agodzi\u0107 b\u00f3l i dyskomfort zwi\u0105zany z varikoz\u0105.<\/li>\n<li><strong>Ekstrakt z mi\u0142orz\u0119bu japo\u0144skiego (Ginkgo biloba)<\/strong> \u2013 Poprawia mikrokr\u0105\u017cenie i zapobiega zastojom krwi w \u017cy\u0142ach, co przyczynia si\u0119 do zmniejszenia \u017cylak\u00f3w.<\/li>\n<li><strong>Mentol<\/strong> \u2013 Dzia\u0142a ch\u0142odz\u0105co i \u0142agodz\u0105co, zapewniaj\u0105c uczucie ulgi i \u015bwie\u017co\u015bci po na\u0142o\u017ceniu kremu.<\/li>\n<\/ol>\n<p>Dzi\u0119ki tej unikalnej kombinacji sk\u0142adnik\u00f3w, Varixil jest nie tylko skuteczny w redukowaniu widoczno\u015bci \u017cylak\u00f3w, ale tak\u017ce pomaga w \u0142agodzeniu b\u00f3lu, zmniejszaniu obrz\u0119k\u00f3w i poprawie og\u00f3lnego komfortu n\u00f3g.<\/p>\n<h2>Efekty stosowania &#8211; dzia\u0142anie kremu Varixil<\/h2>\n<p>Regularne stosowanie kremu Varixil przynosi szereg korzy\u015bci, zar\u00f3wno dla os\u00f3b zmagaj\u0105cych si\u0119 z zaawansowan\u0105 form\u0105 \u017cylak\u00f3w, jak i dla tych, kt\u00f3rzy chc\u0105 zapobiega\u0107 ich powstawaniu. Efekty dzia\u0142ania kremu mo\u017cna podzieli\u0107 na kilka kluczowych obszar\u00f3w:<\/p>\n<h3>Poprawa kr\u0105\u017cenia krwi<\/h3>\n<p>Krem Varixil zawiera sk\u0142adniki, kt\u00f3re pomagaj\u0105 usprawni\u0107 przep\u0142yw krwi w ko\u0144czynach dolnych. Dzi\u0119ki temu zmniejsza si\u0119 ryzyko tworzenia zastoj\u00f3w krwi, kt\u00f3re s\u0105 jedn\u0105 z g\u0142\u00f3wnych przyczyn powstawania \u017cylak\u00f3w.<\/p>\n<h3>Wzmacnianie \u015bcian naczy\u0144 krwiono\u015bnych<\/h3>\n<p>Ekstrakt z kasztanowca oraz rutyna maj\u0105 udowodnione dzia\u0142anie wzmacniaj\u0105ce \u015bciany \u017cy\u0142, co pomaga zapobiega\u0107 ich rozszerzaniu si\u0119 i powstawaniu \u017cylak\u00f3w.<\/p>\n<h3>Redukcja obrz\u0119k\u00f3w<\/h3>\n<p>Obrz\u0119ki n\u00f3g, zw\u0142aszcza w okolicach kostek, to cz\u0119sty problem u os\u00f3b z varikoz\u0105. Varixil skutecznie zmniejsza obrz\u0119ki, dzi\u0119ki czemu nogi staj\u0105 si\u0119 l\u017cejsze, a sk\u00f3ra bardziej elastyczna.<\/p>\n<h3>Dzia\u0142anie przeciwb\u00f3lowe i przeciwzapalne<\/h3>\n<p>Dzi\u0119ki zawarto\u015bci arniki oraz mentolu, krem Varixil \u0142agodzi b\u00f3l i dyskomfort spowodowany stanem zapalnym w \u017cy\u0142ach.<\/p>\n<h3>Efekt ch\u0142odz\u0105cy i od\u015bwie\u017caj\u0105cy<\/h3>\n<p>Mentol zawarty w kremie dzia\u0142a od\u015bwie\u017caj\u0105co, co szczeg\u00f3lnie doceniaj\u0105 osoby, kt\u00f3re sp\u0119dzaj\u0105 d\u0142ugie godziny na nogach. Uczucie ch\u0142odzenia natychmiastowo przynosi ulg\u0119.<\/p>\n<h2>Gdzie kupi\u0107 Varixil?<\/h2>\n<p>Je\u015bli zastanawiasz si\u0119, <strong>gdzie kupi\u0107 Varixil<\/strong>, warto zaznaczy\u0107, \u017ce krem nie jest dost\u0119pny w tradycyjnych aptekach stacjonarnych. Oryginalny Varixil mo\u017cna naby\u0107 wy\u0142\u0105cznie poprzez internet, bezpo\u015brednio od producenta lub na oficjalnej stronie dystrybutora. To wa\u017cne, aby unika\u0107 kupowania preparat\u00f3w z niepewnych \u017ar\u00f3de\u0142, takich jak aukcje internetowe czy nieautoryzowane sklepy, gdzie mog\u0105 by\u0107 oferowane podr\u00f3bki o ni\u017cszej skuteczno\u015bci.<\/p>\n<p>Kupuj\u0105c Varixil <strong>bezpo\u015brednio od producenta<\/strong>, masz pewno\u015b\u0107, \u017ce otrzymujesz oryginalny produkt, kt\u00f3ry spe\u0142nia wszelkie standardy jako\u015bci. Dodatkowo, zamawiaj\u0105c online, cz\u0119sto mo\u017cna skorzysta\u0107 z promocji i rabat\u00f3w, kt\u00f3re nie s\u0105 dost\u0119pne w innych miejscach. Co wi\u0119cej, zam\u00f3wienia s\u0105 realizowane szybko, a krem dociera bezpo\u015brednio pod wskazany adres, co stanowi wygodn\u0105 alternatyw\u0119 dla os\u00f3b, kt\u00f3re nie maj\u0105 czasu na odwiedzanie aptek.<\/p>\n<p>Je\u015bli chcesz kupi\u0107 Varixil, <strong>szukaj go na oficjalnej stronie<\/strong> producenta. To najlepsza opcja, aby zapewni\u0107 sobie skuteczno\u015b\u0107 i bezpiecze\u0144stwo terapii.<\/p>\n<p>Varixil to skuteczny krem na varikoz\u0119, kt\u00f3ry dzi\u0119ki naturalnemu sk\u0142adowi i kompleksowemu dzia\u0142aniu mo\u017ce pom\u00f3c w zwalczaniu objaw\u00f3w zwi\u0105zanych z \u017cylakami. Warto jednak pami\u0119ta\u0107, \u017ce regularne stosowanie jest kluczem do uzyskania najlepszych rezultat\u00f3w.<\/p>\n<p style=\"text-align: center;\"><a class=\"border-button\" href=\"https:\/\/mandarv.com\/tXdS?sub1=sub1&amp;sub2=sub2&amp;sub3=sub3&amp;sub4=sub4&amp;sub5=sub5\">KUPI\u0106 PO CENIE PRODUCENTA (-50%)<\/a><\/p>\n","protected":false},"excerpt":{"rendered":"<p>Nr kat.: 870874645<\/p>\n<p style=\"text-align: center;\"><a class=\"border-button\" href=\"https:\/\/mandarv.com\/tXdS?sub1=sub1&amp;sub2=sub2&amp;sub3=sub3&amp;sub4=sub4&amp;sub5=sub5\">KUP TERAZ<\/a><\/p>\n","protected":false},"featured_media":480,"comment_status":"open","ping_status":"closed","template":"","meta":[],"product_brand":[],"product_cat":[18],"product_tag":[],"class_list":{"0":"post-479","1":"product","2":"type-product","3":"status-publish","4":"has-post-thumbnail","6":"product_cat-suplementy","8":"first","9":"instock","10":"sale","11":"shipping-taxable","12":"purchasable","13":"product-type-simple"},"aioseo_notices":[],"_links":{"self":[{"href":"https:\/\/lekarzpodroznik.pl\/store\/wp-json\/wp\/v2\/product\/479","targetHints":{"allow":["GET"]}}],"collection":[{"href":"https:\/\/lekarzpodroznik.pl\/store\/wp-json\/wp\/v2\/product"}],"about":[{"href":"https:\/\/lekarzpodroznik.pl\/store\/wp-json\/wp\/v2\/types\/product"}],"replies":[{"embeddable":true,"href":"https:\/\/lekarzpodroznik.pl\/store\/wp-json\/wp\/v2\/comments?post=479"}],"wp:featuredmedia":[{"embeddable":true,"href":"https:\/\/lekarzpodroznik.pl\/store\/wp-json\/wp\/v2\/media\/480"}],"wp:attachment":[{"href":"https:\/\/lekarzpodroznik.pl\/store\/wp-json\/wp\/v2\/media?parent=479"}],"wp:term":[{"taxonomy":"product_brand","embeddable":true,"href":"https:\/\/lekarzpodroznik.pl\/store\/wp-json\/wp\/v2\/product_brand?post=479"},{"taxonomy":"product_cat","embeddable":true,"href":"https:\/\/lekarzpodroznik.pl\/store\/wp-json\/wp\/v2\/product_cat?post=479"},{"taxonomy":"product_tag","embeddable":true,"href":"https:\/\/lekarzpodroznik.pl\/store\/wp-json\/wp\/v2\/product_tag?post=479"}],"curies":[{"name":"wp","href":"https:\/\/api.w.org\/{rel}","templated":true}]}}