{"id":506,"date":"2024-10-10T10:14:05","date_gmt":"2024-10-10T10:14:05","guid":{"rendered":"https:\/\/lekarzpodroznik.pl\/store\/?post_type=product&#038;p=506"},"modified":"2024-10-30T10:01:25","modified_gmt":"2024-10-30T10:01:25","slug":"tonosin-pro-max","status":"publish","type":"product","link":"https:\/\/lekarzpodroznik.pl\/store\/product\/tonosin-pro-max\/","title":{"rendered":"Tonosin Pro Max"},"content":{"rendered":"<p>Tonosin Pro Max to innowacyjny suplement diety dost\u0119pny w formie wygodnych do stosowania kapsu\u0142ek. Jest przeznaczony dla os\u00f3b, kt\u00f3re chc\u0105 poprawi\u0107 sw\u00f3j s\u0142uch lub zmniejszy\u0107 ryzyko jego utraty. Ten preparat nie jest lekiem, ale suplementem diety, co oznacza, \u017ce mo\u017cna go stosowa\u0107 w ramach profilaktyki lub wspomagaj\u0105co w procesie leczenia zaburze\u0144 s\u0142uchu. <strong>Tonosin Pro Max<\/strong> nale\u017cy do grupy suplement\u00f3w dedykowanych zdrowiu uszu, poprawie kr\u0105\u017cenia w obszarze narz\u0105du s\u0142uchu oraz stymulacji nerw\u00f3w s\u0142uchowych.<\/p>\n<p style=\"text-align: center;\"><a class=\"border-button\" href=\"https:\/\/abctrack.info\/tonosin\/landpl5\/?flow=11512\">www.tonosin-pro-max.pl<\/a><\/p>\n<h2>Wskazania i przeciwwskazania Tonosin Pro Max<\/h2>\n<p>Przed rozpocz\u0119ciem stosowania jakiegokolwiek suplementu diety, warto zapozna\u0107 si\u0119 z jego wskazaniami oraz przeciwwskazaniami, aby upewni\u0107 si\u0119, \u017ce b\u0119dzie on odpowiedni dla danej osoby.<\/p>\n<h4>Wskazania do stosowania:<\/h4>\n<ol>\n<li>Os\u0142abienie s\u0142uchu zwi\u0105zane z wiekiem.<\/li>\n<li>Problemy ze s\u0142uchem wywo\u0142ane g\u0142o\u015bnymi d\u017awi\u0119kami lub ha\u0142asem.<\/li>\n<li>Niedostateczne kr\u0105\u017cenie krwi w obszarze uszu.<\/li>\n<li>Zmniejszona ostro\u015b\u0107 s\u0142yszenia.<\/li>\n<li>Prewencja przed pogorszeniem s\u0142uchu.<\/li>\n<\/ol>\n<p>Tonosin Pro Max zaleca si\u0119 zar\u00f3wno osobom starszym, jak i m\u0142odszym, kt\u00f3re nara\u017cone s\u0105 na d\u0142ugotrwa\u0142e oddzia\u0142ywanie ha\u0142asu (np. pracownicy budowlani, muzycy, mieszka\u0144cy du\u017cych miast).<\/p>\n<h4>Przeciwwskazania:<\/h4>\n<ul>\n<li>Nadwra\u017cliwo\u015b\u0107 na kt\u00f3rykolwiek ze sk\u0142adnik\u00f3w preparatu.<\/li>\n<li>Ci\u0105\u017ca i karmienie piersi\u0105 (zaleca si\u0119 konsultacj\u0119 z lekarzem).<\/li>\n<li>Stosowanie u dzieci poni\u017cej 12 roku \u017cycia (brak odpowiednich bada\u0144 klinicznych).<\/li>\n<\/ul>\n<p>Przed rozpocz\u0119ciem stosowania <strong>Tonosin Pro Max<\/strong> warto skonsultowa\u0107 si\u0119 z lekarzem, zw\u0142aszcza je\u015bli mamy jakiekolwiek w\u0105tpliwo\u015bci co do jego dzia\u0142ania lub sk\u0142adnik\u00f3w.<\/p>\n<h2>Sk\u0142ad Tonosin Pro Max \u2013 skuteczne sk\u0142adniki<\/h2>\n<p>Sk\u0142ad <strong>Tonosin Pro Max<\/strong> opiera si\u0119 na naturalnych sk\u0142adnikach, kt\u00f3re zosta\u0142y starannie wyselekcjonowane pod k\u0105tem ich wp\u0142ywu na zdrowie s\u0142uchu i uk\u0142ad nerwowy. Ka\u017cdy z tych sk\u0142adnik\u00f3w wspiera organizm w inny spos\u00f3b, co przek\u0142ada si\u0119 na og\u00f3lne wzmocnienie s\u0142uchu.<\/p>\n<p><strong>G\u0142\u00f3wne sk\u0142adniki aktywne:<\/strong><\/p>\n<ol>\n<li><strong>Ekstrakt z mi\u0142orz\u0119bu japo\u0144skiego<\/strong> \u2013 poprawia kr\u0105\u017cenie krwi, szczeg\u00f3lnie w obr\u0119bie ucha, co mo\u017ce wp\u0142ywa\u0107 na popraw\u0119 s\u0142uchu. Mi\u0142orz\u0105b japo\u0144ski jest tak\u017ce znany z dzia\u0142ania antyoksydacyjnego.<\/li>\n<li><strong>Witamina B12<\/strong> \u2013 niezb\u0119dna dla prawid\u0142owego funkcjonowania uk\u0142adu nerwowego, wspiera regeneracj\u0119 kom\u00f3rek nerwowych odpowiedzialnych za przekazywanie d\u017awi\u0119k\u00f3w.<\/li>\n<li><strong>Cynk<\/strong> \u2013 pierwiastek, kt\u00f3ry wp\u0142ywa na zdrowie uszu, zapobiega powstawaniu stan\u00f3w zapalnych, kt\u00f3re mog\u0105 prowadzi\u0107 do utraty s\u0142uchu.<\/li>\n<li><strong>Magnez<\/strong> \u2013 zmniejsza napi\u0119cie mi\u0119\u015bni i wspiera przewodzenie impuls\u00f3w nerwowych.<\/li>\n<li><strong>Kwas alfa-liponowy<\/strong> \u2013 silny antyoksydant, kt\u00f3ry wspiera ochron\u0119 kom\u00f3rek przed stresem oksydacyjnym.<\/li>\n<\/ol>\n<p>Dzi\u0119ki tym sk\u0142adnikom Tonosin Pro Max wspiera s\u0142uch zar\u00f3wno na poziomie kr\u0105\u017cenia krwi, jak i ochrony kom\u00f3rek przed uszkodzeniami.<\/p>\n<h2>Efekty stosowania \u2013 dzia\u0142anie kapsu\u0142ek Tonosin Pro Max<\/h2>\n<p>Regularne stosowanie kapsu\u0142ek <strong>Tonosin Pro Max<\/strong> mo\u017ce przynie\u015b\u0107 wiele korzy\u015bci dla os\u00f3b zmagaj\u0105cych si\u0119 z os\u0142abionym s\u0142uchem lub chc\u0105cych zapobiec jego pogorszeniu. Dzia\u0142anie tego suplementu opiera si\u0119 na synergii sk\u0142adnik\u00f3w, kt\u00f3re poprawiaj\u0105 funkcjonowanie uk\u0142adu s\u0142uchowego.<\/p>\n<p><strong>G\u0142\u00f3wne efekty stosowania:<\/strong><\/p>\n<ol>\n<li><strong>Poprawa s\u0142yszenia<\/strong> \u2013 dzi\u0119ki lepszemu kr\u0105\u017ceniu krwi w obr\u0119bie ucha wewn\u0119trznego oraz regeneracji kom\u00f3rek nerwowych, mo\u017cliwe jest zwi\u0119kszenie ostro\u015bci s\u0142uchu.<\/li>\n<li><strong>Ochrona przed utrat\u0105 s\u0142uchu<\/strong> \u2013 sk\u0142adniki antyoksydacyjne, takie jak kwas alfa-liponowy, chroni\u0105 kom\u00f3rki s\u0142uchowe przed uszkodzeniami spowodowanymi stresem oksydacyjnym.<\/li>\n<li><strong>Zmniejszenie szum\u00f3w usznych<\/strong> \u2013 mi\u0142orz\u0105b japo\u0144ski mo\u017ce zmniejsza\u0107 uczucie szum\u00f3w w uszach, co jest cz\u0119stym problemem os\u00f3b z os\u0142abionym s\u0142uchem.<\/li>\n<li><strong>Wzmocnienie kom\u00f3rek s\u0142uchowych<\/strong> \u2013 witaminy i minera\u0142y wspieraj\u0105 odbudow\u0119 i regeneracj\u0119 kom\u00f3rek nerwowych odpowiedzialnych za s\u0142uch.<\/li>\n<\/ol>\n<p>Regularne stosowanie Tonosin Pro Max pozwala na stopniow\u0105 popraw\u0119 funkcji s\u0142uchowych oraz og\u00f3lne wzmocnienie narz\u0105du s\u0142uchu.<\/p>\n<h2>Gdzie kupi\u0107 Tonosin Pro Max?<\/h2>\n<p>Kupno <strong>Tonosin Pro Max<\/strong> mo\u017ce wydawa\u0107 si\u0119 wyzwaniem, poniewa\u017c produkt ten nie jest dost\u0119pny w tradycyjnych aptekach stacjonarnych. Jest to celowe dzia\u0142anie producenta, kt\u00f3re ma na celu unikni\u0119cie podr\u00f3bek oraz zapewnienie najwy\u017cszej jako\u015bci produktu.<\/p>\n<p>Najlepszym i najpewniejszym miejscem zakupu jest <strong>strona internetowa producenta<\/strong>. Dzi\u0119ki zakupowi bezpo\u015brednio u \u017ar\u00f3d\u0142a, klient ma pewno\u015b\u0107, \u017ce otrzymuje oryginalny produkt, kt\u00f3ry przeszed\u0142 wszelkie niezb\u0119dne badania jako\u015bciowe.<\/p>\n<p>Kupuj\u0105c <strong>Tonosin Pro Max<\/strong> na stronie producenta, mo\u017cna r\u00f3wnie\u017c skorzysta\u0107 z promocji i ofert specjalnych, kt\u00f3re cz\u0119sto s\u0105 dost\u0119pne tylko online. Ponadto, producent cz\u0119sto oferuje darmow\u0105 dostaw\u0119 oraz gwarancj\u0119 zwrotu pieni\u0119dzy w przypadku, gdyby produkt nie spe\u0142ni\u0142 oczekiwa\u0144.<\/p>\n<p>Je\u015bli zastanawiasz si\u0119, gdzie kupi\u0107 <strong>Tonosin Pro Max<\/strong>, odpowied\u017a jest prosta \u2013 nale\u017cy unika\u0107 przypadkowych stron internetowych i ofert z niepewnych \u017ar\u00f3de\u0142. Tylko zakup na <strong>oficjalnej stronie producenta<\/strong> daje gwarancj\u0119 autentyczno\u015bci i bezpiecze\u0144stwa stosowania.<\/p>\n<p><strong>Tonosin Pro Max<\/strong> to nowoczesny suplement diety, kt\u00f3ry mo\u017ce by\u0107 pomocny w poprawie s\u0142uchu oraz prewencji przed jego pogorszeniem. Dzi\u0119ki unikalnemu sk\u0142adowi opartemu na naturalnych sk\u0142adnikach, takich jak mi\u0142orz\u0105b japo\u0144ski, witamina B12 czy cynk, kapsu\u0142ki wspomagaj\u0105 uk\u0142ad s\u0142uchowy, chroni\u0105c go przed stresem oksydacyjnym i poprawiaj\u0105c kr\u0105\u017cenie krwi w uchu wewn\u0119trznym.<\/p>\n<p style=\"text-align: center;\"><a class=\"border-button\" href=\"https:\/\/abctrack.info\/tonosin\/landpl5\/?flow=11512\">KUPI\u0106 PO CENIE PRODUCENTA (-50%)<\/a><\/p>\n","protected":false},"excerpt":{"rendered":"<p>Nr kat.: 870874658<\/p>\n<p style=\"text-align: center;\"><a class=\"border-button\" href=\"https:\/\/abctrack.info\/tonosin\/landpl5\/?flow=11512\">KUP TERAZ<\/a><\/p>\n","protected":false},"featured_media":507,"comment_status":"open","ping_status":"closed","template":"","meta":[],"product_brand":[],"product_cat":[18],"product_tag":[],"class_list":{"0":"post-506","1":"product","2":"type-product","3":"status-publish","4":"has-post-thumbnail","6":"product_cat-suplementy","8":"first","9":"instock","10":"sale","11":"shipping-taxable","12":"purchasable","13":"product-type-simple"},"aioseo_notices":[],"_links":{"self":[{"href":"https:\/\/lekarzpodroznik.pl\/store\/wp-json\/wp\/v2\/product\/506","targetHints":{"allow":["GET"]}}],"collection":[{"href":"https:\/\/lekarzpodroznik.pl\/store\/wp-json\/wp\/v2\/product"}],"about":[{"href":"https:\/\/lekarzpodroznik.pl\/store\/wp-json\/wp\/v2\/types\/product"}],"replies":[{"embeddable":true,"href":"https:\/\/lekarzpodroznik.pl\/store\/wp-json\/wp\/v2\/comments?post=506"}],"wp:featuredmedia":[{"embeddable":true,"href":"https:\/\/lekarzpodroznik.pl\/store\/wp-json\/wp\/v2\/media\/507"}],"wp:attachment":[{"href":"https:\/\/lekarzpodroznik.pl\/store\/wp-json\/wp\/v2\/media?parent=506"}],"wp:term":[{"taxonomy":"product_brand","embeddable":true,"href":"https:\/\/lekarzpodroznik.pl\/store\/wp-json\/wp\/v2\/product_brand?post=506"},{"taxonomy":"product_cat","embeddable":true,"href":"https:\/\/lekarzpodroznik.pl\/store\/wp-json\/wp\/v2\/product_cat?post=506"},{"taxonomy":"product_tag","embeddable":true,"href":"https:\/\/lekarzpodroznik.pl\/store\/wp-json\/wp\/v2\/product_tag?post=506"}],"curies":[{"name":"wp","href":"https:\/\/api.w.org\/{rel}","templated":true}]}}