{"id":527,"date":"2024-10-10T12:13:40","date_gmt":"2024-10-10T12:13:40","guid":{"rendered":"https:\/\/lekarzpodroznik.pl\/store\/?post_type=product&#038;p=527"},"modified":"2024-10-30T09:09:36","modified_gmt":"2024-10-30T09:09:36","slug":"exurol","status":"publish","type":"product","link":"https:\/\/lekarzpodroznik.pl\/store\/product\/exurol\/","title":{"rendered":"Exurol"},"content":{"rendered":"<p>Exurol to suplement diety w formie kapsu\u0142ek, kt\u00f3ry zosta\u0142 zaprojektowany specjalnie dla m\u0119\u017cczyzn, kt\u00f3rzy zmagaj\u0105 si\u0119 z problemami z erekcj\u0105 lub chc\u0105 poprawi\u0107 swoj\u0105 wydolno\u015b\u0107 seksualn\u0105. Jego zaawansowana formu\u0142a \u0142\u0105czy w sobie naturalne sk\u0142adniki, kt\u00f3re wspomagaj\u0105 funkcje seksualne, wp\u0142ywaj\u0105c na popraw\u0119 kr\u0105\u017cenia krwi w okolicach narz\u0105d\u00f3w p\u0142ciowych oraz zwi\u0119kszaj\u0105c libido.<\/p>\n<p>Kapsu\u0142ki Exurol nale\u017c\u0105 do grupy preparat\u00f3w zwanych afrodyzjakami, kt\u00f3re wspieraj\u0105 funkcje seksualne poprzez dzia\u0142anie na uk\u0142ad krwiono\u015bny i hormonalny. Stosowanie suplement\u00f3w z tej grupy mo\u017ce pom\u00f3c w naturalnym pobudzeniu organizmu, zwi\u0119kszeniu potencji i poprawie jako\u015bci \u017cycia seksualnego.<\/p>\n<p style=\"text-align: center;\"><a class=\"border-button\" href=\"https:\/\/lquqrybl.alohaguys.com\/\">www.exurol.pl<\/a><\/p>\n<h2>Wskazania i przeciwwskazania Exurol<\/h2>\n<p>Suplement Exurol jest polecany dla m\u0119\u017cczyzn, kt\u00f3rzy zmagaj\u0105 si\u0119 z r\u00f3\u017cnorodnymi problemami zwi\u0105zanymi z erekcj\u0105. Najcz\u0119\u015bciej wskazania do stosowania obejmuj\u0105:<\/p>\n<ul>\n<li>Trudno\u015bci z uzyskaniem lub utrzymaniem erekcji,<\/li>\n<li>Obni\u017cony poziom libido,<\/li>\n<li>Przedwczesny wytrysk,<\/li>\n<li>Stres i zm\u0119czenie wp\u0142ywaj\u0105ce na \u017cycie seksualne,<\/li>\n<li>Spadek energii i witalno\u015bci.<\/li>\n<\/ul>\n<p>Jednak, jak ka\u017cdy suplement, Exurol ma r\u00f3wnie\u017c pewne przeciwwskazania. Przede wszystkim, nie powinny go stosowa\u0107 osoby uczulone na kt\u00f3rykolwiek ze sk\u0142adnik\u00f3w zawartych w preparacie. Dodatkowo, m\u0119\u017cczy\u017ani z powa\u017cnymi schorzeniami uk\u0142adu sercowo-naczyniowego, w\u0105troby lub nerek powinni skonsultowa\u0107 si\u0119 z lekarzem przed rozpocz\u0119ciem kuracji.<\/p>\n<h4>Przeciwwskazania:<\/h4>\n<ul>\n<li>Alergia na sk\u0142adniki preparatu,<\/li>\n<li>Powa\u017cne choroby serca i naczy\u0144 krwiono\u015bnych,<\/li>\n<li>Choroby w\u0105troby lub nerek,<\/li>\n<li>Osoby poni\u017cej 18 roku \u017cycia.<\/li>\n<\/ul>\n<h2>Sk\u0142ad Exurol &#8211; Skuteczne sk\u0142adniki<\/h2>\n<p>Jednym z najwa\u017cniejszych aspekt\u00f3w ka\u017cdego suplementu jest jego sk\u0142ad. Exurol zawiera starannie dobrane, naturalne substancje, kt\u00f3re dzia\u0142aj\u0105 synergicznie, by wspiera\u0107 funkcje seksualne i poprawia\u0107 jako\u015b\u0107 erekcji. Poni\u017cej przedstawiamy g\u0142\u00f3wne sk\u0142adniki kapsu\u0142ek Exurol i ich dzia\u0142anie:<\/p>\n<table style=\"height: 183px;\" width=\"913\">\n<thead>\n<tr>\n<th>Sk\u0142adnik<\/th>\n<th>Dzia\u0142anie<\/th>\n<\/tr>\n<\/thead>\n<tbody>\n<tr>\n<td><strong>Ekstrakt z korzenia maca<\/strong><\/td>\n<td>Zwi\u0119ksza libido, wspomaga energi\u0119 i wytrzyma\u0142o\u015b\u0107<\/td>\n<\/tr>\n<tr>\n<td><strong>L-arginina<\/strong><\/td>\n<td>Poprawia kr\u0105\u017cenie krwi, wspiera przep\u0142yw do narz\u0105d\u00f3w p\u0142ciowych<\/td>\n<\/tr>\n<tr>\n<td><strong>Tribulus terrestris<\/strong><\/td>\n<td>Naturalny afrodyzjak, zwi\u0119ksza produkcj\u0119 testosteronu<\/td>\n<\/tr>\n<tr>\n<td><strong>Ekstrakt z palmy saba\u0142owej<\/strong><\/td>\n<td>Wspiera zdrowie prostaty, reguluje hormony<\/td>\n<\/tr>\n<tr>\n<td><strong>Ekstrakt z \u017ce\u0144-szenia<\/strong><\/td>\n<td>Zwi\u0119ksza energi\u0119, poprawia witalno\u015b\u0107 i koncentracj\u0119<\/td>\n<\/tr>\n<\/tbody>\n<\/table>\n<h2>Efekty stosowania &#8211; Dzia\u0142anie kapsu\u0142ki Exurol<\/h2>\n<p>Regularne stosowanie kapsu\u0142ek Exurol przynosi widoczne efekty ju\u017c po kilku dniach od rozpocz\u0119cia kuracji. Dzia\u0142anie preparatu obejmuje zar\u00f3wno fizyczne, jak i psychologiczne aspekty funkcji seksualnych. Poni\u017cej przedstawiamy najwa\u017cniejsze efekty, kt\u00f3re mo\u017cna zauwa\u017cy\u0107 podczas stosowania Exurol:<\/p>\n<h4>Poprawa jako\u015bci erekcji<\/h4>\n<p>Dzi\u0119ki zawarto\u015bci L-argininy, kt\u00f3ra poprawia kr\u0105\u017cenie krwi, kapsu\u0142ki Exurol skutecznie wp\u0142ywaj\u0105 na jako\u015b\u0107 i trwa\u0142o\u015b\u0107 erekcji. U\u017cytkownicy zauwa\u017caj\u0105, \u017ce erekcje staj\u0105 si\u0119 silniejsze i bardziej stabilne.<\/p>\n<h4>Zwi\u0119kszenie libido<\/h4>\n<p>Dzi\u0119ki sk\u0142adnikom takim jak maca i Tribulus terrestris, Exurol znacz\u0105co podnosi poziom libido, co prowadzi do wzrostu zainteresowania \u017cyciem seksualnym.<\/p>\n<h4>D\u0142u\u017cszy stosunek seksualny<\/h4>\n<p>Dzia\u0142anie preparatu na uk\u0142ad kr\u0105\u017cenia i hormonalny pomaga wyd\u0142u\u017cy\u0107 czas trwania stosunku seksualnego, co przek\u0142ada si\u0119 na wi\u0119ksz\u0105 satysfakcj\u0119 obu partner\u00f3w.<\/p>\n<h4>Wi\u0119cej energii i lepsza wydolno\u015b\u0107<\/h4>\n<p>Sk\u0142adniki jak \u017ce\u0144-sze\u0144 i korze\u0144 maca wspieraj\u0105 og\u00f3ln\u0105 witalno\u015b\u0107, co przek\u0142ada si\u0119 na lepsz\u0105 wydolno\u015b\u0107 zar\u00f3wno podczas codziennych aktywno\u015bci, jak i w trakcie stosunku.<\/p>\n<h2>Gdzie kupi\u0107 Exurol?<\/h2>\n<p>Je\u015bli zastanawiasz si\u0119, gdzie kupi\u0107 Exurol, to warto wiedzie\u0107, \u017ce produkt nie jest dost\u0119pny w tradycyjnych aptekach stacjonarnych. Ze wzgl\u0119du na du\u017c\u0105 popularno\u015b\u0107 preparatu oraz dba\u0142o\u015b\u0107 o autentyczno\u015b\u0107, producent zdecydowa\u0142 si\u0119 na sprzeda\u017c wy\u0142\u0105cznie za po\u015brednictwem oficjalnej strony internetowej.<\/p>\n<p>Kiedy poszukujesz informacji, gdzie mo\u017cna <strong>kupi\u0107 Exurol<\/strong>, najlepiej skorzysta\u0107 z oficjalnej strony producenta. Zakup na stronie producenta daje gwarancj\u0119 autentyczno\u015bci oraz pewno\u015b\u0107, \u017ce produkt jest bezpieczny i spe\u0142nia najwy\u017csze standardy jako\u015bci. Kupuj\u0105c bezpo\u015brednio u producenta, mo\u017cna r\u00f3wnie\u017c liczy\u0107 na promocje i zni\u017cki, kt\u00f3re nie s\u0105 dost\u0119pne w innych miejscach.<\/p>\n<p>Warto unika\u0107 zakupu Exurol w niesprawdzonych \u017ar\u00f3d\u0142ach, poniewa\u017c istnieje ryzyko nabycia podr\u00f3bki, kt\u00f3ra mo\u017ce nie dzia\u0142a\u0107 tak efektywnie lub by\u0107 wr\u0119cz szkodliwa dla zdrowia.<\/p>\n<h4>Zalety zakupu na oficjalnej stronie:<\/h4>\n<ul>\n<li>Gwarancja autentyczno\u015bci produktu,<\/li>\n<li>Atrakcyjne promocje i zni\u017cki,<\/li>\n<li>Bezpiecze\u0144stwo transakcji,<\/li>\n<li>Mo\u017cliwo\u015b\u0107 uzyskania dodatkowych informacji od producenta.<\/li>\n<\/ul>\n<p>Exurol to innowacyjny suplement diety, kt\u00f3ry skutecznie wspiera m\u0119sk\u0105 potencj\u0119 i poprawia jako\u015b\u0107 \u017cycia seksualnego. Jego starannie dobrany sk\u0142ad oraz potwierdzone dzia\u0142anie sprawiaj\u0105, \u017ce staje si\u0119 coraz bardziej popularny w\u015br\u00f3d m\u0119\u017cczyzn. Aby uzyska\u0107 najlepsze efekty, warto stosowa\u0107 Exurol regularnie i kupowa\u0107 go wy\u0142\u0105cznie u sprawdzonych \u017ar\u00f3de\u0142 \u2013 najlepiej bezpo\u015brednio u producenta.<\/p>\n<p style=\"text-align: center;\"><a class=\"border-button\" href=\"https:\/\/lquqrybl.alohaguys.com\/\">KUPI\u0106 PO CENIE PRODUCENTA (-50%)<\/a><\/p>\n","protected":false},"excerpt":{"rendered":"<p>Nr kat.: 870874667<\/p>\n<p style=\"text-align: center;\"><a class=\"border-button\" href=\"https:\/\/lquqrybl.alohaguys.com\/\">KUP TERAZ<\/a><\/p>\n","protected":false},"featured_media":528,"comment_status":"open","ping_status":"closed","template":"","meta":[],"product_brand":[],"product_cat":[18],"product_tag":[],"class_list":{"0":"post-527","1":"product","2":"type-product","3":"status-publish","4":"has-post-thumbnail","6":"product_cat-suplementy","8":"first","9":"instock","10":"sale","11":"shipping-taxable","12":"purchasable","13":"product-type-simple"},"aioseo_notices":[],"_links":{"self":[{"href":"https:\/\/lekarzpodroznik.pl\/store\/wp-json\/wp\/v2\/product\/527","targetHints":{"allow":["GET"]}}],"collection":[{"href":"https:\/\/lekarzpodroznik.pl\/store\/wp-json\/wp\/v2\/product"}],"about":[{"href":"https:\/\/lekarzpodroznik.pl\/store\/wp-json\/wp\/v2\/types\/product"}],"replies":[{"embeddable":true,"href":"https:\/\/lekarzpodroznik.pl\/store\/wp-json\/wp\/v2\/comments?post=527"}],"wp:featuredmedia":[{"embeddable":true,"href":"https:\/\/lekarzpodroznik.pl\/store\/wp-json\/wp\/v2\/media\/528"}],"wp:attachment":[{"href":"https:\/\/lekarzpodroznik.pl\/store\/wp-json\/wp\/v2\/media?parent=527"}],"wp:term":[{"taxonomy":"product_brand","embeddable":true,"href":"https:\/\/lekarzpodroznik.pl\/store\/wp-json\/wp\/v2\/product_brand?post=527"},{"taxonomy":"product_cat","embeddable":true,"href":"https:\/\/lekarzpodroznik.pl\/store\/wp-json\/wp\/v2\/product_cat?post=527"},{"taxonomy":"product_tag","embeddable":true,"href":"https:\/\/lekarzpodroznik.pl\/store\/wp-json\/wp\/v2\/product_tag?post=527"}],"curies":[{"name":"wp","href":"https:\/\/api.w.org\/{rel}","templated":true}]}}