{"id":529,"date":"2024-10-10T12:18:11","date_gmt":"2024-10-10T12:18:11","guid":{"rendered":"https:\/\/lekarzpodroznik.pl\/store\/?post_type=product&#038;p=529"},"modified":"2025-12-26T17:51:30","modified_gmt":"2025-12-26T17:51:30","slug":"exofeet-oil","status":"publish","type":"product","link":"https:\/\/lekarzpodroznik.pl\/store\/product\/exofeet-oil\/","title":{"rendered":"Exofeet Oil"},"content":{"rendered":"<p>Exofeet Oil to naturalny preparat w postaci olejku, kt\u00f3ry zaliczany jest do grupy \u015brodk\u00f3w przeciwgrzybiczych o dzia\u0142aniu przeciwzapalnym, regeneruj\u0105cym i antyseptycznym. Dzi\u0119ki swoim unikalnym w\u0142a\u015bciwo\u015bciom, olejek ten stanowi idealne rozwi\u0105zanie w walce z grzybic\u0105 paznokci oraz st\u00f3p. Preparat dost\u0119pny jest w wygodnej buteleczce z aplikatorem, co u\u0142atwia jego codzienne stosowanie.<\/p>\n<p>G\u0142\u00f3wnym zadaniem Exofeet Oil jest nie tylko eliminacja grzyb\u00f3w, ale tak\u017ce przywracanie zdrowego wygl\u0105du sk\u00f3rze, z\u0142agodzenie \u015bwi\u0105du i b\u00f3lu oraz zapobieganie nawrotom infekcji. Dzi\u0119ki naturalnym sk\u0142adnikom, produkt mo\u017ce by\u0107 bezpiecznie stosowany zar\u00f3wno przez doros\u0142ych, jak i dzieci.<\/p>\n<p style=\"text-align: center;\"><a class=\"border-button\" href=\"http:\/\/tl-track.com\/tracker\/uRTH\">www.exofeet-oil.pl<\/a><\/p>\n<h2>Wskazania i przeciwwskazania Exofeet Oil<\/h2>\n<h3>Wskazania do stosowania:<\/h3>\n<p>Exofeet Oil przeznaczony jest dla os\u00f3b zmagaj\u0105cych si\u0119 z r\u00f3\u017cnymi postaciami grzybicy sk\u00f3ry i paznokci, a tak\u017ce dla tych, kt\u00f3rzy chc\u0105 zapobiec rozwojowi grzybicy w przypadku kontaktu z zara\u017conymi powierzchniami (np. baseny, si\u0142ownie). G\u0142\u00f3wne wskazania do stosowania preparatu to:<\/p>\n<ul>\n<li>Grzybica st\u00f3p (tinea pedis)<\/li>\n<li>Grzybica paznokci (onychomykoza)<\/li>\n<li>Nadmierna sucho\u015b\u0107 sk\u00f3ry st\u00f3p<\/li>\n<li>\u0141uszczenie si\u0119 sk\u00f3ry i p\u0119kni\u0119cia na pi\u0119tach<\/li>\n<li>\u015awi\u0105d, zaczerwienienie oraz inne objawy zapalenia sk\u00f3ry<\/li>\n<\/ul>\n<h3>Przeciwwskazania:<\/h3>\n<p>Mimo \u017ce Exofeet Oil oparty jest na naturalnych sk\u0142adnikach, istniej\u0105 pewne przeciwwskazania do jego stosowania. Nale\u017cy unika\u0107 stosowania preparatu w przypadku nadwra\u017cliwo\u015bci na kt\u00f3rykolwiek z jego sk\u0142adnik\u00f3w. Zaleca si\u0119 tak\u017ce ostro\u017cno\u015b\u0107 w przypadku stosowania u kobiet w ci\u0105\u017cy oraz karmi\u0105cych piersi\u0105. W przypadku wyst\u0105pienia reakcji alergicznej, takich jak sw\u0119dzenie, pieczenie czy zaczerwienienie sk\u00f3ry, nale\u017cy natychmiast przerwa\u0107 stosowanie olejku i skonsultowa\u0107 si\u0119 z lekarzem.<\/p>\n<h2>Sk\u0142ad Exofeet Oil &#8211; skuteczne sk\u0142adniki<\/h2>\n<p>Exofeet Oil wyr\u00f3\u017cnia si\u0119 unikaln\u0105 formu\u0142\u0105, kt\u00f3ra \u0142\u0105czy w sobie sk\u0142adniki o silnym dzia\u0142aniu przeciwgrzybiczym, przeciwzapalnym oraz regeneruj\u0105cym. Ka\u017cdy sk\u0142adnik zosta\u0142 starannie dobrany, aby zapewni\u0107 maksymaln\u0105 skuteczno\u015b\u0107 i bezpiecze\u0144stwo stosowania. G\u0142\u00f3wne sk\u0142adniki preparatu to:<\/p>\n<h3>Kwas salicylowy<\/h3>\n<p>Kwas salicylowy to substancja o silnym dzia\u0142aniu antyseptycznym i keratolitycznym. Wnika g\u0142\u0119boko w sk\u00f3r\u0119, stymuluj\u0105c przep\u0142yw krwi i wspomagaj\u0105c regeneracj\u0119 tkanek. Dzia\u0142a r\u00f3wnie\u017c jako \u015brodek z\u0142uszczaj\u0105cy, co u\u0142atwia usuwanie martwych kom\u00f3rek sk\u00f3ry, co jest niezwykle wa\u017cne w leczeniu grzybicy st\u00f3p.<\/p>\n<p><strong>Podstawowe w\u0142a\u015bciwo\u015bci kwasu salicylowego:<\/strong><\/p>\n<ul>\n<li><strong>Antyseptyczne:<\/strong> niszczy bakterie i grzyby, zapobiegaj\u0105c dalszemu rozprzestrzenianiu si\u0119 infekcji.<\/li>\n<li><strong>Dra\u017cni\u0105ce:<\/strong> pobudza przep\u0142yw krwi i sprzyja regeneracji tkanek.<\/li>\n<li><strong>Keratolityczne:<\/strong> z\u0142uszcza martwe kom\u00f3rki nask\u00f3rka, co u\u0142atwia ich usuni\u0119cie.<\/li>\n<\/ul>\n<h3>Alantoina<\/h3>\n<p>Alantoina to naturalna substancja, kt\u00f3ra wspomaga regeneracj\u0119 sk\u00f3ry i przyspiesza gojenie si\u0119 ran. W preparacie Exofeet Oil pe\u0142ni funkcj\u0119 sk\u0142adnika nawil\u017caj\u0105cego, \u0142agodz\u0105cego i regeneruj\u0105cego sk\u00f3r\u0119.<\/p>\n<p><strong>Dzia\u0142anie alantoiny:<\/strong><\/p>\n<ul>\n<li><strong>Stymuluje odnow\u0119 nask\u00f3rka:<\/strong> przyspiesza regeneracj\u0119 uszkodzonej sk\u00f3ry.<\/li>\n<li><strong>Wspomaga z\u0142uszczanie:<\/strong> usuwa martwe kom\u00f3rki nask\u00f3rka, u\u0142atwiaj\u0105c regeneracj\u0119 nowych kom\u00f3rek.<\/li>\n<li><strong>Zwalcza wolne rodniki:<\/strong> neutralizuje szkodliwe dzia\u0142anie wolnych rodnik\u00f3w, chroni\u0105c sk\u00f3r\u0119 przed przedwczesnym starzeniem.<\/li>\n<\/ul>\n<h3>Olejek z drzewa herbacianego<\/h3>\n<p>Olejek z drzewa herbacianego to jeden z najskuteczniejszych naturalnych sk\u0142adnik\u00f3w przeciwgrzybiczych. Zawiera takie substancje jak terpinen-4-ol, Alfa-Pin, Linalool i Alfa-terpineol, kt\u00f3re niszcz\u0105 struktury grzyb\u00f3w, eliminuj\u0105c je z powierzchni sk\u00f3ry.<\/p>\n<p><strong>Korzy\u015bci z u\u017cycia olejku z drzewa herbacianego:<\/strong><\/p>\n<ul>\n<li><strong>Silne dzia\u0142anie antybakteryjne i przeciwgrzybicze:<\/strong> niszczy mikroorganizmy wywo\u0142uj\u0105ce infekcje.<\/li>\n<li><strong>Eliminuje sucho\u015b\u0107 i \u0142uszczenie si\u0119 sk\u00f3ry:<\/strong> nawil\u017ca i przywraca zdrowy wygl\u0105d sk\u00f3rze.<\/li>\n<li><strong>\u0141agodzi \u015bwi\u0105d i podra\u017cnienia:<\/strong> przynosi ulg\u0119 w przypadku sw\u0119dz\u0105cej sk\u00f3ry.<\/li>\n<\/ul>\n<h2>Efekty stosowania &#8211; dzia\u0142anie Exofeet Oil<\/h2>\n<p>Regularne stosowanie Exofeet Oil przynosi szereg korzy\u015bci zdrowotnych, kt\u00f3re pomagaj\u0105 w walce z grzybic\u0105 oraz w regeneracji uszkodzonej sk\u00f3ry. Oto najwa\u017cniejsze efekty stosowania tego preparatu:<\/p>\n<ol>\n<li><strong>Zwalcza grzybic\u0119:<\/strong> Exofeet Oil skutecznie niszczy struktury grzyb\u00f3w, eliminuj\u0105c zar\u00f3wno przyczyn\u0119, jak i objawy infekcji.<\/li>\n<li><strong>Regeneruje sk\u00f3r\u0119:<\/strong> dzi\u0119ki zawarto\u015bci alantoiny i olejku z drzewa herbacianego, olejek przyspiesza proces regeneracji sk\u00f3ry, przywracaj\u0105c jej zdrowy wygl\u0105d.<\/li>\n<li><strong>\u0141agodzi stany zapalne i \u015bwi\u0105d:<\/strong> kwas salicylowy oraz olejek z drzewa herbacianego dzia\u0142aj\u0105 przeciwzapalnie, \u0142agodz\u0105c b\u00f3l, zaczerwienienie i \u015bwi\u0105d sk\u00f3ry.<\/li>\n<li><strong>Zapobiega nawrotom:<\/strong> regularne stosowanie olejku zmniejsza ryzyko nawrotu grzybicy, dzi\u0119ki jego silnym w\u0142a\u015bciwo\u015bciom antyseptycznym.<\/li>\n<li><strong>Poprawia wygl\u0105d sk\u00f3ry:<\/strong> Exofeet Oil nie tylko zwalcza grzybic\u0119, ale tak\u017ce nawil\u017ca sk\u00f3r\u0119, poprawia jej elastyczno\u015b\u0107 oraz przywraca naturaln\u0105 barier\u0119 ochronn\u0105.<\/li>\n<\/ol>\n<h2>Gdzie kupi\u0107 Exofeet Oil?<\/h2>\n<p>Je\u015bli zastanawiasz si\u0119, gdzie kupi\u0107 Exofeet Oil, musisz wiedzie\u0107, \u017ce preparat ten nie jest dost\u0119pny w tradycyjnych aptekach stacjonarnych. Aby zapewni\u0107 autentyczno\u015b\u0107 produktu oraz unikn\u0105\u0107 podr\u00f3bek, producent zdecydowa\u0142 si\u0119 na sprzeda\u017c olejku wy\u0142\u0105cznie przez internet. Dlatego te\u017c, je\u015bli chcesz zakupi\u0107 Exofeet Oil, zaleca si\u0119 korzystanie z oficjalnej strony producenta, gdzie mo\u017cna znale\u017a\u0107 atrakcyjne promocje oraz gwarancj\u0119 jako\u015bci.<\/p>\n<p>Kupuj\u0105c Exofeet Oil bezpo\u015brednio od producenta, masz pewno\u015b\u0107, \u017ce otrzymujesz oryginalny produkt, kt\u00f3ry skutecznie pomo\u017ce w walce z grzybic\u0105. Warto r\u00f3wnie\u017c pami\u0119ta\u0107, \u017ce preparaty dost\u0119pne na nieautoryzowanych stronach mog\u0105 by\u0107 podr\u00f3bkami, kt\u00f3re nie gwarantuj\u0105 takiej samej skuteczno\u015bci i bezpiecze\u0144stwa.<\/p>\n<p style=\"text-align: center;\"><a class=\"border-button\" href=\"http:\/\/tl-track.com\/tracker\/uRTH\">KUPI\u0106 PO CENIE PRODUCENTA (-50%)<\/a><\/p>\n","protected":false},"excerpt":{"rendered":"<p>Nr kat.: 870874668<\/p>\n<p style=\"text-align: center;\"><a class=\"border-button\" href=\"http:\/\/tl-track.com\/tracker\/uRTH\">KUP TERAZ<\/a><\/p>\n","protected":false},"featured_media":530,"comment_status":"open","ping_status":"closed","template":"","meta":[],"product_brand":[],"product_cat":[18],"product_tag":[],"class_list":{"0":"post-529","1":"product","2":"type-product","3":"status-publish","4":"has-post-thumbnail","6":"product_cat-suplementy","8":"first","9":"instock","10":"sale","11":"shipping-taxable","12":"purchasable","13":"product-type-simple"},"aioseo_notices":[],"_links":{"self":[{"href":"https:\/\/lekarzpodroznik.pl\/store\/wp-json\/wp\/v2\/product\/529","targetHints":{"allow":["GET"]}}],"collection":[{"href":"https:\/\/lekarzpodroznik.pl\/store\/wp-json\/wp\/v2\/product"}],"about":[{"href":"https:\/\/lekarzpodroznik.pl\/store\/wp-json\/wp\/v2\/types\/product"}],"replies":[{"embeddable":true,"href":"https:\/\/lekarzpodroznik.pl\/store\/wp-json\/wp\/v2\/comments?post=529"}],"wp:featuredmedia":[{"embeddable":true,"href":"https:\/\/lekarzpodroznik.pl\/store\/wp-json\/wp\/v2\/media\/530"}],"wp:attachment":[{"href":"https:\/\/lekarzpodroznik.pl\/store\/wp-json\/wp\/v2\/media?parent=529"}],"wp:term":[{"taxonomy":"product_brand","embeddable":true,"href":"https:\/\/lekarzpodroznik.pl\/store\/wp-json\/wp\/v2\/product_brand?post=529"},{"taxonomy":"product_cat","embeddable":true,"href":"https:\/\/lekarzpodroznik.pl\/store\/wp-json\/wp\/v2\/product_cat?post=529"},{"taxonomy":"product_tag","embeddable":true,"href":"https:\/\/lekarzpodroznik.pl\/store\/wp-json\/wp\/v2\/product_tag?post=529"}],"curies":[{"name":"wp","href":"https:\/\/api.w.org\/{rel}","templated":true}]}}