{"id":556,"date":"2024-10-11T07:29:53","date_gmt":"2024-10-11T07:29:53","guid":{"rendered":"https:\/\/lekarzpodroznik.pl\/store\/?post_type=product&#038;p=556"},"modified":"2025-03-12T10:55:39","modified_gmt":"2025-03-12T10:55:39","slug":"matcha-slim","status":"publish","type":"product","link":"https:\/\/lekarzpodroznik.pl\/store\/product\/matcha-slim\/","title":{"rendered":"Matcha Slim"},"content":{"rendered":"<p>Matcha Slim to innowacyjny produkt stworzony z my\u015bl\u0105 o osobach, kt\u00f3re pragn\u0105 skutecznie schudn\u0105\u0107 i poprawi\u0107 swoj\u0105 sylwetk\u0119. Jego formu\u0142a bazuje na japo\u0144skiej herbacie matcha, kt\u00f3ra od wiek\u00f3w jest ceniona za swoje w\u0142a\u015bciwo\u015bci zdrowotne, szczeg\u00f3lnie w kontek\u015bcie przyspieszania metabolizmu i spalania t\u0142uszczu. Matcha Slim jest dost\u0119pny w formie proszku, kt\u00f3ry nale\u017cy rozpuszcza\u0107 w wodzie, tworz\u0105c orze\u017awiaj\u0105cy nap\u00f3j wspomagaj\u0105cy proces odchudzania.<\/p>\n<p>Jest to produkt nale\u017c\u0105cy do kategorii suplement\u00f3w diety wspomagaj\u0105cych odchudzanie. Dzia\u0142a na wielu poziomach: przyspiesza metabolizm, poprawia przyswajanie sk\u0142adnik\u00f3w od\u017cywczych, zwi\u0119ksza energi\u0119 oraz wspomaga regeneracj\u0119 mi\u0119\u015bni. Jego unikalne dzia\u0142anie nie ogranicza si\u0119 tylko do spalania t\u0142uszczu \u2013 Matcha Slim wp\u0142ywa r\u00f3wnie\u017c na og\u00f3lny stan organizmu, wzmacniaj\u0105c go od \u015brodka.<\/p>\n<p style=\"text-align: center;\"><a class=\"border-button\" href=\"https:\/\/mandarv.com\/ntCS?sub1=sub1&amp;sub2=sub2&amp;sub3=sub3&amp;sub4=sub4&amp;sub5=sub5\">www.matcha-slim.pl<\/a><\/p>\n<h2>Wskazania i przeciwwskazania Matcha Slim<\/h2>\n<p>Matcha Slim jest rekomendowany przede wszystkim dla os\u00f3b, kt\u00f3re:<\/p>\n<ul>\n<li>Chc\u0105 skutecznie schudn\u0105\u0107 bez efektu jo-jo.<\/li>\n<li>Zmagaj\u0105 si\u0119 z problemami z wolnym metabolizmem.<\/li>\n<li>Pragn\u0105 wzmocni\u0107 swoj\u0105 tkank\u0119 mi\u0119\u015bniow\u0105 i poprawi\u0107 sylwetk\u0119.<\/li>\n<li>Poszukuj\u0105 naturalnego sposobu na redukcj\u0119 tkanki t\u0142uszczowej.<\/li>\n<\/ul>\n<p>Jednak jak ka\u017cdy suplement diety, Matcha Slim posiada tak\u017ce pewne przeciwwskazania. Nie jest zalecany dla os\u00f3b uczulonych na kt\u00f3rykolwiek ze sk\u0142adnik\u00f3w produktu. Kobiety w ci\u0105\u017cy oraz karmi\u0105ce piersi\u0105 powinny skonsultowa\u0107 si\u0119 z lekarzem przed rozpocz\u0119ciem kuracji. R\u00f3wnie\u017c osoby z problemami kardiologicznymi czy nadci\u015bnieniem powinny zasi\u0119gn\u0105\u0107 opinii specjalisty, gdy\u017c Matcha Slim mo\u017ce mie\u0107 wp\u0142yw na poziom energii i ci\u015bnienie krwi.<\/p>\n<h2>Sk\u0142ad Matcha Slim \u2013 skuteczne sk\u0142adniki<\/h2>\n<p>Kluczowym elementem skuteczno\u015bci Matcha Slim jest jego naturalny sk\u0142ad, kt\u00f3ry zawiera starannie dobrane sk\u0142adniki aktywne wspomagaj\u0105ce odchudzanie:<\/p>\n<ol>\n<li><strong>Matcha<\/strong> \u2013 podstawowy sk\u0142adnik Matcha Slim, to sproszkowana zielona herbata o niezwyk\u0142ych w\u0142a\u015bciwo\u015bciach. Matcha zawiera katechiny, kt\u00f3re przyspieszaj\u0105 spalanie t\u0142uszczu oraz maj\u0105 silne w\u0142a\u015bciwo\u015bci przeciwutleniaj\u0105ce, chroni\u0105c organizm przed stresem oksydacyjnym. Dodatkowo matcha zwi\u0119ksza poziom energii i poprawia koncentracj\u0119, co jest wa\u017cne podczas procesu odchudzania.<\/li>\n<li><strong>Ekstrakt z zielonej herbaty<\/strong> \u2013 dzia\u0142a synergistycznie z match\u0105, wzmacniaj\u0105c jej dzia\u0142anie spalaj\u0105ce t\u0142uszcz i przyspieszaj\u0105ce metabolizm. Zawiera polifenole, kt\u00f3re wspieraj\u0105 detoksykacj\u0119 organizmu oraz regulacj\u0119 poziomu cholesterolu.<\/li>\n<li><strong>Tauryna<\/strong> \u2013 sk\u0142adnik znany z poprawy metabolizmu t\u0142uszcz\u00f3w oraz zwi\u0119kszenia wydolno\u015bci organizmu. Dzi\u0119ki taurynie \u0107wiczenia staj\u0105 si\u0119 bardziej efektywne, co pomaga w szybszym budowaniu smuk\u0142ej sylwetki.<\/li>\n<li><strong>B\u0142onnik<\/strong> \u2013 wspiera trawienie, zapewniaj\u0105c uczucie syto\u015bci i redukuj\u0105c apetyt. Pomaga r\u00f3wnie\u017c w regulacji poziomu cukru we krwi, co jest kluczowe w kontrolowaniu masy cia\u0142a.<\/li>\n<li><strong>L-karnityna<\/strong> \u2013 wspomaga transport kwas\u00f3w t\u0142uszczowych do mitochondri\u00f3w, co umo\u017cliwia efektywne spalanie t\u0142uszczu. Dzi\u0119ki L-karnitynie proces odchudzania jest szybszy i bardziej skuteczny.<\/li>\n<\/ol>\n<h2>Efekty stosowania \u2013 dzia\u0142anie Matcha Slim<\/h2>\n<p>Stosowanie Matcha Slim mo\u017ce przynie\u015b\u0107 szerokie korzy\u015bci zdrowotne i estetyczne, w tym:<\/p>\n<ol>\n<li><strong>Szybkie spalanie t\u0142uszczu<\/strong> \u2013 dzi\u0119ki sk\u0142adnikom, kt\u00f3re przyspieszaj\u0105 metabolizm, Matcha Slim umo\u017cliwia szybsze spalanie t\u0142uszczu, zw\u0142aszcza w trudnych do zredukowania miejscach, takich jak brzuch, uda czy biodra.<\/li>\n<li><strong>Penetracja kom\u00f3rek t\u0142uszczowych<\/strong> \u2013 unikalna formu\u0142a Matcha Slim dzia\u0142a na poziomie kom\u00f3rkowym, niszcz\u0105c kom\u00f3rki t\u0142uszczowe od wewn\u0105trz i przyspieszaj\u0105c ich rozk\u0142ad. Efektem jest smuklejsza sylwetka i redukcja obwodu w talii.<\/li>\n<li><strong>Wzmocnienie mi\u0119\u015bni<\/strong> \u2013 Matcha Slim nie tylko redukuje t\u0142uszcz, ale tak\u017ce wzmacnia mi\u0119\u015bnie. Dzi\u0119ki poprawie przyswajania bia\u0142ka, organizm lepiej buduje tkank\u0119 mi\u0119\u015bniow\u0105, co pozwala uzyska\u0107 \u0142adnie zarysowane mi\u0119\u015bnie, a nie wiotk\u0105 sk\u00f3r\u0119 po odchudzaniu.<\/li>\n<li><strong>Brak efektu jo-jo<\/strong> \u2013 dzi\u0119ki naturalnemu pochodzeniu sk\u0142adnik\u00f3w, Matcha Slim dzia\u0142a d\u0142ugoterminowo. Regularne stosowanie pozwala utrzyma\u0107 wymarzon\u0105 sylwetk\u0119 bez ryzyka powrotu nadmiarowych kilogram\u00f3w po zako\u0144czeniu kuracji.<\/li>\n<li><strong>Poprawa wydolno\u015bci<\/strong> \u2013 osoby stosuj\u0105ce Matcha Slim zauwa\u017caj\u0105 wzrost energii i popraw\u0119 wydolno\u015bci fizycznej. Suplement wspomaga lepsze wykorzystanie t\u0142uszczu jako \u017ar\u00f3d\u0142a energii, co jest szczeg\u00f3lnie przydatne podczas intensywnych trening\u00f3w.<\/li>\n<\/ol>\n<h2>Gdzie kupi\u0107 Matcha Slim?<\/h2>\n<p>Zakup Matcha Slim to kluczowy element skutecznego rozpocz\u0119cia procesu odchudzania. Produkt nie jest dost\u0119pny w stacjonarnych aptekach, dlatego aby unikn\u0105\u0107 podr\u00f3bek, najlepiej kupowa\u0107 go bezpo\u015brednio u producenta. W sieci cz\u0119sto mo\u017cna natrafi\u0107 na oferty, kt\u00f3re nie gwarantuj\u0105 oryginalno\u015bci produktu, dlatego warto dok\u0142adnie sprawdzi\u0107, gdzie kupi\u0107 Matcha Slim. Najpewniejsz\u0105 opcj\u0105 jest zam\u00f3wienie go poprzez oficjaln\u0105 stron\u0119 producenta. Kupowanie suplement\u00f3w z nieznanych \u017ar\u00f3de\u0142 niesie ryzyko zakupu nieskutecznych podr\u00f3bek, kt\u00f3re mog\u0105 nie tylko nie przynie\u015b\u0107 efekt\u00f3w, ale r\u00f3wnie\u017c by\u0107 szkodliwe dla zdrowia.<\/p>\n<p>Matcha Slim to jeden z najbardziej skutecznych suplement\u00f3w diety na odchudzanie dost\u0119pnych na rynku. Jego unikalna formu\u0142a, oparta na matcha oraz innych naturalnych sk\u0142adnikach, sprawia, \u017ce dzia\u0142a wielopoziomowo: przyspiesza metabolizm, wspomaga spalanie t\u0142uszczu, wzmacnia mi\u0119\u015bnie i poprawia og\u00f3lny stan zdrowia. Jest idealnym rozwi\u0105zaniem dla os\u00f3b, kt\u00f3re chc\u0105 osi\u0105gn\u0105\u0107 smuk\u0142\u0105 sylwetk\u0119 bez wyrzecze\u0144 i nadmiernego wysi\u0142ku.<\/p>\n<p style=\"text-align: center;\"><a class=\"border-button\" href=\"https:\/\/mandarv.com\/ntCS?sub1=sub1&amp;sub2=sub2&amp;sub3=sub3&amp;sub4=sub4&amp;sub5=sub5\">KUPI\u0106 PO CENIE PRODUCENTA (-50%)<\/a><\/p>\n","protected":false},"excerpt":{"rendered":"<p>Nr kat.: 870874681<\/p>\n<p style=\"text-align: center;\"><a class=\"border-button\" href=\"https:\/\/mandarv.com\/ntCS?sub1=sub1&amp;sub2=sub2&amp;sub3=sub3&amp;sub4=sub4&amp;sub5=sub5\">KUP TERAZ<\/a><\/p>\n","protected":false},"featured_media":1171,"comment_status":"open","ping_status":"closed","template":"","meta":[],"product_brand":[],"product_cat":[18],"product_tag":[],"class_list":{"0":"post-556","1":"product","2":"type-product","3":"status-publish","4":"has-post-thumbnail","6":"product_cat-suplementy","8":"first","9":"instock","10":"sale","11":"shipping-taxable","12":"purchasable","13":"product-type-simple"},"aioseo_notices":[],"_links":{"self":[{"href":"https:\/\/lekarzpodroznik.pl\/store\/wp-json\/wp\/v2\/product\/556","targetHints":{"allow":["GET"]}}],"collection":[{"href":"https:\/\/lekarzpodroznik.pl\/store\/wp-json\/wp\/v2\/product"}],"about":[{"href":"https:\/\/lekarzpodroznik.pl\/store\/wp-json\/wp\/v2\/types\/product"}],"replies":[{"embeddable":true,"href":"https:\/\/lekarzpodroznik.pl\/store\/wp-json\/wp\/v2\/comments?post=556"}],"wp:featuredmedia":[{"embeddable":true,"href":"https:\/\/lekarzpodroznik.pl\/store\/wp-json\/wp\/v2\/media\/1171"}],"wp:attachment":[{"href":"https:\/\/lekarzpodroznik.pl\/store\/wp-json\/wp\/v2\/media?parent=556"}],"wp:term":[{"taxonomy":"product_brand","embeddable":true,"href":"https:\/\/lekarzpodroznik.pl\/store\/wp-json\/wp\/v2\/product_brand?post=556"},{"taxonomy":"product_cat","embeddable":true,"href":"https:\/\/lekarzpodroznik.pl\/store\/wp-json\/wp\/v2\/product_cat?post=556"},{"taxonomy":"product_tag","embeddable":true,"href":"https:\/\/lekarzpodroznik.pl\/store\/wp-json\/wp\/v2\/product_tag?post=556"}],"curies":[{"name":"wp","href":"https:\/\/api.w.org\/{rel}","templated":true}]}}