{"id":562,"date":"2024-10-11T07:45:06","date_gmt":"2024-10-11T07:45:06","guid":{"rendered":"https:\/\/lekarzpodroznik.pl\/store\/?post_type=product&#038;p=562"},"modified":"2025-03-12T11:44:48","modified_gmt":"2025-03-12T11:44:48","slug":"rhino-gold-gel","status":"publish","type":"product","link":"https:\/\/lekarzpodroznik.pl\/store\/product\/rhino-gold-gel\/","title":{"rendered":"Rhino Gold Gel"},"content":{"rendered":"<p><strong>Rhino Gold<\/strong> to \u017cel do zewn\u0119trznego stosowania, kt\u00f3ry zosta\u0142 stworzony z my\u015bl\u0105 o poprawie funkcji seksualnych m\u0119\u017cczyzn. Produkt ten klasyfikowany jest jako naturalny suplement diety wspomagaj\u0105cy potencj\u0119 i powi\u0119kszenie penisa. Jego formu\u0142a zosta\u0142a opracowana na bazie naturalnych sk\u0142adnik\u00f3w, kt\u00f3re maj\u0105 wspiera\u0107 erekcj\u0119, wyd\u0142u\u017ca\u0107 czas stosunku oraz wp\u0142ywa\u0107 na wzrost d\u0142ugo\u015bci i obwodu penisa.<\/p>\n<p>Rhino Gold skierowany jest do m\u0119\u017cczyzn w r\u00f3\u017cnym wieku, kt\u00f3rzy chc\u0105 poprawi\u0107 swoje mo\u017cliwo\u015bci seksualne, zwi\u0119kszy\u0107 wytrzyma\u0142o\u015b\u0107 i cieszy\u0107 si\u0119 intensywniejszymi doznaniami. Produkt polecany jest tak\u017ce tym, kt\u00f3rzy chc\u0105 zwi\u0119kszy\u0107 rozmiar swojego cz\u0142onka, co mo\u017ce wp\u0142yn\u0105\u0107 pozytywnie na pewno\u015b\u0107 siebie w sypialni. Rhino Gold znajduje szczeg\u00f3lne zastosowanie u os\u00f3b, kt\u00f3re odczuwaj\u0105 problemy z erekcj\u0105, maj\u0105 kr\u00f3tkie stosunki seksualne lub chc\u0105 poprawi\u0107 jako\u015b\u0107 swojego \u017cycia intymnego.<\/p>\n<p style=\"text-align: center;\"><a class=\"border-button\" href=\"https:\/\/price-low.eu\/a\/M1gOh6p9gSkNNW\">www.rhino-gold-gel.pl<\/a><\/p>\n<h2>Wskazania i przeciwwskazania Rhino Gold<\/h2>\n<p>Stosowanie Rhino Gold jest wskazane w przypadku:<\/p>\n<ul>\n<li>Zaburze\u0144 erekcji;<\/li>\n<li>Skr\u00f3conego czasu trwania stosunku;<\/li>\n<li>Niskiego poziomu libido;<\/li>\n<li>Problemy z potencj\u0105 zwi\u0105zane z wiekiem;<\/li>\n<li>Ch\u0119ci zwi\u0119kszenia d\u0142ugo\u015bci i obwodu penisa.<\/li>\n<\/ul>\n<p><strong>Przeciwwskazania:<\/strong><\/p>\n<p>Mimo naturalnego sk\u0142adu, Rhino Gold mo\u017ce nie by\u0107 odpowiedni dla wszystkich. Nale\u017cy unika\u0107 stosowania preparatu, je\u015bli masz uczulenie na kt\u00f3rykolwiek ze sk\u0142adnik\u00f3w \u017celu. Nie jest zalecany r\u00f3wnie\u017c osobom z powa\u017cnymi problemami kardiologicznymi oraz m\u0119\u017cczyznom z chorobami uk\u0142adu moczowo-p\u0142ciowego, kt\u00f3re mog\u0105 wymaga\u0107 interwencji medycznej. Zawsze warto skonsultowa\u0107 si\u0119 z lekarzem przed rozpocz\u0119ciem stosowania produktu.<\/p>\n<h2>Sk\u0142ad Rhino Gold &#8211; skuteczne sk\u0142adniki<\/h2>\n<p>Jednym z kluczowych czynnik\u00f3w decyduj\u0105cych o skuteczno\u015bci Rhino Gold jest jego naturalny sk\u0142ad. Ka\u017cdy z u\u017cytych sk\u0142adnik\u00f3w ma precyzyjnie okre\u015blone dzia\u0142anie na popraw\u0119 funkcji seksualnych. Przyjrzyjmy si\u0119 bli\u017cej sk\u0142adnikom, kt\u00f3re znajdziemy w Rhino Gold:<\/p>\n<h3>Li\u015b\u0107 Damiana<\/h3>\n<p>Li\u015b\u0107 Damiana to naturalny afrodyzjak, kt\u00f3ry zwi\u0119ksza atrakcyjno\u015b\u0107 i podniecenie. Ro\u015blina ta by\u0142a u\u017cywana od wiek\u00f3w do poprawy funkcji seksualnych. Dodatkowo, wspiera spermatogenez\u0119 (produkcj\u0119 plemnik\u00f3w) oraz poprawia ich jako\u015b\u0107. Jednym z ciekawszych efekt\u00f3w jest skr\u00f3cenie okresu refrakcji \u2013 czyli czasu, kt\u00f3ry m\u0119\u017cczyzna potrzebuje na ponowne osi\u0105gni\u0119cie erekcji po wytrysku. Li\u015b\u0107 Damiana r\u00f3wnie\u017c normalizuje kr\u0105\u017cenie krwi, co skutkuje mocniejsz\u0105 i trwalsz\u0105 erekcj\u0105.<\/p>\n<h3>Maca peruwia\u0144ska<\/h3>\n<p>Maca peruwia\u0144ska to kolejny sk\u0142adnik o udowodnionych w\u0142a\u015bciwo\u015bciach wzmacniaj\u0105cych. Ro\u015blina ta dzia\u0142a stymuluj\u0105co na produkcj\u0119 testosteronu, co bezpo\u015brednio przek\u0142ada si\u0119 na zwi\u0119kszon\u0105 wytrzyma\u0142o\u015b\u0107 podczas stosunku. Co wi\u0119cej, Maca intensyfikuje przyjemno\u015b\u0107 z dozna\u0144 seksualnych, zwi\u0119kszaj\u0105c ich intensywno\u015b\u0107. Dzi\u0119ki jej dzia\u0142aniu, stosunek mo\u017ce trwa\u0107 nawet 45-60 minut, a czasami i d\u0142u\u017cej.<\/p>\n<h3>Muira Puama<\/h3>\n<p>Muira Puama jest znana z tego, \u017ce zmniejsza wra\u017cliwo\u015b\u0107 receptor\u00f3w na \u017co\u0142\u0119dziach penisa, co znacz\u0105co wyd\u0142u\u017ca czas trwania stosunku. Ro\u015blina ta wspomaga nap\u0142yw krwi do narz\u0105d\u00f3w miednicy, co ma bezpo\u015bredni wp\u0142yw na jako\u015b\u0107 erekcji. Dzia\u0142anie Muira Puama sprawia, \u017ce m\u0119\u017cczy\u017ani mog\u0105 d\u0142u\u017cej cieszy\u0107 si\u0119 stosunkiem, bez obaw o przedwczesny wytrysk.<\/p>\n<h3>L-arginina<\/h3>\n<p>L-arginina to aminokwas, kt\u00f3ry odgrywa kluczow\u0105 rol\u0119 w procesie rozrostu cia\u0142 jamistych w tkankach penisa. Regularne stosowanie Rhino Gold, zawieraj\u0105cego L-arginin\u0119, mo\u017ce prowadzi\u0107 do zwi\u0119kszenia d\u0142ugo\u015bci i obwodu penisa. Aminokwas ten wspomaga r\u00f3wnie\u017c produkcj\u0119 tlenku azotu, co przyczynia si\u0119 do rozszerzania naczy\u0144 krwiono\u015bnych i lepszego ukrwienia narz\u0105d\u00f3w p\u0142ciowych.<\/p>\n<h2>Efekty stosowania &#8211; dzia\u0142anie \u017cel Rhino Gold<\/h2>\n<p>Rhino Gold, dzi\u0119ki swojemu unikalnemu sk\u0142adowi, oferuje szereg korzy\u015bci dla m\u0119\u017cczyzn:<\/p>\n<ol>\n<li><strong>Poprawa erekcji<\/strong>: Dzi\u0119ki sk\u0142adnikom takim jak L-arginina, \u017cel Rhino Gold wspomaga nap\u0142yw krwi do penisa, co pozwala na uzyskanie silnej i d\u0142ugotrwa\u0142ej erekcji.<\/li>\n<li><strong>Wyd\u0142u\u017cenie stosunku<\/strong>: Muira Puama oraz Li\u015b\u0107 Damiana zmniejszaj\u0105 wra\u017cliwo\u015b\u0107 receptor\u00f3w i skracaj\u0105 czas potrzebny na ponown\u0105 erekcj\u0119, co umo\u017cliwia d\u0142u\u017csze i bardziej satysfakcjonuj\u0105ce stosunki.<\/li>\n<li><strong>Zwi\u0119kszenie rozmiaru penisa<\/strong>: Regularne stosowanie \u017celu mo\u017ce prowadzi\u0107 do wzrostu d\u0142ugo\u015bci i obwodu cz\u0142onka, co jest efektem dzia\u0142ania L-argininy i jej wp\u0142ywu na cia\u0142a jamiste.<\/li>\n<li><strong>Zwi\u0119kszona wytrzyma\u0142o\u015b\u0107<\/strong>: Maca peruwia\u0144ska wzmacnia organizm, co pozwala na d\u0142u\u017csze stosunki i intensywniejsze orgazmy.<\/li>\n<\/ol>\n<p>Stosowanie Rhino Gold mo\u017ce przynie\u015b\u0107 efekty w relatywnie kr\u00f3tkim czasie, cho\u0107 pe\u0142ne rezultaty mog\u0105 wymaga\u0107 regularnego u\u017cywania przez kilka tygodni.<\/p>\n<h2>Gdzie kupi\u0107 Rhino Gold?<\/h2>\n<p>Je\u017celi zastanawiasz si\u0119, <strong>gdzie kupi\u0107 Rhino Gold<\/strong>, nale\u017cy zwr\u00f3ci\u0107 uwag\u0119, \u017ce produkt nie jest dost\u0119pny w tradycyjnych aptekach. Rhino Gold mo\u017cna kupi\u0107 wy\u0142\u0105cznie u producenta, co zapewnia autentyczno\u015b\u0107 produktu oraz bezpieczn\u0105 i dyskretn\u0105 dostaw\u0119. Warto unika\u0107 ofert na niepewnych stronach internetowych czy portalach aukcyjnych, gdzie mo\u017cna natkn\u0105\u0107 si\u0119 na podr\u00f3bki.<\/p>\n<p>Wyszukuj\u0105c frazy takie jak <strong>\u201eRhino Gold gdzie kupi\u0107\u201d<\/strong>, najlepiej skorzysta\u0107 z oficjalnej strony producenta, kt\u00f3ry oferuje nie tylko atrakcyjne promocje, ale tak\u017ce gwarancj\u0119 jako\u015bci. Nie daj si\u0119 nabra\u0107 na produkty o podobnej nazwie sprzedawane w aptekach \u2013 Rhino Gold dost\u0119pny jest wy\u0142\u0105cznie w sprzeda\u017cy internetowej.<\/p>\n<p>Je\u015bli zdecydujesz si\u0119 na zakup, warto pami\u0119ta\u0107, \u017ce Rhino Gold oferuje dyskretn\u0105 przesy\u0142k\u0119, co jest dodatkow\u0105 zalet\u0105 dla tych, kt\u00f3rzy ceni\u0105 swoj\u0105 prywatno\u015b\u0107.<\/p>\n<p>Rhino Gold to preparat, kt\u00f3ry \u0142\u0105czy w sobie dzia\u0142anie naturalnych afrodyzjak\u00f3w i sk\u0142adnik\u00f3w wspomagaj\u0105cych m\u0119sk\u0105 potencj\u0119. Jego unikalny sk\u0142ad, prostota stosowania oraz szerokie spektrum dzia\u0142ania sprawiaj\u0105, \u017ce jest to produkt wart uwagi.<\/p>\n<p style=\"text-align: center;\"><a class=\"border-button\" href=\"https:\/\/price-low.eu\/a\/M1gOh6p9gSkNNW\">KUPI\u0106 PO CENIE PRODUCENTA (-50%)<\/a><\/p>\n","protected":false},"excerpt":{"rendered":"<p>Nr kat.: 870874684<\/p>\n<p style=\"text-align: center;\"><a class=\"border-button\" href=\"https:\/\/price-low.eu\/a\/M1gOh6p9gSkNNW\">KUP TERAZ<\/a><\/p>\n","protected":false},"featured_media":1221,"comment_status":"open","ping_status":"closed","template":"","meta":[],"product_brand":[],"product_cat":[18],"product_tag":[],"class_list":{"0":"post-562","1":"product","2":"type-product","3":"status-publish","4":"has-post-thumbnail","6":"product_cat-suplementy","8":"first","9":"instock","10":"sale","11":"shipping-taxable","12":"purchasable","13":"product-type-simple"},"aioseo_notices":[],"_links":{"self":[{"href":"https:\/\/lekarzpodroznik.pl\/store\/wp-json\/wp\/v2\/product\/562","targetHints":{"allow":["GET"]}}],"collection":[{"href":"https:\/\/lekarzpodroznik.pl\/store\/wp-json\/wp\/v2\/product"}],"about":[{"href":"https:\/\/lekarzpodroznik.pl\/store\/wp-json\/wp\/v2\/types\/product"}],"replies":[{"embeddable":true,"href":"https:\/\/lekarzpodroznik.pl\/store\/wp-json\/wp\/v2\/comments?post=562"}],"wp:featuredmedia":[{"embeddable":true,"href":"https:\/\/lekarzpodroznik.pl\/store\/wp-json\/wp\/v2\/media\/1221"}],"wp:attachment":[{"href":"https:\/\/lekarzpodroznik.pl\/store\/wp-json\/wp\/v2\/media?parent=562"}],"wp:term":[{"taxonomy":"product_brand","embeddable":true,"href":"https:\/\/lekarzpodroznik.pl\/store\/wp-json\/wp\/v2\/product_brand?post=562"},{"taxonomy":"product_cat","embeddable":true,"href":"https:\/\/lekarzpodroznik.pl\/store\/wp-json\/wp\/v2\/product_cat?post=562"},{"taxonomy":"product_tag","embeddable":true,"href":"https:\/\/lekarzpodroznik.pl\/store\/wp-json\/wp\/v2\/product_tag?post=562"}],"curies":[{"name":"wp","href":"https:\/\/api.w.org\/{rel}","templated":true}]}}