{"id":570,"date":"2024-10-11T08:06:38","date_gmt":"2024-10-11T08:06:38","guid":{"rendered":"https:\/\/lekarzpodroznik.pl\/store\/?post_type=product&#038;p=570"},"modified":"2025-12-26T18:05:35","modified_gmt":"2025-12-26T18:05:35","slug":"activestin","status":"publish","type":"product","link":"https:\/\/lekarzpodroznik.pl\/store\/product\/activestin\/","title":{"rendered":"Activestin"},"content":{"rendered":"<p>Activestin to nowoczesny suplement diety w formie musuj\u0105cych tabletek, przeznaczony dla os\u00f3b pragn\u0105cych zadba\u0107 o swoj\u0105 sylwetk\u0119. Produkt wyr\u00f3\u017cnia si\u0119 starannie dobranym sk\u0142adem, kt\u00f3ry wspiera procesy zwi\u0105zane z utrat\u0105 tkanki t\u0142uszczowej oraz popraw\u0105 og\u00f3lnej wydolno\u015bci organizmu. Jego musuj\u0105ca forma umo\u017cliwia szybkie przygotowanie orze\u017awiaj\u0105cego napoju o smaku pomara\u0144czowym, co sprawia, \u017ce stosowanie preparatu jest nie tylko skuteczne, ale i przyjemne. Activestin to propozycja zar\u00f3wno dla os\u00f3b aktywnie \u0107wicz\u0105cych, jak i tych, kt\u00f3re chc\u0105 rozpocz\u0105\u0107 przygod\u0119 z redukcj\u0105 wagi.<\/p>\n<p>Produkt ten nale\u017cy do grupy suplement\u00f3w wspomagaj\u0105cych odchudzanie, kt\u00f3re maj\u0105 za zadanie wspiera\u0107 organizm w procesach metabolicznych oraz u\u0142atwia\u0107 spalanie t\u0142uszczu. Activestin dzia\u0142a na wielu poziomach, a jego formu\u0142a zosta\u0142a oparta na naturalnych sk\u0142adnikach, kt\u00f3re w spos\u00f3b bezpieczny i efektywny wp\u0142ywaj\u0105 na przemiany energetyczne organizmu. Co wa\u017cne, preparat nie zawiera sztucznych substancji chemicznych, kt\u00f3re mog\u0142yby negatywnie wp\u0142ywa\u0107 na zdrowie, dzi\u0119ki czemu jest to bezpieczna opcja dla os\u00f3b, kt\u00f3re chc\u0105 schudn\u0105\u0107 bez ryzyka skutk\u00f3w ubocznych.<\/p>\n<p style=\"text-align: center;\"><a class=\"border-button\" href=\"https:\/\/tl-track.com\/tracker\/ukUh\">www.activestin.pl<\/a><\/p>\n<h2>Wskazania i przeciwwskazania Activestin<\/h2>\n<p>Activestin jest zalecany osobom, kt\u00f3re d\u0105\u017c\u0105 do redukcji masy cia\u0142a oraz poprawy swojej sylwetki. Dzia\u0142a na r\u00f3\u017cne sposoby, wspomagaj\u0105c zar\u00f3wno proces spalania tkanki t\u0142uszczowej, jak i poprawiaj\u0105c og\u00f3ln\u0105 wydolno\u015b\u0107 fizyczn\u0105 organizmu. Suplement polecany jest szczeg\u00f3lnie osobom:<\/p>\n<ul>\n<li>Aktywnie uprawiaj\u0105cym sport,<\/li>\n<li>D\u0105\u017c\u0105cym do zwi\u0119kszenia tempa przemiany materii,<\/li>\n<li>Walcz\u0105cym z uczuciem zm\u0119czenia i wyczerpania,<\/li>\n<li>Szukaj\u0105cym naturalnego wsparcia w procesie redukcji wagi.<\/li>\n<\/ul>\n<h3>Przeciwwskazania do stosowania Activestin:<\/h3>\n<ul>\n<li>Nadwra\u017cliwo\u015b\u0107 na kt\u00f3rykolwiek ze sk\u0142adnik\u00f3w preparatu,<\/li>\n<li>Ci\u0105\u017ca i karmienie piersi\u0105,<\/li>\n<li>Problemy z sercem lub uk\u0142adem kr\u0105\u017cenia (ze wzgl\u0119du na zawarto\u015b\u0107 kofeiny),<\/li>\n<li>Stosowanie przez osoby poni\u017cej 18 roku \u017cycia.<\/li>\n<\/ul>\n<p>Przed rozpocz\u0119ciem stosowania Activestin warto skonsultowa\u0107 si\u0119 z lekarzem lub dietetykiem, szczeg\u00f3lnie w przypadku wyst\u0119powania jakichkolwiek problem\u00f3w zdrowotnych.<\/p>\n<h2>Sk\u0142ad Activestin \u2013 skuteczne sk\u0142adniki<\/h2>\n<p>Kluczowym elementem skuteczno\u015bci Activestin jest jego bogaty sk\u0142ad, kt\u00f3ry zosta\u0142 starannie dobrany, aby wspiera\u0107 procesy odchudzania oraz popraw\u0119 og\u00f3lnej kondycji organizmu. Oto g\u0142\u00f3wne sk\u0142adniki, kt\u00f3re znajdziemy w preparacie:<\/p>\n<table>\n<thead>\n<tr>\n<th>Sk\u0142adnik<\/th>\n<th>Dzia\u0142anie<\/th>\n<\/tr>\n<\/thead>\n<tbody>\n<tr>\n<td><strong>Tauryna<\/strong><\/td>\n<td>Wp\u0142ywa na wydolno\u015b\u0107 fizyczn\u0105 oraz wspiera procesy spalania t\u0142uszczu podczas \u0107wicze\u0144.<\/td>\n<\/tr>\n<tr>\n<td><strong>Magnez<\/strong><\/td>\n<td>Wspiera prawid\u0142owe funkcjonowanie mi\u0119\u015bni oraz syntez\u0119 bia\u0142ek, co jest wa\u017cne w procesie regeneracji.<\/td>\n<\/tr>\n<tr>\n<td><strong>Witaminy z grupy B<\/strong><\/td>\n<td>Pomagaj\u0105 zmniejszy\u0107 uczucie zm\u0119czenia oraz wspieraj\u0105 metabolizm energetyczny.<\/td>\n<\/tr>\n<tr>\n<td><strong>Kofeina<\/strong><\/td>\n<td>Pobudza, zwi\u0119ksza koncentracj\u0119 i przyspiesza procesy metaboliczne.<\/td>\n<\/tr>\n<tr>\n<td><strong>L-karnityna<\/strong><\/td>\n<td>Przyspiesza spalanie t\u0142uszczu, transportuj\u0105c kwasy t\u0142uszczowe do mitochondri\u00f3w.<\/td>\n<\/tr>\n<tr>\n<td><strong>Inozytol<\/strong><\/td>\n<td>Wspomaga metabolizm t\u0142uszcz\u00f3w oraz prac\u0119 uk\u0142adu nerwowego.<\/td>\n<\/tr>\n<\/tbody>\n<\/table>\n<p>Dzi\u0119ki tym sk\u0142adnikom Activestin dzia\u0142a wielotorowo, wspieraj\u0105c proces odchudzania zar\u00f3wno przez popraw\u0119 wydolno\u015bci, jak i przyspieszenie metabolizmu oraz spalania t\u0142uszczu. Dodatkowo suplement wzbogacony jest o witaminy z grupy B, kt\u00f3re pomagaj\u0105 walczy\u0107 z uczuciem zm\u0119czenia oraz wspieraj\u0105 prawid\u0142owe funkcjonowanie uk\u0142adu nerwowego.<\/p>\n<h2>Efekty stosowania \u2013 dzia\u0142anie Activestin<\/h2>\n<p>Stosowanie Activestin mo\u017ce przynie\u015b\u0107 wiele korzy\u015bci dla os\u00f3b pragn\u0105cych zredukowa\u0107 mas\u0119 cia\u0142a oraz poprawi\u0107 og\u00f3ln\u0105 kondycj\u0119 organizmu. Efekty regularnego przyjmowania suplementu mo\u017cna zaobserwowa\u0107 w kilku kluczowych obszarach:<\/p>\n<ol>\n<li><strong>Przyspieszenie spalania t\u0142uszczu<\/strong> \u2013 dzi\u0119ki zawarto\u015bci tauryny, kofeiny oraz L-karnityny, Activestin wspomaga organizm w procesie spalania tkanki t\u0142uszczowej, szczeg\u00f3lnie podczas aktywno\u015bci fizycznej.<\/li>\n<li><strong>Zwi\u0119kszenie wydolno\u015bci<\/strong> \u2013 suplement wspiera organizm w produkcji energii, co prowadzi do poprawy wydolno\u015bci fizycznej i szybszej regeneracji mi\u0119\u015bni po wysi\u0142ku.<\/li>\n<li><strong>Zmniejszenie uczucia zm\u0119czenia<\/strong> \u2013 zawarte w preparacie witaminy z grupy B pomagaj\u0105 w utrzymaniu odpowiedniego poziomu energii oraz redukuj\u0105 uczucie zm\u0119czenia, co jest szczeg\u00f3lnie wa\u017cne w intensywnych programach odchudzania.<\/li>\n<li><strong>Poprawa metabolizmu<\/strong> \u2013 sk\u0142adniki aktywne, takie jak kofeina czy inozytol, wspomagaj\u0105 procesy metaboliczne, co przek\u0142ada si\u0119 na szybsze przekszta\u0142canie kalorii w energi\u0119 oraz zmniejszenie ryzyka odk\u0142adania si\u0119 tkanki t\u0142uszczowej.<\/li>\n<\/ol>\n<h2>Gdzie kupi\u0107 Activestin?<\/h2>\n<p>Je\u015bli zastanawiasz si\u0119, gdzie kupi\u0107 Activestin, warto zwr\u00f3ci\u0107 uwag\u0119, \u017ce produkt ten nie jest dost\u0119pny w tradycyjnych aptekach stacjonarnych. To mo\u017ce budzi\u0107 pytania u wielu os\u00f3b, kt\u00f3re szukaj\u0105 go w sklepach. Aby unikn\u0105\u0107 ryzyka zakupu podr\u00f3bek lub nieskutecznych zamiennik\u00f3w, najlepiej jest <strong>kupi\u0107 Activestin bezpo\u015brednio u producenta<\/strong>. W ten spos\u00f3b mamy pewno\u015b\u0107, \u017ce otrzymujemy oryginalny produkt o najwy\u017cszej jako\u015bci.<\/p>\n<p>Najprostszym sposobem na zakup Activestin jest odwiedzenie oficjalnej strony internetowej producenta. Tam znajdziemy nie tylko pe\u0142ne informacje o produkcie, ale tak\u017ce atrakcyjne promocje i rabaty, kt\u00f3re pozwalaj\u0105 zaoszcz\u0119dzi\u0107 na zakupie. Co wa\u017cne, producent cz\u0119sto oferuje darmow\u0105 dostaw\u0119, co czyni zakup jeszcze bardziej op\u0142acalnym.<\/p>\n<p>Aby dokona\u0107 zakupu, wystarczy wype\u0142ni\u0107 prosty formularz zam\u00f3wienia, a suplement zostanie dostarczony pod wskazany adres w szybkim czasie. Dzi\u0119ki temu nie musimy traci\u0107 czasu na szukanie produktu w aptekach czy sklepach \u2013 wszystko mo\u017cemy za\u0142atwi\u0107 w kilka minut online.<\/p>\n<p style=\"text-align: center;\"><a class=\"border-button\" href=\"https:\/\/tl-track.com\/tracker\/ukUh\">KUPI\u0106 PO CENIE PRODUCENTA (-50%)<\/a><\/p>\n","protected":false},"excerpt":{"rendered":"<p>Nr kat.: 870874688<\/p>\n<p style=\"text-align: center;\"><a class=\"border-button\" href=\"https:\/\/tl-track.com\/tracker\/ukUh\">KUP TERAZ<\/a><\/p>\n","protected":false},"featured_media":1093,"comment_status":"open","ping_status":"closed","template":"","meta":[],"product_brand":[],"product_cat":[18],"product_tag":[],"class_list":{"0":"post-570","1":"product","2":"type-product","3":"status-publish","4":"has-post-thumbnail","6":"product_cat-suplementy","8":"first","9":"instock","10":"sale","11":"shipping-taxable","12":"purchasable","13":"product-type-simple"},"aioseo_notices":[],"_links":{"self":[{"href":"https:\/\/lekarzpodroznik.pl\/store\/wp-json\/wp\/v2\/product\/570","targetHints":{"allow":["GET"]}}],"collection":[{"href":"https:\/\/lekarzpodroznik.pl\/store\/wp-json\/wp\/v2\/product"}],"about":[{"href":"https:\/\/lekarzpodroznik.pl\/store\/wp-json\/wp\/v2\/types\/product"}],"replies":[{"embeddable":true,"href":"https:\/\/lekarzpodroznik.pl\/store\/wp-json\/wp\/v2\/comments?post=570"}],"wp:featuredmedia":[{"embeddable":true,"href":"https:\/\/lekarzpodroznik.pl\/store\/wp-json\/wp\/v2\/media\/1093"}],"wp:attachment":[{"href":"https:\/\/lekarzpodroznik.pl\/store\/wp-json\/wp\/v2\/media?parent=570"}],"wp:term":[{"taxonomy":"product_brand","embeddable":true,"href":"https:\/\/lekarzpodroznik.pl\/store\/wp-json\/wp\/v2\/product_brand?post=570"},{"taxonomy":"product_cat","embeddable":true,"href":"https:\/\/lekarzpodroznik.pl\/store\/wp-json\/wp\/v2\/product_cat?post=570"},{"taxonomy":"product_tag","embeddable":true,"href":"https:\/\/lekarzpodroznik.pl\/store\/wp-json\/wp\/v2\/product_tag?post=570"}],"curies":[{"name":"wp","href":"https:\/\/api.w.org\/{rel}","templated":true}]}}