{"id":580,"date":"2024-10-11T08:29:45","date_gmt":"2024-10-11T08:29:45","guid":{"rendered":"https:\/\/lekarzpodroznik.pl\/store\/?post_type=product&#038;p=580"},"modified":"2025-02-05T17:15:11","modified_gmt":"2025-02-05T17:15:11","slug":"depanten","status":"publish","type":"product","link":"https:\/\/lekarzpodroznik.pl\/store\/product\/depanten\/","title":{"rendered":"Depanten"},"content":{"rendered":"<p>Depanten to preparat w formie <strong>\u017celu<\/strong> do stosowania miejscowego, kt\u00f3ry nale\u017cy do grupy produkt\u00f3w wspomagaj\u0105cych zdrowie staw\u00f3w, mi\u0119\u015bni oraz uk\u0142adu ruchu. \u017bel ten wyr\u00f3\u017cnia si\u0119 <strong>naturalnym sk\u0142adem<\/strong>, co sprawia, \u017ce jest bezpieczny w u\u017cytkowaniu dla szerokiej grupy os\u00f3b, w tym dla os\u00f3b starszych oraz tych, kt\u00f3re zmagaj\u0105 si\u0119 z przewlek\u0142ymi problemami stawowymi.<\/p>\n<p>Depanten nie jest lekiem, lecz suplementem diety o dzia\u0142aniu terapeutycznym, co oznacza, \u017ce jego g\u0142\u00f3wnym zadaniem jest wspomaganie leczenia oraz \u0142agodzenie objaw\u00f3w, takich jak b\u00f3l, sztywno\u015b\u0107 czy obrz\u0119ki staw\u00f3w. Produkt ten jest dost\u0119pny bez recepty, co czyni go \u0142atwym w zakupie, jednak nale\u017cy pami\u0119ta\u0107 o konieczno\u015bci konsultacji z lekarzem przed rozpocz\u0119ciem d\u0142ugotrwa\u0142ego stosowania.<\/p>\n<p style=\"text-align: center;\"><a class=\"border-button\" href=\"https:\/\/keonv.com\/X48S?sub1=sub1&amp;sub2=sub2&amp;sub3=sub3&amp;sub4=sub4&amp;sub5=sub5\">www.depanten.pl<\/a><\/p>\n<h2>Wskazania i przeciwwskazania Depanten<\/h2>\n<p><strong>Depanten zaleca si\u0119 stosowa\u0107 w przypadku:<\/strong><\/p>\n<ol>\n<li><strong>B\u00f3l\u00f3w staw\u00f3w<\/strong> wynikaj\u0105cych z przeci\u0105\u017cenia, stan\u00f3w zapalnych lub zwyrodnieniowych.<\/li>\n<li><strong>Chor\u00f3b reumatycznych<\/strong>, takich jak reumatoidalne zapalenie staw\u00f3w.<\/li>\n<li><strong>Zapalenia \u015bci\u0119gien i wi\u0119zade\u0142<\/strong>, zwi\u0105zanych z kontuzjami lub nadmiernym wysi\u0142kiem fizycznym.<\/li>\n<li><strong>Schorze\u0144 zwi\u0105zanych z wiekiem<\/strong>, jak osteoporoza czy artroza.<\/li>\n<li><strong>Uraz\u00f3w sportowych<\/strong> \u2013 w przypadku zwichni\u0119\u0107, skr\u0119ce\u0144 i st\u0142ucze\u0144.<\/li>\n<li><strong>B\u00f3lu mi\u0119\u015bni<\/strong>, wynikaj\u0105cego z nadmiernego wysi\u0142ku lub mikrouraz\u00f3w.<\/li>\n<\/ol>\n<p><strong>Przeciwwskazania:<\/strong><\/p>\n<p>Cho\u0107 Depanten ma naturalny sk\u0142ad, jak ka\u017cdy preparat, mo\u017ce wywo\u0142ywa\u0107 reakcje alergiczne u os\u00f3b nadwra\u017cliwych na kt\u00f3rykolwiek z jego sk\u0142adnik\u00f3w. W\u015br\u00f3d przeciwwskaza\u0144 znajduj\u0105 si\u0119:<\/p>\n<ul>\n<li><strong>Nadwra\u017cliwo\u015b\u0107<\/strong> na sk\u0142adniki preparatu.<\/li>\n<li><strong>Sk\u00f3ra uszkodzona<\/strong> \u2013 \u017cel nie powinien by\u0107 stosowany na otwarte rany czy podra\u017cnion\u0105 sk\u00f3r\u0119.<\/li>\n<li><strong>Dzieci i kobiety w ci\u0105\u017cy<\/strong> \u2013 nie ma wystarczaj\u0105cych bada\u0144 dotycz\u0105cych bezpiecze\u0144stwa stosowania \u017celu przez dzieci i kobiety ci\u0119\u017carne, dlatego zaleca si\u0119 ostro\u017cno\u015b\u0107.<\/li>\n<\/ul>\n<h2>Sk\u0142ad Depanten \u2013 skuteczne sk\u0142adniki<\/h2>\n<p>Sk\u0142ad Depanten jest kluczowym czynnikiem decyduj\u0105cym o jego dzia\u0142aniu. W preparacie znajduj\u0105 si\u0119 nast\u0119puj\u0105ce aktywne substancje:<\/p>\n<table style=\"height: 163px;\" width=\"912\">\n<thead>\n<tr>\n<th>Sk\u0142adnik<\/th>\n<th>Dzia\u0142anie<\/th>\n<\/tr>\n<\/thead>\n<tbody>\n<tr>\n<td><strong>Ekstrakt z arniki<\/strong><\/td>\n<td>Redukuje stany zapalne, zmniejsza obrz\u0119ki i \u0142agodzi b\u00f3l.<\/td>\n<\/tr>\n<tr>\n<td><strong>Ekstrakt z nagietka<\/strong><\/td>\n<td>Przyspiesza regeneracj\u0119 tkanek, dzia\u0142a przeciwzapalnie.<\/td>\n<\/tr>\n<tr>\n<td><strong>Mentol<\/strong><\/td>\n<td>Dzia\u0142a ch\u0142odz\u0105co, zmniejsza b\u00f3l oraz napi\u0119cie mi\u0119\u015bni.<\/td>\n<\/tr>\n<tr>\n<td><strong>Kamfora<\/strong><\/td>\n<td>Zwi\u0119ksza przep\u0142yw krwi, dzia\u0142a przeciwb\u00f3lowo i rozlu\u017aniaj\u0105co.<\/td>\n<\/tr>\n<tr>\n<td><strong>Ekstrakt z eukaliptusa<\/strong><\/td>\n<td>Ma w\u0142a\u015bciwo\u015bci antyseptyczne, dzia\u0142a koj\u0105co na sk\u00f3r\u0119 i mi\u0119\u015bnie.<\/td>\n<\/tr>\n<\/tbody>\n<\/table>\n<p>Tak skomponowany sk\u0142ad pozwala na wszechstronne dzia\u0142anie \u017celu Depanten. Dzia\u0142a on nie tylko na stawy, ale r\u00f3wnie\u017c na otaczaj\u0105ce je mi\u0119\u015bnie i \u015bci\u0119gna, co czyni go skutecznym narz\u0119dziem w walce z r\u00f3\u017cnymi dolegliwo\u015bciami uk\u0142adu ruchu.<\/p>\n<h2>Efekty stosowania \u2013 dzia\u0142anie \u017celu Depanten<\/h2>\n<p>Regularne stosowanie \u017celu Depanten mo\u017ce przynie\u015b\u0107 szereg korzy\u015bci. Oto, jakie efekty mo\u017cemy zaobserwowa\u0107 po jego zastosowaniu:<\/p>\n<ol>\n<li><strong>Redukcja b\u00f3lu<\/strong> \u2013 Depanten skutecznie \u0142agodzi b\u00f3l zwi\u0105zany z zapaleniem staw\u00f3w, kontuzjami oraz napi\u0119ciem mi\u0119\u015bniowym. Dzi\u0119ki ch\u0142odz\u0105cemu dzia\u0142aniu mentolu, preparat szybko przynosi ulg\u0119.<\/li>\n<li><strong>Zmniejszenie obrz\u0119k\u00f3w<\/strong> \u2013 arnika i nagietek znane s\u0105 z w\u0142a\u015bciwo\u015bci przeciwzapalnych, dzi\u0119ki czemu redukuj\u0105 obrz\u0119ki i stany zapalne wok\u00f3\u0142 staw\u00f3w.<\/li>\n<li><strong>Poprawa mobilno\u015bci<\/strong> \u2013 regularne stosowanie \u017celu poprawia elastyczno\u015b\u0107 staw\u00f3w i zmniejsza ich sztywno\u015b\u0107, co pozwala na \u0142atwiejsze poruszanie si\u0119.<\/li>\n<li><strong>Regeneracja tkanek<\/strong> \u2013 dzi\u0119ki zawarto\u015bci ekstraktu z nagietka, Depanten przyspiesza procesy regeneracyjne w uszkodzonych tkankach.<\/li>\n<li><strong>Wzmocnienie staw\u00f3w<\/strong> \u2013 d\u0142ugotrwa\u0142e stosowanie \u017celu mo\u017ce przyczyni\u0107 si\u0119 do poprawy kondycji staw\u00f3w, co ma znaczenie zw\u0142aszcza u os\u00f3b starszych i sportowc\u00f3w.<\/li>\n<\/ol>\n<p>Warto zaznaczy\u0107, \u017ce efekty stosowania \u017celu Depanten s\u0105 odczuwalne ju\u017c po kilku dniach regularnego u\u017cytkowania, jednak pe\u0142ne rezultaty widoczne s\u0105 po kilku tygodniach.<\/p>\n<h2>Gdzie kupi\u0107 Depanten?<\/h2>\n<p>Kupno oryginalnego produktu Depanten mo\u017ce by\u0107 wyzwaniem, zw\u0142aszcza w czasach, gdy rynek zalewaj\u0105 podr\u00f3bki i nieskuteczne preparaty. <strong>Depanten nie jest dost\u0119pny w stacjonarnych aptekach<\/strong>, co mo\u017ce by\u0107 zaskoczeniem dla wielu os\u00f3b. Dlaczego? Producent postanowi\u0142 kontrolowa\u0107 sprzeda\u017c swojego produktu, aby zapobiec nieuczciwym praktykom i chroni\u0107 klient\u00f3w przed podr\u00f3bkami.<\/p>\n<p>Je\u015bli zastanawiasz si\u0119, gdzie kupi\u0107 Depanten, najlepszym rozwi\u0105zaniem jest zakup bezpo\u015brednio u <strong>producenta<\/strong>, za po\u015brednictwem oficjalnej strony internetowej. Tylko wtedy mamy pewno\u015b\u0107, \u017ce otrzymamy oryginalny produkt o pe\u0142nej skuteczno\u015bci.<\/p>\n<p>Wielu klient\u00f3w poszukuje \u017celu Depanten w popularnych aptekach internetowych czy sklepach z suplementami diety. Warto jednak by\u0107 ostro\u017cnym \u2013 kupuj\u0105c u nieautoryzowanych sprzedawc\u00f3w, nara\u017camy si\u0119 na ryzyko zakupu podr\u00f3bki, kt\u00f3ra mo\u017ce nie tylko nie dzia\u0142a\u0107, ale wr\u0119cz zaszkodzi\u0107.<\/p>\n<p>Depanten to \u017cel, kt\u00f3ry zdobywa coraz wi\u0119ksz\u0105 popularno\u015b\u0107 w\u015br\u00f3d os\u00f3b cierpi\u0105cych na dolegliwo\u015bci stawowe. Dzi\u0119ki naturalnemu sk\u0142adowi, efektywnemu dzia\u0142aniu przeciwb\u00f3lowemu i regeneracyjnemu, stanowi on doskona\u0142e wsparcie w walce z problemami uk\u0142adu ruchu. Jego regularne stosowanie mo\u017ce przynie\u015b\u0107 ulg\u0119 w b\u00f3lu, poprawi\u0107 mobilno\u015b\u0107 i przyspieszy\u0107 regeneracj\u0119 uszkodzonych tkanek.<\/p>\n<p style=\"text-align: center;\"><a class=\"border-button\" href=\"https:\/\/keonv.com\/X48S?sub1=sub1&amp;sub2=sub2&amp;sub3=sub3&amp;sub4=sub4&amp;sub5=sub5\">KUPI\u0106 PO CENIE PRODUCENTA (-50%)<\/a><\/p>\n","protected":false},"excerpt":{"rendered":"<p>Nr kat.: 870874693<\/p>\n<p style=\"text-align: center;\"><a class=\"border-button\" href=\"https:\/\/keonv.com\/X48S?sub1=sub1&amp;sub2=sub2&amp;sub3=sub3&amp;sub4=sub4&amp;sub5=sub5\">KUP TERAZ<\/a><\/p>\n","protected":false},"featured_media":581,"comment_status":"open","ping_status":"closed","template":"","meta":[],"product_brand":[],"product_cat":[18],"product_tag":[],"class_list":{"0":"post-580","1":"product","2":"type-product","3":"status-publish","4":"has-post-thumbnail","6":"product_cat-suplementy","8":"first","9":"instock","10":"sale","11":"shipping-taxable","12":"purchasable","13":"product-type-simple"},"aioseo_notices":[],"_links":{"self":[{"href":"https:\/\/lekarzpodroznik.pl\/store\/wp-json\/wp\/v2\/product\/580","targetHints":{"allow":["GET"]}}],"collection":[{"href":"https:\/\/lekarzpodroznik.pl\/store\/wp-json\/wp\/v2\/product"}],"about":[{"href":"https:\/\/lekarzpodroznik.pl\/store\/wp-json\/wp\/v2\/types\/product"}],"replies":[{"embeddable":true,"href":"https:\/\/lekarzpodroznik.pl\/store\/wp-json\/wp\/v2\/comments?post=580"}],"wp:featuredmedia":[{"embeddable":true,"href":"https:\/\/lekarzpodroznik.pl\/store\/wp-json\/wp\/v2\/media\/581"}],"wp:attachment":[{"href":"https:\/\/lekarzpodroznik.pl\/store\/wp-json\/wp\/v2\/media?parent=580"}],"wp:term":[{"taxonomy":"product_brand","embeddable":true,"href":"https:\/\/lekarzpodroznik.pl\/store\/wp-json\/wp\/v2\/product_brand?post=580"},{"taxonomy":"product_cat","embeddable":true,"href":"https:\/\/lekarzpodroznik.pl\/store\/wp-json\/wp\/v2\/product_cat?post=580"},{"taxonomy":"product_tag","embeddable":true,"href":"https:\/\/lekarzpodroznik.pl\/store\/wp-json\/wp\/v2\/product_tag?post=580"}],"curies":[{"name":"wp","href":"https:\/\/api.w.org\/{rel}","templated":true}]}}