{"id":582,"date":"2024-10-11T08:36:19","date_gmt":"2024-10-11T08:36:19","guid":{"rendered":"https:\/\/lekarzpodroznik.pl\/store\/?post_type=product&#038;p=582"},"modified":"2025-04-17T18:04:39","modified_gmt":"2025-04-17T18:04:39","slug":"enlargeereccion","status":"publish","type":"product","link":"https:\/\/lekarzpodroznik.pl\/store\/product\/enlargeereccion\/","title":{"rendered":"Enlargeereccion"},"content":{"rendered":"<p><strong>Enlargeereccion<\/strong> to preparat w formie kapsu\u0142ek, stworzony specjalnie dla m\u0119\u017cczyzn, kt\u00f3rzy pragn\u0105 poprawi\u0107 swoj\u0105 wydajno\u015b\u0107 seksualn\u0105. Kapsu\u0142ki te s\u0105 dost\u0119pne w \u0142atwej do po\u0142kni\u0119cia formie, co czyni je wygodnymi w codziennym stosowaniu. Produkt nale\u017cy do grupy suplement\u00f3w diety, kt\u00f3rych celem jest wspomaganie zdrowia seksualnego, poprawa erekcji, a tak\u017ce og\u00f3lna poprawa kondycji organizmu.<\/p>\n<p>Enlargeereccion wyr\u00f3\u017cnia si\u0119 na tle innych preparat\u00f3w, poniewa\u017c nie tylko wp\u0142ywa na jako\u015b\u0107 erekcji, ale tak\u017ce na jej d\u0142ugo\u015b\u0107 oraz intensywno\u015b\u0107 dozna\u0144. Dzi\u0119ki regularnemu stosowaniu, mo\u017cna zauwa\u017cy\u0107 znaczn\u0105 popraw\u0119 w obszarze potencji oraz zwi\u0119kszon\u0105 wytrzyma\u0142o\u015b\u0107 podczas stosunku.<\/p>\n<p style=\"text-align: center;\"><a class=\"border-button\" href=\"https:\/\/price-low.eu\/a\/4LwEH7O0KHx5Xv\">www.enlargeereccion.pl<\/a><\/p>\n<h2>Wskazania i przeciwwskazania Enlargeereccion<\/h2>\n<p><strong>Wskazania:<\/strong><\/p>\n<p>Enlargeereccion jest rekomendowany dla m\u0119\u017cczyzn, kt\u00f3rzy:<\/p>\n<ul>\n<li>Cierpi\u0105 na problemy z erekcj\u0105, zar\u00f3wno chwilowe, jak i przewlek\u0142e.<\/li>\n<li>Maj\u0105 problemy z utrzymaniem stabilnej erekcji podczas stosunku.<\/li>\n<li>Zauwa\u017caj\u0105 obni\u017con\u0105 wytrzyma\u0142o\u015b\u0107 seksualn\u0105.<\/li>\n<li>Poszukuj\u0105 naturalnego sposobu na przed\u0142u\u017cenie stosunku.<\/li>\n<\/ul>\n<p><strong>Przeciwwskazania:<\/strong><\/p>\n<p>Chocia\u017c Enlargeereccion jest produktem naturalnym, nale\u017cy zachowa\u0107 ostro\u017cno\u015b\u0107 w nast\u0119puj\u0105cych przypadkach:<\/p>\n<ul>\n<li>Osoby z chorobami serca i uk\u0142adu kr\u0105\u017cenia powinny skonsultowa\u0107 si\u0119 z lekarzem przed rozpocz\u0119ciem kuracji.<\/li>\n<li>M\u0119\u017cczy\u017ani cierpi\u0105cy na nadci\u015bnienie t\u0119tnicze r\u00f3wnie\u017c powinni zasi\u0119gn\u0105\u0107 porady lekarza.<\/li>\n<li>Nale\u017cy unika\u0107 stosowania preparatu, je\u015bli wyst\u0119puje nadwra\u017cliwo\u015b\u0107 na kt\u00f3rykolwiek ze sk\u0142adnik\u00f3w.<\/li>\n<\/ul>\n<h2>Sk\u0142ad Enlargeereccion &#8211; skuteczne sk\u0142adniki<\/h2>\n<p>Jednym z kluczowych atut\u00f3w <strong>Enlargeereccion<\/strong> jest jego naturalny sk\u0142ad, kt\u00f3ry zosta\u0142 starannie dobrany, aby zapewni\u0107 maksymaln\u0105 efektywno\u015b\u0107. Sk\u0142adniki te wspieraj\u0105 popraw\u0119 erekcji, zwi\u0119kszaj\u0105 wytrzyma\u0142o\u015b\u0107 oraz pomagaj\u0105 w regulacji poziomu hormon\u00f3w.<\/p>\n<h3>Korze\u0144 sarsaparilla<\/h3>\n<p>Sarsaparilla to ro\u015blina znana ze swojego dzia\u0142ania wzmacniaj\u0105cego potencj\u0119. W Enlargeereccion, korze\u0144 tej ro\u015bliny pe\u0142ni kluczow\u0105 rol\u0119, wspomagaj\u0105c wzrost wytrzyma\u0142o\u015bci oraz poprawiaj\u0105c urod\u0119 seksualn\u0105. Korze\u0144 sarsaparilla jest tak\u017ce polecany dla m\u0119\u017cczyzn, kt\u00f3rzy chc\u0105 zadba\u0107 o rozw\u00f3j mi\u0119\u015bni.<\/p>\n<h3>Buzdyganek<\/h3>\n<p>Buzdyganek pospolity to ro\u015blina znana ze swoich w\u0142a\u015bciwo\u015bci stymuluj\u0105cych produkcj\u0119 hormon\u00f3w. Zwi\u0105zki zawarte w tej ro\u015blinie pobudzaj\u0105 produkcj\u0119 lutropiny, kt\u00f3ra wp\u0142ywa na m\u0119sko\u015b\u0107 oraz poziom testosteronu. To sprawia, \u017ce buzdyganek odgrywa kluczow\u0105 rol\u0119 w poprawie erekcji i wydolno\u015bci seksualnej.<\/p>\n<h3>Ziele owsa zwyczajnego<\/h3>\n<p>Ziele owsa jest jednym z najwa\u017cniejszych sk\u0142adnik\u00f3w stosowanych w medycynie ludowej. Wspiera leczenie problem\u00f3w z erekcj\u0105, poprawia wytrzyma\u0142o\u015b\u0107, a tak\u017ce pomaga w leczeniu innych m\u0119skich przypad\u0142o\u015bci, takich jak os\u0142abienie libido.<\/p>\n<h3>Jagody palmy saba\u0142owej<\/h3>\n<p>Jagody palmy saba\u0142owej odgrywaj\u0105 istotn\u0105 rol\u0119 w regulacji pracy pr\u0105cia. Poprawiaj\u0105 przep\u0142yw enzym\u00f3w i przed\u0142u\u017caj\u0105 czas trwania erekcji. Wp\u0142ywaj\u0105 r\u00f3wnie\u017c na popraw\u0119 jako\u015bci dozna\u0144 seksualnych, co czyni stosunek bardziej satysfakcjonuj\u0105cym.<\/p>\n<h2>Efekty stosowania &#8211; dzia\u0142anie kapsu\u0142ki Enlargeereccion<\/h2>\n<p>Regularne stosowanie Enlargeereccion pozwala uzyska\u0107 szereg korzy\u015bci dla zdrowia seksualnego m\u0119\u017cczyzny. Kapsu\u0142ki dzia\u0142aj\u0105 wielokierunkowo, co sprawia, \u017ce efekty s\u0105 zadowalaj\u0105ce i d\u0142ugotrwa\u0142e.<\/p>\n<p><strong>Korzy\u015bci stosowania:<\/strong><\/p>\n<ul>\n<li><strong>Zwi\u0119kszona d\u0142ugo\u015b\u0107 erekcji<\/strong> \u2013 Enlargeereccion pomaga wyd\u0142u\u017cy\u0107 czas trwania erekcji, co pozwala na d\u0142u\u017csze i bardziej satysfakcjonuj\u0105ce stosunki.<\/li>\n<li><strong>Pot\u0119\u017cna i stabilna erekcja<\/strong> \u2013 preparat zapewnia silniejsz\u0105 i bardziej stabiln\u0105 erekcj\u0119, co zwi\u0119ksza pewno\u015b\u0107 siebie w \u0142\u00f3\u017cku.<\/li>\n<li><strong>Zwi\u0119kszona wytrzyma\u0142o\u015b\u0107<\/strong> \u2013 regularne stosowanie kapsu\u0142ek poprawia wytrzyma\u0142o\u015b\u0107 seksualn\u0105, co sprawia, \u017ce mo\u017cna cieszy\u0107 si\u0119 d\u0142u\u017cszymi i bardziej intensywnymi zbli\u017ceniami.<\/li>\n<li><strong>Poprawa jako\u015bci dozna\u0144<\/strong> \u2013 dzi\u0119ki Enlargeereccion, doznania seksualne s\u0105 silniejsze i bardziej satysfakcjonuj\u0105ce zar\u00f3wno dla m\u0119\u017cczyzny, jak i dla jego partnerki.<\/li>\n<\/ul>\n<p>Enlargeereccion jest produktem, kt\u00f3ry mo\u017ce pom\u00f3c m\u0119\u017cczyznom w odzyskaniu pewno\u015bci siebie oraz w poprawie jako\u015bci \u017cycia seksualnego.<\/p>\n<h2>Gdzie kupi\u0107 Enlargeereccion?<\/h2>\n<p>Je\u017celi zastanawiasz si\u0119, <strong>gdzie kupi\u0107 Enlargeereccion<\/strong>, musisz wiedzie\u0107, \u017ce produkt nie jest dost\u0119pny w tradycyjnych aptekach stacjonarnych. Aby naby\u0107 kapsu\u0142ki, nale\u017cy szuka\u0107 ich w sprzeda\u017cy online, najlepiej u autoryzowanego producenta. Dzi\u0119ki temu masz pewno\u015b\u0107, \u017ce produkt, kt\u00f3ry otrzymasz, jest oryginalny i spe\u0142nia wszystkie wymagania jako\u015bciowe.<\/p>\n<p>Zakup <strong>Enlargeereccion<\/strong> u producenta to gwarancja bezpiecze\u0144stwa oraz najlepszej ceny. Unikniesz w ten spos\u00f3b ryzyka nabycia podr\u00f3bek, kt\u00f3re mog\u0105 by\u0107 nie tylko nieskuteczne, ale tak\u017ce niebezpieczne dla zdrowia. Dlatego zawsze zalecamy korzystanie z oficjalnych \u017ar\u00f3de\u0142 sprzeda\u017cy. Wpisuj\u0105c w wyszukiwark\u0119 frazy takie jak &#8222;kup Enlargeereccion&#8221; czy &#8222;gdzie kupi\u0107 Enlargeereccion&#8221;, natrafisz na oficjaln\u0105 stron\u0119 producenta, gdzie mo\u017cesz z\u0142o\u017cy\u0107 zam\u00f3wienie bezpo\u015brednio. Mo\u017cesz r\u00f3wnie\u017c trafi\u0107 na specjalne oferty promocyjne, kt\u00f3re sprawi\u0105, \u017ce produkt b\u0119dzie jeszcze bardziej dost\u0119pny cenowo.<\/p>\n<p>Pami\u0119taj, \u017ce zakup u autoryzowanego sprzedawcy to tak\u017ce pewno\u015b\u0107, \u017ce dostaniesz dok\u0142adnie to, czego potrzebujesz \u2013 bezpieczny, skuteczny i sprawdzony produkt, kt\u00f3ry pomo\u017ce Ci odzyska\u0107 rado\u015b\u0107 z \u017cycia seksualnego.<\/p>\n<p>Enlargeereccion to wyj\u0105tkowy produkt, kt\u00f3ry mo\u017ce znacz\u0105co poprawi\u0107 jako\u015b\u0107 \u017cycia seksualnego ka\u017cdego m\u0119\u017cczyzny. Dzi\u0119ki starannie dobranemu sk\u0142adowi, kt\u00f3ry obejmuje naturalne ekstrakty ro\u015blinne, kapsu\u0142ki te nie tylko poprawiaj\u0105 erekcj\u0119, ale tak\u017ce wp\u0142ywaj\u0105 na wytrzyma\u0142o\u015b\u0107 oraz d\u0142ugo\u015b\u0107 stosunku. Korzy\u015bci wynikaj\u0105ce ze stosowania Enlargeereccion s\u0105 liczne, co czyni ten produkt jednym z najskuteczniejszych na rynku suplement\u00f3w diety wspieraj\u0105cych potencj\u0119.<\/p>\n<p style=\"text-align: center;\"><a class=\"border-button\" href=\"https:\/\/price-low.eu\/a\/4LwEH7O0KHx5Xv\">KUPI\u0106 PO CENIE PRODUCENTA (-50%)<\/a><\/p>\n","protected":false},"excerpt":{"rendered":"<p>Nr kat.: 870874694<\/p>\n<p style=\"text-align: center;\"><a class=\"border-button\" href=\"https:\/\/price-low.eu\/a\/4LwEH7O0KHx5Xv\">KUP TERAZ<\/a><\/p>\n","protected":false},"featured_media":583,"comment_status":"open","ping_status":"closed","template":"","meta":[],"product_brand":[],"product_cat":[18],"product_tag":[],"class_list":{"0":"post-582","1":"product","2":"type-product","3":"status-publish","4":"has-post-thumbnail","6":"product_cat-suplementy","8":"first","9":"instock","10":"sale","11":"shipping-taxable","12":"purchasable","13":"product-type-simple"},"aioseo_notices":[],"_links":{"self":[{"href":"https:\/\/lekarzpodroznik.pl\/store\/wp-json\/wp\/v2\/product\/582","targetHints":{"allow":["GET"]}}],"collection":[{"href":"https:\/\/lekarzpodroznik.pl\/store\/wp-json\/wp\/v2\/product"}],"about":[{"href":"https:\/\/lekarzpodroznik.pl\/store\/wp-json\/wp\/v2\/types\/product"}],"replies":[{"embeddable":true,"href":"https:\/\/lekarzpodroznik.pl\/store\/wp-json\/wp\/v2\/comments?post=582"}],"wp:featuredmedia":[{"embeddable":true,"href":"https:\/\/lekarzpodroznik.pl\/store\/wp-json\/wp\/v2\/media\/583"}],"wp:attachment":[{"href":"https:\/\/lekarzpodroznik.pl\/store\/wp-json\/wp\/v2\/media?parent=582"}],"wp:term":[{"taxonomy":"product_brand","embeddable":true,"href":"https:\/\/lekarzpodroznik.pl\/store\/wp-json\/wp\/v2\/product_brand?post=582"},{"taxonomy":"product_cat","embeddable":true,"href":"https:\/\/lekarzpodroznik.pl\/store\/wp-json\/wp\/v2\/product_cat?post=582"},{"taxonomy":"product_tag","embeddable":true,"href":"https:\/\/lekarzpodroznik.pl\/store\/wp-json\/wp\/v2\/product_tag?post=582"}],"curies":[{"name":"wp","href":"https:\/\/api.w.org\/{rel}","templated":true}]}}