{"id":585,"date":"2024-10-11T08:39:54","date_gmt":"2024-10-11T08:39:54","guid":{"rendered":"https:\/\/lekarzpodroznik.pl\/store\/?post_type=product&#038;p=585"},"modified":"2025-03-07T13:50:36","modified_gmt":"2025-03-07T13:50:36","slug":"goji-cream","status":"publish","type":"product","link":"https:\/\/lekarzpodroznik.pl\/store\/product\/goji-cream\/","title":{"rendered":"Goji Cream"},"content":{"rendered":"<p><strong>Goji Cream<\/strong> to innowacyjny kosmetyk przeznaczony do piel\u0119gnacji sk\u00f3ry, kt\u00f3ry przede wszystkim koncentruje si\u0119 na op\u00f3\u017anianiu proces\u00f3w starzenia. Jego g\u0142\u00f3wnym zadaniem jest redukcja zmarszczek oraz poprawa elastyczno\u015bci sk\u00f3ry, dzi\u0119ki zawarto\u015bci ekstraktu z jag\u00f3d goji, kt\u00f3ry jest silnym antyoksydantem. Krem ten ma lekk\u0105, niet\u0142ust\u0105 konsystencj\u0119, dzi\u0119ki czemu \u0142atwo si\u0119 wch\u0142ania i nie pozostawia nieprzyjemnego filmu na sk\u00f3rze.<\/p>\n<p>Goji Cream zosta\u0142 zaprojektowany g\u0142\u00f3wnie dla os\u00f3b z widocznymi oznakami starzenia si\u0119 sk\u00f3ry, takimi jak zmarszczki, utrata j\u0119drno\u015bci oraz szara, zm\u0119czona cera. Polecany jest zar\u00f3wno dla kobiet, jak i m\u0119\u017cczyzn, kt\u00f3rzy chc\u0105 zatrzyma\u0107 procesy starzenia i przywr\u00f3ci\u0107 sk\u00f3rze m\u0142odzie\u0144czy wygl\u0105d.<\/p>\n<p style=\"text-align: center;\"><a class=\"border-button\" href=\"http:\/\/tl-track.com\/tracker\/upF4\">www.goji-cream.pl<\/a><\/p>\n<h2>Wskazania i przeciwwskazania Goji Cream<\/h2>\n<p><strong>Wskazania do stosowania Goji Cream:<\/strong><\/p>\n<ul>\n<li>Widoczne zmarszczki i linie mimiczne,<\/li>\n<li>Utrata elastyczno\u015bci i j\u0119drno\u015bci sk\u00f3ry,<\/li>\n<li>Sucho\u015b\u0107 sk\u00f3ry oraz brak odpowiedniego nawil\u017cenia,<\/li>\n<li>Szary, zm\u0119czony wygl\u0105d sk\u00f3ry,<\/li>\n<li>Potrzeba intensywnej regeneracji sk\u00f3ry.<\/li>\n<\/ul>\n<p><strong>Przeciwwskazania:<\/strong><\/p>\n<p>Cho\u0107 Goji Cream jest produktem o naturalnym sk\u0142adzie, istniej\u0105 pewne przeciwwskazania do jego stosowania. Osoby z nadwra\u017cliwo\u015bci\u0105 na kt\u00f3rykolwiek sk\u0142adnik kremu powinny unika\u0107 jego stosowania. W przypadku wyst\u0105pienia podra\u017cnie\u0144, zaczerwienienia lub wysypki po aplikacji kremu, nale\u017cy natychmiast przerwa\u0107 jego u\u017cywanie i skonsultowa\u0107 si\u0119 z dermatologiem. Produkt nie jest r\u00f3wnie\u017c zalecany dla dzieci i m\u0142odzie\u017cy.<\/p>\n<h2>Sk\u0142ad Goji Cream &#8211; skuteczne sk\u0142adniki<\/h2>\n<p>Jednym z kluczowych czynnik\u00f3w wp\u0142ywaj\u0105cych na skuteczno\u015b\u0107 <strong>Goji Cream<\/strong> jest jego unikalny sk\u0142ad, w kt\u00f3rym znajdziemy naturalne i aktywne substancje o udowodnionym dzia\u0142aniu przeciwstarzeniowym.<\/p>\n<p><strong>Tabela sk\u0142adnik\u00f3w Goji Cream i ich dzia\u0142anie:<\/strong><\/p>\n<table>\n<thead>\n<tr>\n<th>Sk\u0142adnik<\/th>\n<th>Dzia\u0142anie na sk\u00f3r\u0119<\/th>\n<\/tr>\n<\/thead>\n<tbody>\n<tr>\n<td><strong>Ekstrakt z jag\u00f3d goji<\/strong><\/td>\n<td>Silne w\u0142a\u015bciwo\u015bci przeciwutleniaj\u0105ce, chroni sk\u00f3r\u0119 przed wolnymi rodnikami i przyspiesza regeneracj\u0119 kom\u00f3rek.<\/td>\n<\/tr>\n<tr>\n<td><strong>Witaminy (C, E, B)<\/strong><\/td>\n<td>Poprawiaj\u0105 koloryt sk\u00f3ry, wspomagaj\u0105 produkcj\u0119 kolagenu i chroni\u0105 przed szkodliwymi czynnikami zewn\u0119trznymi.<\/td>\n<\/tr>\n<tr>\n<td><strong>Aminokwasy<\/strong><\/td>\n<td>Odpowiadaj\u0105 za intensywne nawil\u017cenie sk\u00f3ry oraz jej regeneracj\u0119. Zmniejszaj\u0105 widoczno\u015b\u0107 zmarszczek.<\/td>\n<\/tr>\n<tr>\n<td><strong>Biotyna<\/strong><\/td>\n<td>Wzmacnia barier\u0119 ochronn\u0105 sk\u00f3ry, wspomaga procesy regeneracyjne.<\/td>\n<\/tr>\n<tr>\n<td><strong>Olejki naturalne<\/strong><\/td>\n<td>Zapewniaj\u0105 sk\u00f3rze odpowiedni\u0105 dawk\u0119 nawil\u017cenia i chroni\u0105 przed utrat\u0105 wody.<\/td>\n<\/tr>\n<\/tbody>\n<\/table>\n<h2>Efekty stosowania &#8211; dzia\u0142anie kremu Goji Cream<\/h2>\n<p>Regularne stosowanie <strong>Goji Cream<\/strong> przynosi widoczne efekty w kilku kluczowych obszarach:<\/p>\n<ol>\n<li><strong>Redukcja zmarszczek:<\/strong> Ju\u017c po kilku tygodniach regularnego stosowania kremu, zmarszczki staj\u0105 si\u0119 mniej widoczne, a sk\u00f3ra jest wyg\u0142adzona i j\u0119drniejsza.<\/li>\n<li><strong>Poprawa nawil\u017cenia:<\/strong> Krem dzia\u0142a jak \u201eg\u0105bka\u201d, kt\u00f3ra zapobiega utracie wody przez sk\u00f3r\u0119, co sprawia, \u017ce cera wygl\u0105da m\u0142odziej i promienniej.<\/li>\n<li><strong>Poprawa elastyczno\u015bci:<\/strong> Dzi\u0119ki aktywnym sk\u0142adnikom, Goji Cream wspiera produkcj\u0119 kolagenu i elastyny, co przek\u0142ada si\u0119 na lepsz\u0105 elastyczno\u015b\u0107 i spr\u0119\u017cysto\u015b\u0107 sk\u00f3ry.<\/li>\n<li><strong>Ochrona przed wolnymi rodnikami:<\/strong> Przeciwutleniacze zawarte w jagodach goji chroni\u0105 sk\u00f3r\u0119 przed szkodliwym dzia\u0142aniem wolnych rodnik\u00f3w, kt\u00f3re przyspieszaj\u0105 procesy starzenia.<\/li>\n<\/ol>\n<p>Regularne stosowanie kremu pozwala uzyska\u0107 d\u0142ugotrwa\u0142e efekty w postaci m\u0142odszej, bardziej j\u0119drnej i promiennej cery. Sk\u00f3ra staje si\u0119 r\u00f3wnie\u017c bardziej odporna na dzia\u0142anie szkodliwych czynnik\u00f3w zewn\u0119trznych, takich jak promieniowanie UV czy zanieczyszczenia powietrza.<\/p>\n<h2>Gdzie kupi\u0107 Goji Cream?<\/h2>\n<p><strong>Goji Cream<\/strong> cieszy si\u0119 du\u017cym zainteresowaniem ze wzgl\u0119du na swoj\u0105 skuteczno\u015b\u0107, dlatego wiele os\u00f3b zastanawia si\u0119, <strong>gdzie kupi\u0107 Goji Cream<\/strong>, aby mie\u0107 pewno\u015b\u0107, \u017ce produkt jest oryginalny i dzia\u0142a tak, jak obiecuje producent.<\/p>\n<p>Przede wszystkim warto zaznaczy\u0107, \u017ce <strong>Goji Cream nie jest dost\u0119pny w tradycyjnych aptekach stacjonarnych<\/strong>. Zatem pr\u00f3ba znalezienia kremu w lokalnych aptekach mo\u017ce zako\u0144czy\u0107 si\u0119 niepowodzeniem. Zdecydowanie najlepszym rozwi\u0105zaniem jest zakup <strong>bezpo\u015brednio u producenta<\/strong> lub za po\u015brednictwem autoryzowanych sklep\u00f3w internetowych, kt\u00f3re gwarantuj\u0105 oryginalno\u015b\u0107 produktu. Zakup u producenta to tak\u017ce mo\u017cliwo\u015b\u0107 skorzystania z promocji oraz darmowej dostawy.<\/p>\n<p>Wa\u017cne jest, aby unika\u0107 zakupu kremu na nieautoryzowanych portalach aukcyjnych, gdzie cz\u0119sto mo\u017cna natrafi\u0107 na podr\u00f3bki, kt\u00f3re nie tylko nie przynosz\u0105 oczekiwanych efekt\u00f3w, ale mog\u0105 r\u00f3wnie\u017c by\u0107 szkodliwe dla sk\u00f3ry.<\/p>\n<p><strong>Goji Cream<\/strong> to wyj\u0105tkowy krem, kt\u00f3ry zdoby\u0142 uznanie w\u015br\u00f3d u\u017cytkownik\u00f3w dzi\u0119ki swojej skuteczno\u015bci w walce z oznakami starzenia. Dzi\u0119ki bogatej formule, zawieraj\u0105cej ekstrakt z jag\u00f3d goji, witaminy, aminokwasy oraz biotyn\u0119, krem ten oferuje kompleksow\u0105 piel\u0119gnacj\u0119 sk\u00f3ry, przywracaj\u0105c jej m\u0142odzie\u0144czy wygl\u0105d, elastyczno\u015b\u0107 i odpowiednie nawil\u017cenie.<\/p>\n<p>Je\u015bli szukasz sprawdzonego sposobu na walk\u0119 ze zmarszczkami i utrat\u0105 j\u0119drno\u015bci sk\u00f3ry, <strong>Goji Cream<\/strong> mo\u017ce by\u0107 odpowiedzi\u0105 na Twoje potrzeby. Pami\u0119taj jednak, aby <strong>kupowa\u0107 produkt tylko u sprawdzonych sprzedawc\u00f3w<\/strong> i regularnie stosowa\u0107 krem, aby cieszy\u0107 si\u0119 jego pe\u0142nymi w\u0142a\u015bciwo\u015bciami.<\/p>\n<p style=\"text-align: center;\"><a class=\"border-button\" href=\"http:\/\/tl-track.com\/tracker\/upF4\">KUPI\u0106 PO CENIE PRODUCENTA (-50%)<\/a><\/p>\n","protected":false},"excerpt":{"rendered":"<p>Nr kat.: 870874695<\/p>\n<p style=\"text-align: center;\"><a class=\"border-button\" href=\"http:\/\/tl-track.com\/tracker\/upF4\">KUP TERAZ<\/a><\/p>\n","protected":false},"featured_media":1012,"comment_status":"open","ping_status":"closed","template":"","meta":[],"product_brand":[],"product_cat":[18],"product_tag":[],"class_list":{"0":"post-585","1":"product","2":"type-product","3":"status-publish","4":"has-post-thumbnail","6":"product_cat-suplementy","8":"first","9":"instock","10":"sale","11":"shipping-taxable","12":"purchasable","13":"product-type-simple"},"aioseo_notices":[],"_links":{"self":[{"href":"https:\/\/lekarzpodroznik.pl\/store\/wp-json\/wp\/v2\/product\/585","targetHints":{"allow":["GET"]}}],"collection":[{"href":"https:\/\/lekarzpodroznik.pl\/store\/wp-json\/wp\/v2\/product"}],"about":[{"href":"https:\/\/lekarzpodroznik.pl\/store\/wp-json\/wp\/v2\/types\/product"}],"replies":[{"embeddable":true,"href":"https:\/\/lekarzpodroznik.pl\/store\/wp-json\/wp\/v2\/comments?post=585"}],"wp:featuredmedia":[{"embeddable":true,"href":"https:\/\/lekarzpodroznik.pl\/store\/wp-json\/wp\/v2\/media\/1012"}],"wp:attachment":[{"href":"https:\/\/lekarzpodroznik.pl\/store\/wp-json\/wp\/v2\/media?parent=585"}],"wp:term":[{"taxonomy":"product_brand","embeddable":true,"href":"https:\/\/lekarzpodroznik.pl\/store\/wp-json\/wp\/v2\/product_brand?post=585"},{"taxonomy":"product_cat","embeddable":true,"href":"https:\/\/lekarzpodroznik.pl\/store\/wp-json\/wp\/v2\/product_cat?post=585"},{"taxonomy":"product_tag","embeddable":true,"href":"https:\/\/lekarzpodroznik.pl\/store\/wp-json\/wp\/v2\/product_tag?post=585"}],"curies":[{"name":"wp","href":"https:\/\/api.w.org\/{rel}","templated":true}]}}