{"id":587,"date":"2024-10-11T08:44:28","date_gmt":"2024-10-11T08:44:28","guid":{"rendered":"https:\/\/lekarzpodroznik.pl\/store\/?post_type=product&#038;p=587"},"modified":"2025-03-12T10:37:18","modified_gmt":"2025-03-12T10:37:18","slug":"hearttonus","status":"publish","type":"product","link":"https:\/\/lekarzpodroznik.pl\/store\/product\/hearttonus\/","title":{"rendered":"HeartTonus"},"content":{"rendered":"<p>HeartTonus to nowoczesny preparat w postaci kropel, kt\u00f3ry zosta\u0142 stworzony z my\u015bl\u0105 o osobach cierpi\u0105cych na nadci\u015bnienie t\u0119tnicze. Jego g\u0142\u00f3wnym celem jest normalizacja ci\u015bnienia krwi, przy jednoczesnym wspieraniu og\u00f3lnego zdrowia sercowo-naczyniowego. Produkt nale\u017cy do grupy suplement\u00f3w diety opartych na naturalnych sk\u0142adnikach ro\u015blinnych.<\/p>\n<p>Formu\u0142a HeartTonus zosta\u0142a opracowana w taki spos\u00f3b, aby dzia\u0142a\u0107 kompleksowo na uk\u0142ad kr\u0105\u017cenia, bez powodowania nag\u0142ych skok\u00f3w ci\u015bnienia, co jest cz\u0119stym problemem w przypadku innych preparat\u00f3w na nadci\u015bnienie. Dodatkowo, krople s\u0105 \u0142atwe w u\u017cyciu i mog\u0105 by\u0107 stosowane w domowych warunkach, co czyni je idealnym rozwi\u0105zaniem dla os\u00f3b, kt\u00f3re preferuj\u0105 naturalne metody leczenia nadci\u015bnienia.<\/p>\n<p style=\"text-align: center;\"><a class=\"border-button\" href=\"http:\/\/tl-track.com\/tracker\/uYeE\">www.heart-tonus.pl<\/a><\/p>\n<h2>Wskazania i Przeciwwskazania HeartTonus<\/h2>\n<p>HeartTonus jest szczeg\u00f3lnie polecany dla os\u00f3b, kt\u00f3re:<\/p>\n<ul>\n<li>Zmagaj\u0105 si\u0119 z nadci\u015bnieniem t\u0119tniczym, zar\u00f3wno w pocz\u0105tkowych, jak i bardziej zaawansowanych stadiach.<\/li>\n<li>Maj\u0105 problemy z sercem, takie jak arytmia, d\u0142awica piersiowa czy nerwice sercowe.<\/li>\n<li>Szukaj\u0105 naturalnego rozwi\u0105zania problem\u00f3w z uk\u0142adem kr\u0105\u017cenia.<\/li>\n<li>Chc\u0105 poprawi\u0107 og\u00f3lny stan zdrowia, zw\u0142aszcza po przebyciu udar\u00f3w czy innych problem\u00f3w sercowo-naczyniowych.<\/li>\n<\/ul>\n<p>Jednak, jak ka\u017cdy preparat, HeartTonus ma r\u00f3wnie\u017c pewne przeciwwskazania. Nale\u017cy zachowa\u0107 ostro\u017cno\u015b\u0107 w przypadku uczulenia na kt\u00f3rykolwiek z jego sk\u0142adnik\u00f3w. Osoby cierpi\u0105ce na powa\u017cne choroby przewlek\u0142e powinny przed zastosowaniem skonsultowa\u0107 si\u0119 z lekarzem. Preparatu nie powinno si\u0119 tak\u017ce stosowa\u0107 w czasie ci\u0105\u017cy i karmienia piersi\u0105 bez uprzedniej konsultacji ze specjalist\u0105.<\/p>\n<h2>Sk\u0142ad HeartTonus &#8211; Skuteczne Sk\u0142adniki<\/h2>\n<p>Jednym z najwi\u0119kszych atut\u00f3w HeartTonus jest jego naturalny sk\u0142ad, kt\u00f3ry zosta\u0142 starannie opracowany, aby wspiera\u0107 organizm w walce z nadci\u015bnieniem. Poni\u017cej przedstawiamy g\u0142\u00f3wne sk\u0142adniki kropli HeartTonus oraz ich dzia\u0142anie:<\/p>\n<table>\n<thead>\n<tr>\n<th>Sk\u0142adnik<\/th>\n<th>Dzia\u0142anie<\/th>\n<\/tr>\n<\/thead>\n<tbody>\n<tr>\n<td><strong>Wyci\u0105g z g\u0142ogu<\/strong><\/td>\n<td>Poprawia kr\u0105\u017cenie krwi, wzmacnia mi\u0119sie\u0144 sercowy, reguluje rytm serca.<\/td>\n<\/tr>\n<tr>\n<td><strong>Aronia<\/strong><\/td>\n<td>Wspiera obni\u017cenie ci\u015bnienia krwi, dzia\u0142a jako silny antyoksydant, wspomaga odporno\u015b\u0107.<\/td>\n<\/tr>\n<tr>\n<td><strong>Melisa<\/strong><\/td>\n<td>Dzia\u0142a uspokajaj\u0105co, \u0142agodzi stres, wspomaga prac\u0119 serca.<\/td>\n<\/tr>\n<tr>\n<td><strong>Witamina C<\/strong><\/td>\n<td>Wzmacnia naczynia krwiono\u015bne, chroni przed dzia\u0142aniem wolnych rodnik\u00f3w.<\/td>\n<\/tr>\n<tr>\n<td><strong>Witamina B6<\/strong><\/td>\n<td>Pomaga w regulacji metabolizmu homocysteiny, co zmniejsza ryzyko chor\u00f3b serca.<\/td>\n<\/tr>\n<\/tbody>\n<\/table>\n<p>Sk\u0142adniki HeartTonus zosta\u0142y dobrane tak, aby wzajemnie si\u0119 uzupe\u0142nia\u0107, co sprawia, \u017ce preparat dzia\u0142a kompleksowo i skutecznie. \u017bywe kom\u00f3rki ro\u015blin zawarte w kroplach pasuj\u0105 do kom\u00f3rek ludzkiego cia\u0142a, co przyczynia si\u0119 do lepszego wch\u0142aniania substancji aktywnych i szybszego efektu terapeutycznego.<\/p>\n<h2>Efekty Stosowania &#8211; Dzia\u0142anie HeartTonus<\/h2>\n<p>Dzia\u0142anie HeartTonus mo\u017cna podzieli\u0107 na kilka etap\u00f3w:<\/p>\n<ol>\n<li><strong>Szybka normalizacja ci\u015bnienia krwi<\/strong> \u2013 Ju\u017c w ci\u0105gu pierwszych 6 godzin od za\u017cycia, preparat pomaga ustabilizowa\u0107 ci\u015bnienie krwi, co daje szybki i wyra\u017any efekt ulgi.<\/li>\n<li><strong>Brak nag\u0142ych skok\u00f3w ci\u015bnienia<\/strong> \u2013 Produkt dzia\u0142a stopniowo, co oznacza, \u017ce nie powoduje nag\u0142ych spadk\u00f3w czy wzrost\u00f3w ci\u015bnienia, kt\u00f3re mog\u0105 by\u0107 gro\u017ane dla zdrowia.<\/li>\n<li><strong>Regulacja funkcji serca<\/strong> \u2013 Sk\u0142adniki HeartTonus wspieraj\u0105 prawid\u0142owe funkcjonowanie serca, zapobiegaj\u0105c arytmii i wzmacniaj\u0105c mi\u0119sie\u0144 sercowy.<\/li>\n<li><strong>Poprawa og\u00f3lnego stanu zdrowia<\/strong> \u2013 HeartTonus nie tylko obni\u017ca ci\u015bnienie, ale r\u00f3wnie\u017c wp\u0142ywa na inne aspekty zdrowia, takie jak poprawa pami\u0119ci, \u0142agodzenie stresu czy usuwanie objaw\u00f3w d\u0142awicy piersiowej i nerwicy.<\/li>\n<li><strong>Efekty d\u0142ugoterminowe<\/strong> \u2013 Regularne stosowanie preparatu wspiera organizm w d\u0142u\u017cszej perspektywie, przyczyniaj\u0105c si\u0119 do redukcji ryzyka powik\u0142a\u0144 zwi\u0105zanych z nadci\u015bnieniem, takich jak zawa\u0142y serca czy udary.<\/li>\n<\/ol>\n<p><strong>Korzy\u015bci HeartTonus:<\/strong><\/p>\n<p>HeartTonus wyr\u00f3\u017cnia si\u0119 spo\u015br\u00f3d innych preparat\u00f3w na nadci\u015bnienie wieloma zaletami. Oto najwa\u017cniejsze z nich:<\/p>\n<ul>\n<li><strong>Szybka pomoc<\/strong> \u2013 Normalizacja ci\u015bnienia krwi ju\u017c w ci\u0105gu pierwszych godzin od za\u017cycia.<\/li>\n<li><strong>Wszechstronna poprawa zdrowia<\/strong> \u2013 Preparat nie tylko reguluje ci\u015bnienie, ale tak\u017ce wspiera funkcje serca, poprawia pami\u0119\u0107, redukuje stres i poprawia og\u00f3ln\u0105 kondycj\u0119 organizmu.<\/li>\n<li><strong>Brak skutk\u00f3w ubocznych<\/strong> \u2013 Naturalny sk\u0142ad sprawia, \u017ce HeartTonus jest bezpieczny w u\u017cyciu i nie wywo\u0142uje niepo\u017c\u0105danych efekt\u00f3w ubocznych.<\/li>\n<li><strong>Dzia\u0142anie bez nag\u0142ych skok\u00f3w ci\u015bnienia<\/strong> \u2013 Krople dzia\u0142aj\u0105 stopniowo, co minimalizuje ryzyko niebezpiecznych waha\u0144 ci\u015bnienia.<\/li>\n<li><strong>\u0141atwo\u015b\u0107 stosowania<\/strong> \u2013 Preparat w formie kropel jest \u0142atwy do za\u017cycia i mo\u017cna go wygodnie stosowa\u0107 w domu.<\/li>\n<\/ul>\n<h2>Gdzie kupi\u0107 HeartTonus?<\/h2>\n<p>Jednym z najcz\u0119\u015bciej zadawanych pyta\u0144 jest: gdzie kupi\u0107 HeartTonus? Odpowied\u017a jest prosta \u2013 preparat ten nie jest dost\u0119pny w stacjonarnych aptekach. Aby mie\u0107 pewno\u015b\u0107, \u017ce otrzymujemy oryginalny produkt, nale\u017cy go zam\u00f3wi\u0107 bezpo\u015brednio u producenta. Kupuj\u0105c HeartTonus u producenta, zyskujemy gwarancj\u0119 jako\u015bci i bezpiecze\u0144stwa. Zakup w aptece internetowej lub na stronie producenta pozwala r\u00f3wnie\u017c na skorzystanie z promocji, kt\u00f3re cz\u0119sto s\u0105 dost\u0119pne online.<\/p>\n<p>Dlaczego nie warto szuka\u0107 HeartTonus w tradycyjnych aptekach? Preparat jest sprzedawany wy\u0142\u0105cznie za po\u015brednictwem oficjalnej strony producenta, co eliminuje ryzyko zakupu podr\u00f3bek. Wa\u017cne jest, aby nie da\u0107 si\u0119 nabra\u0107 na oferty od po\u015brednik\u00f3w czy w\u0105tpliwe \u017ar\u00f3d\u0142a, kt\u00f3re mog\u0105 oferowa\u0107 preparaty o zbli\u017conej nazwie, ale bez udokumentowanego sk\u0142adu i dzia\u0142ania.<\/p>\n<p>Je\u015bli zastanawiasz si\u0119, gdzie kupi\u0107 HeartTonus, najlepszym wyborem b\u0119dzie zakup bezpo\u015brednio od producenta, aby unikn\u0105\u0107 podr\u00f3bek i uzyska\u0107 produkt najwy\u017cszej jako\u015bci. Sprawd\u017a oferty promocyjne i zam\u00f3w produkt ju\u017c dzi\u015b, aby cieszy\u0107 si\u0119 szybkim i skutecznym dzia\u0142aniem.<\/p>\n<p>HeartTonus to nowoczesne rozwi\u0105zanie dla os\u00f3b zmagaj\u0105cych si\u0119 z nadci\u015bnieniem t\u0119tniczym, kt\u00f3re ceni\u0105 sobie naturalne metody leczenia. Dzi\u0119ki starannie dobranej formule i szybkiemu dzia\u0142aniu, krople te stanowi\u0105 skuteczn\u0105 i bezpieczn\u0105 pomoc w walce z wysokim ci\u015bnieniem. Zamawiaj\u0105c produkt bezpo\u015brednio u producenta, masz pewno\u015b\u0107, \u017ce otrzymujesz preparat najwy\u017cszej jako\u015bci, kt\u00f3ry pomo\u017ce Ci w poprawie zdrowia.<\/p>\n<p style=\"text-align: center;\"><a class=\"border-button\" href=\"http:\/\/tl-track.com\/tracker\/uYeE\">KUPI\u0106 PO CENIE PRODUCENTA (-50%)<\/a><\/p>\n","protected":false},"excerpt":{"rendered":"<p>Nr kat.: 870874696<\/p>\n<p style=\"text-align: center;\"><a class=\"border-button\" href=\"http:\/\/tl-track.com\/tracker\/uYeE\">KUP TERAZ<\/a><\/p>\n","protected":false},"featured_media":1152,"comment_status":"open","ping_status":"closed","template":"","meta":[],"product_brand":[],"product_cat":[18],"product_tag":[],"class_list":{"0":"post-587","1":"product","2":"type-product","3":"status-publish","4":"has-post-thumbnail","6":"product_cat-suplementy","8":"first","9":"instock","10":"sale","11":"shipping-taxable","12":"purchasable","13":"product-type-simple"},"aioseo_notices":[],"_links":{"self":[{"href":"https:\/\/lekarzpodroznik.pl\/store\/wp-json\/wp\/v2\/product\/587","targetHints":{"allow":["GET"]}}],"collection":[{"href":"https:\/\/lekarzpodroznik.pl\/store\/wp-json\/wp\/v2\/product"}],"about":[{"href":"https:\/\/lekarzpodroznik.pl\/store\/wp-json\/wp\/v2\/types\/product"}],"replies":[{"embeddable":true,"href":"https:\/\/lekarzpodroznik.pl\/store\/wp-json\/wp\/v2\/comments?post=587"}],"wp:featuredmedia":[{"embeddable":true,"href":"https:\/\/lekarzpodroznik.pl\/store\/wp-json\/wp\/v2\/media\/1152"}],"wp:attachment":[{"href":"https:\/\/lekarzpodroznik.pl\/store\/wp-json\/wp\/v2\/media?parent=587"}],"wp:term":[{"taxonomy":"product_brand","embeddable":true,"href":"https:\/\/lekarzpodroznik.pl\/store\/wp-json\/wp\/v2\/product_brand?post=587"},{"taxonomy":"product_cat","embeddable":true,"href":"https:\/\/lekarzpodroznik.pl\/store\/wp-json\/wp\/v2\/product_cat?post=587"},{"taxonomy":"product_tag","embeddable":true,"href":"https:\/\/lekarzpodroznik.pl\/store\/wp-json\/wp\/v2\/product_tag?post=587"}],"curies":[{"name":"wp","href":"https:\/\/api.w.org\/{rel}","templated":true}]}}