{"id":599,"date":"2024-10-11T09:06:02","date_gmt":"2024-10-11T09:06:02","guid":{"rendered":"https:\/\/lekarzpodroznik.pl\/store\/?post_type=product&#038;p=599"},"modified":"2025-03-04T11:19:56","modified_gmt":"2025-03-04T11:19:56","slug":"beslimmer","status":"publish","type":"product","link":"https:\/\/lekarzpodroznik.pl\/store\/product\/beslimmer\/","title":{"rendered":"BeSlimmer"},"content":{"rendered":"<p><strong>BeSlimmer<\/strong> to suplement diety w formie kapsu\u0142ek, kt\u00f3ry zosta\u0142 stworzony z my\u015bl\u0105 o osobach, kt\u00f3re d\u0105\u017c\u0105 do redukcji masy cia\u0142a. Jego innowacyjna formu\u0142a \u0142\u0105czy naturalne sk\u0142adniki aktywne, kt\u00f3re wspieraj\u0105 organizm w procesie odchudzania, poprawiaj\u0105 metabolizm, a tak\u017ce wspomagaj\u0105 spalanie tkanki t\u0142uszczowej.<\/p>\n<p>Preparat nale\u017cy do grupy suplement\u00f3w wspomagaj\u0105cych odchudzanie, jednak jego dzia\u0142anie nie ogranicza si\u0119 tylko do utraty wagi. BeSlimmer wp\u0142ywa pozytywnie na og\u00f3ln\u0105 kondycj\u0119 organizmu, zwi\u0119kszaj\u0105c poziom energii, poprawiaj\u0105c trawienie i reguluj\u0105c apetyt.<\/p>\n<p style=\"text-align: center;\"><a class=\"border-button\" href=\"https:\/\/price-low.eu\/a\/4LwEH7DDVux55z\">www.be-slimmer.pl<\/a><\/p>\n<h2>Wskazania i przeciwwskazania BeSlimmer<\/h2>\n<p>Kapsu\u0142ki <strong>BeSlimmer<\/strong> s\u0105 przeznaczone dla os\u00f3b, kt\u00f3re chc\u0105 schudn\u0105\u0107 w spos\u00f3b bezpieczny i naturalny. Preparat jest szczeg\u00f3lnie rekomendowany dla:<\/p>\n<ul>\n<li>Os\u00f3b z nadwag\u0105 lub oty\u0142o\u015bci\u0105.<\/li>\n<li>Os\u00f3b, kt\u00f3re zmagaj\u0105 si\u0119 z trudno\u015bciami w kontroli apetytu.<\/li>\n<li>Os\u00f3b, kt\u00f3re chc\u0105 poprawi\u0107 sw\u00f3j metabolizm i wspom\u00f3c organizm w spalaniu t\u0142uszczu.<\/li>\n<li>Os\u00f3b, kt\u00f3re szukaj\u0105 naturalnych sposob\u00f3w na zwi\u0119kszenie poziomu energii.<\/li>\n<\/ul>\n<h4>Przeciwwskazania:<\/h4>\n<ul>\n<li>Alergia na kt\u00f3rykolwiek ze sk\u0142adnik\u00f3w preparatu.<\/li>\n<li>Ci\u0105\u017ca i karmienie piersi\u0105.<\/li>\n<li>Osoby z chorobami uk\u0142adu kr\u0105\u017cenia powinny skonsultowa\u0107 si\u0119 z lekarzem przed rozpocz\u0119ciem stosowania.<\/li>\n<li>Osoby poni\u017cej 18 roku \u017cycia.<\/li>\n<\/ul>\n<p>Nale\u017cy pami\u0119ta\u0107, \u017ce ka\u017cdy organizm reaguje indywidualnie na suplementy diety, dlatego przed rozpocz\u0119ciem stosowania kapsu\u0142ek BeSlimmer warto skonsultowa\u0107 si\u0119 z lekarzem lub dietetykiem.<\/p>\n<h2>Sk\u0142ad BeSlimmer &#8211; skuteczne sk\u0142adniki<\/h2>\n<p>Jednym z kluczowych czynnik\u00f3w, kt\u00f3re wyr\u00f3\u017cniaj\u0105 <strong>BeSlimmer<\/strong>, jest jego naturalny i efektywny sk\u0142ad. Wszystkie sk\u0142adniki zosta\u0142y starannie dobrane w celu wspomagania proces\u00f3w zwi\u0105zanych z utrat\u0105 wagi i popraw\u0105 og\u00f3lnego stanu zdrowia.<\/p>\n<p>Poni\u017cej znajduje si\u0119 lista g\u0142\u00f3wnych sk\u0142adnik\u00f3w BeSlimmer wraz z ich dzia\u0142aniem:<\/p>\n<table>\n<thead>\n<tr>\n<th>Sk\u0142adnik<\/th>\n<th>Dzia\u0142anie<\/th>\n<\/tr>\n<\/thead>\n<tbody>\n<tr>\n<td>Ekstrakt z zielonej herbaty<\/td>\n<td>Przyspiesza metabolizm, wspomaga spalanie t\u0142uszczu.<\/td>\n<\/tr>\n<tr>\n<td>L-karnityna<\/td>\n<td>Wspiera procesy zwi\u0105zane z transportem t\u0142uszcz\u00f3w do mitochondri\u00f3w, co pomaga w ich spalaniu.<\/td>\n<\/tr>\n<tr>\n<td>Ekstrakt z pieprzu czarnego<\/td>\n<td>Zwi\u0119ksza biodost\u0119pno\u015b\u0107 sk\u0142adnik\u00f3w aktywnych, wspomaga trawienie.<\/td>\n<\/tr>\n<tr>\n<td>Kofeina<\/td>\n<td>Zwi\u0119ksza poziom energii, poprawia koncentracj\u0119, wspomaga procesy spalania t\u0142uszczu.<\/td>\n<\/tr>\n<tr>\n<td>Ekstrakt z guarany<\/td>\n<td>Naturalne \u017ar\u00f3d\u0142o kofeiny, wspiera metabolizm i procesy termogeniczne.<\/td>\n<\/tr>\n<tr>\n<td>Chrom<\/td>\n<td>Reguluje poziom glukozy we krwi, zapobiega napadom g\u0142odu.<\/td>\n<\/tr>\n<\/tbody>\n<\/table>\n<p>BeSlimmer to preparat, kt\u00f3ry zawiera wy\u0142\u0105cznie naturalne sk\u0142adniki o potwierdzonej skuteczno\u015bci. Wszystkie te substancje dzia\u0142aj\u0105 synergicznie, wspieraj\u0105c organizm w procesie odchudzania, jednocze\u015bnie dostarczaj\u0105c energii i poprawiaj\u0105c samopoczucie.<\/p>\n<h2>Efekty stosowania &#8211; dzia\u0142anie kapsu\u0142ki BeSlimmer<\/h2>\n<p>Regularne stosowanie <strong>BeSlimmer<\/strong> przynosi wiele korzy\u015bci, kt\u00f3re pomagaj\u0105 w walce z nadwag\u0105. Poni\u017cej przedstawiamy g\u0142\u00f3wne efekty, jakie mo\u017cna osi\u0105gn\u0105\u0107 dzi\u0119ki suplementacji tym preparatem:<\/p>\n<h4>Redukcja masy cia\u0142a<\/h4>\n<p>Dzi\u0119ki zawarto\u015bci sk\u0142adnik\u00f3w, kt\u00f3re wspieraj\u0105 metabolizm i procesy spalania t\u0142uszczu, BeSlimmer pomaga skutecznie zredukowa\u0107 wag\u0119. Przyspieszenie termogenezy sprawia, \u017ce organizm szybciej spala kalorie nawet w spoczynku.<\/p>\n<h4>Zwi\u0119kszenie poziomu energii<\/h4>\n<p>Substancje takie jak kofeina i ekstrakt z guarany dostarczaj\u0105 naturalnej energii, co jest niezwykle istotne podczas redukcji masy cia\u0142a, kiedy to organizm mo\u017ce odczuwa\u0107 zm\u0119czenie.<\/p>\n<h4>Zmniejszenie apetytu<\/h4>\n<p>BeSlimmer pomaga w kontroli apetytu, co jest kluczowe w procesie odchudzania. Sk\u0142adniki, takie jak chrom, reguluj\u0105 poziom cukru we krwi, co zapobiega napadom g\u0142odu i zmniejsza ochot\u0119 na s\u0142odycze.<\/p>\n<h4>Poprawa metabolizmu<\/h4>\n<p>Ekstrakty z zielonej herbaty i pieprzu czarnego wspieraj\u0105 procesy metaboliczne, co pozwala na szybsze i bardziej efektywne spalanie t\u0142uszczu.<\/p>\n<h4>Oczyszczanie organizmu<\/h4>\n<p>BeSlimmer dzia\u0142a r\u00f3wnie\u017c detoksykuj\u0105co. Sk\u0142adniki aktywne pomagaj\u0105 usuwa\u0107 toksyny z organizmu, co przek\u0142ada si\u0119 na lepsze samopoczucie i wygl\u0105d sk\u00f3ry.<\/p>\n<p>Dzi\u0119ki regularnemu stosowaniu BeSlimmer mo\u017cna nie tylko zrzuci\u0107 zb\u0119dne kilogramy, ale tak\u017ce poprawi\u0107 og\u00f3lny stan zdrowia.<\/p>\n<h2>Gdzie kupi\u0107 BeSlimmer?<\/h2>\n<p>Je\u015bli zastanawiasz si\u0119, <strong>gdzie kupi\u0107 BeSlimmer<\/strong>, istnieje kilka kluczowych kwestii, na kt\u00f3re warto zwr\u00f3ci\u0107 uwag\u0119. Przede wszystkim, preparat nie jest dost\u0119pny w tradycyjnych aptekach stacjonarnych, co oznacza, \u017ce najlepszym miejscem do zakupu jest bezpo\u015brednia strona producenta.<\/p>\n<p>Zakup bezpo\u015brednio u producenta to gwarancja oryginalno\u015bci produktu oraz mo\u017cliwo\u015b\u0107 skorzystania z r\u00f3\u017cnorodnych promocji i rabat\u00f3w. Kupuj\u0105c w oficjalnym sklepie, masz pewno\u015b\u0107, \u017ce otrzymujesz pe\u0142nowarto\u015bciowy produkt, kt\u00f3ry zosta\u0142 odpowiednio przechowywany i transportowany. Co wi\u0119cej, zakup przez internet to wygoda \u2013 zam\u00f3wienie mo\u017cna z\u0142o\u017cy\u0107 w kilka minut, a produkt zostanie dostarczony prosto do Twojego domu.<\/p>\n<p>Dlaczego <strong>nie warto kupowa\u0107 BeSlimmer w aptece<\/strong>? Przede wszystkim dlatego, \u017ce w aptekach stacjonarnych suplement ten nie jest dost\u0119pny. Oferty w aptekach internetowych mog\u0105 by\u0107 niepewne, dlatego zawsze zaleca si\u0119 kupowa\u0107 bezpo\u015brednio u producenta, aby unikn\u0105\u0107 ryzyka nabycia podr\u00f3bki.<\/p>\n<p><strong>BeSlimmer<\/strong> to innowacyjny preparat na odchudzanie, kt\u00f3ry \u0142\u0105czy w sobie naturalne sk\u0142adniki o potwierdzonej skuteczno\u015bci. Dzi\u0119ki starannie dobranym komponentom, suplement wspiera procesy metaboliczne, pomaga kontrolowa\u0107 apetyt i dostarcza energii niezb\u0119dnej w trakcie odchudzania. Je\u015bli chcesz skutecznie schudn\u0105\u0107 i zadba\u0107 o swoje zdrowie, warto rozwa\u017cy\u0107 regularne stosowanie BeSlimmer.<\/p>\n<p style=\"text-align: center;\"><a class=\"border-button\" href=\"https:\/\/price-low.eu\/a\/4LwEH7DDVux55z\">KUPI\u0106 PO CENIE PRODUCENTA (-50%)<\/a><\/p>\n","protected":false},"excerpt":{"rendered":"<p>Nr kat.: 870874701<\/p>\n<p style=\"text-align: center;\"><a class=\"border-button\" href=\"https:\/\/price-low.eu\/a\/4LwEH7DDVux55z\">KUP TERAZ<\/a><\/p>\n","protected":false},"featured_media":1003,"comment_status":"open","ping_status":"closed","template":"","meta":[],"product_brand":[],"product_cat":[18],"product_tag":[],"class_list":{"0":"post-599","1":"product","2":"type-product","3":"status-publish","4":"has-post-thumbnail","6":"product_cat-suplementy","8":"first","9":"instock","10":"sale","11":"shipping-taxable","12":"purchasable","13":"product-type-simple"},"aioseo_notices":[],"_links":{"self":[{"href":"https:\/\/lekarzpodroznik.pl\/store\/wp-json\/wp\/v2\/product\/599","targetHints":{"allow":["GET"]}}],"collection":[{"href":"https:\/\/lekarzpodroznik.pl\/store\/wp-json\/wp\/v2\/product"}],"about":[{"href":"https:\/\/lekarzpodroznik.pl\/store\/wp-json\/wp\/v2\/types\/product"}],"replies":[{"embeddable":true,"href":"https:\/\/lekarzpodroznik.pl\/store\/wp-json\/wp\/v2\/comments?post=599"}],"wp:featuredmedia":[{"embeddable":true,"href":"https:\/\/lekarzpodroznik.pl\/store\/wp-json\/wp\/v2\/media\/1003"}],"wp:attachment":[{"href":"https:\/\/lekarzpodroznik.pl\/store\/wp-json\/wp\/v2\/media?parent=599"}],"wp:term":[{"taxonomy":"product_brand","embeddable":true,"href":"https:\/\/lekarzpodroznik.pl\/store\/wp-json\/wp\/v2\/product_brand?post=599"},{"taxonomy":"product_cat","embeddable":true,"href":"https:\/\/lekarzpodroznik.pl\/store\/wp-json\/wp\/v2\/product_cat?post=599"},{"taxonomy":"product_tag","embeddable":true,"href":"https:\/\/lekarzpodroznik.pl\/store\/wp-json\/wp\/v2\/product_tag?post=599"}],"curies":[{"name":"wp","href":"https:\/\/api.w.org\/{rel}","templated":true}]}}