{"id":605,"date":"2024-10-11T09:27:48","date_gmt":"2024-10-11T09:27:48","guid":{"rendered":"https:\/\/lekarzpodroznik.pl\/store\/?post_type=product&#038;p=605"},"modified":"2025-03-04T11:59:26","modified_gmt":"2025-03-04T11:59:26","slug":"eternelle-gold-day","status":"publish","type":"product","link":"https:\/\/lekarzpodroznik.pl\/store\/product\/eternelle-gold-day\/","title":{"rendered":"Eternelle Gold Day"},"content":{"rendered":"<p>Eternelle Gold Day to zaawansowany kosmetyk przeznaczony do codziennej piel\u0119gnacji sk\u00f3ry twarzy. Jest to krem dzienny o silnym dzia\u0142aniu przeciwzmarszczkowym i od\u017cywczym, kt\u00f3ry dedykowany jest g\u0142\u00f3wnie osobom zmagaj\u0105cym si\u0119 z oznakami starzenia si\u0119 sk\u00f3ry.<\/p>\n<p>Grup\u0105 docelow\u0105 kremu Eternelle Gold Day s\u0105 osoby w \u015brednim wieku oraz starsze, kt\u00f3re pragn\u0105 zadba\u0107 o m\u0142ody i zdrowy wygl\u0105d sk\u00f3ry, a tak\u017ce te, kt\u00f3re borykaj\u0105 si\u0119 z utrat\u0105 elastyczno\u015bci i pojawieniem si\u0119 zmarszczek.<\/p>\n<p style=\"text-align: center;\"><a class=\"border-button\" href=\"https:\/\/price-low.eu\/a\/D8rpHOEVEh5vvX\">www.eternelle-gold-day.pl<\/a><\/p>\n<h2>Wskazania i przeciwwskazania Eternelle Gold Day<\/h2>\n<p><strong>Wskazania do stosowania Eternelle Gold Day<\/strong>:<\/p>\n<ol>\n<li>Zmarszczki mimiczne i g\u0142\u0119bokie zmarszczki.<\/li>\n<li>Utrata elastyczno\u015bci i j\u0119drno\u015bci sk\u00f3ry.<\/li>\n<li>Przebarwienia i nier\u00f3wnomierny koloryt cery.<\/li>\n<li>Sucha i odwodniona sk\u00f3ra.<\/li>\n<li>Dla os\u00f3b szukaj\u0105cych prewencji przedwczesnego starzenia.<\/li>\n<\/ol>\n<p><strong>Przeciwwskazania do stosowania Eternelle Gold Day:<\/strong><\/p>\n<ul>\n<li>Alergie na kt\u00f3rykolwiek sk\u0142adnik preparatu.<\/li>\n<li>Stany zapalne sk\u00f3ry (np. tr\u0105dzik w fazie aktywnej).<\/li>\n<li>Sk\u00f3ra nadwra\u017cliwa na sk\u0142adniki aktywne zawarte w kremie, szczeg\u00f3lnie retinol lub kwasy owocowe.<\/li>\n<\/ul>\n<p>Zawsze przed rozpocz\u0119ciem stosowania warto wykona\u0107 test na niewielkim fragmencie sk\u00f3ry, aby wykluczy\u0107 ryzyko reakcji alergicznych.<\/p>\n<h2>Sk\u0142ad Eternelle Gold Day &#8211; Skuteczne Sk\u0142adniki<\/h2>\n<p>Jednym z kluczowych element\u00f3w sukcesu Eternelle Gold Day jest jego unikalna formu\u0142a, kt\u00f3ra \u0142\u0105czy w sobie najnowsze osi\u0105gni\u0119cia technologii kosmetycznej z dobroczynnymi sk\u0142adnikami naturalnymi. Oto g\u0142\u00f3wne sk\u0142adniki, kt\u00f3re odpowiadaj\u0105 za jego skuteczno\u015b\u0107:<\/p>\n<h3><strong>Kwas hialuronowy<\/strong><\/h3>\n<p>Kwas hialuronowy to naturalnie wyst\u0119puj\u0105cy w sk\u00f3rze zwi\u0105zek, kt\u00f3ry odpowiada za jej nawil\u017cenie. Dzi\u0119ki niemu sk\u00f3ra jest bardziej elastyczna, a zmarszczki s\u0105 mniej widoczne. W formule Eternelle Gold Day wykorzystano kwas hialuronowy o niskiej i wysokiej masie cz\u0105steczkowej, co zapewnia zar\u00f3wno powierzchniowe, jak i g\u0142\u0119bokie nawil\u017cenie.<\/p>\n<h3><strong>Z\u0142oto koloidalne<\/strong><\/h3>\n<p>Z\u0142oto ma wyj\u0105tkowe w\u0142a\u015bciwo\u015bci przeciwstarzeniowe, wspomagaj\u0105c regeneracj\u0119 kom\u00f3rek sk\u00f3ry. Koloidalne z\u0142oto w kremie Eternelle Gold Day stymuluje produkcj\u0119 kolagenu i elastyny, co prowadzi do wyg\u0142adzenia sk\u00f3ry i poprawy jej elastyczno\u015bci.<\/p>\n<h3><strong>Peptydy<\/strong><\/h3>\n<p>Peptydy to kr\u00f3tkie \u0142a\u0144cuchy aminokwas\u00f3w, kt\u00f3re wspieraj\u0105 odbudow\u0119 i regeneracj\u0119 sk\u00f3ry. Dzia\u0142aj\u0105 jako swoiste \u201eprzeka\u017aniki\u201d sygna\u0142\u00f3w, kt\u00f3re informuj\u0105 kom\u00f3rki o konieczno\u015bci produkcji kolagenu, co bezpo\u015brednio wp\u0142ywa na popraw\u0119 j\u0119drno\u015bci sk\u00f3ry.<\/p>\n<h3><strong>Retinol<\/strong><\/h3>\n<p>Retinol, b\u0119d\u0105cy pochodn\u0105 witaminy A, to jeden z najskuteczniejszych sk\u0142adnik\u00f3w przeciwzmarszczkowych. Z\u0142uszcza martwe kom\u00f3rki sk\u00f3ry, przyspieszaj\u0105c jej regeneracj\u0119 i poprawiaj\u0105c koloryt.<\/p>\n<h3><strong>Witamina C<\/strong><\/h3>\n<p>Witamina C dzia\u0142a jako silny antyoksydant, neutralizuj\u0105c wolne rodniki, kt\u00f3re przyspieszaj\u0105 procesy starzenia. Ponadto, rozja\u015bnia przebarwienia i stymuluje produkcj\u0119 kolagenu.<\/p>\n<h2>Efekty stosowania &#8211; Dzia\u0142anie kremu Eternelle Gold Day<\/h2>\n<p>Regularne stosowanie Eternelle Gold Day przynosi widoczne efekty ju\u017c po kilku tygodniach. Dzi\u0119ki starannie dobranym sk\u0142adnikom, krem ten oferuje szereg korzy\u015bci:<\/p>\n<ol>\n<li><strong>Redukcja zmarszczek<\/strong> &#8211; Z\u0142oto koloidalne, peptydy i kwas hialuronowy wsp\u00f3lnie dzia\u0142aj\u0105 na sp\u0142ycenie zmarszczek, zar\u00f3wno tych mimicznych, jak i g\u0142\u0119bszych.<\/li>\n<li><strong>Poprawa elastyczno\u015bci sk\u00f3ry<\/strong> &#8211; Produkcja kolagenu zostaje stymulowana, co sprawia, \u017ce sk\u00f3ra jest bardziej j\u0119drna i elastyczna.<\/li>\n<li><strong>G\u0142\u0119bokie nawil\u017cenie<\/strong> &#8211; Kwas hialuronowy zatrzymuje wilgo\u0107 w g\u0142\u0119bokich warstwach sk\u00f3ry, co prowadzi do jej od\u017cywienia i zmniejszenia sucho\u015bci.<\/li>\n<li><strong>Wyr\u00f3wnanie kolorytu<\/strong> &#8211; Retinol i witamina C skutecznie rozja\u015bniaj\u0105 przebarwienia, co sprawia, \u017ce cera staje si\u0119 promienna i jednolita.<\/li>\n<li><strong>Ochrona przed czynnikami zewn\u0119trznymi<\/strong> &#8211; Antyoksydanty w postaci witaminy C neutralizuj\u0105 wolne rodniki, kt\u00f3re powoduj\u0105 przedwczesne starzenie si\u0119 sk\u00f3ry.<\/li>\n<\/ol>\n<h2>Gdzie kupi\u0107 Eternelle Gold Day?<\/h2>\n<p>Jednym z najcz\u0119\u015bciej zadawanych pyta\u0144 jest: gdzie mo\u017cna kupi\u0107 Eternelle Gold Day? Niestety, krem ten nie jest dost\u0119pny w stacjonarnych aptekach ani popularnych drogeriach. Aby unikn\u0105\u0107 ryzyka zakupu podr\u00f3bek, kt\u00f3re mog\u0105 nie spe\u0142nia\u0107 takich samych standard\u00f3w jako\u015bci, rekomenduje si\u0119 zakup wy\u0142\u0105cznie u autoryzowanego producenta.<\/p>\n<p>Zakup bezpo\u015brednio od producenta zapewnia gwarancj\u0119 oryginalno\u015bci produktu, a tak\u017ce dost\u0119p do specjalnych ofert i promocji. Warto r\u00f3wnie\u017c zwr\u00f3ci\u0107 uwag\u0119 na opinie innych u\u017cytkownik\u00f3w, kt\u00f3rzy podkre\u015blaj\u0105, \u017ce zakupy na oficjalnej stronie producenta s\u0105 szybkie i bezpieczne.<\/p>\n<p><strong>Jakie s\u0105 korzy\u015bci z zakupu u producenta:<\/strong><\/p>\n<ol>\n<li><strong>Gwarancja oryginalno\u015bci<\/strong> &#8211; Zakupuj\u0105c bezpo\u015brednio u producenta, mamy pewno\u015b\u0107, \u017ce produkt jest oryginalny i spe\u0142nia wszystkie wymagane normy jako\u015bciowe.<\/li>\n<li><strong>Atrakcyjne ceny i promocje<\/strong> &#8211; Cz\u0119sto producent oferuje r\u00f3\u017cnorodne rabaty oraz zestawy promocyjne, co czyni zakup bardziej op\u0142acalnym.<\/li>\n<li><strong>Szybka dostawa<\/strong> &#8211; Bezpieczne i szybkie przesy\u0142ki na terenie kraju to dodatkowy atut, dzi\u0119ki czemu nie trzeba d\u0142ugo czeka\u0107 na sw\u00f3j zam\u00f3wiony krem.<\/li>\n<li><strong>Wsparcie klienta<\/strong> &#8211; Producent oferuje r\u00f3wnie\u017c profesjonalne doradztwo oraz mo\u017cliwo\u015b\u0107 kontaktu w razie jakichkolwiek pyta\u0144 dotycz\u0105cych stosowania kremu.<\/li>\n<\/ol>\n<p>Zaleca si\u0119 unika\u0107 zakupu Eternelle Gold Day na portalach aukcyjnych czy w ma\u0142o znanych sklepach internetowych, gdzie mog\u0105 by\u0107 oferowane podr\u00f3bki. Aby uzyska\u0107 pewno\u015b\u0107 co do jako\u015bci produktu, warto wybra\u0107 zaufane \u017ar\u00f3d\u0142o, jakim jest oficjalna strona producenta.<\/p>\n<p>Eternelle Gold Day to krem dzienny, kt\u00f3ry wyr\u00f3\u017cnia si\u0119 na rynku dzi\u0119ki swojej unikalnej formule i skuteczno\u015bci w walce z oznakami starzenia. Dzi\u0119ki zawarto\u015bci takich sk\u0142adnik\u00f3w jak kwas hialuronowy, z\u0142oto koloidalne, peptydy, retinol i witamina C, krem ten oferuje kompleksow\u0105 piel\u0119gnacj\u0119 sk\u00f3ry, poprawiaj\u0105c jej elastyczno\u015b\u0107, redukuj\u0105c zmarszczki i wyr\u00f3wnuj\u0105c koloryt.<\/p>\n<p style=\"text-align: center;\"><a class=\"border-button\" href=\"https:\/\/price-low.eu\/a\/D8rpHOEVEh5vvX\">KUPI\u0106 PO CENIE PRODUCENTA (-50%)<\/a><\/p>\n","protected":false},"excerpt":{"rendered":"<p>Nr kat.: 870874704<\/p>\n<p style=\"text-align: center;\"><a class=\"border-button\" href=\"https:\/\/price-low.eu\/a\/D8rpHOEVEh5vvX\">KUP TERAZ<\/a><\/p>\n","protected":false},"featured_media":1006,"comment_status":"open","ping_status":"closed","template":"","meta":[],"product_brand":[],"product_cat":[18],"product_tag":[],"class_list":{"0":"post-605","1":"product","2":"type-product","3":"status-publish","4":"has-post-thumbnail","6":"product_cat-suplementy","8":"first","9":"instock","10":"sale","11":"shipping-taxable","12":"purchasable","13":"product-type-simple"},"aioseo_notices":[],"_links":{"self":[{"href":"https:\/\/lekarzpodroznik.pl\/store\/wp-json\/wp\/v2\/product\/605","targetHints":{"allow":["GET"]}}],"collection":[{"href":"https:\/\/lekarzpodroznik.pl\/store\/wp-json\/wp\/v2\/product"}],"about":[{"href":"https:\/\/lekarzpodroznik.pl\/store\/wp-json\/wp\/v2\/types\/product"}],"replies":[{"embeddable":true,"href":"https:\/\/lekarzpodroznik.pl\/store\/wp-json\/wp\/v2\/comments?post=605"}],"wp:featuredmedia":[{"embeddable":true,"href":"https:\/\/lekarzpodroznik.pl\/store\/wp-json\/wp\/v2\/media\/1006"}],"wp:attachment":[{"href":"https:\/\/lekarzpodroznik.pl\/store\/wp-json\/wp\/v2\/media?parent=605"}],"wp:term":[{"taxonomy":"product_brand","embeddable":true,"href":"https:\/\/lekarzpodroznik.pl\/store\/wp-json\/wp\/v2\/product_brand?post=605"},{"taxonomy":"product_cat","embeddable":true,"href":"https:\/\/lekarzpodroznik.pl\/store\/wp-json\/wp\/v2\/product_cat?post=605"},{"taxonomy":"product_tag","embeddable":true,"href":"https:\/\/lekarzpodroznik.pl\/store\/wp-json\/wp\/v2\/product_tag?post=605"}],"curies":[{"name":"wp","href":"https:\/\/api.w.org\/{rel}","templated":true}]}}