{"id":609,"date":"2024-10-14T07:58:37","date_gmt":"2024-10-14T07:58:37","guid":{"rendered":"https:\/\/lekarzpodroznik.pl\/store\/?post_type=product&#038;p=609"},"modified":"2025-03-07T13:51:17","modified_gmt":"2025-03-07T13:51:17","slug":"harmonica","status":"publish","type":"product","link":"https:\/\/lekarzpodroznik.pl\/store\/product\/harmonica\/","title":{"rendered":"Harmonica"},"content":{"rendered":"<p><strong>Harmonica<\/strong> to suplement diety, kt\u00f3ry ma posta\u0107 wygodnych do stosowania kropli. Produkt ten jest promowany jako naturalne wsparcie w procesie odchudzania, skierowany do os\u00f3b, kt\u00f3re chc\u0105 szybko i bezpiecznie pozby\u0107 si\u0119 zb\u0119dnych kilogram\u00f3w. Dzi\u0119ki p\u0142ynnej formie, krople Harmonica s\u0105 \u0142atwe w aplikacji i szybko wch\u0142aniaj\u0105 si\u0119 w organizmie, co ma wp\u0142ywa\u0107 na ich efektywno\u015b\u0107.<\/p>\n<p>Nale\u017cy do grupy suplement\u00f3w odchudzaj\u0105cych, kt\u00f3re wspieraj\u0105 metabolizm, kontroluj\u0105 apetyt oraz pomagaj\u0105 spala\u0107 tkank\u0119 t\u0142uszczow\u0105. Warto zauwa\u017cy\u0107, \u017ce Harmonica dzia\u0142a kompleksowo, nie tylko wspomagaj\u0105c odchudzanie, ale tak\u017ce poprawiaj\u0105c og\u00f3lny stan zdrowia poprzez naturalne sk\u0142adniki zawarte w produkcie.<\/p>\n<p style=\"text-align: center;\"><a class=\"border-button\" href=\"https:\/\/mandarv.com\/Q5IS?sub1=sub1&amp;sub2=sub2&amp;sub3=sub3&amp;sub4=sub4&amp;sub5=sub5\">www.harmonica.pl<\/a><\/p>\n<h2>Wskazania i Przeciwwskazania Harmonica<\/h2>\n<h3>Wskazania<\/h3>\n<p>Krople <strong>Harmonica<\/strong> s\u0105 skierowane przede wszystkim do os\u00f3b, kt\u00f3re:<\/p>\n<ul>\n<li>Zmagaj\u0105 si\u0119 z nadwag\u0105 i oty\u0142o\u015bci\u0105,<\/li>\n<li>Chc\u0105 przyspieszy\u0107 proces spalania t\u0142uszczu,<\/li>\n<li>Maj\u0105 problemy z utrzymaniem odpowiedniej diety i kontrol\u0105 apetytu,<\/li>\n<li>Poszukuj\u0105 naturalnych metod wspomagania odchudzania.<\/li>\n<\/ul>\n<p>Produkt mo\u017ce by\u0107 stosowany zar\u00f3wno przez kobiety, jak i m\u0119\u017cczyzn, niezale\u017cnie od wieku, pod warunkiem, \u017ce nie ma przeciwwskaza\u0144 zdrowotnych.<\/p>\n<h3>Przeciwwskazania<\/h3>\n<p>Chocia\u017c Harmonica jest reklamowana jako bezpieczny i naturalny produkt, nie jest ona odpowiednia dla wszystkich. Istniej\u0105 pewne przeciwwskazania, o kt\u00f3rych warto pami\u0119ta\u0107:<\/p>\n<ul>\n<li><strong>Ci\u0105\u017ca i karmienie piersi\u0105:<\/strong> kobiety w ci\u0105\u017cy oraz karmi\u0105ce piersi\u0105 powinny unika\u0107 stosowania tego typu suplement\u00f3w bez konsultacji z lekarzem,<\/li>\n<li><strong>Osoby z chorobami przewlek\u0142ymi:<\/strong> osoby z chorobami serca, nerek lub w\u0105troby powinny zasi\u0119gn\u0105\u0107 porady lekarza przed rozpocz\u0119ciem stosowania Harmonica,<\/li>\n<li><strong>Alergie na sk\u0142adniki:<\/strong> osoby, kt\u00f3re s\u0105 uczulone na kt\u00f3rykolwiek z naturalnych sk\u0142adnik\u00f3w zawartych w kroplach, nie powinny ich stosowa\u0107.<\/li>\n<\/ul>\n<p>Przed rozpocz\u0119ciem kuracji warto skonsultowa\u0107 si\u0119 z lekarzem lub dietetykiem, aby upewni\u0107 si\u0119, \u017ce produkt nie zaszkodzi zdrowiu.<\/p>\n<h2>Sk\u0142ad Harmonica &#8211; Skuteczne Sk\u0142adniki<\/h2>\n<p>Jednym z najwa\u017cniejszych aspekt\u00f3w, na kt\u00f3re nale\u017cy zwr\u00f3ci\u0107 uwag\u0119 przy wyborze suplementu diety, jest jego sk\u0142ad. Krople Harmonica zawieraj\u0105 szereg naturalnych sk\u0142adnik\u00f3w, kt\u00f3re maj\u0105 wspiera\u0107 proces odchudzania. Oto kluczowe elementy tego produktu:<\/p>\n<table>\n<thead>\n<tr>\n<th>Sk\u0142adnik<\/th>\n<th>Dzia\u0142anie<\/th>\n<\/tr>\n<\/thead>\n<tbody>\n<tr>\n<td><strong>Ekstrakt z zielonej herbaty<\/strong><\/td>\n<td>Przyspiesza metabolizm i wspiera spalanie t\u0142uszczu, bogaty w antyoksydanty.<\/td>\n<\/tr>\n<tr>\n<td><strong>Kwas cytrynowy<\/strong><\/td>\n<td>Wspomaga trawienie i detoksykacj\u0119 organizmu.<\/td>\n<\/tr>\n<tr>\n<td><strong>Ekstrakt z garcinii cambogia<\/strong><\/td>\n<td>Zmniejsza apetyt i zapobiega odk\u0142adaniu si\u0119 t\u0142uszczu.<\/td>\n<\/tr>\n<tr>\n<td><strong>Chrom<\/strong><\/td>\n<td>Reguluje poziom cukru we krwi, co pomaga kontrolowa\u0107 napady g\u0142odu.<\/td>\n<\/tr>\n<tr>\n<td><strong>Ekstrakt z guarany<\/strong><\/td>\n<td>Stymuluje, zwi\u0119ksza energi\u0119 oraz wspiera spalanie kalorii.<\/td>\n<\/tr>\n<tr>\n<td><strong>Ekstrakt z malin<\/strong><\/td>\n<td>Zawiera ketony, kt\u00f3re przyspieszaj\u0105 metabolizm t\u0142uszczu.<\/td>\n<\/tr>\n<\/tbody>\n<\/table>\n<p>Dzi\u0119ki po\u0142\u0105czeniu tych sk\u0142adnik\u00f3w Harmonica wspomaga organizm na r\u00f3\u017cnych etapach procesu odchudzania, od regulacji apetytu po przyspieszenie metabolizmu i spalanie t\u0142uszczu.<\/p>\n<h2>Efekty Stosowania &#8211; Dzia\u0142anie Harmonica<\/h2>\n<p>Regularne stosowanie kropli Harmonica ma na celu osi\u0105gni\u0119cie szeregu pozytywnych efekt\u00f3w. Przede wszystkim produkt ma wspiera\u0107:<\/p>\n<ol>\n<li><strong>Przyspieszenie metabolizmu<\/strong> &#8211; sk\u0142adniki zawarte w kroplach stymuluj\u0105 procesy metaboliczne, co prowadzi do szybszego spalania kalorii i t\u0142uszczu.<\/li>\n<li><strong>Zmniejszenie apetytu<\/strong> &#8211; ekstrakt z garcinii cambogia oraz chrom pomagaj\u0105 kontrolowa\u0107 uczucie g\u0142odu, co u\u0142atwia utrzymanie zdrowej diety.<\/li>\n<li><strong>Spalanie tkanki t\u0142uszczowej<\/strong> &#8211; aktywne sk\u0142adniki, takie jak ketony malin czy ekstrakt z guarany, stymuluj\u0105 spalanie t\u0142uszczu, szczeg\u00f3lnie w problematycznych obszarach, takich jak brzuch czy uda.<\/li>\n<li><strong>Poprawa samopoczucia<\/strong> &#8211; zwi\u0119kszona energia i lepsza kontrola nad diet\u0105 wp\u0142ywaj\u0105 pozytywnie na og\u00f3lne samopoczucie i motywacj\u0119 do dalszego odchudzania.<\/li>\n<li><strong>Detoksykacja organizmu<\/strong> &#8211; kwas cytrynowy i ekstrakt z zielonej herbaty wspomagaj\u0105 usuwanie toksyn, co dodatkowo wspiera proces odchudzania.<\/li>\n<\/ol>\n<p>Warto jednak pami\u0119ta\u0107, \u017ce efekty mog\u0105 si\u0119 r\u00f3\u017cni\u0107 w zale\u017cno\u015bci od indywidualnych cech organizmu oraz stylu \u017cycia.<\/p>\n<h2>Gdzie Kupi\u0107 Harmonica?<\/h2>\n<p>Je\u015bli zastanawiasz si\u0119, gdzie mo\u017cna kupi\u0107 krople <strong>Harmonica<\/strong>, warto wiedzie\u0107, \u017ce produkt ten nie jest dost\u0119pny w stacjonarnych aptekach. Krople Harmonica mo\u017cna naby\u0107 wy\u0142\u0105cznie online, co wed\u0142ug producenta ma na celu ochron\u0119 klient\u00f3w przed fa\u0142szywymi lub niskiej jako\u015bci produktami.<\/p>\n<p>Najlepiej szuka\u0107 Harmonica na oficjalnej stronie producenta. Kupowanie bezpo\u015brednio od producenta gwarantuje, \u017ce otrzymasz oryginalny produkt o pe\u0142nowarto\u015bciowym sk\u0142adzie. Istnieje wiele stron internetowych, kt\u00f3re oferuj\u0105 Harmonica, ale aby unikn\u0105\u0107 oszustw, zawsze warto upewni\u0107 si\u0119, \u017ce zamawiasz produkt z zaufanego \u017ar\u00f3d\u0142a.<\/p>\n<p>Dzi\u0119ki zakupom przez internet, cz\u0119sto mo\u017cna skorzysta\u0107 z r\u00f3\u017cnych promocji i rabat\u00f3w, co dodatkowo obni\u017ca cen\u0119. Uwa\u017caj na podejrzanie niskie ceny, kt\u00f3re mog\u0105 \u015bwiadczy\u0107 o podr\u00f3bkach. Warto zainwestowa\u0107 w sprawdzony produkt, aby mie\u0107 pewno\u015b\u0107, \u017ce osi\u0105gniesz po\u017c\u0105dane efekty.<\/p>\n<p><strong>Harmonica<\/strong> to suplement diety, kt\u00f3ry dzi\u0119ki swoim naturalnym sk\u0142adnikom mo\u017ce wspiera\u0107 proces odchudzania. Zawiera on skuteczne sk\u0142adniki, takie jak ekstrakt z zielonej herbaty, garcinii cambogia i malin, kt\u00f3re wspomagaj\u0105 metabolizm, kontroluj\u0105 apetyt i pomagaj\u0105 spala\u0107 t\u0142uszcz. Cho\u0107 nie jest dost\u0119pny w stacjonarnych aptekach, zakup online u producenta gwarantuje oryginalno\u015b\u0107 i jako\u015b\u0107 produktu.<\/p>\n<p style=\"text-align: center;\"><a class=\"border-button\" href=\"https:\/\/mandarv.com\/Q5IS?sub1=sub1&amp;sub2=sub2&amp;sub3=sub3&amp;sub4=sub4&amp;sub5=sub5\">KUPI\u0106 PO CENIE PRODUCENTA (-50%)<\/a><\/p>\n","protected":false},"excerpt":{"rendered":"<p>Nr kat.: 870874706<\/p>\n<p style=\"text-align: center;\"><a class=\"border-button\" href=\"https:\/\/mandarv.com\/Q5IS?sub1=sub1&amp;sub2=sub2&amp;sub3=sub3&amp;sub4=sub4&amp;sub5=sub5\">KUP TERAZ<\/a><\/p>\n","protected":false},"featured_media":610,"comment_status":"open","ping_status":"closed","template":"","meta":[],"product_brand":[],"product_cat":[18],"product_tag":[],"class_list":{"0":"post-609","1":"product","2":"type-product","3":"status-publish","4":"has-post-thumbnail","6":"product_cat-suplementy","8":"first","9":"instock","10":"sale","11":"shipping-taxable","12":"purchasable","13":"product-type-simple"},"aioseo_notices":[],"_links":{"self":[{"href":"https:\/\/lekarzpodroznik.pl\/store\/wp-json\/wp\/v2\/product\/609","targetHints":{"allow":["GET"]}}],"collection":[{"href":"https:\/\/lekarzpodroznik.pl\/store\/wp-json\/wp\/v2\/product"}],"about":[{"href":"https:\/\/lekarzpodroznik.pl\/store\/wp-json\/wp\/v2\/types\/product"}],"replies":[{"embeddable":true,"href":"https:\/\/lekarzpodroznik.pl\/store\/wp-json\/wp\/v2\/comments?post=609"}],"wp:featuredmedia":[{"embeddable":true,"href":"https:\/\/lekarzpodroznik.pl\/store\/wp-json\/wp\/v2\/media\/610"}],"wp:attachment":[{"href":"https:\/\/lekarzpodroznik.pl\/store\/wp-json\/wp\/v2\/media?parent=609"}],"wp:term":[{"taxonomy":"product_brand","embeddable":true,"href":"https:\/\/lekarzpodroznik.pl\/store\/wp-json\/wp\/v2\/product_brand?post=609"},{"taxonomy":"product_cat","embeddable":true,"href":"https:\/\/lekarzpodroznik.pl\/store\/wp-json\/wp\/v2\/product_cat?post=609"},{"taxonomy":"product_tag","embeddable":true,"href":"https:\/\/lekarzpodroznik.pl\/store\/wp-json\/wp\/v2\/product_tag?post=609"}],"curies":[{"name":"wp","href":"https:\/\/api.w.org\/{rel}","templated":true}]}}