{"id":622,"date":"2024-10-14T08:36:10","date_gmt":"2024-10-14T08:36:10","guid":{"rendered":"https:\/\/lekarzpodroznik.pl\/store\/?post_type=product&#038;p=622"},"modified":"2025-12-26T17:54:32","modified_gmt":"2025-12-26T17:54:32","slug":"cariovico","status":"publish","type":"product","link":"https:\/\/lekarzpodroznik.pl\/store\/product\/cariovico\/","title":{"rendered":"Cariovico"},"content":{"rendered":"<p>Cariovico to suplement diety w formie kapsu\u0142ek, zaprojektowany specjalnie z my\u015bl\u0105 o wsparciu zdrowia serca i uk\u0142adu kr\u0105\u017cenia. Kapsu\u0142ki te zaliczane s\u0105 do grupy preparat\u00f3w wspieraj\u0105cych zdrowie sercowo-naczyniowe i maj\u0105 na celu popraw\u0119 kr\u0105\u017cenia, wzmocnienie naczy\u0144 krwiono\u015bnych oraz obni\u017cenie ryzyka rozwoju powa\u017cnych chor\u00f3b, takich jak mia\u017cd\u017cyca czy nadci\u015bnienie.<\/p>\n<p>Kapsu\u0142ki Cariovico s\u0105 \u0142atwe do spo\u017cycia i maj\u0105 na celu d\u0142ugoterminowe wsparcie funkcji serca. W po\u0142\u0105czeniu ze zdrow\u0105 diet\u0105 oraz aktywno\u015bci\u0105 fizyczn\u0105, mog\u0105 stanowi\u0107 cenny element profilaktyki chor\u00f3b serca.<\/p>\n<p style=\"text-align: center;\"><a class=\"border-button\" href=\"https:\/\/tl-track.com\/tracker\/v3QJ\">www.cariovico.pl<\/a><\/p>\n<h2>Wskazania i przeciwwskazania Cariovico<\/h2>\n<p>Stosowanie Cariovico zalecane jest w szczeg\u00f3lno\u015bci osobom, kt\u00f3re:<\/p>\n<ul>\n<li>Chc\u0105 zadba\u0107 o zdrowie swojego serca.<\/li>\n<li>Maj\u0105 podwy\u017cszony poziom cholesterolu.<\/li>\n<li>Zmagaj\u0105 si\u0119 z nadci\u015bnieniem t\u0119tniczym.<\/li>\n<li>Posiadaj\u0105 ryzyko wyst\u0105pienia chor\u00f3b serca na tle genetycznym.<\/li>\n<li>Maj\u0105 s\u0142abe kr\u0105\u017cenie krwi.<\/li>\n<\/ul>\n<p>Cariovico mo\u017ce by\u0107 tak\u017ce pomocny dla os\u00f3b, kt\u00f3re prowadz\u0105 siedz\u0105cy tryb \u017cycia, co cz\u0119sto prowadzi do problem\u00f3w z kr\u0105\u017ceniem. D\u0142ugotrwa\u0142a praca w jednej pozycji, brak ruchu oraz niew\u0142a\u015bciwa dieta mog\u0105 negatywnie wp\u0142ywa\u0107 na funkcjonowanie uk\u0142adu sercowo-naczyniowego. Regularne stosowanie tego suplementu mo\u017ce wspiera\u0107 profilaktyk\u0119 i poprawi\u0107 og\u00f3ln\u0105 kondycj\u0119 organizmu.<\/p>\n<h3>Przeciwwskazania<\/h3>\n<p>Mimo licznych korzy\u015bci wynikaj\u0105cych z za\u017cywania Cariovico, istniej\u0105 r\u00f3wnie\u017c pewne przeciwwskazania, kt\u00f3re warto mie\u0107 na uwadze:<\/p>\n<ol>\n<li><strong>Alergia na sk\u0142adniki<\/strong>: Osoby uczulone na kt\u00f3rykolwiek ze sk\u0142adnik\u00f3w produktu powinny unika\u0107 jego stosowania.<\/li>\n<li><strong>Ci\u0105\u017ca i karmienie piersi\u0105<\/strong>: Nie ma wystarczaj\u0105cych danych na temat bezpiecze\u0144stwa stosowania Cariovico w okresie ci\u0105\u017cy i karmienia piersi\u0105, dlatego w tych przypadkach zaleca si\u0119 konsultacj\u0119 z lekarzem.<\/li>\n<li><strong>Problemy zdrowotne<\/strong>: Osoby cierpi\u0105ce na przewlek\u0142e choroby, takie jak cukrzyca czy schorzenia nerek, przed rozpocz\u0119ciem kuracji powinny skonsultowa\u0107 si\u0119 z lekarzem.<\/li>\n<\/ol>\n<h2>Sk\u0142ad Cariovico &#8211; skuteczne sk\u0142adniki<\/h2>\n<p>Cariovico zawiera starannie dobrany zestaw sk\u0142adnik\u00f3w aktywnych, kt\u00f3re maj\u0105 na celu wsparcie zdrowia uk\u0142adu kr\u0105\u017cenia. W tabeli poni\u017cej przedstawiamy g\u0142\u00f3wne sk\u0142adniki preparatu oraz ich dzia\u0142anie:<\/p>\n<table style=\"height: 205px;\" width=\"913\">\n<thead>\n<tr>\n<th><strong>Sk\u0142adnik<\/strong><\/th>\n<th><strong>Dzia\u0142anie<\/strong><\/th>\n<\/tr>\n<\/thead>\n<tbody>\n<tr>\n<td><strong>Koenzym Q10<\/strong><\/td>\n<td>Poprawia wydolno\u015b\u0107 serca, dzia\u0142a jako antyoksydant, wspiera produkcj\u0119 energii.<\/td>\n<\/tr>\n<tr>\n<td><strong>Ekstrakt z g\u0142ogu<\/strong><\/td>\n<td>Wzmacnia naczynia krwiono\u015bne, obni\u017ca ci\u015bnienie krwi.<\/td>\n<\/tr>\n<tr>\n<td><strong>L-arginina<\/strong><\/td>\n<td>Rozszerza naczynia krwiono\u015bne, wspomaga przep\u0142yw krwi.<\/td>\n<\/tr>\n<tr>\n<td><strong>Witamina C<\/strong><\/td>\n<td>Dzia\u0142a antyoksydacyjnie, wspiera produkcj\u0119 kolagenu, wzmacnia naczynia krwiono\u015bne.<\/td>\n<\/tr>\n<tr>\n<td><strong>Witamina E<\/strong><\/td>\n<td>Chroni kom\u00f3rki przed uszkodzeniem, wspiera zdrowie serca.<\/td>\n<\/tr>\n<tr>\n<td><strong>Magnez<\/strong><\/td>\n<td>Reguluje ci\u015bnienie krwi, wspiera prac\u0119 serca i mi\u0119\u015bni.<\/td>\n<\/tr>\n<\/tbody>\n<\/table>\n<p>Wszystkie te sk\u0142adniki maj\u0105 udowodnione dzia\u0142anie prozdrowotne i cz\u0119sto s\u0105 rekomendowane przez specjalist\u00f3w w profilaktyce chor\u00f3b serca.<\/p>\n<h2>Efekty stosowania &#8211; dzia\u0142anie kapsu\u0142ki Cariovico<\/h2>\n<p>Stosowanie kapsu\u0142ek Cariovico mo\u017ce przynie\u015b\u0107 liczne korzy\u015bci zdrowotne, zw\u0142aszcza w kontek\u015bcie wspierania uk\u0142adu sercowo-naczyniowego. Regularne stosowanie tego preparatu mo\u017ce pom\u00f3c w:<\/p>\n<ol>\n<li><strong>Poprawie kr\u0105\u017cenia krwi<\/strong> \u2013 L-arginina i ekstrakt z g\u0142ogu wspieraj\u0105 rozszerzenie naczy\u0144 krwiono\u015bnych, co poprawia przep\u0142yw krwi.<\/li>\n<li><strong>Obni\u017ceniu ci\u015bnienia t\u0119tniczego<\/strong> \u2013 Regularne stosowanie mo\u017ce pom\u00f3c w normalizacji ci\u015bnienia krwi.<\/li>\n<li><strong>Zmniejszeniu ryzyka mia\u017cd\u017cycy<\/strong> \u2013 Dzi\u0119ki dzia\u0142aniu koenzymu Q10 i antyoksydant\u00f3w, Cariovico wspiera walk\u0119 z odk\u0142adaniem si\u0119 z\u0142og\u00f3w cholesterolu w naczyniach krwiono\u015bnych.<\/li>\n<li><strong>Wzmocnieniu naczy\u0144 krwiono\u015bnych<\/strong> \u2013 Witaminy i minera\u0142y zawarte w preparacie, takie jak witamina C i E, wspieraj\u0105 elastyczno\u015b\u0107 i odporno\u015b\u0107 naczy\u0144 krwiono\u015bnych.<\/li>\n<li><strong>Wsparciu pracy serca<\/strong> \u2013 Poprawa wydolno\u015bci mi\u0119\u015bnia sercowego, dzi\u0119ki koenzymowi Q10, mo\u017ce przyczyni\u0107 si\u0119 do og\u00f3lnej poprawy funkcjonowania serca.<\/li>\n<\/ol>\n<h2>Gdzie kupi\u0107 Cariovico?<\/h2>\n<p>Je\u015bli zastanawiasz si\u0119, gdzie kupi\u0107 Cariovico, warto wiedzie\u0107, \u017ce produkt ten nie jest dost\u0119pny w tradycyjnych, stacjonarnych aptekach. Zamiast tego, najlepiej jest zam\u00f3wi\u0107 go bezpo\u015brednio u producenta za po\u015brednictwem oficjalnej strony internetowej. Dzi\u0119ki temu masz pewno\u015b\u0107, \u017ce kupujesz oryginalny produkt, kt\u00f3ry spe\u0142nia wszystkie wymagania jako\u015bciowe.<\/p>\n<p><strong>Zamawianie suplement\u00f3w przez internet ma kilka korzy\u015bci:<\/strong><\/p>\n<ol>\n<li><strong>Bezpiecze\u0144stwo zakupu<\/strong> \u2013 Kupuj\u0105c bezpo\u015brednio u producenta, masz gwarancj\u0119 oryginalno\u015bci produktu.<\/li>\n<li><strong>Szybka dostawa<\/strong> \u2013 Zam\u00f3wienia s\u0105 realizowane bezpo\u015brednio do domu, co jest wygodnym rozwi\u0105zaniem dla os\u00f3b prowadz\u0105cych intensywny tryb \u017cycia.<\/li>\n<li><strong>Cz\u0119ste promocje i rabaty<\/strong> \u2013 Producenci cz\u0119sto oferuj\u0105 korzystne zni\u017cki, co pozwala na zakup suplementu w atrakcyjnej cenie.<\/li>\n<\/ol>\n<p>Je\u015bli szukasz produktu w stacjonarnej aptece, mo\u017cesz si\u0119 rozczarowa\u0107, poniewa\u017c Cariovico nie jest dost\u0119pny w aptekach. Dlatego najlepiej jest odwiedzi\u0107 oficjaln\u0105 stron\u0119 producenta i tam z\u0142o\u017cy\u0107 zam\u00f3wienie. Oryginalne kapsu\u0142ki Cariovico znajdziesz tylko w sprzeda\u017cy online, co zapewnia bezpiecze\u0144stwo i wygod\u0119.<\/p>\n<p><strong>G\u0142\u00f3wne korzy\u015bci zakupu online:<\/strong><\/p>\n<ul>\n<li>Szybka realizacja zam\u00f3wie\u0144<\/li>\n<li>Promocje cenowe<\/li>\n<li>Gwarancja oryginalno\u015bci<\/li>\n<\/ul>\n<p>Cariovico to skuteczny suplement diety wspieraj\u0105cy zdrowie serca i uk\u0142adu kr\u0105\u017cenia. Dzi\u0119ki starannie dobranym sk\u0142adnikom, dzia\u0142anie kapsu\u0142ek mo\u017ce przynie\u015b\u0107 wymierne korzy\u015bci dla os\u00f3b, kt\u00f3re chc\u0105 zadba\u0107 o swoje serce i uk\u0142ad krwiono\u015bny. Pami\u0119taj jednak, aby przed rozpocz\u0119ciem suplementacji skonsultowa\u0107 si\u0119 z lekarzem, zw\u0142aszcza je\u015bli cierpisz na przewlek\u0142e schorzenia.<\/p>\n<p style=\"text-align: center;\"><a class=\"border-button\" href=\"https:\/\/tl-track.com\/tracker\/v3QJ\">KUPI\u0106 PO CENIE PRODUCENTA (-50%)<\/a><\/p>\n","protected":false},"excerpt":{"rendered":"<p>Nr kat.: 870874712<\/p>\n<p style=\"text-align: center;\"><a class=\"border-button\" href=\"https:\/\/tl-track.com\/tracker\/v3QJ\">KUP TERAZ<\/a><\/p>\n","protected":false},"featured_media":623,"comment_status":"open","ping_status":"closed","template":"","meta":[],"product_brand":[],"product_cat":[18],"product_tag":[],"class_list":{"0":"post-622","1":"product","2":"type-product","3":"status-publish","4":"has-post-thumbnail","6":"product_cat-suplementy","8":"first","9":"instock","10":"sale","11":"shipping-taxable","12":"purchasable","13":"product-type-simple"},"aioseo_notices":[],"_links":{"self":[{"href":"https:\/\/lekarzpodroznik.pl\/store\/wp-json\/wp\/v2\/product\/622","targetHints":{"allow":["GET"]}}],"collection":[{"href":"https:\/\/lekarzpodroznik.pl\/store\/wp-json\/wp\/v2\/product"}],"about":[{"href":"https:\/\/lekarzpodroznik.pl\/store\/wp-json\/wp\/v2\/types\/product"}],"replies":[{"embeddable":true,"href":"https:\/\/lekarzpodroznik.pl\/store\/wp-json\/wp\/v2\/comments?post=622"}],"wp:featuredmedia":[{"embeddable":true,"href":"https:\/\/lekarzpodroznik.pl\/store\/wp-json\/wp\/v2\/media\/623"}],"wp:attachment":[{"href":"https:\/\/lekarzpodroznik.pl\/store\/wp-json\/wp\/v2\/media?parent=622"}],"wp:term":[{"taxonomy":"product_brand","embeddable":true,"href":"https:\/\/lekarzpodroznik.pl\/store\/wp-json\/wp\/v2\/product_brand?post=622"},{"taxonomy":"product_cat","embeddable":true,"href":"https:\/\/lekarzpodroznik.pl\/store\/wp-json\/wp\/v2\/product_cat?post=622"},{"taxonomy":"product_tag","embeddable":true,"href":"https:\/\/lekarzpodroznik.pl\/store\/wp-json\/wp\/v2\/product_tag?post=622"}],"curies":[{"name":"wp","href":"https:\/\/api.w.org\/{rel}","templated":true}]}}