{"id":624,"date":"2024-10-14T08:39:35","date_gmt":"2024-10-14T08:39:35","guid":{"rendered":"https:\/\/lekarzpodroznik.pl\/store\/?post_type=product&#038;p=624"},"modified":"2025-04-17T17:51:02","modified_gmt":"2025-04-17T17:51:02","slug":"collagenico","status":"publish","type":"product","link":"https:\/\/lekarzpodroznik.pl\/store\/product\/collagenico\/","title":{"rendered":"Collagenico"},"content":{"rendered":"<p><strong>Collagenico<\/strong> to innowacyjny suplement diety w postaci kapsu\u0142ek, kt\u00f3ry ma na celu popraw\u0119 kondycji sk\u00f3ry, w\u0142os\u00f3w oraz paznokci. Produkt ten nale\u017cy do grupy preparat\u00f3w wzmacniaj\u0105cych struktury kolagenowe w organizmie, co jest kluczowe dla utrzymania m\u0142odego wygl\u0105du i zdrowego stanu tkanek. Kolagen to bia\u0142ko, kt\u00f3re jest g\u0142\u00f3wnym budulcem sk\u00f3ry, w\u0142os\u00f3w, paznokci, ale tak\u017ce chrz\u0105stek i ko\u015bci. Z wiekiem jego produkcja w organizmie maleje, co skutkuje pojawieniem si\u0119 zmarszczek, \u0142amliwo\u015bci\u0105 w\u0142os\u00f3w oraz os\u0142abieniem paznokci.<\/p>\n<p style=\"text-align: center;\"><a class=\"border-button\" href=\"https:\/\/price-low.eu\/a\/WqvkFD5BZUxzo9\">www.collagenico.pl<\/a><\/p>\n<h2>Wskazania i przeciwwskazania Collagenico<\/h2>\n<p><strong>Wskazania<\/strong> do stosowania Collagenico s\u0105 szerokie, a jego g\u0142\u00f3wnym celem jest poprawa wygl\u0105du sk\u00f3ry, w\u0142os\u00f3w i paznokci. Suplement ten polecany jest w szczeg\u00f3lno\u015bci:<\/p>\n<ul>\n<li>Osobom, kt\u00f3re zauwa\u017cy\u0142y pierwsze oznaki starzenia si\u0119 sk\u00f3ry, takie jak zmarszczki, utrata j\u0119drno\u015bci czy sucho\u015b\u0107.<\/li>\n<li>Osobom zmagaj\u0105cym si\u0119 z \u0142amliwymi paznokciami, kt\u00f3re maj\u0105 tendencj\u0119 do rozdwajania si\u0119 i kruszenia.<\/li>\n<li>Tym, kt\u00f3rzy maj\u0105 problem z wypadaniem w\u0142os\u00f3w lub ich os\u0142abieniem (w\u0142osy s\u0105 matowe, cienkie, \u0142atwo si\u0119 \u0142ami\u0105).<\/li>\n<li>Osobom prowadz\u0105cym intensywny tryb \u017cycia, nara\u017conym na stres i niezdrowe czynniki zewn\u0119trzne, kt\u00f3re mog\u0105 negatywnie wp\u0142ywa\u0107 na wygl\u0105d zewn\u0119trzny.<\/li>\n<\/ul>\n<p>Jednak jak ka\u017cdy suplement diety, Collagenico ma <strong>przeciwwskazania<\/strong>, o kt\u00f3rych nale\u017cy pami\u0119ta\u0107:<\/p>\n<ul>\n<li>Nie zaleca si\u0119 stosowania u os\u00f3b uczulonych na jakikolwiek sk\u0142adnik preparatu.<\/li>\n<li>Kobiety w ci\u0105\u017cy i karmi\u0105ce piersi\u0105 powinny skonsultowa\u0107 si\u0119 z lekarzem przed rozpocz\u0119ciem suplementacji.<\/li>\n<li>Nie jest zalecany dla dzieci oraz os\u00f3b z powa\u017cnymi schorzeniami przewlek\u0142ymi bez wcze\u015bniejszej konsultacji lekarskiej.<\/li>\n<\/ul>\n<h2>Sk\u0142ad Collagenico &#8211; skuteczne sk\u0142adniki<\/h2>\n<p>Skuteczno\u015b\u0107 Collagenico wynika z precyzyjnie dobranego sk\u0142adu. Ka\u017cda kapsu\u0142ka zawiera starannie wyselekcjonowane sk\u0142adniki, kt\u00f3re wsp\u00f3lnie dzia\u0142aj\u0105 na popraw\u0119 kondycji sk\u00f3ry, w\u0142os\u00f3w i paznokci.<\/p>\n<ol>\n<li><strong>Kolagen morski<\/strong> &#8211; Jest to g\u0142\u00f3wny sk\u0142adnik preparatu. Kolagen typu I i III pochodz\u0105cy z ryb morskich jest dobrze przyswajalny przez organizm, co sprzyja regeneracji sk\u00f3ry, w\u0142os\u00f3w i paznokci. Pomaga utrzyma\u0107 elastyczno\u015b\u0107 sk\u00f3ry oraz przyspiesza procesy naprawcze.<\/li>\n<li><strong>Witamina C<\/strong> &#8211; Jest niezb\u0119dna do syntezy kolagenu. Dzia\u0142a jako silny antyoksydant, chroni\u0105c kom\u00f3rki sk\u00f3ry przed stresem oksydacyjnym oraz promuj\u0105c zdrowy wygl\u0105d sk\u00f3ry.<\/li>\n<li><strong>Biotyna (witamina B7)<\/strong> &#8211; Znana r\u00f3wnie\u017c jako &#8222;witamina pi\u0119kno\u015bci&#8221;, biotyna wspiera zdrowy wzrost w\u0142os\u00f3w oraz paznokci. Jej niedob\u00f3r mo\u017ce prowadzi\u0107 do \u0142amliwo\u015bci paznokci i wypadania w\u0142os\u00f3w.<\/li>\n<li><strong>Cynk<\/strong> &#8211; Wa\u017cny pierwiastek \u015bladowy, kt\u00f3ry ma kluczowe znaczenie dla zdrowia sk\u00f3ry. Pomaga w walce z tr\u0105dzikiem i stanami zapalnymi, a tak\u017ce wspomaga regeneracj\u0119 tkanek.<\/li>\n<li><strong>Kwas hialuronowy<\/strong> &#8211; Wspomaga nawil\u017cenie sk\u00f3ry, co jest kluczowe dla jej m\u0142odego i zdrowego wygl\u0105du. Sk\u00f3ra staje si\u0119 bardziej j\u0119drna, a zmarszczki s\u0105 mniej widoczne.<\/li>\n<li><strong>Mied\u017a<\/strong> &#8211; Mied\u017a wspomaga produkcj\u0119 melaniny, co sprzyja zdrowemu kolorytowi sk\u00f3ry oraz zapobiega przedwczesnemu siwieniu w\u0142os\u00f3w.<\/li>\n<\/ol>\n<h2>Efekty stosowania &#8211; dzia\u0142anie kapsu\u0142ek Collagenico<\/h2>\n<p>Regularne stosowanie Collagenico przynosi szereg korzy\u015bci dla wygl\u0105du i zdrowia. Oto najwa\u017cniejsze efekty, kt\u00f3re mo\u017cna zauwa\u017cy\u0107 po kilku tygodniach stosowania:<\/p>\n<ul>\n<li><strong>Poprawa elastyczno\u015bci i j\u0119drno\u015bci sk\u00f3ry<\/strong>: Dzi\u0119ki obecno\u015bci kolagenu morskiego i kwasu hialuronowego sk\u00f3ra staje si\u0119 bardziej nawil\u017cona, spr\u0119\u017cysta, a zmarszczki s\u0105 wyg\u0142adzone.<\/li>\n<li><strong>Zdrowe, mocne w\u0142osy<\/strong>: Biotyna oraz cynk wspomagaj\u0105 wzrost w\u0142os\u00f3w, zapobiegaj\u0105 ich nadmiernemu wypadaniu i \u0142amliwo\u015bci. W\u0142osy staj\u0105 si\u0119 g\u0119stsze, bardziej l\u015bni\u0105ce i mocniejsze.<\/li>\n<li><strong>Silne paznokcie<\/strong>: Sk\u0142adniki aktywne, takie jak biotyna i kolagen, wzmacniaj\u0105 struktur\u0119 paznokci, zapobiegaj\u0105c ich rozdwajaniu i \u0142amaniu.<\/li>\n<li><strong>M\u0142odszy wygl\u0105d sk\u00f3ry<\/strong>: Dzi\u0119ki po\u0142\u0105czeniu kolagenu, witaminy C i kwasu hialuronowego sk\u00f3ra staje si\u0119 widocznie m\u0142odsza, promienna i pe\u0142na blasku.<\/li>\n<\/ul>\n<h2>Gdzie kupi\u0107 Collagenico?<\/h2>\n<p>Zakup Collagenico mo\u017ce wydawa\u0107 si\u0119 prosty, ale warto zwr\u00f3ci\u0107 uwag\u0119 na kilka istotnych kwestii. Przede wszystkim, preparat ten <strong>nie jest dost\u0119pny w tradycyjnych aptekach<\/strong> stacjonarnych, co oznacza, \u017ce nie znajdziesz go na p\u00f3\u0142kach w najbli\u017cszej aptece. Aby mie\u0107 pewno\u015b\u0107, \u017ce kupujesz oryginalny produkt, najlepiej jest naby\u0107 go bezpo\u015brednio od producenta.<\/p>\n<p><strong>Gdzie kupi\u0107 Collagenico?<\/strong> Najlepszym miejscem na zakup jest oficjalna strona internetowa producenta. Tam masz gwarancj\u0119 oryginalno\u015bci produktu oraz mo\u017cesz skorzysta\u0107 z atrakcyjnych promocji i rabat\u00f3w. Warto unika\u0107 niepewnych \u017ar\u00f3de\u0142, takich jak nieautoryzowane sklepy internetowe, kt\u00f3re mog\u0105 oferowa\u0107 podr\u00f3bki. Zakup u producenta daje tak\u017ce pewno\u015b\u0107, \u017ce produkt jest odpowiednio przechowywany i nie straci\u0142 swoich w\u0142a\u015bciwo\u015bci.<\/p>\n<p>Ponadto, szukaj\u0105c <strong>gdzie kupi\u0107 Collagenico<\/strong>, zwr\u00f3\u0107 uwag\u0119 na mo\u017cliwo\u015b\u0107 darmowej dostawy oraz korzystne pakiety, kt\u00f3re pozwalaj\u0105 zaoszcz\u0119dzi\u0107 przy zakupie wi\u0119kszej ilo\u015bci produktu. Kupuj\u0105c bezpo\u015brednio u producenta, masz r\u00f3wnie\u017c dost\u0119p do wsparcia klienta, co jest szczeg\u00f3lnie wa\u017cne w przypadku pyta\u0144 dotycz\u0105cych dawkowania czy dzia\u0142ania suplementu.<\/p>\n<p><strong>Collagenico<\/strong> to skuteczny suplement diety, kt\u00f3ry wspiera zdrowie sk\u00f3ry, w\u0142os\u00f3w i paznokci. Dzi\u0119ki starannie dobranemu sk\u0142adowi, kapsu\u0142ki te pomagaj\u0105 regenerowa\u0107 struktury kolagenowe, co przek\u0142ada si\u0119 na popraw\u0119 wygl\u0105du i og\u00f3lnej kondycji organizmu. Produkt ten jest bezpieczny w stosowaniu, o ile przestrzega si\u0119 wskaza\u0144 i przeciwwskaza\u0144. Zdecydowanie warto rozwa\u017cy\u0107 jego zakup bezpo\u015brednio u producenta, aby mie\u0107 pewno\u015b\u0107, \u017ce otrzymujemy oryginalny i skuteczny preparat.<\/p>\n<p style=\"text-align: center;\"><a class=\"border-button\" href=\"https:\/\/price-low.eu\/a\/WqvkFD5BZUxzo9\">KUPI\u0106 PO CENIE PRODUCENTA (-50%)<\/a><\/p>\n","protected":false},"excerpt":{"rendered":"<p>Nr kat.: 870874713<\/p>\n<p style=\"text-align: center;\"><a class=\"border-button\" href=\"https:\/\/price-low.eu\/a\/WqvkFD5BZUxzo9\">KUP TERAZ<\/a><\/p>\n","protected":false},"featured_media":1004,"comment_status":"open","ping_status":"closed","template":"","meta":[],"product_brand":[],"product_cat":[18],"product_tag":[],"class_list":{"0":"post-624","1":"product","2":"type-product","3":"status-publish","4":"has-post-thumbnail","6":"product_cat-suplementy","8":"first","9":"instock","10":"sale","11":"shipping-taxable","12":"purchasable","13":"product-type-simple"},"aioseo_notices":[],"_links":{"self":[{"href":"https:\/\/lekarzpodroznik.pl\/store\/wp-json\/wp\/v2\/product\/624","targetHints":{"allow":["GET"]}}],"collection":[{"href":"https:\/\/lekarzpodroznik.pl\/store\/wp-json\/wp\/v2\/product"}],"about":[{"href":"https:\/\/lekarzpodroznik.pl\/store\/wp-json\/wp\/v2\/types\/product"}],"replies":[{"embeddable":true,"href":"https:\/\/lekarzpodroznik.pl\/store\/wp-json\/wp\/v2\/comments?post=624"}],"wp:featuredmedia":[{"embeddable":true,"href":"https:\/\/lekarzpodroznik.pl\/store\/wp-json\/wp\/v2\/media\/1004"}],"wp:attachment":[{"href":"https:\/\/lekarzpodroznik.pl\/store\/wp-json\/wp\/v2\/media?parent=624"}],"wp:term":[{"taxonomy":"product_brand","embeddable":true,"href":"https:\/\/lekarzpodroznik.pl\/store\/wp-json\/wp\/v2\/product_brand?post=624"},{"taxonomy":"product_cat","embeddable":true,"href":"https:\/\/lekarzpodroznik.pl\/store\/wp-json\/wp\/v2\/product_cat?post=624"},{"taxonomy":"product_tag","embeddable":true,"href":"https:\/\/lekarzpodroznik.pl\/store\/wp-json\/wp\/v2\/product_tag?post=624"}],"curies":[{"name":"wp","href":"https:\/\/api.w.org\/{rel}","templated":true}]}}