{"id":645,"date":"2024-10-14T09:26:51","date_gmt":"2024-10-14T09:26:51","guid":{"rendered":"https:\/\/lekarzpodroznik.pl\/store\/?post_type=product&#038;p=645"},"modified":"2024-10-30T08:05:29","modified_gmt":"2024-10-30T08:05:29","slug":"beauty-age-skin-peeling","status":"publish","type":"product","link":"https:\/\/lekarzpodroznik.pl\/store\/product\/beauty-age-skin-peeling\/","title":{"rendered":"Beauty Age Skin Peeling"},"content":{"rendered":"<p>Beauty Age Skin Peeling to innowacyjny krem przeznaczony do codziennej piel\u0119gnacji sk\u00f3ry, kt\u00f3ry dzia\u0142a na zasadzie delikatnego peelingu. Dzi\u0119ki swojej unikalnej formule pozwala usuwa\u0107 martwe kom\u00f3rki nask\u00f3rka, jednocze\u015bnie wspieraj\u0105c regeneracj\u0119 sk\u00f3ry i poprawiaj\u0105c jej wygl\u0105d. Produkt dost\u0119pny jest w formie kremu o lekkiej konsystencji, co u\u0142atwia jego aplikacj\u0119 i sprawia, \u017ce szybko si\u0119 wch\u0142ania, nie pozostawiaj\u0105c t\u0142ustej warstwy na sk\u00f3rze.<\/p>\n<p>Krem ten nale\u017cy do grupy preparat\u00f3w anti-aging, czyli kosmetyk\u00f3w maj\u0105cych na celu spowolnienie procesu starzenia si\u0119 sk\u00f3ry. Beauty Age Skin Peeling dzia\u0142a na poziomie kom\u00f3rkowym, pomagaj\u0105c odnowi\u0107 struktur\u0119 sk\u00f3ry oraz poprawi\u0107 jej elastyczno\u015b\u0107 i koloryt.<\/p>\n<p><strong>Kluczowe cechy Beauty Age Skin Peeling:<\/strong><\/p>\n<ul>\n<li><strong>Forma wydania<\/strong>: krem<\/li>\n<li><strong>Grupa<\/strong>: kosmetyki anti-aging<\/li>\n<li><strong>Typ dzia\u0142ania<\/strong>: peeling i odm\u0142adzanie sk\u00f3ry<\/li>\n<\/ul>\n<p style=\"text-align: center;\"><a class=\"border-button\" href=\"https:\/\/kshop11.com\/0Rf9iz\/\">www.beauty-age-skin-peeling.pl<\/a><\/p>\n<h2>Wskazania i przeciwwskazania Beauty Age Skin Peeling<\/h2>\n<p>Beauty Age Skin Peeling zosta\u0142 opracowany z my\u015bl\u0105 o osobach, kt\u00f3re pragn\u0105 zachowa\u0107 m\u0142ody i promienny wygl\u0105d sk\u00f3ry. Idealnie sprawdzi si\u0119 w przypadku:<\/p>\n<ul>\n<li>sk\u00f3ry z oznakami starzenia si\u0119 (zmarszczki, utrata elastyczno\u015bci),<\/li>\n<li>przebarwie\u0144 i nier\u00f3wnomiernego kolorytu sk\u00f3ry,<\/li>\n<li>sk\u00f3ry matowej, pozbawionej blasku,<\/li>\n<li>os\u00f3b pragn\u0105cych poprawi\u0107 tekstur\u0119 sk\u00f3ry oraz usun\u0105\u0107 martwy nask\u00f3rek,<\/li>\n<li>cery zm\u0119czonej, nara\u017conej na stres i negatywne dzia\u0142anie czynnik\u00f3w zewn\u0119trznych.<\/li>\n<\/ul>\n<p><strong>Przeciwwskazania do stosowania Beauty Age Skin Peeling:<\/strong><\/p>\n<ul>\n<li>Alergie na kt\u00f3rykolwiek ze sk\u0142adnik\u00f3w produktu.<\/li>\n<li>Sk\u00f3ra wra\u017cliwa, podatna na podra\u017cnienia \u2013 nale\u017cy zachowa\u0107 ostro\u017cno\u015b\u0107 i skonsultowa\u0107 si\u0119 z dermatologiem.<\/li>\n<li>Aktywne stany zapalne na sk\u00f3rze, tr\u0105dzik w ostrej fazie.<\/li>\n<li>Ci\u0105\u017ca i okres karmienia piersi\u0105 \u2013 w tych przypadkach zaleca si\u0119 konsultacj\u0119 z lekarzem.<\/li>\n<\/ul>\n<p>Zaleca si\u0119 przed pierwszym u\u017cyciem wykonanie testu alergicznego, nak\u0142adaj\u0105c niewielk\u0105 ilo\u015b\u0107 kremu na ma\u0142y obszar sk\u00f3ry i obserwuj\u0105c reakcj\u0119 przez 24 godziny.<\/p>\n<h2>Sk\u0142ad Beauty Age Skin Peeling \u2013 skuteczne sk\u0142adniki<\/h2>\n<p>Jednym z kluczowych czynnik\u00f3w wp\u0142ywaj\u0105cych na skuteczno\u015b\u0107 Beauty Age Skin Peeling s\u0105 jego starannie dobrane sk\u0142adniki. Krem zawiera kompleks substancji aktywnych, kt\u00f3re wspieraj\u0105 regeneracj\u0119 sk\u00f3ry, eliminuj\u0105 niedoskona\u0142o\u015bci i dzia\u0142aj\u0105 przeciwstarzeniowo.<\/p>\n<p><strong>G\u0142\u00f3wne sk\u0142adniki Beauty Age Skin Peeling:<\/strong><\/p>\n<table>\n<thead>\n<tr>\n<th><strong>Sk\u0142adnik<\/strong><\/th>\n<th><strong>Dzia\u0142anie<\/strong><\/th>\n<\/tr>\n<\/thead>\n<tbody>\n<tr>\n<td><strong>Kwas hialuronowy<\/strong><\/td>\n<td>Nawil\u017ca i uelastycznia sk\u00f3r\u0119, wspomaga jej regeneracj\u0119, wype\u0142nia drobne zmarszczki.<\/td>\n<\/tr>\n<tr>\n<td><strong>Witamina C<\/strong><\/td>\n<td>Rozja\u015bnia przebarwienia, dzia\u0142a antyoksydacyjnie, stymuluje produkcj\u0119 kolagenu.<\/td>\n<\/tr>\n<tr>\n<td><strong>Retinol<\/strong><\/td>\n<td>Silnie dzia\u0142aj\u0105cy sk\u0142adnik anti-aging, pobudza odnow\u0119 kom\u00f3rkow\u0105, wyg\u0142adza zmarszczki.<\/td>\n<\/tr>\n<tr>\n<td><strong>Kwas mlekowy<\/strong><\/td>\n<td>Delikatnie z\u0142uszcza martwy nask\u00f3rek, poprawia tekstur\u0119 sk\u00f3ry i jej koloryt.<\/td>\n<\/tr>\n<tr>\n<td><strong>Ekstrakt z aloesu<\/strong><\/td>\n<td>\u0141agodzi podra\u017cnienia, nawil\u017ca, wspiera gojenie si\u0119 mikrouszkodze\u0144 sk\u00f3ry.<\/td>\n<\/tr>\n<\/tbody>\n<\/table>\n<p><strong>Dzia\u0142anie sk\u0142adnik\u00f3w:<\/strong><\/p>\n<ul>\n<li><strong>Nawil\u017cenie<\/strong>: Kwas hialuronowy oraz ekstrakt z aloesu doskonale nawil\u017caj\u0105 sk\u00f3r\u0119, zapobiegaj\u0105c jej wysuszeniu.<\/li>\n<li><strong>Odnowa kom\u00f3rkowa<\/strong>: Retinol i kwas mlekowy stymuluj\u0105 procesy regeneracyjne, wspomagaj\u0105c odnow\u0119 sk\u00f3ry oraz redukcj\u0119 zmarszczek.<\/li>\n<li><strong>Rozja\u015bnienie cery<\/strong>: Witamina C dzia\u0142a wybielaj\u0105co, redukuj\u0105c przebarwienia i wyr\u00f3wnuj\u0105c koloryt sk\u00f3ry.<\/li>\n<\/ul>\n<h2>Efekty stosowania \u2013 dzia\u0142anie kremu Beauty Age Skin Peeling<\/h2>\n<p>Regularne stosowanie Beauty Age Skin Peeling przynosi widoczne efekty, kt\u00f3re mo\u017cna zaobserwowa\u0107 ju\u017c po kilku tygodniach u\u017cytkowania. W zale\u017cno\u015bci od stanu sk\u00f3ry oraz cz\u0119stotliwo\u015bci stosowania kremu, rezultaty mog\u0105 obejmowa\u0107:<\/p>\n<ol>\n<li><strong>Redukcj\u0119 zmarszczek<\/strong> \u2013 sk\u00f3ra staje si\u0119 wyg\u0142adzona, drobne linie i zmarszczki staj\u0105 si\u0119 mniej widoczne, a struktura sk\u00f3ry ulega poprawie.<\/li>\n<li><strong>Popraw\u0119 elastyczno\u015bci<\/strong> \u2013 dzi\u0119ki nawil\u017caj\u0105cym i regeneruj\u0105cym sk\u0142adnikom, sk\u00f3ra zyskuje j\u0119drno\u015b\u0107 i elastyczno\u015b\u0107.<\/li>\n<li><strong>Rozja\u015bnienie cery<\/strong> \u2013 przebarwienia staj\u0105 si\u0119 mniej widoczne, a sk\u00f3ra odzyskuje zdrowy, promienny wygl\u0105d.<\/li>\n<li><strong>Wyr\u00f3wnanie tekstury<\/strong> \u2013 peelinguj\u0105ce w\u0142a\u015bciwo\u015bci kremu pomagaj\u0105 wyg\u0142adzi\u0107 powierzchni\u0119 sk\u00f3ry, nadaj\u0105c jej aksamitn\u0105 g\u0142adko\u015b\u0107.<\/li>\n<li><strong>Zwi\u0119kszenie nawil\u017cenia<\/strong> \u2013 sk\u00f3ra jest intensywnie nawil\u017cona, co chroni j\u0105 przed wysuszeniem i negatywnym wp\u0142ywem czynnik\u00f3w zewn\u0119trznych.<\/li>\n<\/ol>\n<h2>Gdzie kupi\u0107 Beauty Age Skin Peeling?<\/h2>\n<p>Jednym z najcz\u0119stszych pyta\u0144 jest to, gdzie kupi\u0107 Beauty Age Skin Peeling. Warto zauwa\u017cy\u0107, \u017ce produkt nie jest dost\u0119pny w stacjonarnych aptekach, co oznacza, \u017ce nie mo\u017cna go znale\u017a\u0107 w tradycyjnych punktach sprzeda\u017cy kosmetyk\u00f3w. W zwi\u0105zku z tym, osoby zainteresowane zakupem powinny szuka\u0107 go wy\u0142\u0105cznie w autoryzowanych \u017ar\u00f3d\u0142ach, aby unikn\u0105\u0107 ryzyka nabycia podr\u00f3bek.<\/p>\n<p>Najlepszym rozwi\u0105zaniem jest zakup bezpo\u015brednio od producenta za po\u015brednictwem oficjalnej strony internetowej. Tylko w ten spos\u00f3b mo\u017cna mie\u0107 pewno\u015b\u0107, \u017ce otrzymuje si\u0119 oryginalny produkt o pe\u0142nych w\u0142a\u015bciwo\u015bciach. Cz\u0119sto producent oferuje tak\u017ce atrakcyjne rabaty i promocje dla nowych klient\u00f3w, co sprawia, \u017ce warto monitorowa\u0107 oferty online. Dodatkowo, zakup przez internet pozwala na wygodne dostarczenie kremu pod wskazany adres, bez konieczno\u015bci wychodzenia z domu.<\/p>\n<p><strong>Mo\u017cliwo\u015bci zakupu:<\/strong><\/p>\n<ul>\n<li><strong>Kup online<\/strong>: Najlepsz\u0105 opcj\u0105 jest zakup na stronie producenta.<\/li>\n<li><strong>Dost\u0119pno\u015b\u0107 w aptekach<\/strong>: Beauty Age Skin Peeling nie jest dost\u0119pny w stacjonarnych aptekach.<\/li>\n<li><strong>Ostrze\u017cenie<\/strong>: Nale\u017cy unika\u0107 podejrzanie tanich ofert, kt\u00f3re mog\u0105 sugerowa\u0107 podr\u00f3bki.<\/li>\n<\/ul>\n<p>Beauty Age Skin Peeling to krem, kt\u00f3ry zyska\u0142 uznanie w\u015br\u00f3d os\u00f3b szukaj\u0105cych skutecznych rozwi\u0105za\u0144 przeciwstarzeniowych. Jego unikalna formu\u0142a, zawieraj\u0105ca sk\u0142adniki takie jak kwas hialuronowy, witamina C czy retinol, sprawia, \u017ce regularne stosowanie przynosi widoczne efekty w postaci m\u0142odszej, bardziej elastycznej i promiennej sk\u00f3ry. Produkt ten idealnie nadaje si\u0119 do os\u00f3b, kt\u00f3re chc\u0105 zredukowa\u0107 zmarszczki, poprawi\u0107 koloryt cery i od\u015bwie\u017cy\u0107 jej tekstur\u0119.<\/p>\n<p>Je\u015bli poszukujesz kremu, kt\u00f3ry dzia\u0142a na poziomie kom\u00f3rkowym, z\u0142uszcza martwy nask\u00f3rek i wspomaga regeneracj\u0119 sk\u00f3ry, Beauty Age Skin Peeling mo\u017ce by\u0107 doskona\u0142ym rozwi\u0105zaniem. Aby unikn\u0105\u0107 zakupu podr\u00f3bek, najlepiej kupowa\u0107 go bezpo\u015brednio od producenta, korzystaj\u0105c z jego oficjalnej strony internetowej.<\/p>\n<p style=\"text-align: center;\"><a class=\"border-button\" href=\"https:\/\/kshop11.com\/0Rf9iz\/\">KUPI\u0106 PO CENIE PRODUCENTA (-50%)<\/a><\/p>\n","protected":false},"excerpt":{"rendered":"<p>Nr kat.: 870874723<\/p>\n<p style=\"text-align: center;\"><a class=\"border-button\" href=\"https:\/\/kshop11.com\/0Rf9iz\/\">KUP TERAZ<\/a><\/p>\n","protected":false},"featured_media":646,"comment_status":"open","ping_status":"closed","template":"","meta":[],"product_brand":[],"product_cat":[18],"product_tag":[],"class_list":{"0":"post-645","1":"product","2":"type-product","3":"status-publish","4":"has-post-thumbnail","6":"product_cat-suplementy","8":"first","9":"instock","10":"sale","11":"shipping-taxable","12":"purchasable","13":"product-type-simple"},"aioseo_notices":[],"_links":{"self":[{"href":"https:\/\/lekarzpodroznik.pl\/store\/wp-json\/wp\/v2\/product\/645","targetHints":{"allow":["GET"]}}],"collection":[{"href":"https:\/\/lekarzpodroznik.pl\/store\/wp-json\/wp\/v2\/product"}],"about":[{"href":"https:\/\/lekarzpodroznik.pl\/store\/wp-json\/wp\/v2\/types\/product"}],"replies":[{"embeddable":true,"href":"https:\/\/lekarzpodroznik.pl\/store\/wp-json\/wp\/v2\/comments?post=645"}],"wp:featuredmedia":[{"embeddable":true,"href":"https:\/\/lekarzpodroznik.pl\/store\/wp-json\/wp\/v2\/media\/646"}],"wp:attachment":[{"href":"https:\/\/lekarzpodroznik.pl\/store\/wp-json\/wp\/v2\/media?parent=645"}],"wp:term":[{"taxonomy":"product_brand","embeddable":true,"href":"https:\/\/lekarzpodroznik.pl\/store\/wp-json\/wp\/v2\/product_brand?post=645"},{"taxonomy":"product_cat","embeddable":true,"href":"https:\/\/lekarzpodroznik.pl\/store\/wp-json\/wp\/v2\/product_cat?post=645"},{"taxonomy":"product_tag","embeddable":true,"href":"https:\/\/lekarzpodroznik.pl\/store\/wp-json\/wp\/v2\/product_tag?post=645"}],"curies":[{"name":"wp","href":"https:\/\/api.w.org\/{rel}","templated":true}]}}