{"id":665,"date":"2024-10-14T10:16:32","date_gmt":"2024-10-14T10:16:32","guid":{"rendered":"https:\/\/lekarzpodroznik.pl\/store\/?post_type=product&#038;p=665"},"modified":"2025-04-17T17:47:55","modified_gmt":"2025-04-17T17:47:55","slug":"diaform","status":"publish","type":"product","link":"https:\/\/lekarzpodroznik.pl\/store\/product\/diaform\/","title":{"rendered":"Diaform"},"content":{"rendered":"<p><strong>Diaform<\/strong> to suplement diety w formie kapsu\u0142ek, kt\u00f3ry wspiera organizm w utrzymaniu prawid\u0142owego poziomu cukru we krwi. Produkt nale\u017cy do grupy naturalnych \u015brodk\u00f3w wspomagaj\u0105cych metabolizm glukozy i poprawiaj\u0105cych funkcjonowanie uk\u0142adu sercowo-naczyniowego oraz nerwowego. Diaform jest szczeg\u00f3lnie zalecany dla os\u00f3b z problemami zwi\u0105zanymi z poziomem cukru, w tym dla os\u00f3b z cukrzyc\u0105 typu 2, insulinooporno\u015bci\u0105 czy innymi zaburzeniami metabolizmu w\u0119glowodan\u00f3w.<\/p>\n<p style=\"text-align: center;\"><a class=\"border-button\" href=\"https:\/\/keonv.com\/RAFS?sub1=sub1&amp;sub2=sub2&amp;sub3=sub3&amp;sub4=sub4&amp;sub5=sub5\">www.diaform.pl<\/a><\/p>\n<h2>Wskazania i przeciwwskazania Diaform<\/h2>\n<h3>Wskazania:<\/h3>\n<p>Diaform zalecany jest dla os\u00f3b, kt\u00f3re:<\/p>\n<ol>\n<li>Maj\u0105 podwy\u017cszony poziom cukru we krwi.<\/li>\n<li>Cierpi\u0105 na insulinooporno\u015b\u0107.<\/li>\n<li>Chc\u0105 wspiera\u0107 funkcjonowanie uk\u0142adu krwiono\u015bnego i nerwowego.<\/li>\n<li>Poszukuj\u0105 naturalnych metod poprawy wra\u017cliwo\u015bci na insulin\u0119.<\/li>\n<li>Chc\u0105 zapobiega\u0107 rozwojowi powik\u0142a\u0144 zwi\u0105zanych z cukrzyc\u0105.<\/li>\n<\/ol>\n<h3>Przeciwwskazania:<\/h3>\n<ul>\n<li>Uczulenie na kt\u00f3rykolwiek ze sk\u0142adnik\u00f3w preparatu.<\/li>\n<li>Kobiety w ci\u0105\u017cy i karmi\u0105ce piersi\u0105 powinny skonsultowa\u0107 stosowanie Diaform z lekarzem.<\/li>\n<li>Nie zaleca si\u0119 stosowania u dzieci.<\/li>\n<\/ul>\n<h2>Sk\u0142ad Diaform \u2013 Skuteczne Sk\u0142adniki<\/h2>\n<p><strong>Diaform<\/strong> zawiera starannie dobran\u0105 mieszank\u0119 naturalnych sk\u0142adnik\u00f3w, kt\u00f3re wspomagaj\u0105 regulacj\u0119 poziomu cukru we krwi, poprawiaj\u0105 metabolizm glukozy i wspieraj\u0105 zdrowie ca\u0142ego organizmu. Oto kluczowe sk\u0142adniki preparatu:<\/p>\n<h3>Olej z nasion konopi:<\/h3>\n<p>Olej z nasion konopi jest znany ze swoich w\u0142a\u015bciwo\u015bci wspomagaj\u0105cych metabolizm glukozy. Poprawia odpowied\u017a receptor\u00f3w i stymuluje produkcj\u0119 enzym\u00f3w, co korzystnie wp\u0142ywa na produkcj\u0119 insuliny. Dodatkowo wspiera zdrowie uk\u0142adu nerwowego oraz sercowo-naczyniowego, co jest istotne dla os\u00f3b z cukrzyc\u0105.<\/p>\n<h3>Omega-3:<\/h3>\n<p>Kwasy t\u0142uszczowe Omega-3 maj\u0105 kluczowe znaczenie dla zdrowia metabolicznego. Wspomagaj\u0105 metabolizm glukozy, pomagaj\u0105 normalizowa\u0107 poziom cukru we krwi, a tak\u017ce spowalniaj\u0105 tworzenie si\u0119 blaszek mia\u017cd\u017cycowych. Dzia\u0142aj\u0105 r\u00f3wnie\u017c przeciwzapalnie i wzmacniaj\u0105 elastyczno\u015b\u0107 naczy\u0144 krwiono\u015bnych.<\/p>\n<h3>Omega-6:<\/h3>\n<p>Omega-6 wspiera tworzenie nowej tkanki nerwowej, co ma znaczenie dla os\u00f3b cierpi\u0105cych na neuropatie zwi\u0105zane z cukrzyc\u0105. Pomaga w normalizacji pracy uk\u0142adu sercowo-naczyniowego, redukuje stany zapalne i b\u00f3l oraz poprawia og\u00f3lne samopoczucie.<\/p>\n<h2>Efekty stosowania \u2013 Dzia\u0142anie Kapsu\u0142ek Diaform<\/h2>\n<p>Regularne stosowanie <strong>Diaform<\/strong> mo\u017ce przynie\u015b\u0107 liczne korzy\u015bci dla zdrowia, szczeg\u00f3lnie w kontek\u015bcie regulacji poziomu cukru i zapobiegania powik\u0142aniom zwi\u0105zanym z cukrzyc\u0105. Oto g\u0142\u00f3wne efekty, jakie mo\u017cna zaobserwowa\u0107 podczas stosowania tego preparatu:<\/p>\n<ol>\n<li><strong>Normalizacja poziomu cukru we krwi<\/strong>: Sk\u0142adniki aktywne w Diaform wspieraj\u0105 organizm w utrzymaniu optymalnego poziomu glukozy, co jest kluczowe dla os\u00f3b z cukrzyc\u0105 i insulinooporno\u015bci\u0105.<\/li>\n<li><strong>Poprawa wra\u017cliwo\u015bci na insulin\u0119<\/strong>: Olej z nasion konopi i kwasy Omega-3 i Omega-6 wspieraj\u0105 popraw\u0119 wra\u017cliwo\u015bci tkanek na insulin\u0119, co mo\u017ce przyczyni\u0107 si\u0119 do lepszego zarz\u0105dzania cukrem we krwi.<\/li>\n<li><strong>Redukcja ryzyka powik\u0142a\u0144<\/strong>: Diaform dzia\u0142a profilaktycznie, pomagaj\u0105c zapobiega\u0107 powik\u0142aniom sercowo-naczyniowym i neurologicznym, kt\u00f3re cz\u0119sto towarzysz\u0105 cukrzycy.<\/li>\n<li><strong>Regeneracja kom\u00f3rek<\/strong>: Omega-6 wspiera regeneracj\u0119 tkanek, co jest wa\u017cne w kontek\u015bcie leczenia przewlek\u0142ych stan\u00f3w zapalnych i uszkodze\u0144 nerw\u00f3w.<\/li>\n<li><strong>Poprawa og\u00f3lnego samopoczucia<\/strong>: Dzi\u0119ki zawarto\u015bci kwas\u00f3w t\u0142uszczowych, Diaform mo\u017ce r\u00f3wnie\u017c wspomaga\u0107 zdrowie uk\u0142adu sercowo-naczyniowego, redukuj\u0105c ryzyko mia\u017cd\u017cycy oraz poprawiaj\u0105c funkcjonowanie uk\u0142adu nerwowego.<\/li>\n<\/ol>\n<h2>Gdzie kupi\u0107 Diaform?<\/h2>\n<p>Je\u015bli zastanawiasz si\u0119, <strong>gdzie kupi\u0107 Diaform<\/strong>, warto zaznaczy\u0107, \u017ce preparat nie jest dost\u0119pny w stacjonarnych aptekach. Najlepszym i najbezpieczniejszym miejscem zakupu jest oficjalna strona producenta. Zakup u producenta gwarantuje autentyczno\u015b\u0107 preparatu, odpowiednie warunki przechowywania oraz najlepsze oferty cenowe.<\/p>\n<p>Kupuj\u0105c Diaform przez internet, zyskujesz r\u00f3wnie\u017c pewno\u015b\u0107, \u017ce preparat dotrze bezpo\u015brednio do Twojego domu w odpowiednich warunkach. Warto unika\u0107 zakupu z nieautoryzowanych \u017ar\u00f3de\u0142, takich jak przypadkowe aukcje internetowe czy ma\u0142o znane sklepy, kt\u00f3re mog\u0105 oferowa\u0107 produkty niskiej jako\u015bci lub fa\u0142szywe.<\/p>\n<p><strong>Zalety zakupu Diaform od producenta:<\/strong><\/p>\n<ol>\n<li><strong>Gwarancja autentyczno\u015bci<\/strong>: Kupuj\u0105c bezpo\u015brednio od producenta, masz pewno\u015b\u0107, \u017ce otrzymujesz oryginalny produkt.<\/li>\n<li><strong>Bezpieczna transakcja<\/strong>: Oficjalna strona zapewnia bezpieczne metody p\u0142atno\u015bci i dostawy.<\/li>\n<li><strong>Promocje i rabaty<\/strong>: Cz\u0119sto producent oferuje r\u00f3\u017cnorodne promocje, kt\u00f3re pozwalaj\u0105 zaoszcz\u0119dzi\u0107 na zakupie wi\u0119kszej ilo\u015bci preparatu.<\/li>\n<li><strong>Wygoda<\/strong>: Mo\u017cliwo\u015b\u0107 zam\u00f3wienia online z dostaw\u0105 do domu to oszcz\u0119dno\u015b\u0107 czasu i wygoda, szczeg\u00f3lnie dla os\u00f3b, kt\u00f3re nie chc\u0105 traci\u0107 czasu na poszukiwania w aptekach.<\/li>\n<\/ol>\n<p>Pami\u0119taj, aby przy zakupie zwraca\u0107 uwag\u0119 na oficjalne strony sprzeda\u017cy i unika\u0107 podejrzanych ofert.<\/p>\n<p><strong>Diaform<\/strong> to nowoczesny suplement diety wspomagaj\u0105cy regulacj\u0119 poziomu cukru we krwi, zawieraj\u0105cy unikaln\u0105 mieszank\u0119 sk\u0142adnik\u00f3w, kt\u00f3re dzia\u0142aj\u0105 wielopoziomowo na popraw\u0119 zdrowia metabolicznego. Regularne stosowanie mo\u017ce pom\u00f3c w utrzymaniu prawid\u0142owego poziomu cukru, poprawie wra\u017cliwo\u015bci na insulin\u0119 oraz zapobieganiu powik\u0142aniom zwi\u0105zanym z cukrzyc\u0105. Aby cieszy\u0107 si\u0119 pe\u0142nymi korzy\u015bciami z jego stosowania, najlepiej kupi\u0107 preparat bezpo\u015brednio od producenta, co daje gwarancj\u0119 autentyczno\u015bci i wysokiej jako\u015bci produktu.<\/p>\n<p style=\"text-align: center;\"><a class=\"border-button\" href=\"https:\/\/keonv.com\/RAFS?sub1=sub1&amp;sub2=sub2&amp;sub3=sub3&amp;sub4=sub4&amp;sub5=sub5\">KUPI\u0106 PO CENIE PRODUCENTA (-50%)<\/a><\/p>\n","protected":false},"excerpt":{"rendered":"<p>Nr kat.: 870874733<\/p>\n<p style=\"text-align: center;\"><a class=\"border-button\" href=\"https:\/\/keonv.com\/RAFS?sub1=sub1&amp;sub2=sub2&amp;sub3=sub3&amp;sub4=sub4&amp;sub5=sub5\">KUP TERAZ<\/a><\/p>\n","protected":false},"featured_media":1123,"comment_status":"open","ping_status":"closed","template":"","meta":[],"product_brand":[],"product_cat":[18],"product_tag":[],"class_list":{"0":"post-665","1":"product","2":"type-product","3":"status-publish","4":"has-post-thumbnail","6":"product_cat-suplementy","8":"first","9":"instock","10":"sale","11":"shipping-taxable","12":"purchasable","13":"product-type-simple"},"aioseo_notices":[],"_links":{"self":[{"href":"https:\/\/lekarzpodroznik.pl\/store\/wp-json\/wp\/v2\/product\/665","targetHints":{"allow":["GET"]}}],"collection":[{"href":"https:\/\/lekarzpodroznik.pl\/store\/wp-json\/wp\/v2\/product"}],"about":[{"href":"https:\/\/lekarzpodroznik.pl\/store\/wp-json\/wp\/v2\/types\/product"}],"replies":[{"embeddable":true,"href":"https:\/\/lekarzpodroznik.pl\/store\/wp-json\/wp\/v2\/comments?post=665"}],"wp:featuredmedia":[{"embeddable":true,"href":"https:\/\/lekarzpodroznik.pl\/store\/wp-json\/wp\/v2\/media\/1123"}],"wp:attachment":[{"href":"https:\/\/lekarzpodroznik.pl\/store\/wp-json\/wp\/v2\/media?parent=665"}],"wp:term":[{"taxonomy":"product_brand","embeddable":true,"href":"https:\/\/lekarzpodroznik.pl\/store\/wp-json\/wp\/v2\/product_brand?post=665"},{"taxonomy":"product_cat","embeddable":true,"href":"https:\/\/lekarzpodroznik.pl\/store\/wp-json\/wp\/v2\/product_cat?post=665"},{"taxonomy":"product_tag","embeddable":true,"href":"https:\/\/lekarzpodroznik.pl\/store\/wp-json\/wp\/v2\/product_tag?post=665"}],"curies":[{"name":"wp","href":"https:\/\/api.w.org\/{rel}","templated":true}]}}