{"id":669,"date":"2024-10-14T10:24:17","date_gmt":"2024-10-14T10:24:17","guid":{"rendered":"https:\/\/lekarzpodroznik.pl\/store\/?post_type=product&#038;p=669"},"modified":"2025-03-12T10:52:18","modified_gmt":"2025-03-12T10:52:18","slug":"lux-hair-gold","status":"publish","type":"product","link":"https:\/\/lekarzpodroznik.pl\/store\/product\/lux-hair-gold\/","title":{"rendered":"Lux Hair Gold"},"content":{"rendered":"<p>Lux Hair Gold to suplement diety w formie kapsu\u0142ek, zaprojektowany specjalnie z my\u015bl\u0105 o osobach borykaj\u0105cych si\u0119 z problemem wypadania w\u0142os\u00f3w. Kapsu\u0142ki te nale\u017c\u0105 do grupy preparat\u00f3w wspieraj\u0105cych zdrowie w\u0142os\u00f3w od wewn\u0105trz, dostarczaj\u0105c niezb\u0119dnych sk\u0142adnik\u00f3w od\u017cywczych, kt\u00f3re wspieraj\u0105 porost w\u0142os\u00f3w oraz hamuj\u0105 ich wypadanie.<\/p>\n<h3>Forma wydania<\/h3>\n<p>Produkt dost\u0119pny jest w formie \u0142atwych do po\u0142kni\u0119cia kapsu\u0142ek, co sprawia, \u017ce jego stosowanie jest wygodne i praktyczne. Jedno opakowanie Lux Hair Gold zawiera odpowiedni\u0105 ilo\u015b\u0107 kapsu\u0142ek na miesi\u0119czn\u0105 kuracj\u0119.<\/p>\n<h3>Grupa docelowa<\/h3>\n<p>Lux Hair Gold jest przeznaczony dla os\u00f3b doros\u0142ych, zar\u00f3wno m\u0119\u017cczyzn, jak i kobiet, kt\u00f3re borykaj\u0105 si\u0119 z problemami zwi\u0105zanymi z wypadaniem w\u0142os\u00f3w, os\u0142abionymi cebulkami oraz problemami ze wzrostem w\u0142os\u00f3w. Produkt mo\u017ce by\u0107 stosowany przez osoby, kt\u00f3re chc\u0105 poprawi\u0107 stan swoich w\u0142os\u00f3w, nawet je\u015bli nie do\u015bwiadczaj\u0105 znacznej utraty w\u0142os\u00f3w.<\/p>\n<p style=\"text-align: center;\"><a class=\"border-button\" href=\"http:\/\/tl-track.com\/tracker\/upF4\">www.lux-hair-gold.pl<\/a><\/p>\n<h2>Wskazania i Przeciwwskazania Lux Hair Gold<\/h2>\n<h3>Wskazania do stosowania<\/h3>\n<p>Lux Hair Gold jest rekomendowany w przypadku:<\/p>\n<ol>\n<li><strong>Nadmiernego wypadania w\u0142os\u00f3w<\/strong> \u2013 Kapsu\u0142ki pomagaj\u0105 zahamowa\u0107 wypadanie w\u0142os\u00f3w i stymuluj\u0105 wzrost nowych.<\/li>\n<li><strong>Os\u0142abienia cebulek w\u0142os\u00f3w<\/strong> \u2013 Preparat wzmacnia cebulki, co zapobiega ich os\u0142abieniu i utracie w\u0142os\u00f3w.<\/li>\n<li><strong>S\u0142abej kondycji w\u0142os\u00f3w<\/strong> \u2013 Lux Hair Gold sprawia, \u017ce w\u0142osy staj\u0105 si\u0119 mocniejsze, zdrowsze i bardziej l\u015bni\u0105ce.<\/li>\n<li><strong>Zaburze\u0144 w metabolizmie sk\u00f3ry g\u0142owy<\/strong> \u2013 Kapsu\u0142ki wspieraj\u0105 zdrow\u0105 cyrkulacj\u0119 krwi w sk\u00f3rze g\u0142owy, co sprzyja lepszemu od\u017cywieniu cebulek w\u0142osowych.<\/li>\n<\/ol>\n<h3>Przeciwwskazania<\/h3>\n<p>Mimo \u017ce Lux Hair Gold jest produktem naturalnym, istniej\u0105 pewne przeciwwskazania do jego stosowania:<\/p>\n<ul>\n<li><strong>Alergie<\/strong> \u2013 Osoby z alergi\u0105 na kt\u00f3rykolwiek sk\u0142adnik preparatu powinny unika\u0107 jego stosowania.<\/li>\n<li><strong>Ci\u0105\u017ca i karmienie piersi\u0105<\/strong> \u2013 W przypadku kobiet w ci\u0105\u017cy oraz karmi\u0105cych piersi\u0105, przed rozpocz\u0119ciem kuracji nale\u017cy skonsultowa\u0107 si\u0119 z lekarzem.<\/li>\n<li><strong>Choroby przewlek\u0142e<\/strong> \u2013 Osoby cierpi\u0105ce na powa\u017cne schorzenia powinny zasi\u0119gn\u0105\u0107 porady specjalisty przed rozpocz\u0119ciem suplementacji.<\/li>\n<\/ul>\n<h2>Sk\u0142ad Lux Hair Gold &#8211; Skuteczne Sk\u0142adniki<\/h2>\n<p>Lux Hair Gold zawiera starannie dobrane sk\u0142adniki, kt\u00f3re wspieraj\u0105 zdrowie w\u0142os\u00f3w. Oto najwa\u017cniejsze z nich:<\/p>\n<table style=\"height: 183px;\" width=\"912\">\n<thead>\n<tr>\n<th>Sk\u0142adnik<\/th>\n<th>Dzia\u0142anie<\/th>\n<\/tr>\n<\/thead>\n<tbody>\n<tr>\n<td><strong>Biotyna<\/strong><\/td>\n<td>Stymuluje wzrost w\u0142os\u00f3w i zapobiega ich wypadaniu. Poprawia ich struktur\u0119.<\/td>\n<\/tr>\n<tr>\n<td><strong>Kwas foliowy<\/strong><\/td>\n<td>Wzmacnia cebulki w\u0142osowe, poprawia mikrokr\u0105\u017cenie sk\u00f3ry g\u0142owy.<\/td>\n<\/tr>\n<tr>\n<td><strong>Cynk<\/strong><\/td>\n<td>Zwi\u0119ksza produkcj\u0119 keratyny, co wzmacnia w\u0142osy i przyspiesza ich wzrost.<\/td>\n<\/tr>\n<tr>\n<td><strong>Kolagen morski<\/strong><\/td>\n<td>Poprawia elastyczno\u015b\u0107 i nawil\u017cenie w\u0142os\u00f3w, zapobiega ich \u0142amliwo\u015bci.<\/td>\n<\/tr>\n<tr>\n<td><strong>Witamina E<\/strong><\/td>\n<td>Silny antyoksydant, chroni cebulki w\u0142os\u00f3w przed stresem oksydacyjnym.<\/td>\n<\/tr>\n<tr>\n<td><strong>Skrzyp polny<\/strong><\/td>\n<td>Bogaty w krzem, wspiera regeneracj\u0119 w\u0142os\u00f3w i poprawia ich struktur\u0119.<\/td>\n<\/tr>\n<\/tbody>\n<\/table>\n<p>Ka\u017cdy ze sk\u0142adnik\u00f3w Lux Hair Gold zosta\u0142 dobrany w taki spos\u00f3b, aby wspiera\u0107 procesy regeneracji w\u0142os\u00f3w, poprawia\u0107 ich struktur\u0119 oraz stymulowa\u0107 ich wzrost.<\/p>\n<h2>Efekty Stosowania &#8211; Dzia\u0142anie Kapsu\u0142ki Lux Hair Gold<\/h2>\n<p>Regularne stosowanie Lux Hair Gold przynosi szereg pozytywnych efekt\u00f3w. Oto, czego mo\u017cna si\u0119 spodziewa\u0107 po miesi\u0119cznej kuracji:<\/p>\n<ol>\n<li><strong>Zmniejszenie wypadania w\u0142os\u00f3w<\/strong> \u2013 Ju\u017c po kilku tygodniach regularnego stosowania preparatu mo\u017cna zauwa\u017cy\u0107 zmniejszon\u0105 liczb\u0119 w\u0142os\u00f3w wypadaj\u0105cych podczas codziennych czynno\u015bci, takich jak mycie czy czesanie.<\/li>\n<li><strong>Szybszy wzrost w\u0142os\u00f3w<\/strong> \u2013 Sk\u0142adniki aktywne w kapsu\u0142kach wspomagaj\u0105 regeneracj\u0119 cebulek i stymuluj\u0105 szybszy wzrost w\u0142os\u00f3w.<\/li>\n<li><strong>Poprawa kondycji w\u0142os\u00f3w<\/strong> \u2013 W\u0142osy staj\u0105 si\u0119 silniejsze, bardziej l\u015bni\u0105ce i mniej podatne na uszkodzenia.<\/li>\n<li><strong>Od\u017cywienie sk\u00f3ry g\u0142owy<\/strong> \u2013 Lepsze ukrwienie sk\u00f3ry g\u0142owy sprawia, \u017ce cebulki s\u0105 lepiej od\u017cywione, co przek\u0142ada si\u0119 na zdrowszy wygl\u0105d w\u0142os\u00f3w.<\/li>\n<li><strong>Wi\u0119ksza obj\u0119to\u015b\u0107 w\u0142os\u00f3w<\/strong> \u2013 Regularne stosowanie Lux Hair Gold sprawia, \u017ce w\u0142osy staj\u0105 si\u0119 g\u0119stsze i bardziej spr\u0119\u017cyste.<\/li>\n<\/ol>\n<h2>Gdzie Kupi\u0107 Lux Hair Gold?<\/h2>\n<p>Kupno suplementu diety Lux Hair Gold mo\u017ce stanowi\u0107 wyzwanie, poniewa\u017c produkt nie jest dost\u0119pny w stacjonarnych aptekach. Osoby zainteresowane zakupem tego preparatu mog\u0105 go naby\u0107 wy\u0142\u0105cznie w sprzeda\u017cy internetowej. Warto szuka\u0107 go u sprawdzonych \u017ar\u00f3de\u0142, aby mie\u0107 pewno\u015b\u0107 co do oryginalno\u015bci produktu.<\/p>\n<p>Najlepszym miejscem na zakup Lux Hair Gold jest oficjalna strona producenta. To zapewnia gwarancj\u0119 autentyczno\u015bci preparatu oraz bezpiecze\u0144stwa zakupu. Dodatkowo, producent cz\u0119sto oferuje atrakcyjne promocje, dzi\u0119ki kt\u00f3rym mo\u017cna kupi\u0107 produkt w ni\u017cszej cenie. Unikaj zakup\u00f3w na aukcjach internetowych lub u niesprawdzonych sprzedawc\u00f3w, aby unikn\u0105\u0107 ryzyka zakupu podr\u00f3bki.<\/p>\n<p>Wyszukuj\u0105c frazy takie jak <strong>\u201ekup Lux Hair Gold\u201d<\/strong>, <strong>\u201egdzie kupi\u0107 Lux Hair Gold\u201d<\/strong> czy <strong>\u201eLux Hair Gold w aptece\u201d<\/strong>, mo\u017cesz natrafi\u0107 na oferty wielu sklep\u00f3w internetowych, jednak najbezpieczniej jest skorzysta\u0107 bezpo\u015brednio z oferty producenta. Wybieraj\u0105c oryginalny produkt, mo\u017cesz by\u0107 pewien, \u017ce osi\u0105gniesz zamierzone efekty i poprawisz stan swoich w\u0142os\u00f3w.<\/p>\n<p>Lux Hair Gold to innowacyjny preparat w formie kapsu\u0142ek, kt\u00f3ry zosta\u0142 stworzony z my\u015bl\u0105 o osobach zmagaj\u0105cych si\u0119 z problemem wypadania w\u0142os\u00f3w. Dzi\u0119ki starannie dobranym sk\u0142adnikom, takim jak biotyna, cynk czy kolagen, produkt wspiera regeneracj\u0119 w\u0142os\u00f3w od wewn\u0105trz, wzmacnia cebulki i stymuluje wzrost nowych w\u0142os\u00f3w.<\/p>\n<p>Produkt jest szczeg\u00f3lnie polecany osobom, kt\u00f3re zauwa\u017cy\u0142y u siebie nadmierne wypadanie w\u0142os\u00f3w, os\u0142abienie ich struktury czy problemy z porostem nowych w\u0142os\u00f3w. Lux Hair Gold to bezpieczna alternatywa dla inwazyjnych metod leczenia \u0142ysienia, a jego naturalny sk\u0142ad sprawia, \u017ce jest odpowiedni dla szerokiego grona os\u00f3b.<\/p>\n<p>Pami\u0119taj jednak, \u017ce preparat nie jest dost\u0119pny w aptekach stacjonarnych \u2013 szukaj go na oficjalnej stronie producenta, aby mie\u0107 pewno\u015b\u0107, \u017ce otrzymasz oryginalny produkt o sprawdzonym dzia\u0142aniu.<\/p>\n<p>Rozpocznij swoj\u0105 kuracj\u0119 ju\u017c dzi\u015b i ciesz si\u0119 zdrowymi, mocnymi w\u0142osami, dzi\u0119ki Lux Hair Gold!<\/p>\n<p style=\"text-align: center;\"><a class=\"border-button\" href=\"http:\/\/tl-track.com\/tracker\/upF4\">KUPI\u0106 PO CENIE PRODUCENTA (-50%)<\/a><\/p>\n","protected":false},"excerpt":{"rendered":"<p>Nr kat.: 870874735<\/p>\n<p style=\"text-align: center;\"><a class=\"border-button\" href=\"http:\/\/tl-track.com\/tracker\/upF4\">KUP TERAZ<\/a><\/p>\n","protected":false},"featured_media":1169,"comment_status":"open","ping_status":"closed","template":"","meta":[],"product_brand":[],"product_cat":[18],"product_tag":[],"class_list":{"0":"post-669","1":"product","2":"type-product","3":"status-publish","4":"has-post-thumbnail","6":"product_cat-suplementy","8":"first","9":"instock","10":"sale","11":"shipping-taxable","12":"purchasable","13":"product-type-simple"},"aioseo_notices":[],"_links":{"self":[{"href":"https:\/\/lekarzpodroznik.pl\/store\/wp-json\/wp\/v2\/product\/669","targetHints":{"allow":["GET"]}}],"collection":[{"href":"https:\/\/lekarzpodroznik.pl\/store\/wp-json\/wp\/v2\/product"}],"about":[{"href":"https:\/\/lekarzpodroznik.pl\/store\/wp-json\/wp\/v2\/types\/product"}],"replies":[{"embeddable":true,"href":"https:\/\/lekarzpodroznik.pl\/store\/wp-json\/wp\/v2\/comments?post=669"}],"wp:featuredmedia":[{"embeddable":true,"href":"https:\/\/lekarzpodroznik.pl\/store\/wp-json\/wp\/v2\/media\/1169"}],"wp:attachment":[{"href":"https:\/\/lekarzpodroznik.pl\/store\/wp-json\/wp\/v2\/media?parent=669"}],"wp:term":[{"taxonomy":"product_brand","embeddable":true,"href":"https:\/\/lekarzpodroznik.pl\/store\/wp-json\/wp\/v2\/product_brand?post=669"},{"taxonomy":"product_cat","embeddable":true,"href":"https:\/\/lekarzpodroznik.pl\/store\/wp-json\/wp\/v2\/product_cat?post=669"},{"taxonomy":"product_tag","embeddable":true,"href":"https:\/\/lekarzpodroznik.pl\/store\/wp-json\/wp\/v2\/product_tag?post=669"}],"curies":[{"name":"wp","href":"https:\/\/api.w.org\/{rel}","templated":true}]}}