{"id":677,"date":"2024-10-14T10:48:21","date_gmt":"2024-10-14T10:48:21","guid":{"rendered":"https:\/\/lekarzpodroznik.pl\/store\/?post_type=product&#038;p=677"},"modified":"2026-01-05T14:18:48","modified_gmt":"2026-01-05T14:18:48","slug":"glucosion","status":"publish","type":"product","link":"https:\/\/lekarzpodroznik.pl\/store\/product\/glucosion\/","title":{"rendered":"Glucosion"},"content":{"rendered":"<p>Glucosion to innowacyjny suplement diety stworzony z my\u015bl\u0105 o osobach, kt\u00f3re chc\u0105 utrzyma\u0107 prawid\u0142owy poziom cukru we krwi. Forma wydania preparatu to \u0142atwe do po\u0142kni\u0119cia kapsu\u0142ki, co sprawia, \u017ce suplementacja jest wygodna i nie wymaga specjalnych przygotowa\u0144. Glucosion nale\u017cy do grupy produkt\u00f3w wspieraj\u0105cych zdrowie metaboliczne, szczeg\u00f3lnie przydatnych dla os\u00f3b z problemami z glikemi\u0105, takich jak cukrzyca typu 2, insulinooporno\u015b\u0107 czy inne zaburzenia gospodarki w\u0119glowodanowej.<\/p>\n<p>Kapsu\u0142ki Glucosion zawieraj\u0105 unikaln\u0105 mieszank\u0119 sk\u0142adnik\u00f3w aktywnych, kt\u00f3re wspieraj\u0105 procesy metaboliczne w organizmie, reguluj\u0105c poziom glukozy we krwi i stymuluj\u0105c prac\u0119 trzustki. Dzi\u0119ki naturalnym sk\u0142adnikom, produkt jest bezpieczny w stosowaniu i nie powoduje skutk\u00f3w ubocznych, co czyni go doskona\u0142ym wyborem dla os\u00f3b poszukuj\u0105cych naturalnych metod wsparcia w walce z podwy\u017cszonym poziomem cukru.<\/p>\n<p style=\"text-align: center;\"><a class=\"border-button\" href=\"https:\/\/tl-track.com\/tracker\/uUC9\">www.glucosion.pl<\/a><\/p>\n<h2>Wskazania i przeciwwskazania Glucosion<\/h2>\n<p><strong>Wskazania do stosowania Glucosion<\/strong>:<\/p>\n<ul>\n<li>Osoby z podwy\u017cszonym poziomem cukru we krwi.<\/li>\n<li>Osoby z cukrzyc\u0105 typu 2.<\/li>\n<li>Osoby z insulinooporno\u015bci\u0105.<\/li>\n<li>Osoby pragn\u0105ce kontrolowa\u0107 mas\u0119 cia\u0142a i zmniejszy\u0107 apetyt na s\u0142odycze.<\/li>\n<li>Osoby, kt\u00f3re chc\u0105 poprawi\u0107 og\u00f3ln\u0105 prac\u0119 trzustki i procesy metaboliczne.<\/li>\n<\/ul>\n<p><strong>Przeciwwskazania<\/strong>:<\/p>\n<ul>\n<li>Nadwra\u017cliwo\u015b\u0107 na kt\u00f3rykolwiek ze sk\u0142adnik\u00f3w preparatu.<\/li>\n<li>Kobiety w ci\u0105\u017cy i karmi\u0105ce piersi\u0105 powinny skonsultowa\u0107 si\u0119 z lekarzem przed rozpocz\u0119ciem suplementacji.<\/li>\n<li>Osoby z powa\u017cnymi schorzeniami, zw\u0142aszcza dotycz\u0105cymi uk\u0142adu hormonalnego, powinny u\u017cywa\u0107 preparatu pod nadzorem specjalisty.<\/li>\n<\/ul>\n<h2>Sk\u0142ad Glucosion &#8211; skuteczne sk\u0142adniki<\/h2>\n<p>Glucosion zawiera starannie dobran\u0105 mieszank\u0119 naturalnych sk\u0142adnik\u00f3w, kt\u00f3re wspieraj\u0105 zdrowie metaboliczne i pomagaj\u0105 w regulacji poziomu glukozy we krwi. Oto najwa\u017cniejsze sk\u0142adniki preparatu:<\/p>\n<ol>\n<li><strong>Chrom<\/strong><br \/>\nChrom to pierwiastek kluczowy dla prawid\u0142owego funkcjonowania receptor\u00f3w insulinowych, co przyczynia si\u0119 do lepszej kontroli poziomu cukru. Zmniejsza apetyt na s\u0142odycze i wspomaga normalizacj\u0119 glikemii. Chrom jest tak\u017ce cz\u0119\u015bci\u0105 tzw. czynnika tolerancji glukozy, kt\u00f3ry wspiera organizm w regulacji poziomu cukru, co jest niezwykle wa\u017cne dla os\u00f3b z cukrzyc\u0105.<\/li>\n<li><strong>Cynk<\/strong><br \/>\nCynk to minera\u0142, kt\u00f3ry pobudza prac\u0119 trzustki i zwi\u0119ksza wydzielanie insuliny. Dodatkowo pomaga usuwa\u0107 nadmiar miedzi, kt\u00f3ry cz\u0119sto wyst\u0119puje u os\u00f3b z cukrzyc\u0105, oraz bierze udzia\u0142 w metabolizmie bia\u0142ek, t\u0142uszcz\u00f3w i w\u0119glowodan\u00f3w, wspieraj\u0105c prawid\u0142owe funkcjonowanie organizmu.<\/li>\n<li><strong>Ekstrakt z li\u015bci morwy bia\u0142ej<\/strong><br \/>\nEkstrakt ten zawiera zwi\u0105zek DNJ, kt\u00f3ry spowalnia rozk\u0142ad skrobi na cukry proste, co redukuje skoki poziomu cukru po posi\u0142kach. Dodatkowo, kwercetyna zawarta w morwie bia\u0142ej chroni kom\u00f3rki przed uszkodzeniami, wspieraj\u0105c gospodark\u0119 w\u0119glowodanow\u0105 i dzia\u0142aj\u0105c profilaktycznie przeciw cukrzycy. To doskona\u0142y sk\u0142adnik dla os\u00f3b, kt\u00f3re chc\u0105 zmniejszy\u0107 wch\u0142anianie cukr\u00f3w i cholesterolu do krwi.<\/li>\n<\/ol>\n<h2>Efekty stosowania &#8211; dzia\u0142anie kapsu\u0142ki Glucosion<\/h2>\n<p>Dzi\u0119ki unikalnej formule Glucosion dzia\u0142a wieloaspektowo na organizm, pomagaj\u0105c nie tylko w kontrolowaniu poziomu cukru, ale r\u00f3wnie\u017c w poprawie og\u00f3lnego stanu zdrowia. Regularne stosowanie Glucosion mo\u017ce przynie\u015b\u0107 nast\u0119puj\u0105ce efekty:<\/p>\n<ol>\n<li><strong>Kontrola poziomu cukru we krwi<\/strong> \u2013 Naturalne sk\u0142adniki, takie jak chrom i ekstrakt z morwy bia\u0142ej, wspieraj\u0105 regulacj\u0119 poziomu glukozy, zapobiegaj\u0105c nag\u0142ym skokom cukru po posi\u0142kach.<\/li>\n<li><strong>Zmniejszenie apetytu na s\u0142odycze<\/strong> \u2013 Chrom zawarty w kapsu\u0142kach Glucosion pomaga kontrolowa\u0107 \u0142aknienie, co jest kluczowe dla os\u00f3b, kt\u00f3re maj\u0105 trudno\u015bci z ograniczeniem spo\u017cycia cukru.<\/li>\n<li><strong>Poprawa funkcji trzustki<\/strong> \u2013 Cynk stymuluje trzustk\u0119 do wydzielania insuliny, co jest istotne dla os\u00f3b z problemami z wydzielaniem tego hormonu.<\/li>\n<li><strong>Ochrona kom\u00f3rek przed uszkodzeniem<\/strong> \u2013 Kwercetyna zawarta w ekstrakcie z morwy bia\u0142ej dzia\u0142a jako silny antyoksydant, chroni\u0105c kom\u00f3rki przed stresem oksydacyjnym, co jest szczeg\u00f3lnie wa\u017cne dla os\u00f3b zagro\u017conych cukrzyc\u0105.<\/li>\n<li><strong>Wsparcie dla metabolizmu<\/strong> \u2013 Glucosion wspomaga metabolizm bia\u0142ek, t\u0142uszcz\u00f3w i w\u0119glowodan\u00f3w, co pomaga w utrzymaniu prawid\u0142owej wagi cia\u0142a i og\u00f3lnego zdrowia metabolicznego.<\/li>\n<\/ol>\n<p>Dzi\u0119ki temu suplementowi, osoby z cukrzyc\u0105, insulinooporno\u015bci\u0105, czy po prostu pragn\u0105ce lepiej kontrolowa\u0107 poziom cukru, mog\u0105 cieszy\u0107 si\u0119 popraw\u0105 jako\u015bci \u017cycia bez drastycznych zmian w stylu \u017cycia.<\/p>\n<h2>Gdzie kupi\u0107 Glucosion?<\/h2>\n<p>Glucosion nie jest dost\u0119pny w stacjonarnych aptekach, co oznacza, \u017ce osoby poszukuj\u0105ce tego produktu powinny dok\u0142adnie sprawdza\u0107, gdzie mo\u017cna go zakupi\u0107. Najlepszym sposobem na zakup Glucosion jest skorzystanie z oficjalnej strony internetowej producenta, gdzie mo\u017cna mie\u0107 pewno\u015b\u0107 co do autentyczno\u015bci produktu oraz uzyska\u0107 najlepsz\u0105 cen\u0119.<\/p>\n<p>Wa\u017cne jest, aby unika\u0107 zakupu preparatu z nieautoryzowanych \u017ar\u00f3de\u0142, takich jak aukcje internetowe czy portale z og\u0142oszeniami, poniewa\u017c mo\u017ce to prowadzi\u0107 do nabycia fa\u0142szywych produkt\u00f3w. Kupuj\u0105c bezpo\u015brednio od producenta, mamy pewno\u015b\u0107, \u017ce otrzymamy oryginalny produkt o sprawdzonej skuteczno\u015bci.<\/p>\n<ul>\n<li><strong>Nie kupisz Glucosion w aptece stacjonarnej<\/strong> \u2013 produkt dost\u0119pny tylko online.<\/li>\n<li><strong>Najlepsze miejsce zakupu<\/strong> \u2013 oficjalna strona producenta.<\/li>\n<li><strong>Ostro\u017cnie<\/strong> z ofertami w sieci \u2013 kupuj tylko z wiarygodnych \u017ar\u00f3de\u0142.<\/li>\n<\/ul>\n<p>Glucosion to skuteczny i naturalny spos\u00f3b na kontrol\u0119 poziomu cukru we krwi, kt\u00f3ry mo\u017ce wspiera\u0107 zdrowie os\u00f3b zmagaj\u0105cych si\u0119 z cukrzyc\u0105 i innymi zaburzeniami metabolicznymi. Dzi\u0119ki jego naturalnym sk\u0142adnikom i potwierdzonej skuteczno\u015bci, jest to preparat wart rozwa\u017cenia dla ka\u017cdego, kto szuka wsparcia w utrzymaniu prawid\u0142owej glikemii.<\/p>\n<p style=\"text-align: center;\"><a class=\"border-button\" href=\"https:\/\/tl-track.com\/tracker\/uUC9\">KUPI\u0106 PO CENIE PRODUCENTA (-50%)<\/a><\/p>\n","protected":false},"excerpt":{"rendered":"<p>Nr kat.: 870874739<\/p>\n<p style=\"text-align: center;\"><a class=\"border-button\" href=\"https:\/\/tl-track.com\/tracker\/uUC9\">KUP TERAZ<\/a><\/p>\n","protected":false},"featured_media":678,"comment_status":"open","ping_status":"closed","template":"","meta":[],"product_brand":[],"product_cat":[18],"product_tag":[],"class_list":{"0":"post-677","1":"product","2":"type-product","3":"status-publish","4":"has-post-thumbnail","6":"product_cat-suplementy","8":"first","9":"instock","10":"sale","11":"shipping-taxable","12":"purchasable","13":"product-type-simple"},"aioseo_notices":[],"_links":{"self":[{"href":"https:\/\/lekarzpodroznik.pl\/store\/wp-json\/wp\/v2\/product\/677","targetHints":{"allow":["GET"]}}],"collection":[{"href":"https:\/\/lekarzpodroznik.pl\/store\/wp-json\/wp\/v2\/product"}],"about":[{"href":"https:\/\/lekarzpodroznik.pl\/store\/wp-json\/wp\/v2\/types\/product"}],"replies":[{"embeddable":true,"href":"https:\/\/lekarzpodroznik.pl\/store\/wp-json\/wp\/v2\/comments?post=677"}],"wp:featuredmedia":[{"embeddable":true,"href":"https:\/\/lekarzpodroznik.pl\/store\/wp-json\/wp\/v2\/media\/678"}],"wp:attachment":[{"href":"https:\/\/lekarzpodroznik.pl\/store\/wp-json\/wp\/v2\/media?parent=677"}],"wp:term":[{"taxonomy":"product_brand","embeddable":true,"href":"https:\/\/lekarzpodroznik.pl\/store\/wp-json\/wp\/v2\/product_brand?post=677"},{"taxonomy":"product_cat","embeddable":true,"href":"https:\/\/lekarzpodroznik.pl\/store\/wp-json\/wp\/v2\/product_cat?post=677"},{"taxonomy":"product_tag","embeddable":true,"href":"https:\/\/lekarzpodroznik.pl\/store\/wp-json\/wp\/v2\/product_tag?post=677"}],"curies":[{"name":"wp","href":"https:\/\/api.w.org\/{rel}","templated":true}]}}