{"id":679,"date":"2024-10-14T10:53:08","date_gmt":"2024-10-14T10:53:08","guid":{"rendered":"https:\/\/lekarzpodroznik.pl\/store\/?post_type=product&#038;p=679"},"modified":"2026-01-05T14:22:06","modified_gmt":"2026-01-05T14:22:06","slug":"insulend","status":"publish","type":"product","link":"https:\/\/lekarzpodroznik.pl\/store\/product\/insulend\/","title":{"rendered":"Insulend"},"content":{"rendered":"<p>Insulend to nowoczesny suplement diety w formie kapsu\u0142ek, kt\u00f3ry zosta\u0142 stworzony z my\u015bl\u0105 o osobach, kt\u00f3re pragn\u0105 lepiej kontrolowa\u0107 poziom cukru we krwi. Nale\u017cy do grupy suplement\u00f3w wspieraj\u0105cych metabolizm w\u0119glowodan\u00f3w, a tak\u017ce zdrowe funkcjonowanie uk\u0142adu hormonalnego. Produkt jest przeznaczony zar\u00f3wno dla os\u00f3b zmagaj\u0105cych si\u0119 z problemami metabolicznymi, jak i dla tych, kt\u00f3rzy chc\u0105 zapobiec wahaniom poziomu cukru.<\/p>\n<p>Kapsu\u0142ki Insulend charakteryzuj\u0105 si\u0119 \u0142atwo\u015bci\u0105 stosowania oraz odpowiednio zbilansowanym sk\u0142adem, kt\u00f3ry ma na celu wspieranie organizmu w utrzymaniu stabilnego poziomu glukozy we krwi. Dzi\u0119ki formie kapsu\u0142ek produkt jest \u0142atwo przyswajalny, co zwi\u0119ksza jego efektywno\u015b\u0107.<\/p>\n<p style=\"text-align: center;\"><a class=\"border-button\" href=\"https:\/\/tl-track.com\/tracker\/uUC9\">www.insulend.pl<\/a><\/p>\n<h2>Wskazania i przeciwwskazania Insulend<\/h2>\n<p>Stosowanie Insulend jest wskazane przede wszystkim dla os\u00f3b, kt\u00f3re maj\u0105 problem z utrzymaniem prawid\u0142owego poziomu cukru we krwi, w szczeg\u00f3lno\u015bci dla diabetyk\u00f3w oraz os\u00f3b z zespo\u0142em metabolicznym. Suplement mo\u017ce by\u0107 r\u00f3wnie\u017c pomocny w profilaktyce, dla os\u00f3b z podwy\u017cszonym ryzykiem cukrzycy typu 2, kt\u00f3re chc\u0105 wspom\u00f3c naturalne mechanizmy organizmu odpowiedzialne za regulacj\u0119 cukru.<\/p>\n<p><strong>Wskazania do stosowania Insulend:<\/strong><\/p>\n<ol>\n<li>Zdiagnozowana cukrzyca typu 2.<\/li>\n<li>Problemy z metabolizmem w\u0119glowodan\u00f3w.<\/li>\n<li>Podwy\u017cszony poziom cukru we krwi.<\/li>\n<li>Osoby z nadwag\u0105 lub oty\u0142o\u015bci\u0105.<\/li>\n<li>Zapobieganie wahaniom poziomu cukru po posi\u0142kach.<\/li>\n<\/ol>\n<p><strong>Przeciwwskazania:<\/strong><\/p>\n<ul>\n<li>Nadwra\u017cliwo\u015b\u0107 na kt\u00f3rykolwiek sk\u0142adnik preparatu.<\/li>\n<li>Ci\u0105\u017ca i okres karmienia piersi\u0105 (zalecane skonsultowanie si\u0119 z lekarzem).<\/li>\n<li>Osoby poni\u017cej 18 roku \u017cycia.<\/li>\n<li>Suplement nie jest substytutem leczenia cukrzycy, dlatego osoby przyjmuj\u0105ce leki przeciwcukrzycowe powinny przed rozpocz\u0119ciem stosowania Insulend skonsultowa\u0107 si\u0119 z lekarzem.<\/li>\n<\/ul>\n<h2>Sk\u0142ad Insulend \u2013 Skuteczne Sk\u0142adniki<\/h2>\n<p>Sk\u0142ad kapsu\u0142ek Insulend zosta\u0142 starannie opracowany, aby wspiera\u0107 organizm w utrzymaniu odpowiedniego poziomu glukozy we krwi. Preparat zawiera naturalne sk\u0142adniki o udowodnionym dzia\u0142aniu. Oto najwa\u017cniejsze sk\u0142adniki aktywne:<\/p>\n<table>\n<thead>\n<tr>\n<th><strong>Sk\u0142adnik<\/strong><\/th>\n<th><strong>Dzia\u0142anie<\/strong><\/th>\n<\/tr>\n<\/thead>\n<tbody>\n<tr>\n<td>Ekstrakt z li\u015bci morwy<\/td>\n<td>Zawiera substancje obni\u017caj\u0105ce wch\u0142anianie glukozy w jelitach, wspiera kontrol\u0119 poziomu cukru we krwi.<\/td>\n<\/tr>\n<tr>\n<td>Chrom<\/td>\n<td>Pomaga w utrzymaniu prawid\u0142owego poziomu cukru we krwi, wp\u0142ywa na metabolizm w\u0119glowodan\u00f3w.<\/td>\n<\/tr>\n<tr>\n<td>Ekstrakt z gorzkiego melona<\/td>\n<td>Wspiera dzia\u0142anie insulinopodobne, co mo\u017ce wp\u0142ywa\u0107 na redukcj\u0119 poziomu cukru we krwi.<\/td>\n<\/tr>\n<tr>\n<td>Cynk<\/td>\n<td>Kluczowy minera\u0142, wspomaga produkcj\u0119 insuliny oraz poprawia funkcjonowanie trzustki.<\/td>\n<\/tr>\n<tr>\n<td>Cynamon<\/td>\n<td>Ma dzia\u0142anie poprawiaj\u0105ce wra\u017cliwo\u015b\u0107 kom\u00f3rek na insulin\u0119, co mo\u017ce obni\u017ca\u0107 poziom glukozy.<\/td>\n<\/tr>\n<tr>\n<td>Ekstrakt z Gymnema sylvestre<\/td>\n<td>Redukuje wch\u0142anianie cukr\u00f3w w jelitach oraz pomaga w regulacji apetytu.<\/td>\n<\/tr>\n<\/tbody>\n<\/table>\n<p>Dzi\u0119ki kombinacji tych sk\u0142adnik\u00f3w, Insulend wspomaga naturalne procesy organizmu odpowiedzialne za metabolizm w\u0119glowodan\u00f3w, co jest szczeg\u00f3lnie istotne dla os\u00f3b zmagaj\u0105cych si\u0119 z cukrzyc\u0105 lub predyspozycjami do jej wyst\u0105pienia.<\/p>\n<h2>Efekty stosowania \u2013 Dzia\u0142anie kapsu\u0142ek Insulend<\/h2>\n<p>Regularne stosowanie Insulend przynosi szereg korzy\u015bci zdrowotnych. Dzi\u0119ki odpowiedniemu doborowi sk\u0142adnik\u00f3w, preparat dzia\u0142a wielokierunkowo, wspieraj\u0105c r\u00f3\u017cne mechanizmy organizmu odpowiedzialne za kontrol\u0119 poziomu cukru.<\/p>\n<p><strong>Oto najwa\u017cniejsze efekty stosowania Insulend:<\/strong><\/p>\n<ol>\n<li><strong>Utrzymanie stabilnego poziomu cukru we krwi<\/strong> \u2013 Insulend wspomaga naturalne mechanizmy regulacyjne organizmu, zapobiegaj\u0105c nag\u0142ym wahaniom poziomu glukozy.<\/li>\n<li><strong>Poprawa wra\u017cliwo\u015bci kom\u00f3rek na insulin\u0119<\/strong> \u2013 dzi\u0119ki sk\u0142adnikom takim jak cynamon czy gorzki melon, kapsu\u0142ki zwi\u0119kszaj\u0105 efektywno\u015b\u0107 dzia\u0142ania insuliny.<\/li>\n<li><strong>Redukcja apetytu na s\u0142odycze<\/strong> \u2013 ekstrakt z Gymnema sylvestre zmniejsza wch\u0142anianie cukr\u00f3w i pomaga kontrolowa\u0107 apetyt, co mo\u017ce by\u0107 korzystne dla os\u00f3b d\u0105\u017c\u0105cych do utraty wagi.<\/li>\n<li><strong>Wspomaganie pracy trzustki<\/strong> \u2013 cynk i inne sk\u0142adniki wspieraj\u0105 zdrow\u0105 produkcj\u0119 insuliny, co mo\u017ce poprawia\u0107 funkcjonowanie trzustki.<\/li>\n<li><strong>Ochrona przed powik\u0142aniami cukrzycowymi<\/strong> \u2013 d\u0142ugotrwa\u0142e wahania poziomu cukru we krwi mog\u0105 prowadzi\u0107 do powa\u017cnych powik\u0142a\u0144 zdrowotnych, takich jak neuropatia czy choroby nerek. Insulend mo\u017ce pom\u00f3c w zapobieganiu tym problemom.<\/li>\n<\/ol>\n<h2>Gdzie kupi\u0107 Insulend?<\/h2>\n<p>Je\u015bli zastanawiasz si\u0119, <strong>gdzie kupi\u0107 Insulend<\/strong>, warto pami\u0119ta\u0107, \u017ce suplement ten nie jest dost\u0119pny w stacjonarnych aptekach. Aby mie\u0107 pewno\u015b\u0107, \u017ce otrzymujemy oryginalny produkt, nale\u017cy szuka\u0107 go wy\u0142\u0105cznie u sprawdzonego producenta. Warto korzysta\u0107 z oficjalnych stron internetowych, gdzie mo\u017cna <strong>kupi\u0107 Insulend<\/strong> bezpo\u015brednio od producenta, co zapewnia nie tylko autentyczno\u015b\u0107, ale tak\u017ce korzystn\u0105 cen\u0119 oraz liczne promocje.<\/p>\n<p>Kupowanie suplement\u00f3w w aptekach internetowych lub od innych po\u015brednik\u00f3w mo\u017ce wi\u0105za\u0107 si\u0119 z ryzykiem otrzymania podr\u00f3bki lub produktu o ni\u017cszej jako\u015bci. Aby unikn\u0105\u0107 oszustw, zawsze sprawdzaj, czy strona, na kt\u00f3rej dokonujesz zakupu, jest autoryzowana przez producenta. Wybieraj\u0105c zakup bezpo\u015brednio u producenta, masz r\u00f3wnie\u017c mo\u017cliwo\u015b\u0107 skorzystania z gwarancji satysfakcji oraz ewentualnych ofert promocyjnych.<\/p>\n<p><strong>Kupuj\u0105c Insulend u producenta<\/strong>, zapewniasz sobie pe\u0142n\u0105 gwarancj\u0119 jako\u015bci oraz dost\u0119p do aktualnych promocji, kt\u00f3rych nie znajdziesz w stacjonarnych aptekach. Dlatego je\u015bli poszukujesz skutecznego wsparcia w kontrolowaniu poziomu cukru we krwi, warto rozwa\u017cy\u0107 zakup tego produktu w\u0142a\u015bnie przez internet.<\/p>\n<p>Insulend to innowacyjny suplement diety w formie kapsu\u0142ek, kt\u00f3ry pomaga w utrzymaniu prawid\u0142owego poziomu cukru we krwi. Dzi\u0119ki starannie dobranym, naturalnym sk\u0142adnikom, preparat wspiera metabolizm w\u0119glowodan\u00f3w, poprawia wra\u017cliwo\u015b\u0107 na insulin\u0119 oraz pomaga zapobiega\u0107 wahaniom poziomu glukozy. Jest szczeg\u00f3lnie przydatny dla os\u00f3b z cukrzyc\u0105 typu 2, jak r\u00f3wnie\u017c dla tych, kt\u00f3rzy chc\u0105 wspiera\u0107 swoje zdrowie metaboliczne.<\/p>\n<p>Z racji na ograniczon\u0105 dost\u0119pno\u015b\u0107, <strong>kupuj\u0105c Insulend u producenta<\/strong>, masz pewno\u015b\u0107, \u017ce otrzymujesz produkt najwy\u017cszej jako\u015bci, wspomagaj\u0105cy zdrowie i popraw\u0119 samopoczucia. Suplement nie tylko u\u0142atwia kontrolowanie poziomu cukru, ale tak\u017ce wspiera codzienne funkcjonowanie organizmu, co czyni go idealnym rozwi\u0105zaniem dla os\u00f3b dbaj\u0105cych o zdrowie.<\/p>\n<p>Pami\u0119taj, \u017ce przed rozpocz\u0119ciem suplementacji zawsze warto skonsultowa\u0107 si\u0119 z lekarzem, zw\u0142aszcza je\u015bli cierpisz na przewlek\u0142e choroby lub przyjmujesz inne leki. Insulend to skuteczny spos\u00f3b na wsparcie organizmu w walce z problemami zwi\u0105zanymi z poziomem cukru we krwi, a jego regularne stosowanie mo\u017ce przynie\u015b\u0107 realne korzy\u015bci dla zdrowia.<\/p>\n<p style=\"text-align: center;\"><a class=\"border-button\" href=\"https:\/\/tl-track.com\/tracker\/uUC9\">KUPI\u0106 PO CENIE PRODUCENTA (-50%)<\/a><\/p>\n","protected":false},"excerpt":{"rendered":"<p>Nr kat.: 870874740<\/p>\n<p style=\"text-align: center;\"><a class=\"border-button\" href=\"https:\/\/tl-track.com\/tracker\/uUC9\">KUP TERAZ<\/a><\/p>\n","protected":false},"featured_media":1159,"comment_status":"open","ping_status":"closed","template":"","meta":[],"product_brand":[],"product_cat":[18],"product_tag":[],"class_list":{"0":"post-679","1":"product","2":"type-product","3":"status-publish","4":"has-post-thumbnail","6":"product_cat-suplementy","8":"first","9":"instock","10":"sale","11":"shipping-taxable","12":"purchasable","13":"product-type-simple"},"aioseo_notices":[],"_links":{"self":[{"href":"https:\/\/lekarzpodroznik.pl\/store\/wp-json\/wp\/v2\/product\/679","targetHints":{"allow":["GET"]}}],"collection":[{"href":"https:\/\/lekarzpodroznik.pl\/store\/wp-json\/wp\/v2\/product"}],"about":[{"href":"https:\/\/lekarzpodroznik.pl\/store\/wp-json\/wp\/v2\/types\/product"}],"replies":[{"embeddable":true,"href":"https:\/\/lekarzpodroznik.pl\/store\/wp-json\/wp\/v2\/comments?post=679"}],"wp:featuredmedia":[{"embeddable":true,"href":"https:\/\/lekarzpodroznik.pl\/store\/wp-json\/wp\/v2\/media\/1159"}],"wp:attachment":[{"href":"https:\/\/lekarzpodroznik.pl\/store\/wp-json\/wp\/v2\/media?parent=679"}],"wp:term":[{"taxonomy":"product_brand","embeddable":true,"href":"https:\/\/lekarzpodroznik.pl\/store\/wp-json\/wp\/v2\/product_brand?post=679"},{"taxonomy":"product_cat","embeddable":true,"href":"https:\/\/lekarzpodroznik.pl\/store\/wp-json\/wp\/v2\/product_cat?post=679"},{"taxonomy":"product_tag","embeddable":true,"href":"https:\/\/lekarzpodroznik.pl\/store\/wp-json\/wp\/v2\/product_tag?post=679"}],"curies":[{"name":"wp","href":"https:\/\/api.w.org\/{rel}","templated":true}]}}