{"id":693,"date":"2024-10-14T14:50:41","date_gmt":"2024-10-14T14:50:41","guid":{"rendered":"https:\/\/lekarzpodroznik.pl\/store\/?post_type=product&#038;p=693"},"modified":"2025-03-12T10:22:30","modified_gmt":"2025-03-12T10:22:30","slug":"flexomore","status":"publish","type":"product","link":"https:\/\/lekarzpodroznik.pl\/store\/product\/flexomore\/","title":{"rendered":"Flexomore"},"content":{"rendered":"<p>Flexomore dost\u0119pny jest w formie proszku do rozpuszczenia, co odr\u00f3\u017cnia go od wielu innych suplement\u00f3w, kt\u00f3re przyjmowane s\u0105 w postaci tabletek czy kapsu\u0142ek. Dzi\u0119ki temu jego przyswajanie jest szybsze, a dodatkowym atutem jest przyjemny pomara\u0144czowo-brzoskwiniowy smak. Produkt skierowany jest przede wszystkim do sportowc\u00f3w, ale r\u00f3wnie\u017c do os\u00f3b prowadz\u0105cych aktywny tryb \u017cycia, kt\u00f3re chc\u0105 zadba\u0107 o zdrowie staw\u00f3w, poprawi\u0107 ich elastyczno\u015b\u0107 oraz zmniejszy\u0107 ryzyko kontuzji.<\/p>\n<p>Flexomore jest polecany osobom trenuj\u0105cym intensywnie, biegaczom, kulturystom, ale r\u00f3wnie\u017c wszystkim tym, kt\u00f3rzy uprawiaj\u0105 sporty rekreacyjnie. Suplement ten, dzi\u0119ki starannie dobranym sk\u0142adnikom, nie tylko wspiera regeneracj\u0119 po wysi\u0142ku, ale r\u00f3wnie\u017c mo\u017ce zapobiega\u0107 dalszemu zu\u017cywaniu si\u0119 chrz\u0105stki stawowej.<\/p>\n<p style=\"text-align: center;\"><a class=\"border-button\" href=\"https:\/\/nplink.net\/w68r9l00\">www.flexomore.pl<\/a><\/p>\n<h2>Wskazania i przeciwwskazania Flexomore<\/h2>\n<h3>Wskazania:<\/h3>\n<p>Flexomore jest szczeg\u00f3lnie rekomendowany dla os\u00f3b, kt\u00f3re:<\/p>\n<ul>\n<li>Regularnie uprawiaj\u0105 sporty, zw\u0142aszcza te obci\u0105\u017caj\u0105ce stawy (bieganie, podnoszenie ci\u0119\u017car\u00f3w, sporty kontaktowe),<\/li>\n<li>Do\u015bwiadczaj\u0105 b\u00f3lu staw\u00f3w, szczeg\u00f3lnie po wysi\u0142ku fizycznym,<\/li>\n<li>Chc\u0105 wspiera\u0107 zdrowie swoich ko\u015bci oraz chrz\u0105stki stawowej,<\/li>\n<li>Poszukuj\u0105 suplementu diety o dzia\u0142aniu przeciwzapalnym i regeneracyjnym.<\/li>\n<\/ul>\n<h3>Przeciwwskazania:<\/h3>\n<p>Cho\u0107 Flexomore jest generalnie bezpieczny, jak ka\u017cdy suplement diety, nie jest przeznaczony dla wszystkich. Przeciwwskazania obejmuj\u0105:<\/p>\n<ul>\n<li>Nadwra\u017cliwo\u015b\u0107 na kt\u00f3rykolwiek ze sk\u0142adnik\u00f3w preparatu,<\/li>\n<li>Osoby z ci\u0119\u017ckimi schorzeniami w\u0105troby lub nerek powinny skonsultowa\u0107 si\u0119 z lekarzem przed rozpocz\u0119ciem suplementacji,<\/li>\n<li>Kobiety w ci\u0105\u017cy oraz karmi\u0105ce piersi\u0105 powinny unika\u0107 przyjmowania Flexomore bez konsultacji medycznej.<\/li>\n<\/ul>\n<h2>Sk\u0142ad Flexomore \u2013 skuteczne sk\u0142adniki<\/h2>\n<p>Flexomore wyr\u00f3\u017cnia si\u0119 unikalnym i rozbudowanym sk\u0142adem, kt\u00f3ry wspiera zdrowie staw\u00f3w oraz ko\u015bci, a tak\u017ce posiada dzia\u0142anie przeciwzapalne. Oto kluczowe sk\u0142adniki i ich w\u0142a\u015bciwo\u015bci:<\/p>\n<ol>\n<li><strong>uC3 Clear\u00ae \u2013 Ekstrakt z k\u0142\u0105cza ostry\u017cu d\u0142ugiego<\/strong><br \/>\nStandaryzowany na minimum 10% kurkuminoid\u00f3w. Kurkumina jest substancj\u0105 o silnym dzia\u0142aniu przeciwzapalnym i antyoksydacyjnym. Pomaga zmniejsza\u0107 b\u00f3l staw\u00f3w, a jej skuteczno\u015b\u0107 w walce z zapaleniami staw\u00f3w jest por\u00f3wnywana do lek\u00f3w przeciwzapalnych, ale z mniejsz\u0105 ilo\u015bci\u0105 skutk\u00f3w ubocznych.<\/li>\n<li><strong>Boswellin\u00ae WS \u2013 Ekstrakt z \u017cywicy kadzid\u0142owca indyjskiego<\/strong><br \/>\nStandaryzowany na 30% kwasu bosweliowego, kt\u00f3ry hamuje enzym odpowiedzialny za powstawanie stan\u00f3w zapalnych. Badania pokazuj\u0105, \u017ce mo\u017ce on skutecznie redukowa\u0107 stany zapalne w stawach.<\/li>\n<li><strong>Aquamin\u2122<\/strong><br \/>\nNaturalne \u017ar\u00f3d\u0142o wapnia i innych minera\u0142\u00f3w niezb\u0119dnych do prawid\u0142owej mineralizacji ko\u015bci. Wspiera zdrowie chrz\u0105stki stawowej oraz utrzymanie integralno\u015bci mi\u0119\u015bni i ko\u015bci.<\/li>\n<li><strong>Siarczan glukozaminy 2KCl<\/strong><br \/>\nZnany ze swoich w\u0142a\u015bciwo\u015bci regeneracyjnych, pomaga odbudowa\u0107 chrz\u0105stk\u0119 stawow\u0105 i zapobiega jej degradacji. Jest niezb\u0119dnym budulcem chrz\u0105stki, co czyni go kluczowym sk\u0142adnikiem dla sportowc\u00f3w cierpi\u0105cych na b\u00f3le staw\u00f3w.<\/li>\n<li><strong>MSM (Metylosulfonylometan)<\/strong><br \/>\nSk\u0142adnik ten wspomaga redukcj\u0119 stan\u00f3w zapalnych, zwi\u0119ksza ruchliwo\u015b\u0107 staw\u00f3w i redukuje b\u00f3l mi\u0119\u015bni po intensywnym wysi\u0142ku fizycznym.<\/li>\n<\/ol>\n<h2>Efekty stosowania \u2013 dzia\u0142anie Flexomore<\/h2>\n<p>Dzia\u0142anie Flexomore jest z\u0142o\u017cone i skupia si\u0119 na kilku kluczowych aspektach:<\/p>\n<ol>\n<li><strong>Redukcja stan\u00f3w zapalnych<\/strong> \u2013 Dzi\u0119ki obecno\u015bci sk\u0142adnik\u00f3w takich jak kurkumina czy kwas bosweliowy, Flexomore skutecznie zmniejsza stany zapalne, kt\u00f3re s\u0105 g\u0142\u00f3wn\u0105 przyczyn\u0105 b\u00f3lu staw\u00f3w. Sportowcy doceniaj\u0105 ten efekt zw\u0142aszcza po intensywnych treningach.<\/li>\n<li><strong>Wsparcie regeneracji chrz\u0105stki stawowej<\/strong> \u2013 Siarczan glukozaminy oraz MSM s\u0105 kluczowe dla odbudowy i ochrony chrz\u0105stki stawowej, co jest szczeg\u00f3lnie wa\u017cne dla os\u00f3b nara\u017conych na zu\u017cycie staw\u00f3w.<\/li>\n<li><strong>Zwi\u0119kszenie elastyczno\u015bci staw\u00f3w<\/strong> \u2013 Regularne stosowanie Flexomore pozwala na zachowanie wi\u0119kszej ruchomo\u015bci staw\u00f3w, co zmniejsza ryzyko kontuzji.<\/li>\n<li><strong>Zwi\u0119kszenie odporno\u015bci na kontuzje<\/strong> \u2013 Dzi\u0119ki wsparciu mineralizacji ko\u015bci oraz integracji mi\u0119\u015bni i ko\u015bci, Flexomore pomaga sportowcom zminimalizowa\u0107 ryzyko kontuzji.<\/li>\n<li><strong>Poprawa komfortu \u017cycia<\/strong> \u2013 Opr\u00f3cz widocznych korzy\u015bci zwi\u0105zanych z regeneracj\u0105 po treningu, Flexomore pomaga poprawi\u0107 og\u00f3ln\u0105 jako\u015b\u0107 \u017cycia os\u00f3b aktywnych, redukuj\u0105c b\u00f3le staw\u00f3w oraz poprawiaj\u0105c ich mobilno\u015b\u0107.<\/li>\n<\/ol>\n<h2>Gdzie kupi\u0107 Flexomore?<\/h2>\n<p>Suplement Flexomore nie jest dost\u0119pny w tradycyjnych aptekach stacjonarnych. Aby unikn\u0105\u0107 ryzyka zakupu podr\u00f3bki, najlepiej jest szuka\u0107 produktu bezpo\u015brednio u producenta. Oficjalna strona internetowa oferuje oryginalny produkt z gwarancj\u0105 jako\u015bci, a cz\u0119sto r\u00f3wnie\u017c mo\u017cna skorzysta\u0107 z promocji cenowych. Warto zwr\u00f3ci\u0107 uwag\u0119 na opinie innych u\u017cytkownik\u00f3w, kt\u00f3re potwierdzaj\u0105 skuteczno\u015b\u0107 Flexomore.<\/p>\n<h3>Jak i gdzie kupi\u0107 Flexomore?<\/h3>\n<ul>\n<li>Szukaj\u0105c, gdzie kupi\u0107 Flexomore, nale\u017cy odwiedzi\u0107 oficjaln\u0105 stron\u0119 internetow\u0105 producenta.<\/li>\n<li>Kupowanie bezpo\u015brednio u producenta gwarantuje dost\u0119p do oryginalnego suplementu oraz aktualnych promocji.<\/li>\n<li>Flexomore nie jest dost\u0119pny w tradycyjnych aptekach, co zwi\u0119ksza bezpiecze\u0144stwo zakupu online.<\/li>\n<li>Flexomore jest cz\u0119sto dost\u0119pny w zestawach promocyjnych, kt\u00f3re pozwalaj\u0105 na d\u0142u\u017csze stosowanie suplementu w korzystnej cenie.<\/li>\n<\/ul>\n<p>Flexomore to nowoczesny suplement diety stworzony z my\u015bl\u0105 o sportowcach i osobach aktywnych fizycznie. Jego unikalna formu\u0142a zawieraj\u0105ca m.in. kurkumin\u0119, glukozamin\u0119, MSM oraz Aquamin\u2122, wspiera zdrowie staw\u00f3w, ko\u015bci oraz mi\u0119\u015bni. Dzia\u0142a przeciwzapalnie, regeneruj\u0105co, a jego pyszny smak sprawia, \u017ce codzienne stosowanie jest przyjemno\u015bci\u0105. Je\u015bli szukasz suplementu, kt\u00f3ry pomo\u017ce ci zwi\u0119kszy\u0107 efektywno\u015b\u0107 treningu i poprawi komfort \u017cycia, Flexomore to idealny wyb\u00f3r.<\/p>\n<p style=\"text-align: center;\"><a class=\"border-button\" href=\"https:\/\/nplink.net\/w68r9l00\">KUPI\u0106 PO CENIE PRODUCENTA (-50%)<\/a><\/p>\n","protected":false},"excerpt":{"rendered":"<p>Nr kat.: 870874747<\/p>\n<p style=\"text-align: center;\"><a class=\"border-button\" href=\"https:\/\/nplink.net\/w68r9l00\">KUP TERAZ<\/a><\/p>\n","protected":false},"featured_media":1135,"comment_status":"open","ping_status":"closed","template":"","meta":[],"product_brand":[],"product_cat":[18],"product_tag":[],"class_list":{"0":"post-693","1":"product","2":"type-product","3":"status-publish","4":"has-post-thumbnail","6":"product_cat-suplementy","8":"first","9":"instock","10":"shipping-taxable","11":"purchasable","12":"product-type-simple"},"aioseo_notices":[],"_links":{"self":[{"href":"https:\/\/lekarzpodroznik.pl\/store\/wp-json\/wp\/v2\/product\/693","targetHints":{"allow":["GET"]}}],"collection":[{"href":"https:\/\/lekarzpodroznik.pl\/store\/wp-json\/wp\/v2\/product"}],"about":[{"href":"https:\/\/lekarzpodroznik.pl\/store\/wp-json\/wp\/v2\/types\/product"}],"replies":[{"embeddable":true,"href":"https:\/\/lekarzpodroznik.pl\/store\/wp-json\/wp\/v2\/comments?post=693"}],"wp:featuredmedia":[{"embeddable":true,"href":"https:\/\/lekarzpodroznik.pl\/store\/wp-json\/wp\/v2\/media\/1135"}],"wp:attachment":[{"href":"https:\/\/lekarzpodroznik.pl\/store\/wp-json\/wp\/v2\/media?parent=693"}],"wp:term":[{"taxonomy":"product_brand","embeddable":true,"href":"https:\/\/lekarzpodroznik.pl\/store\/wp-json\/wp\/v2\/product_brand?post=693"},{"taxonomy":"product_cat","embeddable":true,"href":"https:\/\/lekarzpodroznik.pl\/store\/wp-json\/wp\/v2\/product_cat?post=693"},{"taxonomy":"product_tag","embeddable":true,"href":"https:\/\/lekarzpodroznik.pl\/store\/wp-json\/wp\/v2\/product_tag?post=693"}],"curies":[{"name":"wp","href":"https:\/\/api.w.org\/{rel}","templated":true}]}}