{"id":695,"date":"2024-10-14T14:55:03","date_gmt":"2024-10-14T14:55:03","guid":{"rendered":"https:\/\/lekarzpodroznik.pl\/store\/?post_type=product&#038;p=695"},"modified":"2024-10-29T15:56:46","modified_gmt":"2024-10-29T15:56:46","slug":"eyevita-plus","status":"publish","type":"product","link":"https:\/\/lekarzpodroznik.pl\/store\/product\/eyevita-plus\/","title":{"rendered":"Eyevita Plus"},"content":{"rendered":"<p>W dzisiejszym cyfrowym \u015bwiecie zdrowie oczu sta\u0142o si\u0119 jednym z priorytet\u00f3w, zw\u0142aszcza dla os\u00f3b sp\u0119dzaj\u0105cych d\u0142ugie godziny przed ekranem komputera lub innych urz\u0105dze\u0144 elektronicznych. Eyevita Plus to innowacyjny suplement diety, kt\u00f3ry powsta\u0142 z my\u015bl\u0105 o tych, kt\u00f3rzy chc\u0105 zadba\u0107 o jako\u015b\u0107 swojego wzroku oraz ochroni\u0107 oczy przed negatywnym wp\u0142ywem codziennych czynnik\u00f3w zewn\u0119trznych. W poni\u017cszym artykule om\u00f3wimy, czym jest Eyevita Plus, jego sk\u0142ad, dzia\u0142anie, a tak\u017ce podpowiemy, gdzie mo\u017cna go kupi\u0107.<\/p>\n<p>Eyevita Plus to wielosk\u0142adnikowy suplement diety, dost\u0119pny w formie kapsu\u0142ek. Jest to produkt stworzony z my\u015bl\u0105 o osobach, kt\u00f3re chc\u0105 kompleksowo wspiera\u0107 zdrowie oczu oraz poprawi\u0107 jako\u015b\u0107 widzenia. Kapsu\u0142ki Eyevita Plus s\u0105 przeznaczone dla szerokiej grupy u\u017cytkownik\u00f3w, w tym os\u00f3b, kt\u00f3re:<\/p>\n<ul>\n<li>Pracuj\u0105 d\u0142ugie godziny przed ekranem komputera<\/li>\n<li>Cz\u0119sto korzystaj\u0105 z urz\u0105dze\u0144 mobilnych<\/li>\n<li>Zmagaj\u0105 si\u0119 z suchym okiem<\/li>\n<li>Chc\u0105 chroni\u0107 wzrok przed szkodliwym dzia\u0142aniem \u015bwiat\u0142a niebieskiego<\/li>\n<li>Odczuwaj\u0105 zm\u0119czenie oczu w ci\u0105gu dnia<\/li>\n<\/ul>\n<p>Forma wydania, czyli kapsu\u0142ki, umo\u017cliwia \u0142atwe i wygodne dawkowanie, a starannie dobrany sk\u0142ad suplementu zapewnia skuteczn\u0105 ochron\u0119 i wsparcie oczu w codziennym \u017cyciu.<\/p>\n<p style=\"text-align: center;\"><a class=\"border-button\" href=\"https:\/\/nplink.net\/te3kcr0c\">www.eyevita-plus.pl<\/a><\/p>\n<h2>Wskazania i przeciwwskazania Eyevita Plus<\/h2>\n<p>Eyevita Plus jest polecany w szczeg\u00f3lno\u015bci dla os\u00f3b nara\u017conych na:<\/p>\n<ol>\n<li><strong>D\u0142ugotrwa\u0142\u0105 prac\u0119 przy komputerze<\/strong> &#8211; w dzisiejszych czasach coraz wi\u0119cej os\u00f3b sp\u0119dza d\u0142ugie godziny przed ekranem, co mo\u017ce prowadzi\u0107 do zm\u0119czenia oczu, b\u00f3lu g\u0142owy oraz problem\u00f3w ze wzrokiem. Eyevita Plus zawiera sk\u0142adniki, kt\u00f3re pomagaj\u0105 zmniejszy\u0107 te dolegliwo\u015bci.<\/li>\n<li><strong>Nadmierne eksponowanie na \u015bwiat\u0142o niebieskie<\/strong> &#8211; \u015bwiat\u0142o emitowane przez monitory, telewizory, smartfony czy tablety mo\u017ce negatywnie wp\u0142ywa\u0107 na nasze oczy. Eyevita Plus pomaga chroni\u0107 siatk\u00f3wk\u0119 przed jego szkodliwym dzia\u0142aniem.<\/li>\n<li><strong>Problemy z suchym okiem<\/strong> &#8211; syndrom suchego oka to cz\u0119sty problem u os\u00f3b, kt\u00f3re pracuj\u0105 w klimatyzowanych pomieszczeniach lub sp\u0119dzaj\u0105 du\u017co czasu w \u015brodowisku o niskiej wilgotno\u015bci. Sk\u0142adniki Eyevita Plus wspieraj\u0105 nawil\u017cenie oczu i redukcj\u0119 podra\u017cnie\u0144.<\/li>\n<\/ol>\n<h3>Przeciwwskazania:<\/h3>\n<p>Mimo \u017ce Eyevita Plus jest suplementem diety, przed jego stosowaniem warto zapozna\u0107 si\u0119 z list\u0105 przeciwwskaza\u0144:<\/p>\n<ul>\n<li><strong>Nadwra\u017cliwo\u015b\u0107 na sk\u0142adniki<\/strong> &#8211; osoby uczulone na kt\u00f3rykolwiek ze sk\u0142adnik\u00f3w produktu powinny unika\u0107 jego stosowania.<\/li>\n<li><strong>Ci\u0105\u017ca i karmienie piersi\u0105<\/strong> &#8211; przed rozpocz\u0119ciem suplementacji w czasie ci\u0105\u017cy lub karmienia piersi\u0105 nale\u017cy skonsultowa\u0107 si\u0119 z lekarzem.<\/li>\n<li><strong>Stosowanie lek\u00f3w na oczy<\/strong> &#8211; w przypadku stosowania lek\u00f3w okulistycznych lub terapii wzrokowej, warto porozmawia\u0107 z lekarzem o mo\u017cliwo\u015bci jednoczesnego stosowania Eyevita Plus.<\/li>\n<\/ul>\n<h2>Sk\u0142ad Eyevita Plus &#8211; skuteczne sk\u0142adniki<\/h2>\n<p>Eyevita Plus to suplement zawieraj\u0105cy starannie dobrane sk\u0142adniki, kt\u00f3re wspomagaj\u0105 zdrowie oczu i popraw\u0119 jako\u015bci widzenia. Oto kluczowe sk\u0142adniki Eyevita Plus i ich dzia\u0142anie:<\/p>\n<table>\n<thead>\n<tr>\n<th>Sk\u0142adnik<\/th>\n<th>Dzia\u0142anie<\/th>\n<\/tr>\n<\/thead>\n<tbody>\n<tr>\n<td><strong>Luteina<\/strong><\/td>\n<td>Chroni siatk\u00f3wk\u0119 oka przed szkodliwym dzia\u0142aniem promieniowania UV oraz \u015bwiat\u0142a niebieskiego. Jest naturalnym antyoksydantem, kt\u00f3ry wspiera funkcjonowanie plamki \u017c\u00f3\u0142tej, odpowiedzialnej za ostro\u015b\u0107 widzenia.<\/td>\n<\/tr>\n<tr>\n<td><strong>Zeaksantyna<\/strong><\/td>\n<td>Wsp\u00f3\u0142pracuje z lutein\u0105 w ochronie siatk\u00f3wki przed uszkodzeniami wywo\u0142anymi przez wolne rodniki i \u015bwiat\u0142o niebieskie. Pomaga zmniejszy\u0107 ryzyko zwyrodnienia plamki \u017c\u00f3\u0142tej.<\/td>\n<\/tr>\n<tr>\n<td><strong>Witamina A<\/strong><\/td>\n<td>Kluczowa dla zdrowia siatk\u00f3wki oraz wspomagaj\u0105ca produkcj\u0119 rodopsyny, bia\u0142ka niezb\u0119dnego dla prawid\u0142owego widzenia w ciemno\u015bci.<\/td>\n<\/tr>\n<tr>\n<td><strong>Witamina E<\/strong><\/td>\n<td>Silny przeciwutleniacz, kt\u00f3ry chroni kom\u00f3rki oka przed stresem oksydacyjnym, zwi\u0105zanym z wp\u0142ywem czynnik\u00f3w zewn\u0119trznych.<\/td>\n<\/tr>\n<tr>\n<td><strong>Kwasy t\u0142uszczowe omega-3 (DHA)<\/strong><\/td>\n<td>Niezb\u0119dne dla prawid\u0142owego funkcjonowania siatk\u00f3wki oraz redukcji stan\u00f3w zapalnych w oku. Wspieraj\u0105 nawil\u017cenie oczu, co pomaga w walce z syndromem suchego oka.<\/td>\n<\/tr>\n<tr>\n<td><strong>Witamina C<\/strong><\/td>\n<td>Wspiera produkcj\u0119 kolagenu, niezb\u0119dnego do utrzymania elastyczno\u015bci naczy\u0144 krwiono\u015bnych w oku. Wzmacnia odporno\u015b\u0107 oczu na infekcje.<\/td>\n<\/tr>\n<\/tbody>\n<\/table>\n<p>Dzi\u0119ki bogatemu i zr\u00f3\u017cnicowanemu sk\u0142adowi, Eyevita Plus zapewnia kompleksowe wsparcie dla zdrowia oczu.<\/p>\n<h2>Efekty stosowania &#8211; dzia\u0142anie kapsu\u0142ki Eyevita Plus<\/h2>\n<p>Regularne stosowanie Eyevita Plus przynosi szereg pozytywnych efekt\u00f3w dla zdrowia oczu i jako\u015bci widzenia. Oto niekt\u00f3re z korzy\u015bci:<\/p>\n<ol>\n<li><strong>Redukcja zm\u0119czenia oczu<\/strong> &#8211; dzi\u0119ki luteinie, zeaksantynie i witaminom, suplement zmniejsza uczucie zm\u0119czenia oczu, szczeg\u00f3lnie po d\u0142ugotrwa\u0142ym korzystaniu z komputer\u00f3w czy smartfon\u00f3w.<\/li>\n<li><strong>Ochrona przed \u015bwiat\u0142em niebieskim<\/strong> &#8211; kapsu\u0142ki chroni\u0105 siatk\u00f3wk\u0119 oka przed szkodliwym dzia\u0142aniem \u015bwiat\u0142a niebieskiego, emitowanego przez ekrany, co pomaga zmniejszy\u0107 ryzyko uszkodze\u0144 wzroku.<\/li>\n<li><strong>Poprawa ostro\u015bci widzenia<\/strong> &#8211; sk\u0142adniki Eyevita Plus wspomagaj\u0105 prawid\u0142owe widzenie, zw\u0142aszcza w trudnych warunkach, takich jak s\u0142abe o\u015bwietlenie.<\/li>\n<li><strong>Wsparcie dla suchego oka<\/strong> &#8211; kwasy omega-3 oraz inne sk\u0142adniki nawil\u017caj\u0105ce pomagaj\u0105 z\u0142agodzi\u0107 objawy suchego oka, takie jak podra\u017cnienia, pieczenie czy zaczerwienienie.<\/li>\n<li><strong>Profilaktyka chor\u00f3b oczu<\/strong> &#8211; regularne stosowanie suplementu mo\u017ce pom\u00f3c w profilaktyce takich schorze\u0144 jak zwyrodnienie plamki \u017c\u00f3\u0142tej, kt\u00f3re prowadzi do pogorszenia ostro\u015bci widzenia.<\/li>\n<\/ol>\n<h2>Gdzie kupi\u0107 Eyevita Plus?<\/h2>\n<p>Zakup suplementu Eyevita Plus to kluczowy krok w dbaniu o zdrowie oczu. Warto jednak pami\u0119ta\u0107, \u017ce Eyevita Plus nie jest dost\u0119pny w stacjonarnych aptekach. Aby unikn\u0105\u0107 zakupu podr\u00f3bek i mie\u0107 pewno\u015b\u0107, \u017ce kupujesz oryginalny produkt, najlepiej skorzysta\u0107 z oficjalnych \u017ar\u00f3de\u0142 sprzeda\u017cy.<\/p>\n<p>Eyevita Plus mo\u017cna <strong>kupi\u0107 bezpo\u015brednio u producenta<\/strong> poprzez jego oficjaln\u0105 stron\u0119 internetow\u0105. To najlepszy spos\u00f3b, aby mie\u0107 pewno\u015b\u0107, \u017ce suplement jest oryginalny i bezpieczny. Producent cz\u0119sto oferuje atrakcyjne promocje oraz rabaty dla klient\u00f3w, co pozwala zaoszcz\u0119dzi\u0107 pieni\u0105dze przy zakupie wi\u0119kszych opakowa\u0144.<\/p>\n<p>Dodatkowo, Eyevita Plus jest dost\u0119pny r\u00f3wnie\u017c w <strong>sklepach internetowych<\/strong> oferuj\u0105cych suplementy diety. Przed zakupem warto sprawdzi\u0107 opinie o sprzedawcy oraz upewni\u0107 si\u0119, \u017ce produkt pochodzi z legalnego \u017ar\u00f3d\u0142a. Nale\u017cy unika\u0107 zakup\u00f3w w miejscach o niepewnej reputacji, gdzie \u0142atwo mo\u017cna natkn\u0105\u0107 si\u0119 na podr\u00f3bki, kt\u00f3re nie spe\u0142niaj\u0105 standard\u00f3w jako\u015bci.<\/p>\n<p>Warto pami\u0119ta\u0107, \u017ce suplement Eyevita Plus nie jest dost\u0119pny w aptekach stacjonarnych, co oznacza, \u017ce <strong>nie znajdziesz go na p\u00f3\u0142kach w tradycyjnych punktach aptecznych<\/strong>. Dlatego, je\u015bli zastanawiasz si\u0119, gdzie kupi\u0107 ten produkt, najlepszym wyborem b\u0119dzie zakup online u zaufanego sprzedawcy.<\/p>\n<h3>Jak dokona\u0107 zakupu?<\/h3>\n<ol>\n<li>Wejd\u017a na oficjaln\u0105 stron\u0119 producenta.<\/li>\n<li>Wybierz odpowiedni\u0105 ofert\u0119 i ilo\u015b\u0107 opakowa\u0144.<\/li>\n<li>Wype\u0142nij formularz zam\u00f3wienia, podaj\u0105c dane adresowe.<\/li>\n<li>Potwierd\u017a zam\u00f3wienie i wybierz metod\u0119 p\u0142atno\u015bci.<\/li>\n<li>Ciesz si\u0119 zdrowiem swoich oczu po regularnym stosowaniu suplementu!<\/li>\n<\/ol>\n<p>Eyevita Plus to kompleksowy suplement diety, kt\u00f3ry pomaga w dbaniu o zdrowie oczu w dobie nowoczesnych technologii. Dzi\u0119ki unikalnej formule, bogatej w lutein\u0119, zeaksantyn\u0119, witaminy i kwasy omega-3, kapsu\u0142ki wspieraj\u0105 ochron\u0119 oczu przed zm\u0119czeniem, \u015bwiat\u0142em niebieskim oraz pomagaj\u0105 w walce z syndromem suchego oka. Regularne stosowanie Eyevita Plus mo\u017ce znacz\u0105co poprawi\u0107 komfort widzenia i chroni\u0107 wzrok przed uszkodzeniami.<\/p>\n<p>Nie zwlekaj \u2013 zadbaj o zdrowie swoich oczu i ju\u017c dzi\u015b dowiedz si\u0119, gdzie kupi\u0107 Eyevita Plus, aby cieszy\u0107 si\u0119 jego licznymi korzy\u015bciami!<\/p>\n<p style=\"text-align: center;\"><a class=\"border-button\" href=\"https:\/\/nplink.net\/te3kcr0c\">KUPI\u0106 PO CENIE PRODUCENTA (-50%)<\/a><\/p>\n","protected":false},"excerpt":{"rendered":"<p>Nr kat.: 870874748<\/p>\n<p style=\"text-align: center;\"><a class=\"border-button\" href=\"https:\/\/nplink.net\/te3kcr0c\">KUP TERAZ<\/a><\/p>\n","protected":false},"featured_media":697,"comment_status":"open","ping_status":"closed","template":"","meta":[],"product_brand":[],"product_cat":[18],"product_tag":[],"class_list":{"0":"post-695","1":"product","2":"type-product","3":"status-publish","4":"has-post-thumbnail","6":"product_cat-suplementy","8":"first","9":"instock","10":"shipping-taxable","11":"purchasable","12":"product-type-simple"},"aioseo_notices":[],"_links":{"self":[{"href":"https:\/\/lekarzpodroznik.pl\/store\/wp-json\/wp\/v2\/product\/695","targetHints":{"allow":["GET"]}}],"collection":[{"href":"https:\/\/lekarzpodroznik.pl\/store\/wp-json\/wp\/v2\/product"}],"about":[{"href":"https:\/\/lekarzpodroznik.pl\/store\/wp-json\/wp\/v2\/types\/product"}],"replies":[{"embeddable":true,"href":"https:\/\/lekarzpodroznik.pl\/store\/wp-json\/wp\/v2\/comments?post=695"}],"wp:featuredmedia":[{"embeddable":true,"href":"https:\/\/lekarzpodroznik.pl\/store\/wp-json\/wp\/v2\/media\/697"}],"wp:attachment":[{"href":"https:\/\/lekarzpodroznik.pl\/store\/wp-json\/wp\/v2\/media?parent=695"}],"wp:term":[{"taxonomy":"product_brand","embeddable":true,"href":"https:\/\/lekarzpodroznik.pl\/store\/wp-json\/wp\/v2\/product_brand?post=695"},{"taxonomy":"product_cat","embeddable":true,"href":"https:\/\/lekarzpodroznik.pl\/store\/wp-json\/wp\/v2\/product_cat?post=695"},{"taxonomy":"product_tag","embeddable":true,"href":"https:\/\/lekarzpodroznik.pl\/store\/wp-json\/wp\/v2\/product_tag?post=695"}],"curies":[{"name":"wp","href":"https:\/\/api.w.org\/{rel}","templated":true}]}}