{"id":700,"date":"2024-10-14T15:03:18","date_gmt":"2024-10-14T15:03:18","guid":{"rendered":"https:\/\/lekarzpodroznik.pl\/store\/?post_type=product&#038;p=700"},"modified":"2025-03-12T10:03:41","modified_gmt":"2025-03-12T10:03:41","slug":"crave-burner","status":"publish","type":"product","link":"https:\/\/lekarzpodroznik.pl\/store\/product\/crave-burner\/","title":{"rendered":"Crave Burner"},"content":{"rendered":"<p>Crave Burner to wielosk\u0142adnikowy suplement diety, kt\u00f3ry zosta\u0142 stworzony z my\u015bl\u0105 o osobach pragn\u0105cych zapanowa\u0107 nad swoim apetytem i mas\u0105 cia\u0142a. Preparat dost\u0119pny jest w formie wygodnych kapsu\u0142ek, co u\u0142atwia jego regularne stosowanie.<\/p>\n<p>Produkt ten nale\u017cy do grupy suplement\u00f3w wspomagaj\u0105cych redukcj\u0119 tkanki t\u0142uszczowej oraz kontrol\u0119 nadmiernego apetytu. Dzia\u0142a kompleksowo, wp\u0142ywaj\u0105c na r\u00f3\u017cne mechanizmy w organizmie odpowiedzialne za uczucie g\u0142odu, metabolizm oraz stabilizacj\u0119 poziomu cukru we krwi. Dzi\u0119ki temu Crave Burner jest szczeg\u00f3lnie polecany osobom, kt\u00f3re maj\u0105 trudno\u015bci z kontrolowaniem ilo\u015bci spo\u017cywanych kalorii oraz z problemem ci\u0105g\u0142ego podjadania.<\/p>\n<p><strong>Kluczowe cechy Crave Burner:<\/strong><\/p>\n<ul>\n<li>Forma: Kapsu\u0142ki<\/li>\n<li>Grupa: Suplementy diety wspieraj\u0105ce kontrol\u0119 apetytu i redukcj\u0119 tkanki t\u0142uszczowej<\/li>\n<li>Zastosowanie: Kontrola apetytu, wsparcie metabolizmu, stabilizacja poziomu cukru we krwi<\/li>\n<\/ul>\n<p style=\"text-align: center;\"><a class=\"border-button\" href=\"https:\/\/nplink.net\/dntnpk42\">www.crave-burner.pl<\/a><\/p>\n<h2>Wskazania i przeciwwskazania Crave Burner<\/h2>\n<p>Crave Burner to preparat, kt\u00f3ry jest zalecany osobom walcz\u0105cym z nadwag\u0105 oraz trudno\u015bciami w kontrolowaniu spo\u017cywanego jedzenia. Jego formu\u0142a zosta\u0142a opracowana z my\u015bl\u0105 o wspieraniu proces\u00f3w odpowiedzialnych za spalanie t\u0142uszczu, a tak\u017ce zmniejszaniu uczucia g\u0142odu. Jest to \u015bwietne rozwi\u0105zanie dla tych, kt\u00f3rzy:<\/p>\n<ul>\n<li>Maj\u0105 problem z nadmiernym apetytem.<\/li>\n<li>Chc\u0105 wspom\u00f3c proces redukcji tkanki t\u0142uszczowej.<\/li>\n<li>Pragn\u0105 stabilizowa\u0107 poziom cukru we krwi.<\/li>\n<li>Szukaj\u0105 naturalnego sposobu na popraw\u0119 komfortu trawiennego.<\/li>\n<\/ul>\n<p>Jednak mimo wielu korzy\u015bci, nale\u017cy pami\u0119ta\u0107 o kilku przeciwwskazaniach. Crave Burner nie powinien by\u0107 stosowany przez:<\/p>\n<ul>\n<li>Kobiety w ci\u0105\u017cy oraz karmi\u0105ce piersi\u0105.<\/li>\n<li>Osoby z nadwra\u017cliwo\u015bci\u0105 na kt\u00f3rykolwiek ze sk\u0142adnik\u00f3w preparatu.<\/li>\n<li>Osoby z ci\u0119\u017ckimi chorobami metabolicznymi bez konsultacji z lekarzem.<\/li>\n<\/ul>\n<p>Zawsze przed rozpocz\u0119ciem suplementacji warto skonsultowa\u0107 si\u0119 ze specjalist\u0105, aby upewni\u0107 si\u0119, \u017ce Crave Burner b\u0119dzie bezpiecznym wyborem.<\/p>\n<h2>Sk\u0142ad Crave Burner &#8211; Skuteczne Sk\u0142adniki<\/h2>\n<p>Sk\u0142ad Crave Burner oparty jest na siedmiu starannie dobranych sk\u0142adnikach, kt\u00f3re wspieraj\u0105 metabolizm, kontrol\u0119 apetytu oraz redukcj\u0119 tkanki t\u0142uszczowej. Ka\u017cdy z tych sk\u0142adnik\u00f3w dzia\u0142a synergicznie, co oznacza, \u017ce ich wsp\u00f3lne dzia\u0142anie jest znacznie skuteczniejsze ni\u017c stosowanie ich osobno.<\/p>\n<p><strong>G\u0142\u00f3wne sk\u0142adniki Crave Burner:<\/strong><\/p>\n<table style=\"height: 231px;\" width=\"916\">\n<thead>\n<tr>\n<th>Sk\u0142adnik<\/th>\n<th>Dzia\u0142anie<\/th>\n<\/tr>\n<\/thead>\n<tbody>\n<tr>\n<td><strong>Ekstrakt z zielonej herbaty<\/strong><\/td>\n<td>Przyspiesza metabolizm, wspiera spalanie t\u0142uszczu<\/td>\n<\/tr>\n<tr>\n<td><strong>Ekstrakt z gorzkiej pomara\u0144czy<\/strong><\/td>\n<td>Zmniejsza apetyt, stymuluje termogenez\u0119<\/td>\n<\/tr>\n<tr>\n<td><strong>Chrom<\/strong><\/td>\n<td>Stabilizuje poziom glukozy we krwi, redukuje uczucie g\u0142odu<\/td>\n<\/tr>\n<tr>\n<td><strong>Ekstrakt z pieprzu cayenne<\/strong><\/td>\n<td>Wzmacnia metabolizm, zwi\u0119ksza termogenez\u0119<\/td>\n<\/tr>\n<tr>\n<td><strong>Kwas hydroksycytrynowy (HCA)<\/strong><\/td>\n<td>Hamuje syntez\u0119 t\u0142uszcz\u00f3w, wspiera uczucie syto\u015bci<\/td>\n<\/tr>\n<tr>\n<td><strong>B\u0142onnik<\/strong><\/td>\n<td>Poprawia komfort trawienia, zwi\u0119ksza uczucie pe\u0142no\u015bci<\/td>\n<\/tr>\n<tr>\n<td><strong>L-karnityna<\/strong><\/td>\n<td>Wspomaga transport t\u0142uszcz\u00f3w do mitochondri\u00f3w, gdzie s\u0105 spalane na energi\u0119<\/td>\n<\/tr>\n<\/tbody>\n<\/table>\n<p>Dzi\u0119ki takim sk\u0142adnikom Crave Burner dzia\u0142a na wiele aspekt\u00f3w kontroli wagi \u2013 od zmniejszenia apetytu, przez popraw\u0119 metabolizmu, a\u017c po wsparcie w spalaniu tkanki t\u0142uszczowej. Regularne stosowanie tego suplementu przyczynia si\u0119 do stopniowej i naturalnej utraty masy cia\u0142a, a tak\u017ce poprawy og\u00f3lnego samopoczucia.<\/p>\n<h2>Efekty stosowania &#8211; Dzia\u0142anie kapsu\u0142ki Crave Burner<\/h2>\n<p>Crave Burner charakteryzuje si\u0119 wielokierunkowym dzia\u0142aniem, co sprawia, \u017ce jest to skuteczny suplement w walce z nadmiernym apetytem i niekontrolowanym przyjmowaniem kalorii.<\/p>\n<h3>Jak dzia\u0142a Crave Burner?<\/h3>\n<ol>\n<li><strong>Kontrola apetytu<\/strong> &#8211; sk\u0142adniki, takie jak b\u0142onnik i HCA, pomagaj\u0105 w zmniejszeniu uczucia g\u0142odu, co u\u0142atwia kontrol\u0119 nad ilo\u015bci\u0105 spo\u017cywanego jedzenia.<\/li>\n<li><strong>Wsparcie spalania t\u0142uszczu<\/strong> &#8211; ekstrakt z zielonej herbaty oraz L-karnityna przyspieszaj\u0105 procesy spalania t\u0142uszcz\u00f3w, co sprzyja szybszej utracie masy cia\u0142a.<\/li>\n<li><strong>Stabilizacja poziomu cukru we krwi<\/strong> &#8211; chrom, kt\u00f3ry jest jednym z kluczowych sk\u0142adnik\u00f3w Crave Burner, pomaga utrzyma\u0107 stabilny poziom glukozy, co zapobiega nag\u0142ym napadom g\u0142odu i ochocie na s\u0142odycze.<\/li>\n<li><strong>Poprawa komfortu trawiennego<\/strong> &#8211; b\u0142onnik zawarty w preparacie wspomaga procesy trawienne, redukuj\u0105c wzd\u0119cia i inne dolegliwo\u015bci zwi\u0105zane z trawieniem.<\/li>\n<\/ol>\n<p>W rezultacie, osoby regularnie stosuj\u0105ce Crave Burner mog\u0105 spodziewa\u0107 si\u0119 stopniowej utraty masy cia\u0142a, lepszej kontroli nad swoim apetytem oraz poprawy og\u00f3lnego samopoczucia. Jednak nale\u017cy pami\u0119ta\u0107, \u017ce najlepsze efekty osi\u0105ga si\u0119 przy regularnym stosowaniu suplementu oraz przestrzeganiu zdrowej diety i aktywno\u015bci fizycznej.<\/p>\n<h2>Gdzie kupi\u0107 Crave Burner?<\/h2>\n<p>Crave Burner, ze wzgl\u0119du na swoj\u0105 wyj\u0105tkow\u0105 formu\u0142\u0119, nie jest dost\u0119pny w stacjonarnych aptekach. Dlatego, osoby zainteresowane zakupem tego suplementu, powinny szuka\u0107 go u <strong>producenta<\/strong> lub w sprawdzonych sklepach internetowych. Kupowanie u producenta gwarantuje autentyczno\u015b\u0107 produktu oraz mo\u017cliwo\u015b\u0107 skorzystania z atrakcyjnych promocji i zni\u017cek.<\/p>\n<p>Zakup Crave Burner online to nie tylko wygoda, ale tak\u017ce pewno\u015b\u0107, \u017ce otrzymamy oryginalny produkt. Wa\u017cne jest, aby unika\u0107 nieautoryzowanych sprzedawc\u00f3w, poniewa\u017c istnieje ryzyko zakupu podrobionych preparat\u00f3w, kt\u00f3re mog\u0105 by\u0107 nieskuteczne lub wr\u0119cz szkodliwe.<\/p>\n<p>Je\u015bli wi\u0119c zastanawiasz si\u0119, gdzie kupi\u0107 Crave Burner, zalecamy odwiedzenie oficjalnej strony producenta. To najlepsze miejsce, aby kupi\u0107 oryginalny suplement i cieszy\u0107 si\u0119 jego pe\u0142nym dzia\u0142aniem.<\/p>\n<p>Crave Burner to wielosk\u0142adnikowy suplement, kt\u00f3ry dzi\u0119ki starannie dobranym sk\u0142adnikom wspiera walk\u0119 z nadmiernym apetytem oraz nadmiarem tkanki t\u0142uszczowej. Regularne stosowanie tego preparatu mo\u017ce prowadzi\u0107 do poprawy metabolizmu, zmniejszenia uczucia g\u0142odu oraz og\u00f3lnej poprawy samopoczucia. Aby jednak cieszy\u0107 si\u0119 pe\u0142ni\u0105 korzy\u015bci, warto kupi\u0107 Crave Burner u zaufanego sprzedawcy, najlepiej bezpo\u015brednio od producenta.<\/p>\n<p style=\"text-align: center;\"><a class=\"border-button\" href=\"https:\/\/nplink.net\/dntnpk42\">KUPI\u0106 PO CENIE PRODUCENTA (-50%)<\/a><\/p>\n","protected":false},"excerpt":{"rendered":"<p>Nr kat.: 870874750<\/p>\n<p style=\"text-align: center;\"><a class=\"border-button\" href=\"https:\/\/nplink.net\/dntnpk42\">KUP TERAZ<\/a><\/p>\n","protected":false},"featured_media":1115,"comment_status":"open","ping_status":"closed","template":"","meta":[],"product_brand":[],"product_cat":[18],"product_tag":[],"class_list":{"0":"post-700","1":"product","2":"type-product","3":"status-publish","4":"has-post-thumbnail","6":"product_cat-suplementy","8":"first","9":"instock","10":"shipping-taxable","11":"purchasable","12":"product-type-simple"},"aioseo_notices":[],"_links":{"self":[{"href":"https:\/\/lekarzpodroznik.pl\/store\/wp-json\/wp\/v2\/product\/700","targetHints":{"allow":["GET"]}}],"collection":[{"href":"https:\/\/lekarzpodroznik.pl\/store\/wp-json\/wp\/v2\/product"}],"about":[{"href":"https:\/\/lekarzpodroznik.pl\/store\/wp-json\/wp\/v2\/types\/product"}],"replies":[{"embeddable":true,"href":"https:\/\/lekarzpodroznik.pl\/store\/wp-json\/wp\/v2\/comments?post=700"}],"wp:featuredmedia":[{"embeddable":true,"href":"https:\/\/lekarzpodroznik.pl\/store\/wp-json\/wp\/v2\/media\/1115"}],"wp:attachment":[{"href":"https:\/\/lekarzpodroznik.pl\/store\/wp-json\/wp\/v2\/media?parent=700"}],"wp:term":[{"taxonomy":"product_brand","embeddable":true,"href":"https:\/\/lekarzpodroznik.pl\/store\/wp-json\/wp\/v2\/product_brand?post=700"},{"taxonomy":"product_cat","embeddable":true,"href":"https:\/\/lekarzpodroznik.pl\/store\/wp-json\/wp\/v2\/product_cat?post=700"},{"taxonomy":"product_tag","embeddable":true,"href":"https:\/\/lekarzpodroznik.pl\/store\/wp-json\/wp\/v2\/product_tag?post=700"}],"curies":[{"name":"wp","href":"https:\/\/api.w.org\/{rel}","templated":true}]}}