{"id":734,"date":"2024-10-15T08:02:54","date_gmt":"2024-10-15T08:02:54","guid":{"rendered":"https:\/\/lekarzpodroznik.pl\/store\/?post_type=product&#038;p=734"},"modified":"2024-10-29T10:54:38","modified_gmt":"2024-10-29T10:54:38","slug":"expansil-cream","status":"publish","type":"product","link":"https:\/\/lekarzpodroznik.pl\/store\/product\/expansil-cream\/","title":{"rendered":"Expansil Cream"},"content":{"rendered":"<p>Expansil Cream to preparat w postaci kremu, kt\u00f3ry zosta\u0142 opracowany z my\u015bl\u0105 o m\u0119\u017cczyznach pragn\u0105cych poprawi\u0107 swoje doznania seksualne. Jego kluczowym celem jest zwi\u0119kszenie ukrwienia miejsc intymnych, co prowadzi do wyd\u0142u\u017cenia i pogrubienia penisa, a tak\u017ce zwi\u0119kszenia libido i og\u00f3lnej sprawno\u015bci seksualnej.<\/p>\n<p>Krem charakteryzuje si\u0119 \u0142atw\u0105 aplikacj\u0105 \u2013 wystarczy nanie\u015b\u0107 go bezpo\u015brednio na sk\u00f3r\u0119 w okolicach narz\u0105d\u00f3w p\u0142ciowych, co sprawia, \u017ce dzia\u0142a szybko i efektywnie. Co wa\u017cne, produkt jest bezpieczny nawet dla najbardziej delikatnej sk\u00f3ry, poniewa\u017c nie zawiera syntetycznych dodatk\u00f3w ani sztucznych substancji chemicznych.<\/p>\n<p>Expansil Cream nale\u017cy do grupy produkt\u00f3w wspomagaj\u0105cych potencj\u0119 i funkcje seksualne. Jego dzia\u0142anie jest ca\u0142kowicie naturalne, a regularne stosowanie mo\u017ce przyczyni\u0107 si\u0119 do d\u0142ugotrwa\u0142ych i zauwa\u017calnych efekt\u00f3w.<\/p>\n<p style=\"text-align: center;\"><a class=\"border-button\" href=\"https:\/\/nplink.net\/isiigeli\">www.expansil-cream.pl<\/a><\/p>\n<h2>Wskazania i przeciwwskazania Expansil Cream<\/h2>\n<p>Expansil Cream przeznaczony jest dla m\u0119\u017cczyzn w r\u00f3\u017cnym wieku, kt\u00f3rzy chc\u0105:<\/p>\n<ol>\n<li>Zwi\u0119kszy\u0107 rozmiar penisa w d\u0142ugo\u015bci i grubo\u015bci.<\/li>\n<li>Poprawi\u0107 jako\u015b\u0107 erekcji i jej trwa\u0142o\u015b\u0107.<\/li>\n<li>Wzmocni\u0107 libido i osi\u0105gn\u0105\u0107 silniejsze orgazmy.<\/li>\n<li>Poprawi\u0107 og\u00f3ln\u0105 kondycj\u0119 seksualn\u0105.<\/li>\n<li>Zwi\u0119kszy\u0107 pewno\u015b\u0107 siebie w relacjach intymnych.<\/li>\n<\/ol>\n<h3>Przeciwwskazania<\/h3>\n<p>Mimo \u017ce Expansil Cream jest produktem opartym na naturalnych sk\u0142adnikach, istniej\u0105 pewne sytuacje, w kt\u00f3rych jego stosowanie mo\u017ce by\u0107 niewskazane. Nale\u017cy unika\u0107 stosowania kremu, je\u015bli:<\/p>\n<ul>\n<li>Wyst\u0119puje uczulenie na kt\u00f3rykolwiek z jego sk\u0142adnik\u00f3w.<\/li>\n<li>Sk\u00f3ra w miejscach aplikacji jest uszkodzona lub podra\u017cniona.<\/li>\n<li>Istniej\u0105 problemy zdrowotne zwi\u0105zane z uk\u0142adem kr\u0105\u017cenia, kt\u00f3re mog\u0105 wymaga\u0107 konsultacji z lekarzem przed u\u017cyciem preparatu.<\/li>\n<\/ul>\n<h2>Sk\u0142ad Expansil Cream &#8211; skuteczne sk\u0142adniki<\/h2>\n<p>Kluczowym atutem Expansil Cream jest jego naturalny sk\u0142ad, kt\u00f3ry zosta\u0142 opracowany w taki spos\u00f3b, aby dostarcza\u0107 maksymalne efekty bez ryzyka wyst\u0105pienia skutk\u00f3w ubocznych. Oto g\u0142\u00f3wne sk\u0142adniki kremu i ich w\u0142a\u015bciwo\u015bci:<\/p>\n<table>\n<thead>\n<tr>\n<th>Sk\u0142adnik<\/th>\n<th>Dzia\u0142anie<\/th>\n<\/tr>\n<\/thead>\n<tbody>\n<tr>\n<td><strong>Ekstrakt z mi\u0142orz\u0119bu japo\u0144skiego<\/strong><\/td>\n<td>Poprawia kr\u0105\u017cenie krwi, co prowadzi do lepszego ukrwienia miejsc intymnych.<\/td>\n<\/tr>\n<tr>\n<td><strong>Ekstrakt z kasztanowca<\/strong><\/td>\n<td>Dzia\u0142a przeciwzapalnie i wzmacnia \u015bciany naczy\u0144 krwiono\u015bnych, zwi\u0119kszaj\u0105c ich elastyczno\u015b\u0107.<\/td>\n<\/tr>\n<tr>\n<td><strong>\u017be\u0144-sze\u0144<\/strong><\/td>\n<td>Naturalny afrodyzjak, kt\u00f3ry zwi\u0119ksza poziom energii oraz poprawia libido.<\/td>\n<\/tr>\n<tr>\n<td><strong>Olej z arniki<\/strong><\/td>\n<td>Przyspiesza regeneracj\u0119 sk\u00f3ry i \u0142agodzi podra\u017cnienia, co sprawia, \u017ce krem jest bezpieczny nawet dla wra\u017cliwej sk\u00f3ry.<\/td>\n<\/tr>\n<tr>\n<td><strong>Wyci\u0105g z w\u0105kroty azjatyckiej<\/strong><\/td>\n<td>Wspomaga produkcj\u0119 kolagenu, co mo\u017ce wp\u0142ywa\u0107 na elastyczno\u015b\u0107 sk\u00f3ry.<\/td>\n<\/tr>\n<\/tbody>\n<\/table>\n<p>Tak starannie dobrane sk\u0142adniki sprawiaj\u0105, \u017ce Expansil Cream dzia\u0142a wielowymiarowo, wspomagaj\u0105c nie tylko uk\u0142ad krwiono\u015bny, ale r\u00f3wnie\u017c poprawiaj\u0105c kondycj\u0119 sk\u00f3ry i zwi\u0119kszaj\u0105c poziom libido.<\/p>\n<h2>Efekty stosowania &#8211; dzia\u0142anie Expansil Cream<\/h2>\n<p>Efekty stosowania Expansil Cream mog\u0105 by\u0107 zauwa\u017calne ju\u017c po kilku minutach od aplikacji. Regularne stosowanie preparatu prowadzi do d\u0142ugotrwa\u0142ych i widocznych rezultat\u00f3w, co zosta\u0142o potwierdzone przez licznych u\u017cytkownik\u00f3w.<\/p>\n<h3>Efekty kr\u00f3tkoterminowe:<\/h3>\n<ul>\n<li>Zwi\u0119kszenie ukrwienia narz\u0105d\u00f3w p\u0142ciowych, co przek\u0142ada si\u0119 na silniejsz\u0105 i trwalsz\u0105 erekcj\u0119.<\/li>\n<li>Zwi\u0119kszenie wra\u017cliwo\u015bci miejsc intymnych, co pot\u0119guje doznania podczas stosunku.<\/li>\n<li>Szybsza regeneracja sk\u00f3ry i zmniejszenie podra\u017cnie\u0144 po aplikacji.<\/li>\n<\/ul>\n<h3>Efekty d\u0142ugoterminowe:<\/h3>\n<ul>\n<li>Stopniowy wzrost d\u0142ugo\u015bci i grubo\u015bci penisa przy regularnym stosowaniu.<\/li>\n<li>Zwi\u0119kszenie wytrzyma\u0142o\u015bci i wyd\u0142u\u017cenie czasu trwania stosunku.<\/li>\n<li>Wzrost libido i og\u00f3lnej pewno\u015bci siebie w relacjach intymnych.<\/li>\n<\/ul>\n<p>Efekty stosowania Expansil Cream zale\u017c\u0105 od indywidualnych predyspozycji organizmu, jednak wielu u\u017cytkownik\u00f3w zauwa\u017ca pozytywne zmiany ju\u017c po kilku tygodniach regularnego stosowania.<\/p>\n<h2>Gdzie kupi\u0107 Expansil Cream?<\/h2>\n<p>Expansil Cream nie jest dost\u0119pny w stacjonarnych aptekach, co oznacza, \u017ce nale\u017cy poszukiwa\u0107 go w innych \u017ar\u00f3d\u0142ach. Najlepszym miejscem do zakupu jest oficjalna strona producenta, gdzie mamy pewno\u015b\u0107, \u017ce otrzymujemy oryginalny produkt o wysokiej jako\u015bci. Zakup Expansil Cream bezpo\u015brednio od producenta daje r\u00f3wnie\u017c gwarancj\u0119 najni\u017cszej ceny oraz dost\u0119p do ewentualnych promocji i rabat\u00f3w.<\/p>\n<p>Je\u017celi zastanawiasz si\u0119, gdzie kupi\u0107 Expansil Cream, zdecydowanie odradzamy zakupy w nieautoryzowanych \u017ar\u00f3d\u0142ach, takich jak aukcje internetowe czy podejrzane strony, kt\u00f3re mog\u0105 oferowa\u0107 podr\u00f3bki. Kupuj\u0105c krem u oficjalnego dystrybutora, mamy pewno\u015b\u0107, \u017ce preparat jest oryginalny i spe\u0142ni swoje obietnice.<\/p>\n<p>Expansil Cream to innowacyjny produkt, kt\u00f3ry mo\u017ce zrewolucjonizowa\u0107 \u017cycie intymne m\u0119\u017cczyzn. Dzi\u0119ki naturalnym sk\u0142adnikom i skutecznemu dzia\u0142aniu jest bezpieczny w u\u017cyciu, a jego regularne stosowanie przynosi realne i d\u0142ugotrwa\u0142e efekty.<\/p>\n<p style=\"text-align: center;\"><a class=\"border-button\" href=\"https:\/\/nplink.net\/isiigeli\">KUPI\u0106 PO CENIE PRODUCENTA (-50%)<\/a><\/p>\n","protected":false},"excerpt":{"rendered":"<p>Nr kat.: 870874767<\/p>\n<p style=\"text-align: center;\"><a class=\"border-button\" href=\"https:\/\/nplink.net\/isiigeli\">KUP TERAZ<\/a><\/p>\n","protected":false},"featured_media":735,"comment_status":"open","ping_status":"closed","template":"","meta":[],"product_brand":[],"product_cat":[18],"product_tag":[],"class_list":{"0":"post-734","1":"product","2":"type-product","3":"status-publish","4":"has-post-thumbnail","6":"product_cat-suplementy","8":"first","9":"instock","10":"shipping-taxable","11":"purchasable","12":"product-type-simple"},"aioseo_notices":[],"_links":{"self":[{"href":"https:\/\/lekarzpodroznik.pl\/store\/wp-json\/wp\/v2\/product\/734","targetHints":{"allow":["GET"]}}],"collection":[{"href":"https:\/\/lekarzpodroznik.pl\/store\/wp-json\/wp\/v2\/product"}],"about":[{"href":"https:\/\/lekarzpodroznik.pl\/store\/wp-json\/wp\/v2\/types\/product"}],"replies":[{"embeddable":true,"href":"https:\/\/lekarzpodroznik.pl\/store\/wp-json\/wp\/v2\/comments?post=734"}],"wp:featuredmedia":[{"embeddable":true,"href":"https:\/\/lekarzpodroznik.pl\/store\/wp-json\/wp\/v2\/media\/735"}],"wp:attachment":[{"href":"https:\/\/lekarzpodroznik.pl\/store\/wp-json\/wp\/v2\/media?parent=734"}],"wp:term":[{"taxonomy":"product_brand","embeddable":true,"href":"https:\/\/lekarzpodroznik.pl\/store\/wp-json\/wp\/v2\/product_brand?post=734"},{"taxonomy":"product_cat","embeddable":true,"href":"https:\/\/lekarzpodroznik.pl\/store\/wp-json\/wp\/v2\/product_cat?post=734"},{"taxonomy":"product_tag","embeddable":true,"href":"https:\/\/lekarzpodroznik.pl\/store\/wp-json\/wp\/v2\/product_tag?post=734"}],"curies":[{"name":"wp","href":"https:\/\/api.w.org\/{rel}","templated":true}]}}