{"id":736,"date":"2024-10-15T08:08:09","date_gmt":"2024-10-15T08:08:09","guid":{"rendered":"https:\/\/lekarzpodroznik.pl\/store\/?post_type=product&#038;p=736"},"modified":"2024-10-29T10:55:35","modified_gmt":"2024-10-29T10:55:35","slug":"restilen","status":"publish","type":"product","link":"https:\/\/lekarzpodroznik.pl\/store\/product\/restilen\/","title":{"rendered":"Restilen"},"content":{"rendered":"<p>Restilen to suplement diety w formie kapsu\u0142ek, kt\u00f3ry zosta\u0142 stworzony z my\u015bl\u0105 o osobach zmagaj\u0105cych si\u0119 z codziennym stresem, l\u0119kiem oraz nerwowo\u015bci\u0105. Przeznaczony jest zar\u00f3wno dla kobiet, jak i m\u0119\u017cczyzn, kt\u00f3rzy chc\u0105 skutecznie z\u0142agodzi\u0107 objawy stresu oraz poprawi\u0107 swoje samopoczucie. Regularne stosowanie preparatu pomaga zwi\u0119kszy\u0107 odporno\u015b\u0107 na stres, zredukowa\u0107 jego objawy oraz poprawi\u0107 og\u00f3ln\u0105 kondycj\u0119 psychiczn\u0105 i fizyczn\u0105 organizmu.<\/p>\n<p>Restilen zalicza si\u0119 do grupy naturalnych suplement\u00f3w diety, kt\u00f3re w swoim sk\u0142adzie zawieraj\u0105 wy\u0142\u0105cznie sk\u0142adniki pochodzenia naturalnego. Dzi\u0119ki temu jest bezpieczny w stosowaniu i nie powoduje uzale\u017cnienia. Jego dzia\u0142anie opiera si\u0119 na bezpo\u015brednim oddzia\u0142ywaniu na \u017ar\u00f3d\u0142a stresu, co czyni go wyj\u0105tkowym w\u015br\u00f3d podobnych preparat\u00f3w dost\u0119pnych na rynku.<\/p>\n<p><strong>Zalety Restilen:<\/strong><\/p>\n<ul>\n<li>Naturalne sk\u0142adniki<\/li>\n<li>Skuteczno\u015b\u0107 od pierwszego dnia stosowania<\/li>\n<li>Brak uzale\u017cniaj\u0105cych sk\u0142adnik\u00f3w<\/li>\n<li>Szybka i wygodna forma kapsu\u0142ek<\/li>\n<\/ul>\n<p style=\"text-align: center;\"><a class=\"border-button\" href=\"https:\/\/nplink.net\/dch54eud\">www.restilen.pl<\/a><\/p>\n<h2>Wskazania i przeciwwskazania Restilen<\/h2>\n<p>Restilen jest przeznaczony dla os\u00f3b, kt\u00f3re odczuwaj\u0105 chroniczny stres, l\u0119k, zm\u0119czenie oraz wyczerpanie. Suplement ten mo\u017ce by\u0107 stosowany zar\u00f3wno przez osoby pracuj\u0105ce w stresuj\u0105cych warunkach, jak i przez tych, kt\u00f3rzy odczuwaj\u0105 trudno\u015bci z relaksem w codziennym \u017cyciu. Restilen pomaga r\u00f3wnie\u017c w poprawie jako\u015bci snu, kt\u00f3ry cz\u0119sto jest zaburzony w wyniku nadmiernego stresu.<\/p>\n<p><strong>Wskazania do stosowania:<\/strong><\/p>\n<ul>\n<li>Chroniczny stres<\/li>\n<li>Nerwowo\u015b\u0107 i l\u0119ki<\/li>\n<li>Problemy ze snem spowodowane stresem<\/li>\n<li>Zm\u0119czenie i wyczerpanie<\/li>\n<li>Trudno\u015bci z relaksem<\/li>\n<\/ul>\n<p><strong>Przeciwwskazania:<\/strong> Cho\u0107 Restilen jest produktem naturalnym, nie ka\u017cdy mo\u017ce go stosowa\u0107. Przed rozpocz\u0119ciem suplementacji nale\u017cy skonsultowa\u0107 si\u0119 z lekarzem, szczeg\u00f3lnie w przypadku:<\/p>\n<ul>\n<li>Ci\u0105\u017cy i karmienia piersi\u0105<\/li>\n<li>Alergii na kt\u00f3rykolwiek ze sk\u0142adnik\u00f3w<\/li>\n<li>Chor\u00f3b przewlek\u0142ych, w kt\u00f3rych stosowanie suplement\u00f3w mo\u017ce by\u0107 niezalecane<\/li>\n<\/ul>\n<h2>Sk\u0142ad Restilen &#8211; skuteczne sk\u0142adniki<\/h2>\n<p>Restilen wyr\u00f3\u017cnia si\u0119 swoim naturalnym sk\u0142adem, kt\u00f3ry zosta\u0142 starannie dobrany, aby wspiera\u0107 organizm w walce ze stresem. Ka\u017cdy ze sk\u0142adnik\u00f3w pe\u0142ni okre\u015blon\u0105 rol\u0119 w redukcji objaw\u00f3w stresu i poprawie samopoczucia.<\/p>\n<p><strong>Oto g\u0142\u00f3wne sk\u0142adniki Restilen:<\/strong><\/p>\n<table>\n<thead>\n<tr>\n<th>Sk\u0142adnik<\/th>\n<th>Dzia\u0142anie<\/th>\n<\/tr>\n<\/thead>\n<tbody>\n<tr>\n<td><strong>Ashwagandha KSM-66\u00ae<\/strong><\/td>\n<td>Pomaga zmniejszy\u0107 poziom kortyzolu, hormonu stresu, oraz wspiera r\u00f3wnowag\u0119 emocjonaln\u0105. Poprawia zdolno\u015bci adaptacyjne organizmu na stres.<\/td>\n<\/tr>\n<tr>\n<td><strong>Bakopa Monnieri<\/strong><\/td>\n<td>Wspomaga funkcje poznawcze, poprawia koncentracj\u0119 i pami\u0119\u0107. Wp\u0142ywa na redukcj\u0119 objaw\u00f3w stresu.<\/td>\n<\/tr>\n<tr>\n<td><strong>L-teanina<\/strong><\/td>\n<td>Ma dzia\u0142anie uspokajaj\u0105ce, bez wywo\u0142ywania senno\u015bci. Wspiera funkcje poznawcze oraz zmniejsza uczucie napi\u0119cia.<\/td>\n<\/tr>\n<tr>\n<td><strong>R\u00f3\u017ceniec g\u00f3rski<\/strong><\/td>\n<td>Adaptogen, kt\u00f3ry wspiera odporno\u015b\u0107 organizmu na stres i zmniejsza uczucie zm\u0119czenia.<\/td>\n<\/tr>\n<tr>\n<td><strong>Ekstrakt z melisy<\/strong><\/td>\n<td>Pomaga w relaksacji, \u0142agodzi uczucie napi\u0119cia i wspiera zdrowy sen.<\/td>\n<\/tr>\n<tr>\n<td><strong>Saffr\u2019Activ\u00ae<\/strong><\/td>\n<td>Ekstrakt z krokusa, kt\u00f3ry ma dzia\u0142anie antydepresyjne i poprawia nastr\u00f3j.<\/td>\n<\/tr>\n<tr>\n<td><strong>Magnez<\/strong><\/td>\n<td>Wspiera uk\u0142ad nerwowy, redukuje uczucie zm\u0119czenia oraz wspomaga relaksacj\u0119 mi\u0119\u015bni.<\/td>\n<\/tr>\n<\/tbody>\n<\/table>\n<p>Dzi\u0119ki po\u0142\u0105czeniu tych sk\u0142adnik\u00f3w Restilen dzia\u0142a kompleksowo, zapewniaj\u0105c szerokie spektrum korzy\u015bci zdrowotnych.<\/p>\n<h2>Efekty stosowania &#8211; dzia\u0142anie kapsu\u0142ki Restilen<\/h2>\n<p>Efekty stosowania Restilen s\u0105 zauwa\u017calne ju\u017c od pierwszego dnia suplementacji. Dzia\u0142anie kapsu\u0142ek polega na wspomaganiu organizmu w radzeniu sobie ze stresem oraz redukcji objaw\u00f3w takich jak nerwowo\u015b\u0107, l\u0119k czy uczucie zm\u0119czenia. Regularne stosowanie Restilen przynosi trwa\u0142e korzy\u015bci, kt\u00f3re obejmuj\u0105:<\/p>\n<ol>\n<li><strong>Zmniejszenie poziomu stresu<\/strong> \u2013 Sk\u0142adniki takie jak Ashwagandha czy R\u00f3\u017ceniec g\u00f3rski pomagaj\u0105 zredukowa\u0107 poziom kortyzolu, co bezpo\u015brednio wp\u0142ywa na zmniejszenie objaw\u00f3w stresu.<\/li>\n<li><strong>Poprawa jako\u015bci snu<\/strong> \u2013 Ekstrakt z melisy oraz L-teanina wspieraj\u0105 zdrowy, regeneracyjny sen, co jest kluczowe dla regeneracji organizmu po dniu pe\u0142nym wyzwa\u0144.<\/li>\n<li><strong>Zwi\u0119kszenie odporno\u015bci na stres<\/strong> \u2013 Adaptogeny zawarte w preparacie pomagaj\u0105 organizmowi lepiej radzi\u0107 sobie z trudnymi sytuacjami i szybciej powraca\u0107 do stanu r\u00f3wnowagi.<\/li>\n<li><strong>Poprawa samopoczucia i nastroju<\/strong> \u2013 Krokus, dzi\u0119ki swoim w\u0142a\u015bciwo\u015bciom antydepresyjnym, pomaga w utrzymaniu dobrego nastroju i przeciwdzia\u0142a wahaniom emocjonalnym.<\/li>\n<\/ol>\n<h2>Gdzie kupi\u0107 Restilen?<\/h2>\n<p>Restilen to suplement, kt\u00f3ry zdobywa coraz wi\u0119ksz\u0105 popularno\u015b\u0107 ze wzgl\u0119du na swoj\u0105 skuteczno\u015b\u0107 oraz naturalny sk\u0142ad. Jednak warto pami\u0119ta\u0107, \u017ce produkt ten nie jest dost\u0119pny w stacjonarnych aptekach. Je\u015bli zastanawiasz si\u0119, gdzie kupi\u0107 Restilen, najlepszym rozwi\u0105zaniem jest zakup bezpo\u015brednio u producenta. Dzi\u0119ki temu masz pewno\u015b\u0107, \u017ce otrzymujesz oryginalny produkt o pe\u0142nej skuteczno\u015bci.<\/p>\n<p>Kiedy szukasz, gdzie kupi\u0107 Restilen, warto zwr\u00f3ci\u0107 uwag\u0119 na oficjaln\u0105 stron\u0119 producenta, gdzie cz\u0119sto mo\u017cna znale\u017a\u0107 atrakcyjne promocje oraz zni\u017cki przy zakupie wi\u0119kszej ilo\u015bci opakowa\u0144. Zakup u producenta gwarantuje r\u00f3wnie\u017c pe\u0142ne bezpiecze\u0144stwo transakcji oraz szybkie dostarczenie produktu do domu.<\/p>\n<p>Restilen nie jest dost\u0119pny w stacjonarnych aptekach ani w popularnych platformach sprzeda\u017cowych, co eliminuje ryzyko zakupu podr\u00f3bek. Dlatego, je\u015bli chcesz kupi\u0107 oryginalny preparat, zawsze sprawdzaj, czy oferta pochodzi bezpo\u015brednio od producenta. W ten spos\u00f3b masz pewno\u015b\u0107, \u017ce produkt b\u0119dzie skuteczny i bezpieczny w u\u017cyciu.<\/p>\n<p>Restilen to skuteczny suplement diety, kt\u00f3ry pomaga w walce ze stresem, poprawiaj\u0105c jednocze\u015bnie jako\u015b\u0107 \u017cycia. Naturalny sk\u0142ad oraz szybko\u015b\u0107 dzia\u0142ania sprawiaj\u0105, \u017ce jest to produkt godny uwagi dla wszystkich os\u00f3b zmagaj\u0105cych si\u0119 z codziennym stresem. Zakup Restilen u producenta to gwarancja oryginalno\u015bci i pe\u0142nej skuteczno\u015bci produktu.<\/p>\n<p style=\"text-align: center;\"><a class=\"border-button\" href=\"https:\/\/nplink.net\/dch54eud\">KUPI\u0106 PO CENIE PRODUCENTA (-50%)<\/a><\/p>\n","protected":false},"excerpt":{"rendered":"<p>Nr kat.: 870874768<\/p>\n<p style=\"text-align: center;\"><a class=\"border-button\" href=\"https:\/\/nplink.net\/dch54eud\">KUP TERAZ<\/a><\/p>\n","protected":false},"featured_media":737,"comment_status":"open","ping_status":"closed","template":"","meta":[],"product_brand":[],"product_cat":[18],"product_tag":[],"class_list":{"0":"post-736","1":"product","2":"type-product","3":"status-publish","4":"has-post-thumbnail","6":"product_cat-suplementy","8":"first","9":"instock","10":"shipping-taxable","11":"purchasable","12":"product-type-simple"},"aioseo_notices":[],"_links":{"self":[{"href":"https:\/\/lekarzpodroznik.pl\/store\/wp-json\/wp\/v2\/product\/736","targetHints":{"allow":["GET"]}}],"collection":[{"href":"https:\/\/lekarzpodroznik.pl\/store\/wp-json\/wp\/v2\/product"}],"about":[{"href":"https:\/\/lekarzpodroznik.pl\/store\/wp-json\/wp\/v2\/types\/product"}],"replies":[{"embeddable":true,"href":"https:\/\/lekarzpodroznik.pl\/store\/wp-json\/wp\/v2\/comments?post=736"}],"wp:featuredmedia":[{"embeddable":true,"href":"https:\/\/lekarzpodroznik.pl\/store\/wp-json\/wp\/v2\/media\/737"}],"wp:attachment":[{"href":"https:\/\/lekarzpodroznik.pl\/store\/wp-json\/wp\/v2\/media?parent=736"}],"wp:term":[{"taxonomy":"product_brand","embeddable":true,"href":"https:\/\/lekarzpodroznik.pl\/store\/wp-json\/wp\/v2\/product_brand?post=736"},{"taxonomy":"product_cat","embeddable":true,"href":"https:\/\/lekarzpodroznik.pl\/store\/wp-json\/wp\/v2\/product_cat?post=736"},{"taxonomy":"product_tag","embeddable":true,"href":"https:\/\/lekarzpodroznik.pl\/store\/wp-json\/wp\/v2\/product_tag?post=736"}],"curies":[{"name":"wp","href":"https:\/\/api.w.org\/{rel}","templated":true}]}}