{"id":748,"date":"2024-10-15T08:41:43","date_gmt":"2024-10-15T08:41:43","guid":{"rendered":"https:\/\/lekarzpodroznik.pl\/store\/?post_type=product&#038;p=748"},"modified":"2024-10-29T11:02:23","modified_gmt":"2024-10-29T11:02:23","slug":"semaxin","status":"publish","type":"product","link":"https:\/\/lekarzpodroznik.pl\/store\/product\/semaxin\/","title":{"rendered":"Semaxin"},"content":{"rendered":"<p><strong>Semaxin<\/strong> to suplement diety stworzony z my\u015bl\u0105 o m\u0119\u017cczyznach, kt\u00f3rzy pragn\u0105 poprawi\u0107 swoje funkcje seksualne, p\u0142odno\u015b\u0107 oraz wspiera\u0107 proces produkcji spermy. Produkt jest dost\u0119pny w formie kapsu\u0142ek, co czyni go wygodnym w u\u017cyciu i \u0142atwym do przyjmowania w codziennej suplementacji.<\/p>\n<p>Semaxin nale\u017cy do grupy suplement\u00f3w, kt\u00f3re zawieraj\u0105 naturalne sk\u0142adniki o udowodnionym dzia\u0142aniu, maj\u0105ce na celu wsparcie m\u0119skiego organizmu w zakresie produkcji testosteronu, poprawy jako\u015bci spermy oraz zwi\u0119kszenia libido. Dzi\u0119ki swojemu sk\u0142adowi, kapsu\u0142ki Semaxin mog\u0105 by\u0107 stosowane zar\u00f3wno przez m\u0119\u017cczyzn borykaj\u0105cych si\u0119 z problemami z p\u0142odno\u015bci\u0105, jak i przez tych, kt\u00f3rzy chc\u0105 zadba\u0107 o swoje \u017cycie seksualne na r\u00f3\u017cnych etapach \u017cycia.<\/p>\n<p style=\"text-align: center;\"><a class=\"border-button\" href=\"https:\/\/nplink.net\/ho826piu\">www.semaxin.pl\u00a0<\/a><\/p>\n<h2>Wskazania i przeciwwskazania Semaxin<\/h2>\n<p>Semaxin zosta\u0142 zaprojektowany z my\u015bl\u0105 o m\u0119\u017cczyznach, kt\u00f3rzy:<\/p>\n<ol>\n<li>Chc\u0105 poprawi\u0107 swoj\u0105 p\u0142odno\u015b\u0107 i jako\u015b\u0107 spermy.<\/li>\n<li>Zmagaj\u0105 si\u0119 z obni\u017conym poziomem libido.<\/li>\n<li>Maj\u0105 problemy z erekcj\u0105 i pragn\u0105 w naturalny spos\u00f3b poprawi\u0107 swoje funkcje seksualne.<\/li>\n<li>Zauwa\u017cyli spadek poziomu testosteronu, co jest zwi\u0105zane z wiekiem.<\/li>\n<li>Pragn\u0105 wspiera\u0107 produkcj\u0119 spermy i poprawi\u0107 swoj\u0105 wydajno\u015b\u0107 seksualn\u0105.<\/li>\n<\/ol>\n<h4>Przeciwwskazania:<\/h4>\n<p>Cho\u0107 Semaxin sk\u0142ada si\u0119 z naturalnych sk\u0142adnik\u00f3w, jak ka\u017cdy suplement, mo\u017ce nie by\u0107 odpowiedni dla wszystkich. Osoby uczulone na kt\u00f3rykolwiek z jego sk\u0142adnik\u00f3w powinny unika\u0107 tego produktu. Zaleca si\u0119 r\u00f3wnie\u017c skonsultowanie si\u0119 z lekarzem przed rozpocz\u0119ciem suplementacji, szczeg\u00f3lnie je\u015bli osoba przyjmuje inne leki lub ma choroby przewlek\u0142e.<\/p>\n<h2>Sk\u0142ad Semaxin &#8211; skuteczne sk\u0142adniki<\/h2>\n<p>Semaxin zawiera 12 starannie dobranych sk\u0142adnik\u00f3w, kt\u00f3re maj\u0105 za zadanie wspiera\u0107 zdrowie seksualne m\u0119\u017cczyzn. Ka\u017cdy z tych sk\u0142adnik\u00f3w odgrywa istotn\u0105 rol\u0119 w poprawie r\u00f3\u017cnych aspekt\u00f3w funkcji seksualnych i p\u0142odno\u015bci. Oto g\u0142\u00f3wne sk\u0142adniki zawarte w Semaxin:<\/p>\n<table>\n<thead>\n<tr>\n<th>Sk\u0142adnik<\/th>\n<th>Dzia\u0142anie<\/th>\n<\/tr>\n<\/thead>\n<tbody>\n<tr>\n<td><strong>Ekstrakt z buzdyganka naziemnego<\/strong><\/td>\n<td>Wspiera produkcj\u0119 testosteronu, poprawia libido.<\/td>\n<\/tr>\n<tr>\n<td><strong>Ekstrakt z korzenia maca<\/strong><\/td>\n<td>Wzmacnia energi\u0119, poprawia jako\u015b\u0107 spermy i wspiera p\u0142odno\u015b\u0107.<\/td>\n<\/tr>\n<tr>\n<td><strong>Ekstrakt z korzenia ashwagandhy<\/strong><\/td>\n<td>Redukuje stres, co pozytywnie wp\u0142ywa na funkcje seksualne i p\u0142odno\u015b\u0107.<\/td>\n<\/tr>\n<tr>\n<td><strong>L-arginina<\/strong><\/td>\n<td>Poprawia kr\u0105\u017cenie krwi, co przyczynia si\u0119 do lepszej erekcji.<\/td>\n<\/tr>\n<tr>\n<td><strong>Cynk<\/strong><\/td>\n<td>Wspiera prawid\u0142ow\u0105 produkcj\u0119 spermy i utrzymanie poziomu testosteronu.<\/td>\n<\/tr>\n<tr>\n<td><strong>Selen<\/strong><\/td>\n<td>Odpowiada za popraw\u0119 jako\u015bci spermy oraz chroni kom\u00f3rki przed stresem oksydacyjnym.<\/td>\n<\/tr>\n<\/tbody>\n<\/table>\n<p>Te sk\u0142adniki dzia\u0142aj\u0105 synergicznie, co oznacza, \u017ce ich po\u0142\u0105czenie daje lepsze rezultaty, ni\u017c gdyby by\u0142y stosowane oddzielnie. Dzi\u0119ki temu Semaxin nie tylko poprawia libido, ale tak\u017ce wspiera naturaln\u0105 produkcj\u0119 testosteronu oraz proces spermatogenezy.<\/p>\n<h2>Efekty stosowania &#8211; dzia\u0142anie kapsu\u0142ki Semaxin<\/h2>\n<p>Stosowanie Semaxin przynosi szereg korzy\u015bci dla m\u0119skiego organizmu. Dzi\u0119ki regularnemu przyjmowaniu kapsu\u0142ek, mo\u017cna spodziewa\u0107 si\u0119:<\/p>\n<ol>\n<li><strong>Poprawy jako\u015bci spermy<\/strong> \u2013 dzi\u0119ki sk\u0142adnikom takim jak cynk i selen, Semaxin wspomaga produkcj\u0119 spermy oraz poprawia jej jako\u015b\u0107. To wa\u017cny czynnik dla m\u0119\u017cczyzn staraj\u0105cych si\u0119 o potomstwo.<\/li>\n<li><strong>Zwi\u0119kszenia obj\u0119to\u015bci ejakulatu<\/strong> \u2013 suplement wspomaga proces spermatogenezy, co prowadzi do zwi\u0119kszonej obj\u0119to\u015bci ejakulatu.<\/li>\n<li><strong>Poprawy libido<\/strong> \u2013 sk\u0142adniki takie jak buzdyganek naziemny i maca naturalnie zwi\u0119kszaj\u0105 poziom libido, co pozytywnie wp\u0142ywa na \u017cycie seksualne.<\/li>\n<li><strong>Eliminacji problem\u00f3w z erekcj\u0105<\/strong> \u2013 dzi\u0119ki zawarto\u015bci L-argininy, Semaxin wspiera kr\u0105\u017cenie krwi w obszarze narz\u0105d\u00f3w p\u0142ciowych, co przek\u0142ada si\u0119 na lepsz\u0105 erekcj\u0119.<\/li>\n<li><strong>Wzrostu poziomu testosteronu<\/strong> \u2013 Semaxin pomaga w naturalny spos\u00f3b podnosi\u0107 poziom tego hormonu, kt\u00f3ry odgrywa kluczow\u0105 rol\u0119 w m\u0119skim zdrowiu seksualnym.<\/li>\n<\/ol>\n<p>Wszystkie te efekty wynikaj\u0105 z naturalnego sk\u0142adu preparatu, kt\u00f3ry dzia\u0142a \u0142agodnie, ale skutecznie, nie nara\u017caj\u0105c organizmu na skutki uboczne.<\/p>\n<h2>Gdzie kupi\u0107 Semaxin?<\/h2>\n<p>Kiedy zastanawiasz si\u0119, gdzie kupi\u0107 Semaxin, nale\u017cy pami\u0119ta\u0107, \u017ce produkt ten nie jest dost\u0119pny w stacjonarnych aptekach. To wa\u017cne, aby mie\u0107 pewno\u015b\u0107, \u017ce kupuje si\u0119 oryginalny produkt od sprawdzonego \u017ar\u00f3d\u0142a. Najlepszym i najbardziej bezpiecznym sposobem na zakup Semaxin jest zakup bezpo\u015brednio od producenta, za po\u015brednictwem oficjalnej strony internetowej. Dzi\u0119ki temu masz pewno\u015b\u0107, \u017ce otrzymasz oryginalny produkt o najwy\u017cszej jako\u015bci.<\/p>\n<p>Wyszukuj\u0105c w internecie, znajdziesz wiele miejsc, gdzie oferowane s\u0105 suplementy, jednak\u017ce nale\u017cy unika\u0107 podejrzanych ofert i nieautoryzowanych sprzedawc\u00f3w. Kupuj\u0105c bezpo\u015brednio u producenta, mo\u017cesz liczy\u0107 na promocje oraz gwarancj\u0119 autentyczno\u015bci. Pami\u0119taj, \u017ce Semaxin to produkt, kt\u00f3rego nie znajdziesz w aptekach stacjonarnych, a zakup od producenta to gwarancja bezpiecze\u0144stwa i skuteczno\u015bci.<\/p>\n<p>Semaxin to nowoczesny suplement diety, kt\u00f3ry dzi\u0119ki swojemu naturalnemu sk\u0142adowi wspiera zdrowie seksualne m\u0119\u017cczyzn na wielu poziomach. Regularne stosowanie kapsu\u0142ek mo\u017ce pom\u00f3c w poprawie jako\u015bci spermy, zwi\u0119kszeniu libido, eliminacji problem\u00f3w z erekcj\u0105 oraz podniesieniu poziomu testosteronu. Semaxin jest szczeg\u00f3lnie polecany m\u0119\u017cczyznom, kt\u00f3rzy chc\u0105 zadba\u0107 o swoj\u0105 p\u0142odno\u015b\u0107 i jako\u015b\u0107 \u017cycia seksualnego.<\/p>\n<p>Zanim zdecydujesz si\u0119 na zakup, warto zwr\u00f3ci\u0107 uwag\u0119 na to, gdzie kupujesz produkt. Najlepszym rozwi\u0105zaniem jest zakup bezpo\u015brednio u producenta, co zapewni Ci najwy\u017csz\u0105 jako\u015b\u0107 oraz bezpiecze\u0144stwo stosowania.<\/p>\n<p>Dzi\u0119ki Semaxin, wielu m\u0119\u017cczyzn odzyska\u0142o pewno\u015b\u0107 siebie oraz poprawi\u0142o swoje \u017cycie seksualne w spos\u00f3b naturalny i bezpieczny dla organizmu.<\/p>\n<p style=\"text-align: center;\"><a class=\"border-button\" href=\"https:\/\/nplink.net\/ho826piu\">KUPI\u0106 PO CENIE PRODUCENTA (-50%)<\/a><\/p>\n","protected":false},"excerpt":{"rendered":"<p>Nr kat.: 870874774<\/p>\n<p style=\"text-align: center;\"><a class=\"border-button\" href=\"https:\/\/nplink.net\/ho826piu\">KUP TERAZ<\/a><\/p>\n","protected":false},"featured_media":749,"comment_status":"open","ping_status":"closed","template":"","meta":[],"product_brand":[],"product_cat":[18],"product_tag":[],"class_list":{"0":"post-748","1":"product","2":"type-product","3":"status-publish","4":"has-post-thumbnail","6":"product_cat-suplementy","8":"first","9":"instock","10":"shipping-taxable","11":"purchasable","12":"product-type-simple"},"aioseo_notices":[],"_links":{"self":[{"href":"https:\/\/lekarzpodroznik.pl\/store\/wp-json\/wp\/v2\/product\/748","targetHints":{"allow":["GET"]}}],"collection":[{"href":"https:\/\/lekarzpodroznik.pl\/store\/wp-json\/wp\/v2\/product"}],"about":[{"href":"https:\/\/lekarzpodroznik.pl\/store\/wp-json\/wp\/v2\/types\/product"}],"replies":[{"embeddable":true,"href":"https:\/\/lekarzpodroznik.pl\/store\/wp-json\/wp\/v2\/comments?post=748"}],"wp:featuredmedia":[{"embeddable":true,"href":"https:\/\/lekarzpodroznik.pl\/store\/wp-json\/wp\/v2\/media\/749"}],"wp:attachment":[{"href":"https:\/\/lekarzpodroznik.pl\/store\/wp-json\/wp\/v2\/media?parent=748"}],"wp:term":[{"taxonomy":"product_brand","embeddable":true,"href":"https:\/\/lekarzpodroznik.pl\/store\/wp-json\/wp\/v2\/product_brand?post=748"},{"taxonomy":"product_cat","embeddable":true,"href":"https:\/\/lekarzpodroznik.pl\/store\/wp-json\/wp\/v2\/product_cat?post=748"},{"taxonomy":"product_tag","embeddable":true,"href":"https:\/\/lekarzpodroznik.pl\/store\/wp-json\/wp\/v2\/product_tag?post=748"}],"curies":[{"name":"wp","href":"https:\/\/api.w.org\/{rel}","templated":true}]}}