{"id":75,"date":"2024-08-26T15:23:43","date_gmt":"2024-08-26T15:23:43","guid":{"rendered":"https:\/\/lekarzpodroznik.pl\/store\/?post_type=product&#038;p=75"},"modified":"2025-02-05T10:37:41","modified_gmt":"2025-02-05T10:37:41","slug":"glucolite","status":"publish","type":"product","link":"https:\/\/lekarzpodroznik.pl\/store\/product\/glucolite\/","title":{"rendered":"Glucolite"},"content":{"rendered":"<p>Zarz\u0105dzanie poziomem cukru we krwi jest kluczowym elementem utrzymania zdrowia, szczeg\u00f3lnie w kontek\u015bcie zapobiegania i leczenia cukrzycy. W dzisiejszych czasach coraz wi\u0119cej os\u00f3b szuka naturalnych i skutecznych rozwi\u0105za\u0144, kt\u00f3re pomog\u0105 w kontroli glukozy. Jednym z takich produkt\u00f3w jest <strong>Glucolite<\/strong> &#8211; suplement diety w postaci kapsu\u0142ek, kt\u00f3ry zosta\u0142 stworzony z my\u015bl\u0105 o wsparciu os\u00f3b z problemami metabolicznymi. W tej obszernej recenzji przyjrzymy si\u0119 bli\u017cej temu preparatowi, jego sk\u0142adnikom, efektom dzia\u0142ania oraz mo\u017cliwo\u015bciom zakupu.<\/p>\n<h2>Co to jest Glucolite: forma wydania, grupa<\/h2>\n<p><strong>Glucolite<\/strong> to suplement diety dost\u0119pny w formie kapsu\u0142ek, kt\u00f3ry zosta\u0142 stworzony z my\u015bl\u0105 o wsparciu os\u00f3b zmagaj\u0105cych si\u0119 z problemami zwi\u0105zanymi z poziomem cukru we krwi. Produkt ten nale\u017cy do grupy suplement\u00f3w maj\u0105cych na celu wspieranie zdrowego metabolizmu glukozy oraz popraw\u0119 wra\u017cliwo\u015bci na insulin\u0119. Kapsu\u0142ki Glucolite s\u0105 \u0142atwe w codziennym stosowaniu i zosta\u0142y opracowane z my\u015bl\u0105 o d\u0142ugotrwa\u0142ym wsparciu organizmu w walce z cukrzyc\u0105 oraz jej powik\u0142aniami.<\/p>\n<p style=\"text-align: center;\"><a class=\"border-button\" href=\"https:\/\/tl-track.com\/tracker\/uBUP\">www.glucolite.pl<\/a><\/p>\n<h2>Wskazania i przeciwwskazania Glucolite<\/h2>\n<p><strong>Wskazania do stosowania Glucolite<\/strong> obejmuj\u0105:<\/p>\n<ul>\n<li>Osoby z podwy\u017cszonym poziomem cukru we krwi.<\/li>\n<li>Pacjenci z insulinooporno\u015bci\u0105.<\/li>\n<li>Osoby, kt\u00f3re chc\u0105 utrzyma\u0107 zdrowy poziom energii i zapobiega\u0107 nag\u0142ym spadkom glukozy.<\/li>\n<li>Osoby poszukuj\u0105ce naturalnego wsparcia w kontrolowaniu \u0142aknienia na s\u0142odycze.<\/li>\n<\/ul>\n<p><strong>Przeciwwskazania<\/strong> obejmuj\u0105 natomiast:<\/p>\n<ul>\n<li>Nadwra\u017cliwo\u015b\u0107 na kt\u00f3rykolwiek ze sk\u0142adnik\u00f3w preparatu.<\/li>\n<li>Stosowanie przez kobiety w ci\u0105\u017cy i karmi\u0105ce piersi\u0105 powinno by\u0107 skonsultowane z lekarzem.<\/li>\n<li>Osoby z powa\u017cnymi schorzeniami metabolicznymi powinny przed u\u017cyciem skonsultowa\u0107 si\u0119 z lekarzem.<\/li>\n<\/ul>\n<h2>Sk\u0142ad Glucolite &#8211; skuteczne sk\u0142adniki<\/h2>\n<p>Glucolite wyr\u00f3\u017cnia si\u0119 starannie dobranym sk\u0142adem, kt\u00f3ry zawiera mieszank\u0119 naturalnych sk\u0142adnik\u00f3w wspomagaj\u0105cych metabolizm glukozy i poprawiaj\u0105cych wra\u017cliwo\u015b\u0107 na insulin\u0119. Poni\u017cej przedstawiamy najwa\u017cniejsze z nich:<\/p>\n<table>\n<thead>\n<tr>\n<th>Sk\u0142adnik<\/th>\n<th>Dzia\u0142anie na organizm<\/th>\n<\/tr>\n<\/thead>\n<tbody>\n<tr>\n<td><strong>Ekstrakt z morwy bia\u0142ej<\/strong><\/td>\n<td>Redukuje wch\u0142anianie cukr\u00f3w w jelitach, co pomaga utrzyma\u0107 stabilny poziom glukozy we krwi.<\/td>\n<\/tr>\n<tr>\n<td><strong>Cynamon<\/strong><\/td>\n<td>Wspomaga regulacj\u0119 poziomu cukru i poprawia wra\u017cliwo\u015b\u0107 na insulin\u0119.<\/td>\n<\/tr>\n<tr>\n<td><strong>Chrom<\/strong><\/td>\n<td>Pomaga w metabolizmie w\u0119glowodan\u00f3w, t\u0142uszcz\u00f3w i bia\u0142ek, co wspiera utrzymanie prawid\u0142owego poziomu cukru we krwi.<\/td>\n<\/tr>\n<tr>\n<td><strong>Biotyna<\/strong><\/td>\n<td>Wspiera metabolizm glukozy i pomaga w utrzymaniu zdrowej sk\u00f3ry oraz w\u0142os\u00f3w.<\/td>\n<\/tr>\n<tr>\n<td><strong>Magnez<\/strong><\/td>\n<td>Uczestniczy w procesach metabolicznych i wp\u0142ywa na prac\u0119 mi\u0119\u015bni oraz uk\u0142adu nerwowego.<\/td>\n<\/tr>\n<\/tbody>\n<\/table>\n<h2>Efekty stosowania &#8211; dzia\u0142anie tabletek Glucolite<\/h2>\n<p>Regularne stosowanie Glucolite przynosi liczne korzy\u015bci zdrowotne, kt\u00f3re mog\u0105 znacznie poprawi\u0107 jako\u015b\u0107 \u017cycia os\u00f3b z problemami cukrzycowymi. Do najwa\u017cniejszych efekt\u00f3w nale\u017c\u0105:<\/p>\n<ol>\n<li><strong>Stabilizacja poziomu cukru we krwi<\/strong> &#8211; dzi\u0119ki zawarto\u015bci sk\u0142adnik\u00f3w takich jak morwa bia\u0142a i cynamon, Glucolite pomaga utrzyma\u0107 prawid\u0142owy poziom glukozy we krwi, co jest kluczowe w profilaktyce i leczeniu cukrzycy.<\/li>\n<li><strong>Poprawa wra\u017cliwo\u015bci na insulin\u0119<\/strong> &#8211; preparat wspomaga organizm w lepszym wykorzystaniu insuliny, co jest szczeg\u00f3lnie wa\u017cne dla os\u00f3b z insulinooporno\u015bci\u0105.<\/li>\n<li><strong>Zmniejszenie \u0142aknienia na s\u0142odycze<\/strong> &#8211; Glucolite pomaga kontrolowa\u0107 apetyt, co jest kluczowe w utrzymaniu zdrowej diety i unikania gwa\u0142townych skok\u00f3w cukru.<\/li>\n<li><strong>Wzrost energii<\/strong> &#8211; dzi\u0119ki poprawie metabolizmu glukozy, u\u017cytkownicy mog\u0105 cieszy\u0107 si\u0119 stabilnym poziomem energii przez ca\u0142y dzie\u0144.<\/li>\n<\/ol>\n<p style=\"text-align: center;\"><a class=\"border-button\" href=\"https:\/\/tl-track.com\/tracker\/uBUP\">KUPI\u0106 PO CENIE PRODUCENTA (-50%)<\/a><\/p>\n","protected":false},"excerpt":{"rendered":"<p>Nr kat.: 87012<\/p>\n<p style=\"text-align: center;\"><a class=\"border-button\" href=\"https:\/\/tl-track.com\/tracker\/uBUP\">KUP TERAZ<\/a><\/p>\n","protected":false},"featured_media":76,"comment_status":"open","ping_status":"closed","template":"","meta":[],"product_brand":[],"product_cat":[18],"product_tag":[],"class_list":{"0":"post-75","1":"product","2":"type-product","3":"status-publish","4":"has-post-thumbnail","6":"product_cat-suplementy","8":"first","9":"instock","10":"sale","11":"shipping-taxable","12":"purchasable","13":"product-type-simple"},"aioseo_notices":[],"_links":{"self":[{"href":"https:\/\/lekarzpodroznik.pl\/store\/wp-json\/wp\/v2\/product\/75","targetHints":{"allow":["GET"]}}],"collection":[{"href":"https:\/\/lekarzpodroznik.pl\/store\/wp-json\/wp\/v2\/product"}],"about":[{"href":"https:\/\/lekarzpodroznik.pl\/store\/wp-json\/wp\/v2\/types\/product"}],"replies":[{"embeddable":true,"href":"https:\/\/lekarzpodroznik.pl\/store\/wp-json\/wp\/v2\/comments?post=75"}],"wp:featuredmedia":[{"embeddable":true,"href":"https:\/\/lekarzpodroznik.pl\/store\/wp-json\/wp\/v2\/media\/76"}],"wp:attachment":[{"href":"https:\/\/lekarzpodroznik.pl\/store\/wp-json\/wp\/v2\/media?parent=75"}],"wp:term":[{"taxonomy":"product_brand","embeddable":true,"href":"https:\/\/lekarzpodroznik.pl\/store\/wp-json\/wp\/v2\/product_brand?post=75"},{"taxonomy":"product_cat","embeddable":true,"href":"https:\/\/lekarzpodroznik.pl\/store\/wp-json\/wp\/v2\/product_cat?post=75"},{"taxonomy":"product_tag","embeddable":true,"href":"https:\/\/lekarzpodroznik.pl\/store\/wp-json\/wp\/v2\/product_tag?post=75"}],"curies":[{"name":"wp","href":"https:\/\/api.w.org\/{rel}","templated":true}]}}