{"id":750,"date":"2024-10-15T08:45:23","date_gmt":"2024-10-15T08:45:23","guid":{"rendered":"https:\/\/lekarzpodroznik.pl\/store\/?post_type=product&#038;p=750"},"modified":"2025-03-12T10:46:48","modified_gmt":"2025-03-12T10:46:48","slug":"keto-actives","status":"publish","type":"product","link":"https:\/\/lekarzpodroznik.pl\/store\/product\/keto-actives\/","title":{"rendered":"Keto Actives"},"content":{"rendered":"<p>Keto Actives to suplement diety w formie kapsu\u0142ek, kt\u00f3ry zosta\u0142 opracowany z my\u015bl\u0105 o osobach d\u0105\u017c\u0105cych do redukcji masy cia\u0142a. Produkt ten jest szczeg\u00f3lnie polecany osobom stosuj\u0105cym diet\u0119 ketogeniczn\u0105, ale mo\u017ce by\u0107 r\u00f3wnie\u017c skuteczny dla tych, kt\u00f3rzy nie s\u0105 na tej diecie, ale poszukuj\u0105 wsparcia w odchudzaniu. Keto Actives to formu\u0142a \u0142\u0105cz\u0105ca 8 sk\u0142adnik\u00f3w aktywnych, kt\u00f3re pomagaj\u0105 w spalaniu tkanki t\u0142uszczowej, hamowaniu apetytu oraz wspomaganiu poziomu energii i koncentracji.<\/p>\n<p>Suplement ten jest dost\u0119pny w postaci \u0142atwych do po\u0142kni\u0119cia kapsu\u0142ek, co u\u0142atwia jego codzienne stosowanie. Nie jest dost\u0119pny w formie p\u0142ynu ani proszku, co czyni go wygodnym w u\u017cyciu, niezale\u017cnie od miejsca i czasu.<\/p>\n<h4>Grupa docelowa:<\/h4>\n<p>Keto Actives jest dedykowany osobom:<\/p>\n<ul>\n<li>Stosuj\u0105cym diet\u0119 ketogeniczn\u0105,<\/li>\n<li>Chc\u0105cym zredukowa\u0107 tkank\u0119 t\u0142uszczow\u0105,<\/li>\n<li>Maj\u0105cym problemy z nadmiernym apetytem,<\/li>\n<li>Poszukuj\u0105cym wsparcia w procesie adaptacji do ketozy,<\/li>\n<li>D\u0105\u017c\u0105cym do utrzymania prawid\u0142owego poziomu cholesterolu i cukru we krwi.<\/li>\n<\/ul>\n<p style=\"text-align: center;\"><a class=\"border-button\" href=\"https:\/\/nplink.net\/e02l9aco\">www.keto-actives.pl<\/a><\/p>\n<h2>Wskazania i przeciwwskazania Keto Actives<\/h2>\n<h4>Wskazania:<\/h4>\n<p>Keto Actives jest zalecany dla os\u00f3b, kt\u00f3re:<\/p>\n<ul>\n<li>Stosuj\u0105 diet\u0119 ketogeniczn\u0105 lub inne diety niskow\u0119glowodanowe,<\/li>\n<li>Szukaj\u0105 naturalnego sposobu na redukcj\u0119 wagi,<\/li>\n<li>Chc\u0105 zwi\u0119kszy\u0107 poziom energii i koncentracji,<\/li>\n<li>Zmagaj\u0105 si\u0119 z nadmiernym apetytem,<\/li>\n<li>Chc\u0105 wspom\u00f3c swoje cia\u0142o w utrzymaniu prawid\u0142owego poziomu cholesterolu i cukru we krwi.<\/li>\n<\/ul>\n<h4>Przeciwwskazania:<\/h4>\n<p>Cho\u0107 Keto Actives jest suplementem opartym na naturalnych sk\u0142adnikach, istnieje kilka przeciwwskaza\u0144 do jego stosowania. Przede wszystkim nie powinny go u\u017cywa\u0107 osoby uczulone na kt\u00f3rykolwiek ze sk\u0142adnik\u00f3w preparatu. Dodatkowo, kobiety w ci\u0105\u017cy i karmi\u0105ce piersi\u0105 powinny skonsultowa\u0107 si\u0119 z lekarzem przed rozpocz\u0119ciem stosowania Keto Actives. Osoby z powa\u017cnymi schorzeniami, takimi jak choroby serca czy w\u0105troby, r\u00f3wnie\u017c powinny poradzi\u0107 si\u0119 lekarza przed w\u0142\u0105czeniem suplementu do swojej diety.<\/p>\n<h2>Sk\u0142ad Keto Actives &#8211; skuteczne sk\u0142adniki<\/h2>\n<p>Skuteczno\u015b\u0107 Keto Actives wynika z unikalnej kombinacji naturalnych sk\u0142adnik\u00f3w, kt\u00f3re dzia\u0142aj\u0105 synergicznie, wspomagaj\u0105c procesy odchudzania. Oto kluczowe sk\u0142adniki zawarte w preparacie:<\/p>\n<ol>\n<li><strong>ForsLean\u00ae (ekstrakt z korzenia pokrzywy indyjskiej)<\/strong> &#8211; sk\u0142adnik wspieraj\u0105cy spalanie tkanki t\u0142uszczowej, przyczyniaj\u0105cy si\u0119 do zwi\u0119kszenia termogenezy oraz przyspieszenia metabolizmu.<\/li>\n<li><strong>Clarinol\u00ae CLA (sprz\u0119\u017cony kwas linolowy)<\/strong> &#8211; kwas t\u0142uszczowy, kt\u00f3ry pomaga w redukcji tkanki t\u0142uszczowej i wspiera rozw\u00f3j masy mi\u0119\u015bniowej.<\/li>\n<li><strong>Ekstrakt z pieprzu cayenne<\/strong> &#8211; naturalny termogenik, kt\u00f3ry zwi\u0119ksza ciep\u0142ot\u0119 cia\u0142a, przyspieszaj\u0105c spalanie kalorii.<\/li>\n<li><strong>Ekstrakt z gorzkiej pomara\u0144czy<\/strong> &#8211; dzia\u0142a jako naturalny spalacz t\u0142uszczu, pobudzaj\u0105c metabolizm i poprawiaj\u0105c wydolno\u015b\u0107 fizyczn\u0105.<\/li>\n<li><strong>Chrom<\/strong> &#8211; pierwiastek \u015bladowy, kt\u00f3ry pomaga w regulacji poziomu glukozy we krwi i wspomaga kontrol\u0119 apetytu.<\/li>\n<li><strong>Ekstrakt z nasion guarany<\/strong> &#8211; naturalne \u017ar\u00f3d\u0142o kofeiny, kt\u00f3re wspiera zwi\u0119kszenie energii oraz koncentracji, szczeg\u00f3lnie w czasie adaptacji do diety ketogenicznej.<\/li>\n<li><strong>Ashwagandha (ekstrakt z korzenia Withania somnifera)<\/strong> &#8211; adaptogen, kt\u00f3ry pomaga organizmowi radzi\u0107 sobie ze stresem, poprawia nastr\u00f3j i zmniejsza uczucie g\u0142odu.<\/li>\n<li><strong>Ekstrakt z czarnego pieprzu (BioPerine\u00ae)<\/strong> &#8211; sk\u0142adnik zwi\u0119kszaj\u0105cy biodost\u0119pno\u015b\u0107 innych substancji, co poprawia efektywno\u015b\u0107 dzia\u0142ania suplementu.<\/li>\n<\/ol>\n<h2>Efekty stosowania &#8211; dzia\u0142anie kapsu\u0142ki Keto Actives<\/h2>\n<p>Keto Actives to suplement diety, kt\u00f3ry przynosi widoczne efekty ju\u017c po kilku tygodniach regularnego stosowania. Osoby stosuj\u0105ce Keto Actives cz\u0119sto zauwa\u017caj\u0105:<\/p>\n<ol>\n<li><strong>Redukcj\u0119 tkanki t\u0142uszczowej<\/strong> &#8211; dzi\u0119ki obecno\u015bci ForsLean\u00ae i Clarinol\u00ae CLA suplement pomaga w spalaniu nagromadzonego t\u0142uszczu, jednocze\u015bnie wspieraj\u0105c rozw\u00f3j masy mi\u0119\u015bniowej.<\/li>\n<li><strong>Zmniejszenie apetytu<\/strong> &#8211; ashwagandha i chrom zawarte w sk\u0142adzie pomagaj\u0105 w redukcji uczucia g\u0142odu, co u\u0142atwia utrzymanie diety i unikanie podjadania mi\u0119dzy posi\u0142kami.<\/li>\n<li><strong>Popraw\u0119 poziomu energii i koncentracji<\/strong> &#8211; guarana i pieprz cayenne wspieraj\u0105 utrzymanie wysokiego poziomu energii, co jest szczeg\u00f3lnie wa\u017cne w pocz\u0105tkowych fazach diety ketogenicznej.<\/li>\n<li><strong>Lepsz\u0105 adaptacj\u0119 do ketozy<\/strong> &#8211; suplement pomaga w z\u0142agodzeniu objaw\u00f3w tzw. \u201egrypy keto\u201d, takich jak zm\u0119czenie i brak koncentracji, co u\u0142atwia przej\u015bcie na diet\u0119 ketogeniczn\u0105.<\/li>\n<\/ol>\n<p>Dzia\u0142anie Keto Actives jest zauwa\u017calne szybciej, gdy suplement jest stosowany w po\u0142\u0105czeniu z odpowiedni\u0105 diet\u0105 oraz regularn\u0105 aktywno\u015bci\u0105 fizyczn\u0105. Regularne stosowanie pozwala osi\u0105gn\u0105\u0107 trwa\u0142e rezultaty, kt\u00f3re obejmuj\u0105 nie tylko utrat\u0119 wagi, ale tak\u017ce lepsze samopoczucie i wi\u0119ksz\u0105 wydolno\u015b\u0107 organizmu.<\/p>\n<h2>Gdzie kupi\u0107 Keto Actives?<\/h2>\n<p>Keto Actives nie jest dost\u0119pny w tradycyjnych aptekach ani w sklepach stacjonarnych, co sprawia, \u017ce wiele os\u00f3b zastanawia si\u0119, gdzie mo\u017cna go naby\u0107. Najlepszym i najbezpieczniejszym miejscem do zakupu Keto Actives jest strona internetowa producenta. Zakup u oficjalnego dystrybutora gwarantuje oryginalno\u015b\u0107 produktu oraz cz\u0119sto pozwala na skorzystanie z atrakcyjnych promocji i rabat\u00f3w.<\/p>\n<p>Aby unikn\u0105\u0107 ryzyka zakupu podr\u00f3bek lub przeterminowanego suplementu, warto zrezygnowa\u0107 z ofert dost\u0119pnych na nieznanych portalach aukcyjnych. <strong>Kupuj\u0105c bezpo\u015brednio od producenta<\/strong>, otrzymujesz pewno\u015b\u0107, \u017ce produkt jest \u015bwie\u017cy, bezpieczny i skuteczny. W dodatku oficjalna strona cz\u0119sto oferuje szybkie dostawy oraz mo\u017cliwo\u015b\u0107 zwrotu, je\u015bli produkt nie spe\u0142ni Twoich oczekiwa\u0144.<\/p>\n<p>Keto Actives to suplement diety, kt\u00f3ry mo\u017ce okaza\u0107 si\u0119 skutecznym wsparciem dla os\u00f3b pragn\u0105cych zredukowa\u0107 wag\u0119, zw\u0142aszcza je\u015bli s\u0105 na diecie ketogenicznej. Dzi\u0119ki unikalnemu sk\u0142adowi, opartemu na naturalnych sk\u0142adnikach, produkt ten nie tylko pomaga w spalaniu t\u0142uszczu, ale tak\u017ce wspomaga kontrol\u0119 apetytu, zwi\u0119ksza energi\u0119 i poprawia og\u00f3lne samopoczucie.<\/p>\n<p style=\"text-align: center;\"><a class=\"border-button\" href=\"https:\/\/nplink.net\/e02l9aco\">KUPI\u0106 PO CENIE PRODUCENTA (-50%)<\/a><\/p>\n","protected":false},"excerpt":{"rendered":"<p>Nr kat.: 870874775<\/p>\n<p style=\"text-align: center;\"><a class=\"border-button\" href=\"https:\/\/nplink.net\/e02l9aco\">KUP TERAZ<\/a><\/p>\n","protected":false},"featured_media":1164,"comment_status":"open","ping_status":"closed","template":"","meta":[],"product_brand":[],"product_cat":[18],"product_tag":[],"class_list":{"0":"post-750","1":"product","2":"type-product","3":"status-publish","4":"has-post-thumbnail","6":"product_cat-suplementy","8":"first","9":"instock","10":"shipping-taxable","11":"purchasable","12":"product-type-simple"},"aioseo_notices":[],"_links":{"self":[{"href":"https:\/\/lekarzpodroznik.pl\/store\/wp-json\/wp\/v2\/product\/750","targetHints":{"allow":["GET"]}}],"collection":[{"href":"https:\/\/lekarzpodroznik.pl\/store\/wp-json\/wp\/v2\/product"}],"about":[{"href":"https:\/\/lekarzpodroznik.pl\/store\/wp-json\/wp\/v2\/types\/product"}],"replies":[{"embeddable":true,"href":"https:\/\/lekarzpodroznik.pl\/store\/wp-json\/wp\/v2\/comments?post=750"}],"wp:featuredmedia":[{"embeddable":true,"href":"https:\/\/lekarzpodroznik.pl\/store\/wp-json\/wp\/v2\/media\/1164"}],"wp:attachment":[{"href":"https:\/\/lekarzpodroznik.pl\/store\/wp-json\/wp\/v2\/media?parent=750"}],"wp:term":[{"taxonomy":"product_brand","embeddable":true,"href":"https:\/\/lekarzpodroznik.pl\/store\/wp-json\/wp\/v2\/product_brand?post=750"},{"taxonomy":"product_cat","embeddable":true,"href":"https:\/\/lekarzpodroznik.pl\/store\/wp-json\/wp\/v2\/product_cat?post=750"},{"taxonomy":"product_tag","embeddable":true,"href":"https:\/\/lekarzpodroznik.pl\/store\/wp-json\/wp\/v2\/product_tag?post=750"}],"curies":[{"name":"wp","href":"https:\/\/api.w.org\/{rel}","templated":true}]}}