{"id":754,"date":"2024-10-15T08:53:29","date_gmt":"2024-10-15T08:53:29","guid":{"rendered":"https:\/\/lekarzpodroznik.pl\/store\/?post_type=product&#038;p=754"},"modified":"2025-03-12T11:57:49","modified_gmt":"2025-03-12T11:57:49","slug":"varicorin","status":"publish","type":"product","link":"https:\/\/lekarzpodroznik.pl\/store\/product\/varicorin\/","title":{"rendered":"Varicorin"},"content":{"rendered":"<p><strong>Varicorin<\/strong> to suplement diety w formie kapsu\u0142ek, przeznaczony do codziennego stosowania. Jego g\u0142\u00f3wnym zadaniem jest wspieranie prawid\u0142owego funkcjonowania uk\u0142adu kr\u0105\u017cenia, a w szczeg\u00f3lno\u015bci zapobieganie i \u0142agodzenie objaw\u00f3w zwi\u0105zanych z \u017cylakami oraz paj\u0105czkami. Produkt ten jest szczeg\u00f3lnie polecany kobietom, kt\u00f3re zmagaj\u0105 si\u0119 z problemem \u017cylak\u00f3w, ale r\u00f3wnie\u017c mog\u0105 z niego korzysta\u0107 osoby, kt\u00f3re chc\u0105 poprawi\u0107 elastyczno\u015b\u0107 naczy\u0144 krwiono\u015bnych i zmniejszy\u0107 obrz\u0119ki.<\/p>\n<p>Varicorin nale\u017cy do grupy suplement\u00f3w diety wspieraj\u0105cych uk\u0142ad kr\u0105\u017cenia i zdrowie serca. Dzi\u0119ki bogatej formule od\u017cywczych sk\u0142adnik\u00f3w, kapsu\u0142ki Varicorin dzia\u0142aj\u0105 wielokierunkowo, wp\u0142ywaj\u0105c nie tylko na estetyk\u0119 n\u00f3g, ale r\u00f3wnie\u017c na og\u00f3lne funkcjonowanie naczy\u0144 krwiono\u015bnych i serca.<\/p>\n<p style=\"text-align: center;\"><a class=\"border-button\" href=\"https:\/\/nplink.net\/yu6i31h5\">www.varicorin.pl<\/a><\/p>\n<h2>Wskazania i przeciwwskazania Varicorin<\/h2>\n<p>Stosowanie <strong>Varicorin<\/strong> jest wskazane w wielu sytuacjach zwi\u0105zanych z problemami z uk\u0142adem kr\u0105\u017cenia. Oto najcz\u0119stsze wskazania do stosowania tego suplementu:<\/p>\n<ul>\n<li><strong>\u017bylaki ko\u0144czyn dolnych<\/strong> \u2013 Varicorin pomaga w walce z rozszerzonymi naczyniami krwiono\u015bnymi, zmniejszaj\u0105c ich widoczno\u015b\u0107 i poprawiaj\u0105c elastyczno\u015b\u0107 \u015bcian naczy\u0144.<\/li>\n<li><strong>Uczucie ci\u0119\u017ckich n\u00f3g<\/strong> \u2013 suplement wspiera kr\u0105\u017cenie, dzi\u0119ki czemu zmniejsza obrz\u0119ki i \u0142agodzi uczucie zm\u0119czenia n\u00f3g.<\/li>\n<li><strong>Paj\u0105czki (teleangiektazje)<\/strong> \u2013 Varicorin poprawia stan drobnych naczy\u0144 krwiono\u015bnych, pomagaj\u0105c w redukcji drobnych, widocznych na sk\u00f3rze nitek.<\/li>\n<li><strong>Obrz\u0119ki<\/strong> \u2013 produkt pomaga redukowa\u0107 nagromadzon\u0105 wod\u0119 i zmniejsza opuchlizn\u0119, zw\u0142aszcza w dolnych partiach cia\u0142a.<\/li>\n<\/ul>\n<h3>Przeciwwskazania<\/h3>\n<p>Mimo wielu korzy\u015bci p\u0142yn\u0105cych ze stosowania Varicorin, istniej\u0105 pewne przeciwwskazania. Osoby, kt\u00f3re powinny zachowa\u0107 ostro\u017cno\u015b\u0107 lub unika\u0107 suplementu to:<\/p>\n<ul>\n<li><strong>Kobiety w ci\u0105\u017cy oraz karmi\u0105ce piersi\u0105<\/strong> \u2013 przed rozpocz\u0119ciem suplementacji warto skonsultowa\u0107 si\u0119 z lekarzem.<\/li>\n<li><strong>Osoby z alergi\u0105 na kt\u00f3rykolwiek sk\u0142adnik suplementu<\/strong> \u2013 w razie wyst\u0105pienia reakcji alergicznych nale\u017cy przerwa\u0107 stosowanie.<\/li>\n<li><strong>Osoby z powa\u017cnymi schorzeniami uk\u0142adu kr\u0105\u017cenia<\/strong> \u2013 w takim przypadku suplementacja powinna by\u0107 uzgodniona z lekarzem.<\/li>\n<\/ul>\n<h2>Sk\u0142ad Varicorin \u2013 skuteczne sk\u0142adniki<\/h2>\n<p>Jednym z g\u0142\u00f3wnych powod\u00f3w, dla kt\u00f3rych Varicorin cieszy si\u0119 du\u017cym uznaniem, jest jego wyj\u0105tkowy sk\u0142ad. Ka\u017cda kapsu\u0142ka zawiera starannie dobrane, naturalne sk\u0142adniki, kt\u00f3re wspieraj\u0105 zdrowie naczy\u0144 krwiono\u015bnych. Oto najwa\u017cniejsze sk\u0142adniki Varicorin:<\/p>\n<table>\n<thead>\n<tr>\n<th>Sk\u0142adnik<\/th>\n<th>Dzia\u0142anie<\/th>\n<\/tr>\n<\/thead>\n<tbody>\n<tr>\n<td><strong>Ekstrakt z kasztanowca<\/strong><\/td>\n<td>Zawiera escyn\u0119, kt\u00f3ra wzmacnia \u015bciany naczy\u0144 krwiono\u015bnych, zmniejsza obrz\u0119ki oraz wspomaga kr\u0105\u017cenie.<\/td>\n<\/tr>\n<tr>\n<td><strong>Diosmina<\/strong><\/td>\n<td>Flawonoid, kt\u00f3ry poprawia mikrokr\u0105\u017cenie, redukuje widoczno\u015b\u0107 \u017cylak\u00f3w oraz wzmacnia naczynia krwiono\u015bne.<\/td>\n<\/tr>\n<tr>\n<td><strong>Ekstrakt z ruszczyka kolczastego<\/strong><\/td>\n<td>Dzia\u0142a przeciwzapalnie i obkurczaj\u0105co, zmniejszaj\u0105c opuchlizn\u0119 n\u00f3g.<\/td>\n<\/tr>\n<tr>\n<td><strong>Witamina C<\/strong><\/td>\n<td>Wspomaga syntez\u0119 kolagenu, co poprawia elastyczno\u015b\u0107 naczy\u0144 krwiono\u015bnych i wspiera ich regeneracj\u0119.<\/td>\n<\/tr>\n<tr>\n<td><strong>Hesperydyna<\/strong><\/td>\n<td>Kolejny z flawonoid\u00f3w, kt\u00f3ry chroni naczynia przed uszkodzeniami, wzmacnia ich struktur\u0119 oraz redukuje uczucie ci\u0119\u017cko\u015bci n\u00f3g.<\/td>\n<\/tr>\n<tr>\n<td><strong>Troxerutyna<\/strong><\/td>\n<td>Zmniejsza przepuszczalno\u015b\u0107 naczy\u0144, ogranicza obrz\u0119ki i wzmacnia \u017cy\u0142y.<\/td>\n<\/tr>\n<\/tbody>\n<\/table>\n<p>Dzi\u0119ki tej kompleksowej formule Varicorin dzia\u0142a skutecznie zar\u00f3wno na przyczyny, jak i objawy problem\u00f3w z kr\u0105\u017ceniem. Sk\u0142adniki naturalne s\u0105 dobrze tolerowane przez organizm, co pozwala na d\u0142ugotrwa\u0142e stosowanie suplementu bez obaw o skutki uboczne.<\/p>\n<h2>Efekty stosowania \u2013 dzia\u0142anie kapsu\u0142ki Varicorin<\/h2>\n<p>Regularne stosowanie <strong>Varicorin<\/strong> przynosi szereg korzy\u015bci zdrowotnych, kt\u00f3re pomagaj\u0105 w walce z \u017cylakami i innymi problemami uk\u0142adu kr\u0105\u017cenia. Oto najwa\u017cniejsze efekty stosowania suplementu:<\/p>\n<ol>\n<li><strong>Redukcja \u017cylak\u00f3w i paj\u0105czk\u00f3w<\/strong> \u2013 dzi\u0119ki sk\u0142adnikom takim jak diosmina i hesperydyna, Varicorin pomaga zmniejszy\u0107 widoczno\u015b\u0107 \u017cylak\u00f3w oraz paj\u0105czk\u00f3w, poprawiaj\u0105c wygl\u0105d sk\u00f3ry n\u00f3g.<\/li>\n<li><strong>Zmniejszenie obrz\u0119k\u00f3w<\/strong> \u2013 ekstrakt z kasztanowca oraz ruszczyk kolczasty maj\u0105 w\u0142a\u015bciwo\u015bci przeciwobrz\u0119kowe, co pozwala na redukcj\u0119 nagromadzonej wody w tkankach i zmniejszenie opuchlizny.<\/li>\n<li><strong>Poprawa kr\u0105\u017cenia<\/strong> \u2013 suplement wspiera mikrokr\u0105\u017cenie, co skutkuje lepszym dotlenieniem tkanek i redukcj\u0105 uczucia ci\u0119\u017cko\u015bci n\u00f3g. Regularne stosowanie Varicorin wspomaga przep\u0142yw krwi w naczyniach i zapobiega powstawaniu zastoju.<\/li>\n<li><strong>Zwi\u0119kszenie elastyczno\u015bci naczy\u0144 krwiono\u015bnych<\/strong> \u2013 zawarte w suplemencie flawonoidy oraz witamina C wspomagaj\u0105 regeneracj\u0119 naczy\u0144, poprawiaj\u0105c ich elastyczno\u015b\u0107 i wytrzyma\u0142o\u015b\u0107.<\/li>\n<li><strong>\u0141agodzenie b\u00f3lu<\/strong> \u2013 dzi\u0119ki zmniejszeniu obrz\u0119k\u00f3w i poprawie kr\u0105\u017cenia, Varicorin pomaga \u0142agodzi\u0107 b\u00f3l zwi\u0105zany z problemami \u017cylakowymi.<\/li>\n<\/ol>\n<p>D\u0142ugotrwa\u0142e stosowanie kapsu\u0142ek Varicorin prowadzi do znacznej poprawy stanu n\u00f3g, redukcji widoczno\u015bci \u017cylak\u00f3w oraz og\u00f3lnego wsparcia uk\u0142adu kr\u0105\u017cenia.<\/p>\n<h2>Gdzie kupi\u0107 Varicorin?<\/h2>\n<p>Zakup suplementu <strong>Varicorin<\/strong> mo\u017ce by\u0107 wyzwaniem, zw\u0142aszcza dla os\u00f3b szukaj\u0105cych go w stacjonarnych aptekach. Niestety, produkt nie jest dost\u0119pny w tradycyjnych aptekach, dlatego osoby zainteresowane musz\u0105 szuka\u0107 innych \u017ar\u00f3de\u0142.<\/p>\n<p>Najbezpieczniejszym i najbardziej polecanym sposobem na zakup Varicorin jest bezpo\u015brednie zam\u00f3wienie u producenta. Dlaczego warto postawi\u0107 na t\u0119 opcj\u0119? Po pierwsze, kupuj\u0105c u producenta, mamy pewno\u015b\u0107, \u017ce otrzymujemy oryginalny produkt o najwy\u017cszej jako\u015bci. Dodatkowo, producent cz\u0119sto oferuje atrakcyjne promocje i zni\u017cki, dzi\u0119ki kt\u00f3rym mo\u017cna zaoszcz\u0119dzi\u0107 na zakupie.<\/p>\n<p>Osoby poszukuj\u0105ce Varicorin mog\u0105 tak\u017ce natkn\u0105\u0107 si\u0119 na oferty w internecie na r\u00f3\u017cnych platformach handlowych, jednak nale\u017cy by\u0107 ostro\u017cnym \u2013 zakup u niesprawdzonych sprzedawc\u00f3w mo\u017ce prowadzi\u0107 do nabycia podr\u00f3bek o nieznanym sk\u0142adzie i dzia\u0142aniu.<\/p>\n<p>Varicorin to wyj\u0105tkowy suplement diety w formie kapsu\u0142ek, kt\u00f3ry oferuje wsparcie dla os\u00f3b zmagaj\u0105cych si\u0119 z problemami \u017cylak\u00f3w i uczuciem ci\u0119\u017ckich n\u00f3g. Dzi\u0119ki bogatej formule opieraj\u0105cej si\u0119 na naturalnych sk\u0142adnikach, takich jak kasztanowiec, diosmina czy ruszczyk kolczasty, Varicorin dzia\u0142a wielokierunkowo, poprawiaj\u0105c kr\u0105\u017cenie, zmniejszaj\u0105c obrz\u0119ki i wzmacniaj\u0105c naczynia krwiono\u015bne.<\/p>\n<p>Produkt jest szczeg\u00f3lnie polecany kobietom, kt\u00f3re zmagaj\u0105 si\u0119 z problemem paj\u0105czk\u00f3w i \u017cylak\u00f3w, ale mo\u017ce by\u0107 stosowany r\u00f3wnie\u017c przez osoby, kt\u00f3re chc\u0105 zadba\u0107 o zdrowie swojego uk\u0142adu kr\u0105\u017cenia. Wa\u017cne jest jednak, aby pami\u0119ta\u0107, \u017ce Varicorin nie jest dost\u0119pny w stacjonarnych aptekach, dlatego warto szuka\u0107 go bezpo\u015brednio u producenta, co gwarantuje oryginalno\u015b\u0107 i bezpiecze\u0144stwo stosowania.<\/p>\n<p style=\"text-align: center;\"><a class=\"border-button\" href=\"https:\/\/nplink.net\/yu6i31h5\">KUPI\u0106 PO CENIE PRODUCENTA (-50%)<\/a><\/p>\n","protected":false},"excerpt":{"rendered":"<p>Nr kat.: 870874777<\/p>\n<p style=\"text-align: center;\"><a class=\"border-button\" href=\"https:\/\/nplink.net\/yu6i31h5\">KUP TERAZ<\/a><\/p>\n","protected":false},"featured_media":1234,"comment_status":"open","ping_status":"closed","template":"","meta":[],"product_brand":[],"product_cat":[18],"product_tag":[],"class_list":{"0":"post-754","1":"product","2":"type-product","3":"status-publish","4":"has-post-thumbnail","6":"product_cat-suplementy","8":"first","9":"instock","10":"shipping-taxable","11":"purchasable","12":"product-type-simple"},"aioseo_notices":[],"_links":{"self":[{"href":"https:\/\/lekarzpodroznik.pl\/store\/wp-json\/wp\/v2\/product\/754","targetHints":{"allow":["GET"]}}],"collection":[{"href":"https:\/\/lekarzpodroznik.pl\/store\/wp-json\/wp\/v2\/product"}],"about":[{"href":"https:\/\/lekarzpodroznik.pl\/store\/wp-json\/wp\/v2\/types\/product"}],"replies":[{"embeddable":true,"href":"https:\/\/lekarzpodroznik.pl\/store\/wp-json\/wp\/v2\/comments?post=754"}],"wp:featuredmedia":[{"embeddable":true,"href":"https:\/\/lekarzpodroznik.pl\/store\/wp-json\/wp\/v2\/media\/1234"}],"wp:attachment":[{"href":"https:\/\/lekarzpodroznik.pl\/store\/wp-json\/wp\/v2\/media?parent=754"}],"wp:term":[{"taxonomy":"product_brand","embeddable":true,"href":"https:\/\/lekarzpodroznik.pl\/store\/wp-json\/wp\/v2\/product_brand?post=754"},{"taxonomy":"product_cat","embeddable":true,"href":"https:\/\/lekarzpodroznik.pl\/store\/wp-json\/wp\/v2\/product_cat?post=754"},{"taxonomy":"product_tag","embeddable":true,"href":"https:\/\/lekarzpodroznik.pl\/store\/wp-json\/wp\/v2\/product_tag?post=754"}],"curies":[{"name":"wp","href":"https:\/\/api.w.org\/{rel}","templated":true}]}}