{"id":757,"date":"2024-10-15T08:56:38","date_gmt":"2024-10-15T08:56:38","guid":{"rendered":"https:\/\/lekarzpodroznik.pl\/store\/?post_type=product&#038;p=757"},"modified":"2024-10-29T11:07:03","modified_gmt":"2024-10-29T11:07:03","slug":"thyrolin","status":"publish","type":"product","link":"https:\/\/lekarzpodroznik.pl\/store\/product\/thyrolin\/","title":{"rendered":"Thyrolin"},"content":{"rendered":"<p>Thyrolin to suplement diety dost\u0119pny w formie kapsu\u0142ek, kt\u00f3ry dzia\u0142a na wielu poziomach, wspieraj\u0105c funkcjonowanie tarczycy. Kapsu\u0142ki te skierowane s\u0105 g\u0142\u00f3wnie do os\u00f3b cierpi\u0105cych na niedoczynno\u015b\u0107 tarczycy, ale r\u00f3wnie\u017c dla tych, kt\u00f3rzy chc\u0105 poprawi\u0107 og\u00f3lne zdrowie tego gruczo\u0142u.<\/p>\n<p>Grupa docelowa to osoby doros\u0142e, kt\u00f3re borykaj\u0105 si\u0119 z problemami zwi\u0105zanymi z tarczyc\u0105, takimi jak obni\u017cony poziom hormon\u00f3w tarczycowych, zmniejszona przemiana materii, problemy z wag\u0105 czy trawieniem. Suplement ten, dzi\u0119ki swojej unikalnej formule, wspiera produkcj\u0119 hormon\u00f3w tarczycy, a tak\u017ce poprawia og\u00f3lny metabolizm.<\/p>\n<p>Thyrolin nie jest lekiem, a wi\u0119c nie wymaga recepty, jednak ze wzgl\u0119du na swoje silne dzia\u0142anie, zaleca si\u0119 konsultacj\u0119 z lekarzem przed rozpocz\u0119ciem kuracji, zw\u0142aszcza w przypadku chor\u00f3b przewlek\u0142ych.<\/p>\n<p style=\"text-align: center;\"><a class=\"border-button\" href=\"https:\/\/nplink.net\/cp6ks8f5\">www.thyrolin.pl<\/a><\/p>\n<h2>Wskazania i przeciwwskazania Thyrolin<\/h2>\n<h3>Wskazania:<\/h3>\n<p>Thyrolin jest rekomendowany w kilku przypadkach:<\/p>\n<ol>\n<li><strong>Niedoczynno\u015b\u0107 tarczycy<\/strong> \u2013 wspomaga produkcj\u0119 hormon\u00f3w tarczycy.<\/li>\n<li><strong>Problemy z metabolizmem<\/strong> \u2013 produkt przyspiesza przemian\u0119 materii.<\/li>\n<li><strong>Problemy z trawieniem<\/strong> \u2013 wspomaga prawid\u0142owe funkcjonowanie uk\u0142adu pokarmowego.<\/li>\n<li><strong>Choroby autoimmunologiczne<\/strong> \u2013 wspomaga zdrowie tarczycy w schorzeniach takich jak Hashimoto.<\/li>\n<li><strong>Kontrola masy cia\u0142a<\/strong> \u2013 dzi\u0119ki wspieraniu metabolizmu, Thyrolin mo\u017ce pom\u00f3c w redukcji masy cia\u0142a.<\/li>\n<\/ol>\n<h3>Przeciwwskazania:<\/h3>\n<ul>\n<li>Ci\u0105\u017ca i karmienie piersi\u0105.<\/li>\n<li>Alergie na sk\u0142adniki produktu.<\/li>\n<li>Ci\u0119\u017ckie schorzenia nerek lub w\u0105troby (zalecana konsultacja z lekarzem).<\/li>\n<li>Osoby przyjmuj\u0105ce leki na recept\u0119 powinny r\u00f3wnie\u017c skonsultowa\u0107 si\u0119 z lekarzem przed rozpocz\u0119ciem suplementacji.<\/li>\n<\/ul>\n<h2>Sk\u0142ad Thyrolin &#8211; skuteczne sk\u0142adniki<\/h2>\n<p>Jednym z najwi\u0119kszych atut\u00f3w Thyrolin jest jego bogata formu\u0142a, kt\u00f3ra zawiera a\u017c 13 naturalnych sk\u0142adnik\u00f3w, kt\u00f3re dzia\u0142aj\u0105 synergistycznie, wspomagaj\u0105c zdrowie tarczycy. Oto g\u0142\u00f3wne sk\u0142adniki Thyrolin i ich dzia\u0142anie:<\/p>\n<table>\n<thead>\n<tr>\n<th>Sk\u0142adnik<\/th>\n<th>Dzia\u0142anie<\/th>\n<\/tr>\n<\/thead>\n<tbody>\n<tr>\n<td><strong>Ekstrakt z korzenia Ashwagandha<\/strong><\/td>\n<td>Adaptogen wspieraj\u0105cy r\u00f3wnowag\u0119 hormonaln\u0105 oraz funkcje tarczycy.<\/td>\n<\/tr>\n<tr>\n<td><strong>L-tyrozyna<\/strong><\/td>\n<td>Kluczowy aminokwas potrzebny do produkcji hormon\u00f3w tarczycy.<\/td>\n<\/tr>\n<tr>\n<td><strong>Ekstrakt z li\u015bci pokrzywy<\/strong><\/td>\n<td>Wspiera zdrowie uk\u0142adu moczowego oraz dzia\u0142a oczyszczaj\u0105co na organizm.<\/td>\n<\/tr>\n<tr>\n<td><strong>Cynk<\/strong><\/td>\n<td>Wspomaga produkcj\u0119 hormon\u00f3w tarczycy oraz dzia\u0142a korzystnie na uk\u0142ad odporno\u015bciowy.<\/td>\n<\/tr>\n<tr>\n<td><strong>Selen<\/strong><\/td>\n<td>Nieodzowny pierwiastek do prawid\u0142owego funkcjonowania tarczycy.<\/td>\n<\/tr>\n<tr>\n<td><strong>Ekstrakt z pieprzu czarnego (Bioperine\u00ae)<\/strong><\/td>\n<td>Zwi\u0119ksza biodost\u0119pno\u015b\u0107 innych sk\u0142adnik\u00f3w, wspomaga trawienie.<\/td>\n<\/tr>\n<tr>\n<td><strong>Witamina B12<\/strong><\/td>\n<td>Wspiera prawid\u0142owe funkcjonowanie uk\u0142adu nerwowego i krwiotw\u00f3rczego.<\/td>\n<\/tr>\n<\/tbody>\n<\/table>\n<h2>Efekty stosowania &#8211; dzia\u0142anie kapsu\u0142ki Thyrolin<\/h2>\n<p>Thyrolin dzia\u0142a na wielu poziomach, przynosz\u0105c korzy\u015bci zar\u00f3wno osobom zmagaj\u0105cym si\u0119 z niedoczynno\u015bci\u0105 tarczycy, jak i tym, kt\u00f3rzy pragn\u0105 poprawi\u0107 og\u00f3lny stan zdrowia tarczycy. Regularne stosowanie kapsu\u0142ek mo\u017ce prowadzi\u0107 do:<\/p>\n<ol>\n<li><strong>Poprawy metabolizmu<\/strong> \u2013 szybsza przemiana materii mo\u017ce przyczyni\u0107 si\u0119 do utraty zb\u0119dnych kilogram\u00f3w, co jest szczeg\u00f3lnie istotne dla os\u00f3b cierpi\u0105cych na niedoczynno\u015b\u0107 tarczycy, kt\u00f3re cz\u0119sto zmagaj\u0105 si\u0119 z przyrostem wagi.<\/li>\n<li><strong>Lepsze trawienie<\/strong> \u2013 sk\u0142adniki takie jak Bioperine\u00ae wspomagaj\u0105 procesy trawienne, poprawiaj\u0105c wch\u0142anianie sk\u0142adnik\u00f3w od\u017cywczych.<\/li>\n<li><strong>Stabilizacja poziomu hormon\u00f3w tarczycy<\/strong> \u2013 sk\u0142adniki takie jak L-tyrozyna i selen wspieraj\u0105 naturaln\u0105 produkcj\u0119 hormon\u00f3w, co mo\u017ce przyczyni\u0107 si\u0119 do zmniejszenia objaw\u00f3w zwi\u0105zanych z niedoczynno\u015bci\u0105 tarczycy, takich jak zm\u0119czenie, problemy z koncentracj\u0105 czy wypadanie w\u0142os\u00f3w.<\/li>\n<li><strong>Wsparcie uk\u0142adu odporno\u015bciowego<\/strong> \u2013 dzi\u0119ki zawarto\u015bci cynku i selenu, kt\u00f3re s\u0105 niezb\u0119dne do prawid\u0142owego funkcjonowania uk\u0142adu odporno\u015bciowego, Thyrolin pomaga w walce z infekcjami i wspiera zdrowie og\u00f3lne.<\/li>\n<li><strong>Lepsze samopoczucie<\/strong> \u2013 zmniejszenie objaw\u00f3w takich jak zm\u0119czenie, apatia czy problemy z koncentracj\u0105 wp\u0142ywa na popraw\u0119 jako\u015bci \u017cycia.<\/li>\n<\/ol>\n<h2>Gdzie kupi\u0107 Thyrolin?<\/h2>\n<p>Thyrolin to suplement diety, kt\u00f3ry ze wzgl\u0119du na swoj\u0105 unikaln\u0105 formu\u0142\u0119 nie jest dost\u0119pny w stacjonarnych aptekach. Je\u017celi zastanawiasz si\u0119, gdzie kupi\u0107 Thyrolin, najlepszym i najbezpieczniejszym rozwi\u0105zaniem jest zakup bezpo\u015brednio u producenta poprzez jego oficjaln\u0105 stron\u0119 internetow\u0105. Zakup u producenta daje pewno\u015b\u0107, \u017ce otrzymujesz oryginalny produkt, a nie podr\u00f3bk\u0119, co jest szczeg\u00f3lnie wa\u017cne w przypadku suplement\u00f3w diety.<\/p>\n<p>Szukaj\u0105c, gdzie kupi\u0107 Thyrolin, warto r\u00f3wnie\u017c zwr\u00f3ci\u0107 uwag\u0119 na promocje i rabaty, kt\u00f3re cz\u0119sto s\u0105 dost\u0119pne na stronie producenta. Zakupy przez internet s\u0105 nie tylko wygodne, ale r\u00f3wnie\u017c pozwalaj\u0105 unikn\u0105\u0107 ryzyka zakupu nieoryginalnych produkt\u00f3w w niesprawdzonych \u017ar\u00f3d\u0142ach.<\/p>\n<h3>Dlaczego nie warto szuka\u0107 Thyrolin w aptekach stacjonarnych?<\/h3>\n<ul>\n<li><strong>Bezpiecze\u0144stwo i jako\u015b\u0107<\/strong> \u2013 kupuj\u0105c bezpo\u015brednio od producenta, masz pewno\u015b\u0107, \u017ce produkt jest oryginalny i wysokiej jako\u015bci.<\/li>\n<li><strong>Gwarancja satysfakcji<\/strong> \u2013 cz\u0119sto producent oferuje mo\u017cliwo\u015b\u0107 zwrotu produktu, co dodatkowo zwi\u0119ksza bezpiecze\u0144stwo zakupu.<\/li>\n<li><strong>Najlepsza cena<\/strong> \u2013 kupuj\u0105c bezpo\u015brednio od producenta, unikasz mar\u017c, kt\u00f3re mog\u0105 nalicza\u0107 po\u015brednicy.<\/li>\n<\/ul>\n<p>Thyrolin to innowacyjny suplement diety, kt\u00f3ry wspiera zdrowie tarczycy na wielu poziomach. Bogaty sk\u0142ad oparty na 13 naturalnych sk\u0142adnikach, w tym ashwagandzie, L-tyrozynie i selenie, sprawia, \u017ce Thyrolin jest skuteczny w poprawie funkcjonowania tarczycy, przyspieszaniu metabolizmu i poprawie og\u00f3lnego samopoczucia. Produkt jest szczeg\u00f3lnie polecany osobom cierpi\u0105cym na niedoczynno\u015b\u0107 tarczycy, ale mo\u017ce by\u0107 r\u00f3wnie\u017c stosowany profilaktycznie w celu dbania o zdrowie tego wa\u017cnego gruczo\u0142u.<\/p>\n<p>Pami\u0119taj, \u017ce Thyrolin nie jest dost\u0119pny w aptekach stacjonarnych. Je\u015bli zastanawiasz si\u0119, gdzie kupi\u0107 Thyrolin, najlepiej skorzysta\u0107 z oficjalnej strony producenta, co gwarantuje bezpiecze\u0144stwo i oryginalno\u015b\u0107 produktu.<\/p>\n<p style=\"text-align: center;\"><a class=\"border-button\" href=\"https:\/\/nplink.net\/cp6ks8f5\">KUPI\u0106 PO CENIE PRODUCENTA (-50%)<\/a><\/p>\n","protected":false},"excerpt":{"rendered":"<p>Nr kat.: 870874778<\/p>\n<p style=\"text-align: center;\"><a class=\"border-button\" href=\"https:\/\/nplink.net\/cp6ks8f5\">KUP TERAZ<\/a><\/p>\n","protected":false},"featured_media":758,"comment_status":"open","ping_status":"closed","template":"","meta":[],"product_brand":[],"product_cat":[18],"product_tag":[],"class_list":{"0":"post-757","1":"product","2":"type-product","3":"status-publish","4":"has-post-thumbnail","6":"product_cat-suplementy","8":"first","9":"instock","10":"shipping-taxable","11":"purchasable","12":"product-type-simple"},"aioseo_notices":[],"_links":{"self":[{"href":"https:\/\/lekarzpodroznik.pl\/store\/wp-json\/wp\/v2\/product\/757","targetHints":{"allow":["GET"]}}],"collection":[{"href":"https:\/\/lekarzpodroznik.pl\/store\/wp-json\/wp\/v2\/product"}],"about":[{"href":"https:\/\/lekarzpodroznik.pl\/store\/wp-json\/wp\/v2\/types\/product"}],"replies":[{"embeddable":true,"href":"https:\/\/lekarzpodroznik.pl\/store\/wp-json\/wp\/v2\/comments?post=757"}],"wp:featuredmedia":[{"embeddable":true,"href":"https:\/\/lekarzpodroznik.pl\/store\/wp-json\/wp\/v2\/media\/758"}],"wp:attachment":[{"href":"https:\/\/lekarzpodroznik.pl\/store\/wp-json\/wp\/v2\/media?parent=757"}],"wp:term":[{"taxonomy":"product_brand","embeddable":true,"href":"https:\/\/lekarzpodroznik.pl\/store\/wp-json\/wp\/v2\/product_brand?post=757"},{"taxonomy":"product_cat","embeddable":true,"href":"https:\/\/lekarzpodroznik.pl\/store\/wp-json\/wp\/v2\/product_cat?post=757"},{"taxonomy":"product_tag","embeddable":true,"href":"https:\/\/lekarzpodroznik.pl\/store\/wp-json\/wp\/v2\/product_tag?post=757"}],"curies":[{"name":"wp","href":"https:\/\/api.w.org\/{rel}","templated":true}]}}