{"id":765,"date":"2024-10-15T09:12:42","date_gmt":"2024-10-15T09:12:42","guid":{"rendered":"https:\/\/lekarzpodroznik.pl\/store\/?post_type=product&#038;p=765"},"modified":"2024-10-29T11:11:33","modified_gmt":"2024-10-29T11:11:33","slug":"fast-burn-extreme","status":"publish","type":"product","link":"https:\/\/lekarzpodroznik.pl\/store\/product\/fast-burn-extreme\/","title":{"rendered":"Fast Burn Extreme"},"content":{"rendered":"<p>Fast Burn Extreme to suplement diety dost\u0119pny w postaci kapsu\u0142ek, co zapewnia wygod\u0119 jego stosowania i \u0142atwe dawkowanie. Przeznaczony jest g\u0142\u00f3wnie dla os\u00f3b, kt\u00f3re d\u0105\u017c\u0105 do redukcji tkanki t\u0142uszczowej, a tak\u017ce chc\u0105 poprawi\u0107 swoj\u0105 sylwetk\u0119. Idealnie sprawdzi si\u0119 w przypadku sportowc\u00f3w, os\u00f3b regularnie uprawiaj\u0105cych aktywno\u015b\u0107 fizyczn\u0105, jak i tych, kt\u00f3rzy dopiero zaczynaj\u0105 przygod\u0119 z treningiem.<\/p>\n<p>Kapsu\u0142ki Fast Burn Extreme s\u0105 szczeg\u00f3lnie rekomendowane dla os\u00f3b, kt\u00f3re:<\/p>\n<ul>\n<li>Maj\u0105 trudno\u015bci z pozbyciem si\u0119 nadmiaru tkanki t\u0142uszczowej,<\/li>\n<li>Szukaj\u0105 bezpiecznego i skutecznego wsparcia dla proces\u00f3w metabolicznych,<\/li>\n<li>Chc\u0105 przyspieszy\u0107 swoje rezultaty treningowe,<\/li>\n<li>Zale\u017cy im na szybkiej redukcji masy cia\u0142a bez efektu jo-jo.<\/li>\n<\/ul>\n<p>Dzi\u0119ki starannie dobranym sk\u0142adnikom, preparat ten dzia\u0142a na wielu p\u0142aszczyznach, skutecznie wspomagaj\u0105c odchudzanie, bez ryzyka negatywnych efekt\u00f3w ubocznych.<\/p>\n<p style=\"text-align: center;\"><a class=\"border-button\" href=\"https:\/\/nplink.net\/oo77eogz\">www.fast-burn-extreme.pl<\/a><\/p>\n<h2>Wskazania i przeciwwskazania Fast Burn Extreme<\/h2>\n<p>Stosowanie Fast Burn Extreme zalecane jest przede wszystkim osobom, kt\u00f3re chc\u0105 szybko i skutecznie pozby\u0107 si\u0119 nadmiaru t\u0142uszczu. Produkt wspomaga redukcj\u0119 tkanki t\u0142uszczowej zar\u00f3wno u os\u00f3b aktywnych fizycznie, jak i tych, kt\u00f3re dopiero zaczynaj\u0105 swoj\u0105 przygod\u0119 ze sportem. Jest r\u00f3wnie\u017c idealnym wyborem dla tych, kt\u00f3rzy pragn\u0105 zredukowa\u0107 wag\u0119 bez konieczno\u015bci drastycznego obni\u017cania spo\u017cycia kalorii.<\/p>\n<h3>Wskazania do stosowania:<\/h3>\n<ul>\n<li>Redukcja nadmiaru tkanki t\u0142uszczowej,<\/li>\n<li>Wsparcie proces\u00f3w metabolicznych,<\/li>\n<li>Poprawa wytrzyma\u0142o\u015bci podczas trening\u00f3w,<\/li>\n<li>Zwi\u0119kszenie tempa spalania kalorii,<\/li>\n<li>Wspomaganie redukcji masy cia\u0142a.<\/li>\n<\/ul>\n<h3>Przeciwwskazania:<\/h3>\n<p>Fast Burn Extreme jest bezpieczny dla wi\u0119kszo\u015bci os\u00f3b, jednak istniej\u0105 pewne przeciwwskazania do jego stosowania. Suplementu nie powinny przyjmowa\u0107 kobiety w ci\u0105\u017cy oraz karmi\u0105ce piersi\u0105, a tak\u017ce osoby z nadwra\u017cliwo\u015bci\u0105 na kt\u00f3rykolwiek ze sk\u0142adnik\u00f3w preparatu. Przed rozpocz\u0119ciem stosowania, szczeg\u00f3lnie je\u015bli cierpisz na choroby przewlek\u0142e, warto skonsultowa\u0107 si\u0119 z lekarzem.<\/p>\n<h2>Sk\u0142ad Fast Burn Extreme &#8211; Skuteczne Sk\u0142adniki<\/h2>\n<p>Jednym z kluczowych atut\u00f3w Fast Burn Extreme jest jego wielosk\u0142adnikowa formu\u0142a, kt\u00f3ra skutecznie wspomaga proces spalania t\u0142uszczu. Preparat zawiera starannie dobrane sk\u0142adniki aktywne, kt\u00f3re dzia\u0142aj\u0105 synergicznie, przyspieszaj\u0105c metabolizm i redukcj\u0119 masy cia\u0142a.<\/p>\n<h3>Tabela sk\u0142adnik\u00f3w Fast Burn Extreme:<\/h3>\n<table style=\"height: 209px;\" width=\"914\">\n<thead>\n<tr>\n<th>Sk\u0142adnik<\/th>\n<th>Dzia\u0142anie<\/th>\n<\/tr>\n<\/thead>\n<tbody>\n<tr>\n<td><strong>Ekstrakt z zielonej herbaty<\/strong><\/td>\n<td>Przyspiesza spalanie t\u0142uszczu, dzia\u0142a antyoksydacyjnie<\/td>\n<\/tr>\n<tr>\n<td><strong>Ekstrakt z pieprzu kaje\u0144skiego<\/strong><\/td>\n<td>Pobudza termogenez\u0119, zwi\u0119ksza wydatek energetyczny<\/td>\n<\/tr>\n<tr>\n<td><strong>Kofeina<\/strong><\/td>\n<td>Zwi\u0119ksza koncentracj\u0119, poprawia wydolno\u015b\u0107 fizyczn\u0105<\/td>\n<\/tr>\n<tr>\n<td><strong>Ekstrakt z gorzkiej pomara\u0144czy<\/strong><\/td>\n<td>Przyspiesza metabolizm t\u0142uszcz\u00f3w, wspomaga trawienie<\/td>\n<\/tr>\n<tr>\n<td><strong>Chrom<\/strong><\/td>\n<td>Reguluje poziom cukru we krwi, hamuje apetyt<\/td>\n<\/tr>\n<tr>\n<td><strong>Witamina B6<\/strong><\/td>\n<td>Wspomaga metabolizm w\u0119glowodan\u00f3w i bia\u0142ek<\/td>\n<\/tr>\n<tr>\n<td><strong>Ekstrakt z guarany<\/strong><\/td>\n<td>Pobudza organizm, poprawia wytrzyma\u0142o\u015b\u0107<\/td>\n<\/tr>\n<\/tbody>\n<\/table>\n<p>Fast Burn Extreme zawiera w pe\u0142ni naturalne sk\u0142adniki, kt\u00f3re wspomagaj\u0105 proces odchudzania w bezpieczny i efektywny spos\u00f3b. Ekstrakty z zielonej herbaty i pieprzu kaje\u0144skiego stymuluj\u0105 proces termogenezy, co oznacza, \u017ce organizm spala wi\u0119cej kalorii, nawet w stanie spoczynku. Chrom pomaga kontrolowa\u0107 poziom glukozy we krwi, co ogranicza napady g\u0142odu, a kofeina i guarana dodaj\u0105 energii i zwi\u0119kszaj\u0105 wytrzyma\u0142o\u015b\u0107.<\/p>\n<h2>Efekty stosowania &#8211; Dzia\u0142anie kapsu\u0142ek Fast Burn Extreme<\/h2>\n<p>Regularne stosowanie Fast Burn Extreme przynosi wiele korzy\u015bci zar\u00f3wno pod wzgl\u0119dem poprawy wygl\u0105du sylwetki, jak i og\u00f3lnego samopoczucia. Poni\u017cej przedstawiamy najwa\u017cniejsze efekty stosowania tego preparatu.<\/p>\n<h3><strong>Szybsza redukcja tkanki t\u0142uszczowej<\/strong><\/h3>\n<p>Dzi\u0119ki sk\u0142adnikom termogenicznym Fast Burn Extreme przyspiesza proces spalania t\u0142uszczu, co skutkuje szybsz\u0105 redukcj\u0105 nadmiaru tkanki t\u0142uszczowej.<\/p>\n<h3><strong>Zwi\u0119kszenie wydajno\u015bci metabolicznej<\/strong><\/h3>\n<p>Preparat wspomaga prac\u0119 uk\u0142adu trawiennego i przyspiesza metabolizm. Sk\u0142adniki takie jak ekstrakt z gorzkiej pomara\u0144czy czy chrom dzia\u0142aj\u0105 na poziomie kom\u00f3rkowym, przyspieszaj\u0105c przemiany energetyczne.<\/p>\n<h3><strong>Zwi\u0119kszenie energii i wytrzyma\u0142o\u015bci<\/strong><\/h3>\n<p>Zawarto\u015b\u0107 kofeiny oraz ekstraktu z guarany sprawia, \u017ce organizm staje si\u0119 bardziej wydolny, co pozwala na intensywniejsze treningi. Kapsu\u0142ki dodaj\u0105 energii i pomagaj\u0105 w osi\u0105gni\u0119ciu lepszych wynik\u00f3w fizycznych.<\/p>\n<h3><strong>Kontrola apetytu<\/strong><\/h3>\n<p>Sk\u0142adniki takie jak chrom pomagaj\u0105 utrzyma\u0107 stabilny poziom cukru we krwi, co pozwala na ograniczenie napad\u00f3w g\u0142odu i zmniejszenie spo\u017cycia kalorii.<\/p>\n<h3><strong>Brak efektu jo-jo<\/strong><\/h3>\n<p>Fast Burn Extreme wspomaga d\u0142ugotrwa\u0142\u0105 redukcj\u0119 masy cia\u0142a, bez ryzyka efektu jo-jo, dzi\u0119ki czemu osi\u0105gni\u0119te rezultaty s\u0105 bardziej trwa\u0142e.<\/p>\n<h2>Gdzie kupi\u0107 Fast Burn Extreme?<\/h2>\n<p>Fast Burn Extreme to produkt, kt\u00f3ry zyskuje na popularno\u015bci dzi\u0119ki swojej skuteczno\u015bci, jednak nale\u017cy pami\u0119ta\u0107, \u017ce nie jest on dost\u0119pny w stacjonarnych aptekach. Oryginalne kapsu\u0142ki Fast Burn Extreme mo\u017cna naby\u0107 wy\u0142\u0105cznie przez internet, co gwarantuje bezpiecze\u0144stwo zakupu i pewno\u015b\u0107, \u017ce otrzymamy produkt najwy\u017cszej jako\u015bci.<\/p>\n<p>Szukaj\u0105c miejsca, gdzie mo\u017cna kupi\u0107 Fast Burn Extreme, warto skorzysta\u0107 z oficjalnej strony producenta. Zakup bezpo\u015brednio u producenta to najlepsza opcja, poniewa\u017c zapewnia:<\/p>\n<ul>\n<li>Gwarancj\u0119 oryginalno\u015bci produktu,<\/li>\n<li>Najlepsze ceny i promocje,<\/li>\n<li>Mo\u017cliwo\u015b\u0107 skorzystania z bezp\u0142atnej dostawy,<\/li>\n<li>Bezpiecze\u0144stwo transakcji i szybk\u0105 realizacj\u0119 zam\u00f3wienia.<\/li>\n<\/ul>\n<h3>Dlaczego nie znajdziesz Fast Burn Extreme w aptekach stacjonarnych?<\/h3>\n<p>Fast Burn Extreme nie jest sprzedawany w aptekach stacjonarnych, co wynika z polityki dystrybucji producenta. Decyzja o ograniczeniu sprzeda\u017cy wy\u0142\u0105cznie do kana\u0142\u00f3w internetowych pozwala na unikni\u0119cie dodatkowych mar\u017c aptek, co przek\u0142ada si\u0119 na bardziej atrakcyjne ceny dla konsument\u00f3w. Ponadto, zakup online gwarantuje, \u017ce produkt jest przechowywany w odpowiednich warunkach, co ma kluczowe znaczenie dla jego skuteczno\u015bci.<\/p>\n<p>Dlatego, je\u015bli zastanawiasz si\u0119, gdzie kupi\u0107 Fast Burn Extreme, najlepsz\u0105 opcj\u0105 jest zam\u00f3wienie go bezpo\u015brednio na oficjalnej stronie producenta. Unikaj podejrzanych ofert na aukcjach internetowych czy w niesprawdzonych sklepach, aby nie nara\u017ca\u0107 si\u0119 na zakup podr\u00f3bek lub produkt\u00f3w niskiej jako\u015bci.<\/p>\n<p>Fast Burn Extreme to skuteczny i bezpieczny spalacz t\u0142uszczu, kt\u00f3ry dzi\u0119ki swojej wielosk\u0142adnikowej formule wspomaga proces odchudzania oraz poprawia wydajno\u015b\u0107 organizmu. Dzia\u0142anie kapsu\u0142ek opiera si\u0119 na naturalnych sk\u0142adnikach, kt\u00f3re stymuluj\u0105 metabolizm, kontroluj\u0105 apetyt oraz zwi\u0119kszaj\u0105 wytrzyma\u0142o\u015b\u0107. Fast Burn Extreme to idealne rozwi\u0105zanie dla os\u00f3b, kt\u00f3re pragn\u0105 osi\u0105gn\u0105\u0107 wymarzon\u0105 sylwetk\u0119 w spos\u00f3b szybki i bezpieczny. Aby skorzysta\u0107 z pe\u0142nych korzy\u015bci, zaleca si\u0119 zakup produktu bezpo\u015brednio u producenta, co gwarantuje oryginalno\u015b\u0107 i najwy\u017csz\u0105 jako\u015b\u0107.<\/p>\n<p style=\"text-align: center;\"><a class=\"border-button\" href=\"https:\/\/nplink.net\/oo77eogz\">KUPI\u0106 PO CENIE PRODUCENTA (-50%)<\/a><\/p>\n","protected":false},"excerpt":{"rendered":"<p>Nr kat.: 870874782<\/p>\n<p style=\"text-align: center;\"><a class=\"border-button\" href=\"https:\/\/nplink.net\/oo77eogz\">KUP TERAZ<\/a><\/p>\n","protected":false},"featured_media":766,"comment_status":"open","ping_status":"closed","template":"","meta":[],"product_brand":[],"product_cat":[18],"product_tag":[],"class_list":{"0":"post-765","1":"product","2":"type-product","3":"status-publish","4":"has-post-thumbnail","6":"product_cat-suplementy","8":"first","9":"instock","10":"shipping-taxable","11":"purchasable","12":"product-type-simple"},"aioseo_notices":[],"_links":{"self":[{"href":"https:\/\/lekarzpodroznik.pl\/store\/wp-json\/wp\/v2\/product\/765","targetHints":{"allow":["GET"]}}],"collection":[{"href":"https:\/\/lekarzpodroznik.pl\/store\/wp-json\/wp\/v2\/product"}],"about":[{"href":"https:\/\/lekarzpodroznik.pl\/store\/wp-json\/wp\/v2\/types\/product"}],"replies":[{"embeddable":true,"href":"https:\/\/lekarzpodroznik.pl\/store\/wp-json\/wp\/v2\/comments?post=765"}],"wp:featuredmedia":[{"embeddable":true,"href":"https:\/\/lekarzpodroznik.pl\/store\/wp-json\/wp\/v2\/media\/766"}],"wp:attachment":[{"href":"https:\/\/lekarzpodroznik.pl\/store\/wp-json\/wp\/v2\/media?parent=765"}],"wp:term":[{"taxonomy":"product_brand","embeddable":true,"href":"https:\/\/lekarzpodroznik.pl\/store\/wp-json\/wp\/v2\/product_brand?post=765"},{"taxonomy":"product_cat","embeddable":true,"href":"https:\/\/lekarzpodroznik.pl\/store\/wp-json\/wp\/v2\/product_cat?post=765"},{"taxonomy":"product_tag","embeddable":true,"href":"https:\/\/lekarzpodroznik.pl\/store\/wp-json\/wp\/v2\/product_tag?post=765"}],"curies":[{"name":"wp","href":"https:\/\/api.w.org\/{rel}","templated":true}]}}