{"id":775,"date":"2024-10-15T09:35:00","date_gmt":"2024-10-15T09:35:00","guid":{"rendered":"https:\/\/lekarzpodroznik.pl\/store\/?post_type=product&#038;p=775"},"modified":"2025-03-12T11:55:38","modified_gmt":"2025-03-12T11:55:38","slug":"uro-fortis","status":"publish","type":"product","link":"https:\/\/lekarzpodroznik.pl\/store\/product\/uro-fortis\/","title":{"rendered":"URO Fortis"},"content":{"rendered":"<p>URO Fortis to nowoczesny suplement diety dost\u0119pny w formie \u0142atwych do po\u0142kni\u0119cia kapsu\u0142ek. Przeznaczony jest do codziennego stosowania w celu wsparcia funkcji uk\u0142adu moczowego oraz zdrowia nerek. Dzia\u0142a na poziomie kom\u00f3rkowym, przyczyniaj\u0105c si\u0119 do detoksykacji organizmu i poprawy procesu wydalania moczu. Preparat jest skierowany przede wszystkim do kobiet, ale mo\u017ce by\u0107 stosowany r\u00f3wnie\u017c przez m\u0119\u017cczyzn, kt\u00f3rzy odczuwaj\u0105 trudno\u015bci w pracy nerek i uk\u0142adu moczowego.<\/p>\n<p>URO Fortis nale\u017cy do grupy suplement\u00f3w diety przeznaczonych do wspomagania funkcji nerek i uk\u0142adu moczowego. Suplement wyr\u00f3\u017cnia si\u0119 bogatym i zr\u00f3\u017cnicowanym sk\u0142adem, kt\u00f3ry bazuje na naturalnych substancjach ro\u015blinnych, witaminach oraz minera\u0142ach o udowodnionym dzia\u0142aniu na zdrowie uk\u0142adu moczowego.<\/p>\n<p style=\"text-align: center;\"><a class=\"border-button\" href=\"https:\/\/tl-track.com\/tracker\/uf5h\">www.uro-fortis.pl<\/a><\/p>\n<h2>Wskazania i przeciwwskazania URO Fortis<\/h2>\n<p><strong>Wskazania:<\/strong><\/p>\n<ul>\n<li>Problemy z oddawaniem moczu, takie jak cz\u0119stomocz, parcia nagl\u0105ce czy trudno\u015bci w pe\u0142nym opr\u00f3\u017cnianiu p\u0119cherza.<\/li>\n<li>Wspomaganie leczenia infekcji uk\u0142adu moczowego, takich jak zapalenie p\u0119cherza moczowego czy odmiedniczkowe zapalenie nerek.<\/li>\n<li>Profilaktyka kamicy nerkowej oraz wsparcie detoksykacji organizmu poprzez wspomaganie funkcji nerek.<\/li>\n<li>Poprawa og\u00f3lnej kondycji uk\u0142adu moczowego u kobiet, szczeg\u00f3lnie w okresie menopauzy, gdy zwi\u0119ksza si\u0119 ryzyko infekcji i problem\u00f3w z oddawaniem moczu.<\/li>\n<\/ul>\n<p><strong>Przeciwwskazania:<\/strong><\/p>\n<ul>\n<li>Nadwra\u017cliwo\u015b\u0107 lub alergia na kt\u00f3rykolwiek ze sk\u0142adnik\u00f3w preparatu.<\/li>\n<li>Ci\u0105\u017ca oraz okres karmienia piersi\u0105 \u2013 przed zastosowaniem suplementu w tym okresie, nale\u017cy skonsultowa\u0107 si\u0119 z lekarzem.<\/li>\n<li>Osoby z przewlek\u0142ymi chorobami nerek powinny przed zastosowaniem URO Fortis skonsultowa\u0107 si\u0119 z lekarzem, aby unikn\u0105\u0107 ewentualnych komplikacji.<\/li>\n<\/ul>\n<h2>Sk\u0142ad URO Fortis &#8211; skuteczne sk\u0142adniki<\/h2>\n<p>Klucz do skuteczno\u015bci URO Fortis tkwi w jego starannie dobranym sk\u0142adzie, kt\u00f3ry oparty jest na naturalnych substancjach aktywnych o udowodnionym dzia\u0142aniu. Poni\u017cej znajdziesz szczeg\u00f3\u0142owy przegl\u0105d najwa\u017cniejszych sk\u0142adnik\u00f3w URO Fortis oraz ich dzia\u0142ania:<\/p>\n<table>\n<thead>\n<tr>\n<th>Sk\u0142adnik<\/th>\n<th>Dzia\u0142anie<\/th>\n<\/tr>\n<\/thead>\n<tbody>\n<tr>\n<td><strong>Oksid magnezowy (MgO)<\/strong><\/td>\n<td>Wspomaga procesy metaboliczne i funkcjonowanie mi\u0119\u015bni g\u0142adkich, w tym mi\u0119\u015bni uk\u0142adu moczowego, co u\u0142atwia prawid\u0142owe oddawanie moczu.<\/td>\n<\/tr>\n<tr>\n<td><strong>Ekstrakt z li\u015bci Buchu (Agathosma betulina)<\/strong><\/td>\n<td>Ma w\u0142a\u015bciwo\u015bci moczop\u0119dne oraz antyseptyczne, co pomaga w oczyszczaniu nerek i p\u0119cherza moczowego z bakterii.<\/td>\n<\/tr>\n<tr>\n<td><strong>Ekstrakt z kurkumy (Curcuma longa)<\/strong><\/td>\n<td>Kurkuma dzia\u0142a przeciwzapalnie, wspomaga detoksykacj\u0119 organizmu i poprawia funkcjonowanie nerek.<\/td>\n<\/tr>\n<tr>\n<td><strong>Li\u015bcie \u017ce\u0144-szenia (Panax ginseng)<\/strong><\/td>\n<td>Wzmacniaj\u0105 organizm, wspomagaj\u0105 odporno\u015b\u0107 oraz poprawiaj\u0105 og\u00f3ln\u0105 witalno\u015b\u0107, co jest istotne w przypadku problem\u00f3w z uk\u0142adem moczowym.<\/td>\n<\/tr>\n<tr>\n<td><strong>Witamina D3 (cholekalcyferol)<\/strong><\/td>\n<td>Wspiera uk\u0142ad odporno\u015bciowy, co jest kluczowe w zapobieganiu infekcjom uk\u0142adu moczowego.<\/td>\n<\/tr>\n<tr>\n<td><strong>Karboksylan wapnia<\/strong><\/td>\n<td>Wspomaga procesy detoksykacyjne oraz regeneracj\u0119 tkanki nerki.<\/td>\n<\/tr>\n<\/tbody>\n<\/table>\n<h2>Efekty stosowania &#8211; dzia\u0142anie kapsu\u0142ki URO Fortis<\/h2>\n<p>Stosowanie URO Fortis mo\u017ce przynie\u015b\u0107 wiele korzy\u015bci dla zdrowia uk\u0142adu moczowego, szczeg\u00f3lnie u os\u00f3b borykaj\u0105cych si\u0119 z przewlek\u0142ymi problemami nerkowymi czy zapaleniami p\u0119cherza. Regularne stosowanie preparatu mo\u017ce przynie\u015b\u0107 nast\u0119puj\u0105ce efekty:<\/p>\n<ol>\n<li><strong>Poprawa oddawania moczu:<\/strong> Dzi\u0119ki dzia\u0142aniu diuretycznemu i regulacyjnemu sk\u0142adnik\u00f3w takich jak Buchu czy magnez, preparat wspomaga prawid\u0142owe funkcjonowanie p\u0119cherza oraz u\u0142atwia oddawanie moczu.<\/li>\n<li><strong>Detoksykacja organizmu:<\/strong> URO Fortis wspiera oczyszczanie organizmu z toksyn poprzez wspomaganie pracy nerek, co przyczynia si\u0119 do og\u00f3lnej poprawy samopoczucia.<\/li>\n<li><strong>Zapobieganie infekcjom:<\/strong> Dzi\u0119ki sk\u0142adnikom o dzia\u0142aniu przeciwzapalnym i antyseptycznym, takim jak kurkuma czy Buchu, preparat pomaga w zapobieganiu nawracaj\u0105cym infekcjom uk\u0142adu moczowego.<\/li>\n<li><strong>Wsparcie odporno\u015bci:<\/strong> Obecno\u015b\u0107 witaminy D3 oraz \u017ce\u0144-szenia wspomaga funkcje uk\u0142adu odporno\u015bciowego, co mo\u017ce by\u0107 pomocne w walce z infekcjami.<\/li>\n<li><strong>Redukcja stan\u00f3w zapalnych:<\/strong> Kurkuma oraz inne naturalne sk\u0142adniki preparatu dzia\u0142aj\u0105 przeciwzapalnie, co pomaga zmniejszy\u0107 stany zapalne w nerkach oraz p\u0119cherzu.<\/li>\n<\/ol>\n<h2>Gdzie kupi\u0107 URO Fortis?<\/h2>\n<p>URO Fortis to suplement, kt\u00f3ry nie jest dost\u0119pny w stacjonarnych aptekach. Jego dystrybucja odbywa si\u0119 g\u0142\u00f3wnie przez internet, co pozwala producentowi kontrolowa\u0107 jako\u015b\u0107 i oryginalno\u015b\u0107 produktu. Z tego powodu, je\u015bli szukasz, gdzie kupi\u0107 URO Fortis, warto zwr\u00f3ci\u0107 uwag\u0119 na kilka kluczowych miejsc.<\/p>\n<ol>\n<li><strong>Kupno u producenta:<\/strong> Najbardziej zalecanym i pewnym \u017ar\u00f3d\u0142em jest zakup bezpo\u015brednio na oficjalnej stronie producenta. Dzi\u0119ki temu masz pewno\u015b\u0107, \u017ce otrzymasz oryginalny produkt, kt\u00f3ry spe\u0142nia wszystkie normy jako\u015bci.<\/li>\n<li><strong>Sklepy internetowe:<\/strong> URO Fortis mo\u017cna znale\u017a\u0107 tak\u017ce na r\u00f3\u017cnych platformach sprzeda\u017cowych, jednak zawsze warto sprawdzi\u0107, czy sprzedawca posiada odpowiednie certyfikaty autentyczno\u015bci. Zakup z nieautoryzowanych \u017ar\u00f3de\u0142 mo\u017ce wi\u0105za\u0107 si\u0119 z ryzykiem nabycia podr\u00f3bki.<\/li>\n<li><strong>Apteki internetowe:<\/strong> Niekt\u00f3re apteki online oferuj\u0105 suplementy diety, w tym URO Fortis, ale podobnie jak w przypadku sklep\u00f3w internetowych, nale\u017cy zwr\u00f3ci\u0107 uwag\u0119 na pochodzenie produktu.<\/li>\n<\/ol>\n<p>URO Fortis to innowacyjny suplement diety, kt\u00f3ry mo\u017ce znacz\u0105co poprawi\u0107 funkcjonowanie uk\u0142adu moczowego i nerek. Dzi\u0119ki bogatemu sk\u0142adowi, opartemu na naturalnych substancjach, takich jak Buchu, kurkuma i \u017ce\u0144-sze\u0144, preparat dzia\u0142a na wielu poziomach: wspomaga oczyszczanie organizmu, poprawia oddawanie moczu, zapobiega infekcjom oraz wzmacnia odporno\u015b\u0107. Regularne stosowanie URO Fortis mo\u017ce przyczyni\u0107 si\u0119 do og\u00f3lnej poprawy zdrowia i samopoczucia.<\/p>\n<p style=\"text-align: center;\"><a class=\"border-button\" href=\"https:\/\/tl-track.com\/tracker\/uf5h\">KUPI\u0106 PO CENIE PRODUCENTA (-50%)<\/a><\/p>\n","protected":false},"excerpt":{"rendered":"<p>Nr kat.: 870874787<\/p>\n<p style=\"text-align: center;\"><a class=\"border-button\" href=\"https:\/\/tl-track.com\/tracker\/uf5h\">KUP TERAZ<\/a><\/p>\n","protected":false},"featured_media":1232,"comment_status":"open","ping_status":"closed","template":"","meta":[],"product_brand":[],"product_cat":[18],"product_tag":[],"class_list":{"0":"post-775","1":"product","2":"type-product","3":"status-publish","4":"has-post-thumbnail","6":"product_cat-suplementy","8":"first","9":"instock","10":"sale","11":"shipping-taxable","12":"purchasable","13":"product-type-simple"},"aioseo_notices":[],"_links":{"self":[{"href":"https:\/\/lekarzpodroznik.pl\/store\/wp-json\/wp\/v2\/product\/775","targetHints":{"allow":["GET"]}}],"collection":[{"href":"https:\/\/lekarzpodroznik.pl\/store\/wp-json\/wp\/v2\/product"}],"about":[{"href":"https:\/\/lekarzpodroznik.pl\/store\/wp-json\/wp\/v2\/types\/product"}],"replies":[{"embeddable":true,"href":"https:\/\/lekarzpodroznik.pl\/store\/wp-json\/wp\/v2\/comments?post=775"}],"wp:featuredmedia":[{"embeddable":true,"href":"https:\/\/lekarzpodroznik.pl\/store\/wp-json\/wp\/v2\/media\/1232"}],"wp:attachment":[{"href":"https:\/\/lekarzpodroznik.pl\/store\/wp-json\/wp\/v2\/media?parent=775"}],"wp:term":[{"taxonomy":"product_brand","embeddable":true,"href":"https:\/\/lekarzpodroznik.pl\/store\/wp-json\/wp\/v2\/product_brand?post=775"},{"taxonomy":"product_cat","embeddable":true,"href":"https:\/\/lekarzpodroznik.pl\/store\/wp-json\/wp\/v2\/product_cat?post=775"},{"taxonomy":"product_tag","embeddable":true,"href":"https:\/\/lekarzpodroznik.pl\/store\/wp-json\/wp\/v2\/product_tag?post=775"}],"curies":[{"name":"wp","href":"https:\/\/api.w.org\/{rel}","templated":true}]}}