{"id":787,"date":"2024-10-15T10:50:05","date_gmt":"2024-10-15T10:50:05","guid":{"rendered":"https:\/\/lekarzpodroznik.pl\/store\/?post_type=product&#038;p=787"},"modified":"2024-10-29T09:54:52","modified_gmt":"2024-10-29T09:54:52","slug":"fibre-select","status":"publish","type":"product","link":"https:\/\/lekarzpodroznik.pl\/store\/product\/fibre-select\/","title":{"rendered":"Fibre Select"},"content":{"rendered":"<p><strong>Fibre Select<\/strong> to suplement diety w formie rozpuszczalnego proszku, kt\u00f3ry mo\u017cna doda\u0107 do ulubionego napoju bez gazu, jogurtu lub wody. Produkt zosta\u0142 zaprojektowany z my\u015bl\u0105 o osobach, kt\u00f3re chc\u0105 zadba\u0107 o swoje zdrowie trawienne, oczy\u015bci\u0107 organizm z toksyn oraz poprawi\u0107 og\u00f3ln\u0105 kondycj\u0119 zdrowotn\u0105. Fibre Select dzia\u0142a poprzez dostarczanie organizmowi niezb\u0119dnego b\u0142onnika pokarmowego, kt\u00f3ry jest kluczowy w prawid\u0142owym funkcjonowaniu uk\u0142adu pokarmowego.<\/p>\n<p><strong>Grupa docelowa Fibre Select to osoby, kt\u00f3re:<\/strong><\/p>\n<ul>\n<li>Chc\u0105 poprawi\u0107 funkcjonowanie uk\u0142adu trawiennego.<\/li>\n<li>Borykaj\u0105 si\u0119 z problemami zapar\u0107 lub nieregularnych wypr\u00f3\u017cnie\u0144.<\/li>\n<li>Potrzebuj\u0105 wsparcia w procesie detoksykacji organizmu.<\/li>\n<li>Dbaj\u0105 o zdrowie jelit i chc\u0105 wspom\u00f3c proces odchudzania.<\/li>\n<\/ul>\n<p style=\"text-align: center;\"><a class=\"border-button\" href=\"https:\/\/nplink.net\/p8n2llo7\">www.fibre-select.pl<\/a><\/p>\n<h2>Wskazania i przeciwwskazania Fibre Select<\/h2>\n<p><strong>Wskazania do stosowania Fibre Select<\/strong>:<\/p>\n<ul>\n<li>Osoby cierpi\u0105ce na zaparcia.<\/li>\n<li>Ludzie poszukuj\u0105cy sposobu na oczyszczenie organizmu z toksyn.<\/li>\n<li>Osoby na diecie odchudzaj\u0105cej, kt\u00f3re chc\u0105 poprawi\u0107 metabolizm.<\/li>\n<li>Ludzie, kt\u00f3rzy chc\u0105 zredukowa\u0107 uczucie wzd\u0119cia.<\/li>\n<\/ul>\n<p>B\u0142onnik pokarmowy zawarty w Fibre Select dzia\u0142a jak naturalny \u201emiote\u0142ka\u201d dla jelit, pomagaj\u0105c usuwa\u0107 zalegaj\u0105ce w nich resztki pokarmowe. Dzi\u0119ki temu wspiera procesy trawienne i przyspiesza metabolizm, co mo\u017ce prowadzi\u0107 do stopniowej utraty wagi.<\/p>\n<p><strong>Przeciwwskazania do stosowania<\/strong>:<\/p>\n<ul>\n<li>Osoby z nadwra\u017cliwo\u015bci\u0105 na kt\u00f3rykolwiek ze sk\u0142adnik\u00f3w preparatu.<\/li>\n<li>Dzieci poni\u017cej 12 roku \u017cycia.<\/li>\n<li>Kobiety w ci\u0105\u017cy i karmi\u0105ce piersi\u0105 powinny skonsultowa\u0107 si\u0119 z lekarzem przed rozpocz\u0119ciem stosowania.<\/li>\n<\/ul>\n<p>Warto r\u00f3wnie\u017c pami\u0119ta\u0107, \u017ce nadmierna ilo\u015b\u0107 b\u0142onnika w diecie mo\u017ce prowadzi\u0107 do problem\u00f3w \u017co\u0142\u0105dkowo-jelitowych, takich jak wzd\u0119cia czy biegunki. Dlatego zawsze nale\u017cy stosowa\u0107 Fibre Select zgodnie z zaleceniami producenta.<\/p>\n<h2>Sk\u0142ad Fibre Select \u2013 skuteczne sk\u0142adniki<\/h2>\n<p>Fibre Select wyr\u00f3\u017cnia si\u0119 na tle innych preparat\u00f3w b\u0142onnikowych dzi\u0119ki starannie dobranym sk\u0142adnikom, kt\u00f3re nie tylko wspieraj\u0105 proces trawienia, ale r\u00f3wnie\u017c detoksykuj\u0105 organizm. Oto kluczowe sk\u0142adniki, kt\u00f3re znajdziemy w tym preparacie:<\/p>\n<table>\n<thead>\n<tr>\n<th><strong>Sk\u0142adnik<\/strong><\/th>\n<th><strong>Dzia\u0142anie<\/strong><\/th>\n<\/tr>\n<\/thead>\n<tbody>\n<tr>\n<td><strong>Inulina<\/strong><\/td>\n<td>Naturalny prebiotyk, wspomaga rozw\u00f3j korzystnej mikroflory jelitowej.<\/td>\n<\/tr>\n<tr>\n<td><strong>\u0141upina nasion babki jajowatej<\/strong><\/td>\n<td>Wspiera perystaltyk\u0119 jelit i pomaga w eliminacji zalegaj\u0105cych resztek pokarmowych.<\/td>\n<\/tr>\n<tr>\n<td><strong>Otr\u0119by owsiane<\/strong><\/td>\n<td>Bogate \u017ar\u00f3d\u0142o b\u0142onnika, obni\u017caj\u0105 poziom cholesterolu i wspieraj\u0105 uk\u0142ad trawienny.<\/td>\n<\/tr>\n<tr>\n<td><strong>Guma guar<\/strong><\/td>\n<td>Stabilizuje poziom glukozy we krwi, poprawia trawienie i pomaga kontrolowa\u0107 wag\u0119.<\/td>\n<\/tr>\n<tr>\n<td><strong>Siarczan magnezu<\/strong><\/td>\n<td>Pomaga w regulacji gospodarki elektrolitowej, co jest wa\u017cne przy zwi\u0119kszonym spo\u017cyciu b\u0142onnika.<\/td>\n<\/tr>\n<\/tbody>\n<\/table>\n<p>Te sk\u0142adniki dzia\u0142aj\u0105 synergistycznie, co oznacza, \u017ce wspieraj\u0105 si\u0119 nawzajem w osi\u0105ganiu zamierzonego efektu. Zawarto\u015b\u0107 prebiotyk\u00f3w, takich jak inulina, sprawia, \u017ce Fibre Select nie tylko oczyszcza organizm, ale tak\u017ce wspiera zdrow\u0105 mikroflor\u0119 jelitow\u0105, co ma pozytywny wp\u0142yw na uk\u0142ad odporno\u015bciowy.<\/p>\n<h2>Efekty stosowania &#8211; dzia\u0142anie Fibre Select<\/h2>\n<p>Regularne stosowanie Fibre Select przynosi szereg korzy\u015bci zdrowotnych, kt\u00f3re mo\u017cna zauwa\u017cy\u0107 ju\u017c po kilku dniach. Oto g\u0142\u00f3wne efekty dzia\u0142ania tego preparatu:<\/p>\n<ol>\n<li><strong>Oczyszczenie organizmu z toksyn<\/strong> \u2013 b\u0142onnik zawarty w Fibre Select dzia\u0142a jak naturalny detoksykant, pomagaj\u0105c usuwa\u0107 szkodliwe substancje zalegaj\u0105ce w jelitach.<\/li>\n<li><strong>Poprawa funkcji uk\u0142adu trawiennego<\/strong> \u2013 suplementacja b\u0142onnikiem wspiera perystaltyk\u0119 jelit, co prowadzi do regularnych wypr\u00f3\u017cnie\u0144 i redukcji problem\u00f3w z zaparciami.<\/li>\n<li><strong>Zmniejszenie uczucia wzd\u0119cia<\/strong> \u2013 dzi\u0119ki eliminacji zalegaj\u0105cych resztek pokarmowych, Fibre Select pomaga zmniejszy\u0107 wzd\u0119cia, co prowadzi do lepszego samopoczucia.<\/li>\n<li><strong>Wsparcie w procesie odchudzania<\/strong> \u2013 b\u0142onnik wp\u0142ywa na uczucie syto\u015bci, co mo\u017ce pom\u00f3c w kontrolowaniu apetytu i przyspieszy\u0107 proces odchudzania.<\/li>\n<li><strong>Poprawa og\u00f3lnego stanu zdrowia<\/strong> \u2013 lepsza praca jelit, usuni\u0119cie toksyn i wsparcie zdrowej mikroflory to klucz do poprawy samopoczucia i og\u00f3lnego stanu zdrowia.<\/li>\n<\/ol>\n<p>Jednym z najwi\u0119kszych atut\u00f3w Fibre Select jest jego neutralny smak, co sprawia, \u017ce mo\u017cna go doda\u0107 do niemal ka\u017cdego napoju lub jedzenia, nie zmieniaj\u0105c smaku potrawy. Dzi\u0119ki temu \u0142atwo jest w\u0142\u0105czy\u0107 ten suplement do codziennej diety.<\/p>\n<h2>Gdzie kupi\u0107 Fibre Select?<\/h2>\n<p>Jednym z najcz\u0119\u015bciej zadawanych pyta\u0144 dotycz\u0105cych Fibre Select jest to, gdzie mo\u017cna go kupi\u0107. Odpowied\u017a na to pytanie jest bardzo prosta \u2013 Fibre Select najlepiej kupi\u0107 bezpo\u015brednio u producenta, korzystaj\u0105c z oficjalnej strony internetowej. Zakup na oficjalnej stronie daje pewno\u015b\u0107, \u017ce produkt jest oryginalny i dostarczany bezpo\u015brednio od \u017ar\u00f3d\u0142a.<\/p>\n<p>Warto podkre\u015bli\u0107, \u017ce <strong>Fibre Select nie jest dost\u0119pny w stacjonarnych aptekach<\/strong>. W zwi\u0105zku z tym, je\u015bli zastanawiasz si\u0119, gdzie kupi\u0107 Fibre Select, warto unika\u0107 podejrzanych ofert w internecie czy odsprzedawc\u00f3w, poniewa\u017c ryzyko zakupu podr\u00f3bki jest wysokie. Producent oferuje atrakcyjne promocje, a kupuj\u0105c bezpo\u015brednio od niego, mo\u017cemy liczy\u0107 na najlepsz\u0105 cen\u0119 i gwarancj\u0119 jako\u015bci.<\/p>\n<p>Je\u015bli szukasz oryginalnego Fibre Select, <strong>kupuj wy\u0142\u0105cznie u producenta<\/strong>, aby unikn\u0105\u0107 rozczarowa\u0144 i potencjalnych problem\u00f3w zdrowotnych. Warto tak\u017ce \u015bledzi\u0107 oferty na stronie internetowej producenta, gdy\u017c cz\u0119sto pojawiaj\u0105 si\u0119 atrakcyjne promocje, np. darmowa wysy\u0142ka czy rabaty na wi\u0119ksze zam\u00f3wienia.<\/p>\n<p>Fibre Select to innowacyjny produkt, kt\u00f3ry stanowi doskona\u0142e wsparcie dla os\u00f3b dbaj\u0105cych o zdrowie swojego uk\u0142adu trawiennego. Dzi\u0119ki starannie dobranym sk\u0142adnikom, produkt nie tylko oczyszcza organizm z toksyn, ale tak\u017ce wspiera zdrow\u0105 mikroflor\u0119 jelitow\u0105 i pomaga w odchudzaniu. Co wa\u017cne, Fibre Select jest \u0142atwy w stosowaniu, neutralny w smaku i mo\u017cna go doda\u0107 do ulubionych napoj\u00f3w czy potraw.<\/p>\n<p style=\"text-align: center;\"><a class=\"border-button\" href=\"https:\/\/nplink.net\/p8n2llo7\">KUPI\u0106 PO CENIE PRODUCENTA (-50%)<\/a><\/p>\n","protected":false},"excerpt":{"rendered":"<p>Nr kat.: 870874793<\/p>\n<p style=\"text-align: center;\"><a class=\"border-button\" href=\"https:\/\/nplink.net\/p8n2llo7\">KUP TERAZ<\/a><\/p>\n","protected":false},"featured_media":788,"comment_status":"open","ping_status":"closed","template":"","meta":[],"product_brand":[],"product_cat":[18],"product_tag":[],"class_list":{"0":"post-787","1":"product","2":"type-product","3":"status-publish","4":"has-post-thumbnail","6":"product_cat-suplementy","8":"first","9":"instock","10":"shipping-taxable","11":"purchasable","12":"product-type-simple"},"aioseo_notices":[],"_links":{"self":[{"href":"https:\/\/lekarzpodroznik.pl\/store\/wp-json\/wp\/v2\/product\/787","targetHints":{"allow":["GET"]}}],"collection":[{"href":"https:\/\/lekarzpodroznik.pl\/store\/wp-json\/wp\/v2\/product"}],"about":[{"href":"https:\/\/lekarzpodroznik.pl\/store\/wp-json\/wp\/v2\/types\/product"}],"replies":[{"embeddable":true,"href":"https:\/\/lekarzpodroznik.pl\/store\/wp-json\/wp\/v2\/comments?post=787"}],"wp:featuredmedia":[{"embeddable":true,"href":"https:\/\/lekarzpodroznik.pl\/store\/wp-json\/wp\/v2\/media\/788"}],"wp:attachment":[{"href":"https:\/\/lekarzpodroznik.pl\/store\/wp-json\/wp\/v2\/media?parent=787"}],"wp:term":[{"taxonomy":"product_brand","embeddable":true,"href":"https:\/\/lekarzpodroznik.pl\/store\/wp-json\/wp\/v2\/product_brand?post=787"},{"taxonomy":"product_cat","embeddable":true,"href":"https:\/\/lekarzpodroznik.pl\/store\/wp-json\/wp\/v2\/product_cat?post=787"},{"taxonomy":"product_tag","embeddable":true,"href":"https:\/\/lekarzpodroznik.pl\/store\/wp-json\/wp\/v2\/product_tag?post=787"}],"curies":[{"name":"wp","href":"https:\/\/api.w.org\/{rel}","templated":true}]}}