{"id":789,"date":"2024-10-15T10:55:49","date_gmt":"2024-10-15T10:55:49","guid":{"rendered":"https:\/\/lekarzpodroznik.pl\/store\/?post_type=product&#038;p=789"},"modified":"2024-10-29T09:55:52","modified_gmt":"2024-10-29T09:55:52","slug":"member-xxl","status":"publish","type":"product","link":"https:\/\/lekarzpodroznik.pl\/store\/product\/member-xxl\/","title":{"rendered":"Member XXL"},"content":{"rendered":"<p>Member XXL to suplement diety w formie kapsu\u0142ek, przeznaczony dla m\u0119\u017cczyzn pragn\u0105cych zwi\u0119kszy\u0107 rozmiar swojego penisa i poprawi\u0107 og\u00f3ln\u0105 kondycj\u0119 seksualn\u0105. Jest to produkt nowoczesny, wyr\u00f3\u017cniaj\u0105cy si\u0119 na tle konkurencji tym, \u017ce dzia\u0142a na naturalnych sk\u0142adnikach, a jednocze\u015bnie oferuje widoczne i trwa\u0142e efekty.<\/p>\n<p>Kapsu\u0142ki Member XXL s\u0105 \u0142atwe w u\u017cyciu, co jest ich du\u017c\u0105 zalet\u0105 w por\u00f3wnaniu do innych metod powi\u0119kszania penisa, takich jak zabiegi chirurgiczne czy skomplikowane urz\u0105dzenia mechaniczne. Suplement jest w 100% bezpieczny, a jego regularne stosowanie gwarantuje zadowalaj\u0105ce wyniki bez b\u00f3lu, dyskomfortu i bez konieczno\u015bci odbywania wizyt lekarskich.<\/p>\n<p><strong>Member XXL przeznaczony jest dla m\u0119\u017cczyzn doros\u0142ych, kt\u00f3rzy chc\u0105:<\/strong><\/p>\n<ul>\n<li>Zwi\u0119kszy\u0107 rozmiar penisa<\/li>\n<li>Zwi\u0119kszy\u0107 pewno\u015b\u0107 siebie w sypialni<\/li>\n<li>Poprawi\u0107 jako\u015b\u0107 \u017cycia seksualnego<\/li>\n<\/ul>\n<p style=\"text-align: center;\"><a class=\"border-button\" href=\"https:\/\/nplink.net\/m26w1kgj\">www.member-xxl.pl<\/a><\/p>\n<h2>Wskazania i przeciwwskazania Member XXL<\/h2>\n<p><strong>Wskazania do stosowania:<\/strong><\/p>\n<ul>\n<li>M\u0119\u017cczy\u017ani, kt\u00f3rzy chc\u0105 zwi\u0119kszy\u0107 d\u0142ugo\u015b\u0107 i obw\u00f3d swojego penisa.<\/li>\n<li>Osoby, kt\u00f3re zauwa\u017caj\u0105 obni\u017cenie libido lub maj\u0105 problemy z erekcj\u0105.<\/li>\n<li>M\u0119\u017cczy\u017ani szukaj\u0105cy naturalnego sposobu na popraw\u0119 swoich zdolno\u015bci seksualnych, bez ryzyka skutk\u00f3w ubocznych.<\/li>\n<li>Osoby, kt\u00f3re chc\u0105 poprawi\u0107 swoj\u0105 satysfakcj\u0119 z \u017cycia seksualnego i relacje z partnerem.<\/li>\n<\/ul>\n<p><strong>Przeciwwskazania:<\/strong><\/p>\n<ul>\n<li>Member XXL nie powinien by\u0107 stosowany przez osoby poni\u017cej 18. roku \u017cycia.<\/li>\n<li>Osoby uczulone na kt\u00f3rykolwiek ze sk\u0142adnik\u00f3w preparatu powinny unika\u0107 jego stosowania.<\/li>\n<li>Nie zaleca si\u0119 stosowania kapsu\u0142ek w przypadku przewlek\u0142ych chor\u00f3b, takich jak nadci\u015bnienie czy problemy z sercem, bez wcze\u015bniejszej konsultacji z lekarzem.<\/li>\n<\/ul>\n<h2>Sk\u0142ad Member XXL &#8211; Skuteczne Sk\u0142adniki<\/h2>\n<p>Jednym z kluczowych element\u00f3w, kt\u00f3ry decyduje o skuteczno\u015bci Member XXL, jest jego unikalny sk\u0142ad oparty na naturalnych sk\u0142adnikach. Ka\u017cdy z tych sk\u0142adnik\u00f3w zosta\u0142 starannie dobrany, aby wspiera\u0107 procesy powi\u0119kszania penisa i poprawy sprawno\u015bci seksualnej.<\/p>\n<p><strong>Poni\u017cej przedstawiamy tabel\u0119 ze sk\u0142adnikami oraz ich dzia\u0142aniem:<\/strong><\/p>\n<table>\n<thead>\n<tr>\n<th>Sk\u0142adnik<\/th>\n<th>Dzia\u0142anie<\/th>\n<\/tr>\n<\/thead>\n<tbody>\n<tr>\n<td><strong>Ekstrakt z owoc\u00f3w palmy sabalowej<\/strong><\/td>\n<td>Zwi\u0119ksza przep\u0142yw krwi do penisa, co sprzyja erekcji i powi\u0119kszeniu cia\u0142 jamistych.<\/td>\n<\/tr>\n<tr>\n<td><strong>L-arginina<\/strong><\/td>\n<td>Poprawia kr\u0105\u017cenie krwi, wspiera erekcj\u0119, zwi\u0119ksza produkcj\u0119 tlenku azotu.<\/td>\n<\/tr>\n<tr>\n<td><strong>Ekstrakt z kozieradki<\/strong><\/td>\n<td>Zwi\u0119ksza poziom testosteronu, poprawia libido i kondycj\u0119 seksualn\u0105.<\/td>\n<\/tr>\n<tr>\n<td><strong>Ekstrakt z czarnego pieprzu<\/strong><\/td>\n<td>Wspiera wch\u0142anianie innych sk\u0142adnik\u00f3w, dzia\u0142a jako naturalny \u015brodek pobudzaj\u0105cy.<\/td>\n<\/tr>\n<tr>\n<td><strong>Ekstrakt z korzenia maca<\/strong><\/td>\n<td>Poprawia jako\u015b\u0107 nasienia, zwi\u0119ksza wytrzyma\u0142o\u015b\u0107 seksualn\u0105.<\/td>\n<\/tr>\n<tr>\n<td><strong>Ekstrakt z nasion dyni<\/strong><\/td>\n<td>Bogaty w cynk, kt\u00f3ry wspiera zdrowie prostaty i funkcje reprodukcyjne.<\/td>\n<\/tr>\n<\/tbody>\n<\/table>\n<p>Tak dobrana formu\u0142a Member XXL nie tylko sprzyja powi\u0119kszaniu penisa, ale r\u00f3wnie\u017c poprawia og\u00f3ln\u0105 sprawno\u015b\u0107 seksualn\u0105 i zdrowie reprodukcyjne. Dzi\u0119ki zawarto\u015bci naturalnych ekstrakt\u00f3w produkt jest bezpieczny dla zdrowia i nie powoduje nieprzyjemnych skutk\u00f3w ubocznych.<\/p>\n<h2>Efekty Stosowania &#8211; Dzia\u0142anie Kapsu\u0142ki Member XXL<\/h2>\n<p>Regularne stosowanie Member XXL przynosi wiele korzy\u015bci, kt\u00f3re zauwa\u017cane s\u0105 ju\u017c po kilku tygodniach od rozpocz\u0119cia kuracji. Oto g\u0142\u00f3wne efekty, jakich mo\u017cna si\u0119 spodziewa\u0107:<\/p>\n<ol>\n<li><strong>Zwi\u0119kszenie rozmiaru penisa<\/strong> \u2013 wed\u0142ug bada\u0144 i opinii u\u017cytkownik\u00f3w, d\u0142ugo\u015b\u0107 penisa mo\u017ce zwi\u0119kszy\u0107 si\u0119 nawet o kilka centymetr\u00f3w w ci\u0105gu pierwszych kilku miesi\u0119cy regularnego stosowania.<\/li>\n<li><strong>Zwi\u0119kszona pewno\u015b\u0107 siebie<\/strong> \u2013 wi\u0119kszy penis oraz lepsza kondycja seksualna to wi\u0119ksza pewno\u015b\u0107 siebie, zar\u00f3wno w sypialni, jak i w codziennym \u017cyciu.<\/li>\n<li><strong>Lepsza jako\u015b\u0107 erekcji<\/strong> \u2013 dzi\u0119ki lepszemu przep\u0142ywowi krwi do penisa, erekcje staj\u0105 si\u0119 silniejsze i d\u0142u\u017csze.<\/li>\n<li><strong>Zwi\u0119kszone libido<\/strong> \u2013 dzi\u0119ki naturalnym sk\u0142adnikom, takim jak kozieradka i maca, Member XXL poprawia poziom testosteronu i og\u00f3lne pragnienie seksualne.<\/li>\n<li><strong>Poprawa satysfakcji seksualnej<\/strong> \u2013 d\u0142u\u017cszy stosunek, mocniejsze erekcje i wi\u0119kszy penis przyczyniaj\u0105 si\u0119 do wi\u0119kszej satysfakcji, zar\u00f3wno dla m\u0119\u017cczyzny, jak i jego partnerki.<\/li>\n<\/ol>\n<h2>Gdzie Kupi\u0107 Member XXL?<\/h2>\n<p>Kupno Member XXL nie jest dost\u0119pne w tradycyjnych aptekach. Produkt mo\u017cna zakupi\u0107 wy\u0142\u0105cznie online, co gwarantuje dyskrecj\u0119 oraz dost\u0119p do oryginalnego preparatu. Je\u015bli zastanawiasz si\u0119, gdzie kupi\u0107 Member XXL, warto zwr\u00f3ci\u0107 uwag\u0119 na kilka istotnych aspekt\u00f3w.<\/p>\n<p>Najlepiej jest kupowa\u0107 bezpo\u015brednio od <strong>producenta<\/strong>. Zakup z oficjalnej strony internetowej producenta gwarantuje nie tylko najwy\u017csz\u0105 jako\u015b\u0107, ale r\u00f3wnie\u017c dost\u0119p do promocji i rabat\u00f3w. Kupuj\u0105c Member XXL u producenta, masz pewno\u015b\u0107, \u017ce otrzymujesz oryginalny produkt, a tak\u017ce mo\u017cesz skorzysta\u0107 z gwarancji zwrotu pieni\u0119dzy, je\u015bli nie b\u0119dziesz zadowolony z efekt\u00f3w.<\/p>\n<p>Member XXL to innowacyjny suplement diety stworzony z my\u015bl\u0105 o m\u0119\u017cczyznach pragn\u0105cych zwi\u0119kszy\u0107 rozmiar swojego penisa i poprawi\u0107 jako\u015b\u0107 \u017cycia seksualnego. Jego unikalny sk\u0142ad, bazuj\u0105cy na naturalnych ekstraktach, gwarantuje widoczne efekty bez ryzyka dla zdrowia. Regularne stosowanie Member XXL przynosi d\u0142ugotrwa\u0142e rezultaty w postaci powi\u0119kszenia penisa, lepszej jako\u015bci erekcji oraz zwi\u0119kszonego libido.<\/p>\n<p>Kupuj\u0105c Member XXL bezpo\u015brednio u producenta, masz pewno\u015b\u0107, \u017ce otrzymujesz oryginalny i skuteczny produkt, kt\u00f3ry spe\u0142ni Twoje oczekiwania. Nie czekaj \u2013 sprawd\u017a, jak Member XXL mo\u017ce odmieni\u0107 Twoje \u017cycie seksualne ju\u017c teraz!<\/p>\n<p style=\"text-align: center;\"><a class=\"border-button\" href=\"https:\/\/nplink.net\/m26w1kgj\">KUPI\u0106 PO CENIE PRODUCENTA (-50%)<\/a><\/p>\n","protected":false},"excerpt":{"rendered":"<p>Nr kat.: 870874794<\/p>\n<p style=\"text-align: center;\"><a class=\"border-button\" href=\"https:\/\/nplink.net\/m26w1kgj\">KUP TERAZ<\/a><\/p>\n","protected":false},"featured_media":790,"comment_status":"open","ping_status":"closed","template":"","meta":[],"product_brand":[],"product_cat":[18],"product_tag":[],"class_list":{"0":"post-789","1":"product","2":"type-product","3":"status-publish","4":"has-post-thumbnail","6":"product_cat-suplementy","8":"first","9":"instock","10":"shipping-taxable","11":"purchasable","12":"product-type-simple"},"aioseo_notices":[],"_links":{"self":[{"href":"https:\/\/lekarzpodroznik.pl\/store\/wp-json\/wp\/v2\/product\/789","targetHints":{"allow":["GET"]}}],"collection":[{"href":"https:\/\/lekarzpodroznik.pl\/store\/wp-json\/wp\/v2\/product"}],"about":[{"href":"https:\/\/lekarzpodroznik.pl\/store\/wp-json\/wp\/v2\/types\/product"}],"replies":[{"embeddable":true,"href":"https:\/\/lekarzpodroznik.pl\/store\/wp-json\/wp\/v2\/comments?post=789"}],"wp:featuredmedia":[{"embeddable":true,"href":"https:\/\/lekarzpodroznik.pl\/store\/wp-json\/wp\/v2\/media\/790"}],"wp:attachment":[{"href":"https:\/\/lekarzpodroznik.pl\/store\/wp-json\/wp\/v2\/media?parent=789"}],"wp:term":[{"taxonomy":"product_brand","embeddable":true,"href":"https:\/\/lekarzpodroznik.pl\/store\/wp-json\/wp\/v2\/product_brand?post=789"},{"taxonomy":"product_cat","embeddable":true,"href":"https:\/\/lekarzpodroznik.pl\/store\/wp-json\/wp\/v2\/product_cat?post=789"},{"taxonomy":"product_tag","embeddable":true,"href":"https:\/\/lekarzpodroznik.pl\/store\/wp-json\/wp\/v2\/product_tag?post=789"}],"curies":[{"name":"wp","href":"https:\/\/api.w.org\/{rel}","templated":true}]}}