{"id":804,"date":"2024-10-15T11:50:28","date_gmt":"2024-10-15T11:50:28","guid":{"rendered":"https:\/\/lekarzpodroznik.pl\/store\/?post_type=product&#038;p=804"},"modified":"2025-03-12T10:34:24","modified_gmt":"2025-03-12T10:34:24","slug":"green-coffee-5k","status":"publish","type":"product","link":"https:\/\/lekarzpodroznik.pl\/store\/product\/green-coffee-5k\/","title":{"rendered":"Green Coffee 5K"},"content":{"rendered":"<p>Odchudzanie to proces, kt\u00f3ry dla wielu os\u00f3b stanowi wyzwanie. Wyb\u00f3r odpowiednich \u015brodk\u00f3w wspomagaj\u0105cych jest kluczowy, aby nie tylko schudn\u0105\u0107, ale r\u00f3wnie\u017c poprawi\u0107 samopoczucie i d\u0142ugotrwale utrzyma\u0107 rezultaty. Jednym z preparat\u00f3w, kt\u00f3re zdoby\u0142y popularno\u015b\u0107 w\u015br\u00f3d os\u00f3b poszukuj\u0105cych wsparcia w walce z nadwag\u0105, jest <strong>Green Coffee 5K<\/strong>.<\/p>\n<p><strong>Green Coffee 5K<\/strong> to suplement diety dost\u0119pny w formie kapsu\u0142ek, kt\u00f3ry zawiera wyci\u0105g z zielonej kawy o wysokim st\u0119\u017ceniu, wynosz\u0105cym a\u017c 5000 mg w jednej dawce. Zielona kawa, w przeciwie\u0144stwie do tradycyjnej czarnej kawy, nie przechodzi procesu palenia, co sprawia, \u017ce zachowuje swoje cenne w\u0142a\u015bciwo\u015bci, w tym wysok\u0105 zawarto\u015b\u0107 kwasu chlorogenowego.<\/p>\n<p><strong>Kapsu\u0142ki Green Coffee 5K dedykowane s\u0105 osobom, kt\u00f3re:<\/strong><\/p>\n<ul>\n<li>Zmagaj\u0105 si\u0119 z nadwag\u0105 lub oty\u0142o\u015bci\u0105,<\/li>\n<li>Maj\u0105 problem z nadmiernym \u0142aknieniem,<\/li>\n<li>Chc\u0105 poprawi\u0107 metabolizm i przyspieszy\u0107 spalanie t\u0142uszczu,<\/li>\n<li>Szukaj\u0105 dodatkowego wsparcia w procesie odchudzania.<\/li>\n<\/ul>\n<p><strong>Grupa docelowa<\/strong> to zar\u00f3wno kobiety, jak i m\u0119\u017cczy\u017ani w r\u00f3\u017cnym wieku, kt\u00f3rzy chc\u0105 skutecznie schudn\u0105\u0107 i utrzyma\u0107 efekty diety oraz \u0107wicze\u0144 fizycznych. Green Coffee 5K jest idealnym rozwi\u0105zaniem dla os\u00f3b prowadz\u0105cych siedz\u0105cy tryb \u017cycia, jak i dla tych, kt\u00f3rzy regularnie trenuj\u0105.<\/p>\n<p style=\"text-align: center;\"><a class=\"border-button\" href=\"https:\/\/nplink.net\/bdh9ckji\">www.green-coffee-5k.pl<\/a><\/p>\n<h2>Wskazania i przeciwwskazania Green Coffee 5K<\/h2>\n<p><strong>Wskazania<\/strong> do stosowania Green Coffee 5K obejmuj\u0105:<\/p>\n<ol>\n<li>Zwi\u0119kszone zapotrzebowanie na energi\u0119 i zmniejszenie uczucia g\u0142odu.<\/li>\n<li>Potrzeb\u0119 regulacji poziomu cukru we krwi, co zapobiega napadom g\u0142odu.<\/li>\n<li>Ch\u0119\u0107 przyspieszenia metabolizmu i wspomagania procesu spalania t\u0142uszczu.<\/li>\n<li>Osoby pragn\u0105ce poprawi\u0107 og\u00f3ln\u0105 wydolno\u015b\u0107 organizmu oraz poziom energii.<\/li>\n<\/ol>\n<p>Jednak, jak ka\u017cdy suplement, <strong>Green Coffee 5K ma r\u00f3wnie\u017c przeciwwskazania<\/strong>. Nie powinny go stosowa\u0107:<\/p>\n<ul>\n<li>Kobiety w ci\u0105\u017cy i karmi\u0105ce piersi\u0105,<\/li>\n<li>Osoby z nadwra\u017cliwo\u015bci\u0105 na kt\u00f3rykolwiek ze sk\u0142adnik\u00f3w,<\/li>\n<li>Osoby z problemami z sercem lub nadci\u015bnieniem, ze wzgl\u0119du na zawarto\u015b\u0107 kofeiny.<\/li>\n<\/ul>\n<p>Przed rozpocz\u0119ciem stosowania Green Coffee 5K zaleca si\u0119 skonsultowanie si\u0119 z lekarzem, zw\u0142aszcza w przypadku jakichkolwiek schorze\u0144.<\/p>\n<h2>Sk\u0142ad Green Coffee 5K \u2013 skuteczne sk\u0142adniki<\/h2>\n<p>Kluczem do efektywno\u015bci Green Coffee 5K jest jego sk\u0142ad, kt\u00f3ry zosta\u0142 starannie dobrany, aby wspiera\u0107 odchudzanie na r\u00f3\u017cnych poziomach. Poni\u017cej znajduje si\u0119 tabela przedstawiaj\u0105ca g\u0142\u00f3wne sk\u0142adniki Green Coffee 5K i ich dzia\u0142anie:<\/p>\n<table>\n<thead>\n<tr>\n<th>Sk\u0142adnik<\/th>\n<th>Dzia\u0142anie<\/th>\n<\/tr>\n<\/thead>\n<tbody>\n<tr>\n<td><strong>Zielona kawa<\/strong><\/td>\n<td>Wysoka zawarto\u015b\u0107 kwasu chlorogenowego, kt\u00f3ry pomaga zmniejsza\u0107 wch\u0142anianie cukru z po\u017cywienia i przyspiesza spalanie t\u0142uszczu.<\/td>\n<\/tr>\n<tr>\n<td><strong>Kofeina<\/strong><\/td>\n<td>Dzia\u0142a pobudzaj\u0105co, zwi\u0119ksza wydolno\u015b\u0107 fizyczn\u0105, poprawia koncentracj\u0119 oraz przyspiesza metabolizm.<\/td>\n<\/tr>\n<tr>\n<td><strong>Chrom<\/strong><\/td>\n<td>Pomaga regulowa\u0107 poziom cukru we krwi, co zmniejsza napady g\u0142odu i ochot\u0119 na podjadanie s\u0142odyczy.<\/td>\n<\/tr>\n<tr>\n<td><strong>Kwas chlorogenowy<\/strong><\/td>\n<td>G\u0142\u00f3wny zwi\u0105zek aktywny w zielonej kawie, wspomaga metabolizm w\u0119glowodan\u00f3w i t\u0142uszcz\u00f3w oraz redukuje poziom cukru.<\/td>\n<\/tr>\n<\/tbody>\n<\/table>\n<p>Dzi\u0119ki po\u0142\u0105czeniu tych sk\u0142adnik\u00f3w, Green Coffee 5K dzia\u0142a na wiele sposob\u00f3w, przyczyniaj\u0105c si\u0119 do zmniejszenia tkanki t\u0142uszczowej, poprawy samopoczucia oraz zwi\u0119kszenia poziomu energii.<\/p>\n<h2>Efekty stosowania \u2013 dzia\u0142anie kapsu\u0142ek Green Coffee 5K<\/h2>\n<h3>Zmniejszenie g\u0142odu<\/h3>\n<p>Cz\u0119sto nadmierna masa cia\u0142a wynika z niemo\u017cno\u015bci opanowania apetytu. Spo\u017cywamy wi\u0119cej kalorii, ni\u017c nasz organizm jest w stanie przetworzy\u0107, co prowadzi do gromadzenia si\u0119 t\u0142uszczu. <strong>Green Coffee 5K<\/strong> pomaga kontrolowa\u0107 poziom cukru we krwi, co ogranicza uczucie g\u0142odu i minimalizuje ryzyko podjadania mi\u0119dzy posi\u0142kami. Dzi\u0119ki temu, spo\u017cywasz mniej kalorii, a to pierwszy krok do skutecznego odchudzania.<\/p>\n<h3>Dodanie energii<\/h3>\n<p>Wiele os\u00f3b zmaga si\u0119 z brakiem energii, co utrudnia regularne \u0107wiczenia. Niejednokrotnie odpuszczamy treningi, t\u0142umacz\u0105c si\u0119 brakiem czasu lub zm\u0119czeniem. Dzi\u0119ki kofeinie zawartej w <strong>Green Coffee 5K<\/strong>, preparat skutecznie pobudza organizm, dodaj\u0105c energii na ca\u0142y dzie\u0144. Regularne stosowanie kapsu\u0142ek zwi\u0119ksza motywacj\u0119 do aktywno\u015bci fizycznej, co z kolei prowadzi do szybszej utraty wagi.<\/p>\n<h3>Przyspieszenie metabolizmu<\/h3>\n<p>Metabolizm spowalnia z wiekiem, a nieodpowiednia dieta dodatkowo utrudnia jego prawid\u0142owe funkcjonowanie. <strong>Green Coffee 5K<\/strong> wspiera uk\u0142ad trawienny, poprawiaj\u0105c jego prac\u0119. Regularne stosowanie kapsu\u0142ek wp\u0142ywa na przyspieszenie tempa metabolizmu, co oznacza, \u017ce organizm szybciej przekszta\u0142ca po\u017cywienie w energi\u0119, zamiast odk\u0142ada\u0107 je w postaci t\u0142uszczu.<\/p>\n<h3>Usuwanie t\u0142uszczu<\/h3>\n<p>Dzi\u0119ki du\u017cemu st\u0119\u017ceniu wyci\u0105gu z zielonej kawy, <strong>Green Coffee 5K<\/strong> skutecznie rozpoczyna proces spalania tkanki t\u0142uszczowej, nawet z trudnych obszar\u00f3w, takich jak brzuch, uda czy ramiona. Regularne stosowanie kapsu\u0142ek pozwala pozby\u0107 si\u0119 nadmiaru t\u0142uszczu w tych miejscach, kt\u00f3re zazwyczaj s\u0105 najtrudniejsze do wyszczuplenia.<\/p>\n<h2>Gdzie kupi\u0107 Green Coffee 5K?<\/h2>\n<p>Zastanawiasz si\u0119, gdzie kupi\u0107 <strong>Green Coffee 5K<\/strong>? Warto wiedzie\u0107, \u017ce ten preparat nie jest dost\u0119pny w stacjonarnych aptekach, co zapewnia jego wy\u0142\u0105czn\u0105 dystrybucj\u0119 przez producenta. Oznacza to, \u017ce najlepszym i najbezpieczniejszym rozwi\u0105zaniem jest zakup bezpo\u015brednio u producenta, co gwarantuje oryginalno\u015b\u0107 produktu i najkorzystniejsz\u0105 cen\u0119.<\/p>\n<p>Aby kupi\u0107 <strong>Green Coffee 5K<\/strong>, odwied\u017a oficjaln\u0105 stron\u0119 producenta. Zakupy online pozwalaj\u0105 na szybkie i wygodne zam\u00f3wienie suplementu z dostaw\u0105 do domu. Warto unika\u0107 podejrzanie tanich ofert na aukcjach internetowych lub w niesprawdzonych sklepach, aby nie natkn\u0105\u0107 si\u0119 na podr\u00f3bki. Kupuj\u0105c bezpo\u015brednio od producenta, masz pewno\u015b\u0107, \u017ce otrzymujesz oryginalny produkt o maksymalnej skuteczno\u015bci.<\/p>\n<p>Green Coffee 5K to wyj\u0105tkowy preparat, kt\u00f3ry dzi\u0119ki swoim naturalnym sk\u0142adnikom skutecznie wspiera proces odchudzania. Regularne stosowanie kapsu\u0142ek pozwala na zmniejszenie uczucia g\u0142odu, dodanie energii, przyspieszenie metabolizmu oraz usuwanie nadmiaru t\u0142uszczu.<\/p>\n<p style=\"text-align: center;\"><a class=\"border-button\" href=\"https:\/\/nplink.net\/bdh9ckji\">KUPI\u0106 PO CENIE PRODUCENTA (-50%)<\/a><\/p>\n","protected":false},"excerpt":{"rendered":"<p>Nr kat.: 870874801<\/p>\n<p style=\"text-align: center;\"><a class=\"border-button\" href=\"https:\/\/nplink.net\/bdh9ckji\">KUP TERAZ<\/a><\/p>\n","protected":false},"featured_media":1148,"comment_status":"open","ping_status":"closed","template":"","meta":[],"product_brand":[],"product_cat":[18],"product_tag":[],"class_list":{"0":"post-804","1":"product","2":"type-product","3":"status-publish","4":"has-post-thumbnail","6":"product_cat-suplementy","8":"first","9":"instock","10":"shipping-taxable","11":"purchasable","12":"product-type-simple"},"aioseo_notices":[],"_links":{"self":[{"href":"https:\/\/lekarzpodroznik.pl\/store\/wp-json\/wp\/v2\/product\/804","targetHints":{"allow":["GET"]}}],"collection":[{"href":"https:\/\/lekarzpodroznik.pl\/store\/wp-json\/wp\/v2\/product"}],"about":[{"href":"https:\/\/lekarzpodroznik.pl\/store\/wp-json\/wp\/v2\/types\/product"}],"replies":[{"embeddable":true,"href":"https:\/\/lekarzpodroznik.pl\/store\/wp-json\/wp\/v2\/comments?post=804"}],"wp:featuredmedia":[{"embeddable":true,"href":"https:\/\/lekarzpodroznik.pl\/store\/wp-json\/wp\/v2\/media\/1148"}],"wp:attachment":[{"href":"https:\/\/lekarzpodroznik.pl\/store\/wp-json\/wp\/v2\/media?parent=804"}],"wp:term":[{"taxonomy":"product_brand","embeddable":true,"href":"https:\/\/lekarzpodroznik.pl\/store\/wp-json\/wp\/v2\/product_brand?post=804"},{"taxonomy":"product_cat","embeddable":true,"href":"https:\/\/lekarzpodroznik.pl\/store\/wp-json\/wp\/v2\/product_cat?post=804"},{"taxonomy":"product_tag","embeddable":true,"href":"https:\/\/lekarzpodroznik.pl\/store\/wp-json\/wp\/v2\/product_tag?post=804"}],"curies":[{"name":"wp","href":"https:\/\/api.w.org\/{rel}","templated":true}]}}