{"id":987,"date":"2024-12-11T10:00:39","date_gmt":"2024-12-11T10:00:39","guid":{"rendered":"https:\/\/lekarzpodroznik.pl\/store\/?post_type=product&#038;p=987"},"modified":"2026-01-05T14:37:24","modified_gmt":"2026-01-05T14:37:24","slug":"hair-perfecta","status":"publish","type":"product","link":"https:\/\/lekarzpodroznik.pl\/store\/product\/hair-perfecta\/","title":{"rendered":"Hair Perfecta"},"content":{"rendered":"<p>Wypadanie w\u0142os\u00f3w jest jednym z najcz\u0119stszych problem\u00f3w estetycznych, kt\u00f3ry dotyka zar\u00f3wno m\u0119\u017cczyzn, jak i kobiety na ca\u0142ym \u015bwiecie. Cho\u0107 wiele os\u00f3b korzysta z r\u00f3\u017cnorodnych metod, aby zatrzyma\u0107 ten proces, jednym z najbardziej innowacyjnych produkt\u00f3w, kt\u00f3re zyska\u0142y uznanie w\u015br\u00f3d u\u017cytkownik\u00f3w, jest Hair Perfecta. W tym artykule przedstawimy szczeg\u00f3\u0142owy przegl\u0105d tego preparatu, jego sk\u0142adnik\u00f3w, dzia\u0142ania, wskaza\u0144 oraz przeciwwskaza\u0144, a tak\u017ce miejsca, w kt\u00f3rych mo\u017cna go zakupi\u0107.<\/p>\n<p style=\"text-align: center;\"><a class=\"border-button\" href=\"https:\/\/tl-track.com\/tracker\/vQSu\">www.hair-perfecta.pl<\/a><\/p>\n<h2>Co to jest Hair Perfecta: Forma wydania, grupa<\/h2>\n<p>Hair Perfecta to nowoczesny <strong>spray do odbudowy w\u0142os\u00f3w<\/strong>, kt\u00f3ry stworzono z my\u015bl\u0105 o osobach borykaj\u0105cych si\u0119 z wypadaniem w\u0142os\u00f3w, ich os\u0142abieniem oraz problemami zwi\u0105zanymi z porostem nowych w\u0142os\u00f3w. Formu\u0142a sprayu oparta jest na sk\u0142adnikach aktywnych, kt\u00f3re wspomagaj\u0105 regeneracj\u0119 i poprawiaj\u0105 kondycj\u0119 w\u0142os\u00f3w, zapobiegaj\u0105c ich wypadaniu i stymuluj\u0105c wzrost nowych.<\/p>\n<p>Spray dost\u0119pny jest w wygodnej formie buteleczki, kt\u00f3ra umo\u017cliwia precyzyjne aplikowanie preparatu bezpo\u015brednio na sk\u00f3r\u0119 g\u0142owy. Dzi\u0119ki takiej formie, Hair Perfecta dociera bezpo\u015brednio do cebulek w\u0142osowych, co zwi\u0119ksza jego skuteczno\u015b\u0107.<\/p>\n<p><strong>Grupa preparatu<\/strong>: Hair Perfecta nale\u017cy do grupy <strong>kosmetyk\u00f3w do piel\u0119gnacji w\u0142os\u00f3w<\/strong> i jest uwa\u017cany za produkt wspomagaj\u0105cy leczenie wypadania w\u0142os\u00f3w. Nale\u017cy do kategorii <strong>kosmetyk\u00f3w leczniczych<\/strong>, co oznacza, \u017ce jego dzia\u0142anie jest ukierunkowane na popraw\u0119 zdrowia i kondycji w\u0142os\u00f3w.<\/p>\n<h2>Wskazania i przeciwwskazania Hair Perfecta<\/h2>\n<h3>Wskazania<\/h3>\n<p>Hair Perfecta jest przeznaczona do stosowania w przypadku:<\/p>\n<ol>\n<li><strong>Wypadania w\u0142os\u00f3w<\/strong> &#8211; spray pomaga zatrzyma\u0107 wypadanie w\u0142os\u00f3w, wzmacniaj\u0105c je od nasady a\u017c po same ko\u0144ce.<\/li>\n<li><strong>Os\u0142abienia w\u0142os\u00f3w<\/strong> &#8211; je\u017celi Twoje w\u0142osy sta\u0142y si\u0119 cienkie, \u0142amliwe i s\u0142abe, Hair Perfecta pomo\u017ce w ich odbudowie.<\/li>\n<li><strong>Braku nowych w\u0142os\u00f3w<\/strong> &#8211; je\u015bli zauwa\u017cysz, \u017ce Twoje w\u0142osy nie rosn\u0105 tak szybko, jak kiedy\u015b, spray mo\u017ce pom\u00f3c w stymulowaniu ich wzrostu.<\/li>\n<li><strong>Problemy z \u0142ysieniem androgenowym<\/strong> &#8211; Hair Perfecta mo\u017ce wspiera\u0107 osoby borykaj\u0105ce si\u0119 z tym rodzajem wypadania w\u0142os\u00f3w, zw\u0142aszcza u m\u0119\u017cczyzn.<\/li>\n<li><strong>Og\u00f3lnej poprawy kondycji sk\u00f3ry g\u0142owy<\/strong> &#8211; preparat poprawia mikrokr\u0105\u017cenie sk\u00f3ry g\u0142owy, co wspomaga zdrowy wzrost w\u0142os\u00f3w.<\/li>\n<\/ol>\n<h3>Przeciwwskazania<\/h3>\n<p>Cho\u0107 Hair Perfecta jest bezpieczna w u\u017cyciu, istniej\u0105 pewne <strong>przeciwwskazania<\/strong> do jej stosowania:<\/p>\n<ul>\n<li><strong>Alergia na sk\u0142adniki preparatu<\/strong> \u2013 je\u015bli masz uczulenie na jakikolwiek sk\u0142adnik Hair Perfecta, nale\u017cy unika\u0107 stosowania sprayu.<\/li>\n<li><strong>Choroby sk\u00f3ry g\u0142owy<\/strong> \u2013 w przypadku powa\u017cnych infekcji sk\u00f3rnych lub stan\u00f3w zapalnych sk\u00f3ry g\u0142owy, przed zastosowaniem preparatu skonsultuj si\u0119 z dermatologiem.<\/li>\n<li><strong>Kobiety w ci\u0105\u017cy i karmi\u0105ce piersi\u0105<\/strong> \u2013 w tym przypadku przed u\u017cyciem nale\u017cy skonsultowa\u0107 si\u0119 z lekarzem.<\/li>\n<\/ul>\n<h2>Sk\u0142ad Hair Perfecta &#8211; Skuteczne sk\u0142adniki<\/h2>\n<p>Hair Perfecta zawiera szereg naturalnych sk\u0142adnik\u00f3w, kt\u00f3re wspomagaj\u0105 odbudow\u0119 w\u0142os\u00f3w. Oto najwa\u017cniejsze z nich:<\/p>\n<ol>\n<li><strong>Minoksydyl<\/strong> &#8211; Jeden z najskuteczniejszych sk\u0142adnik\u00f3w stosowanych w preparatach przeciw wypadaniu w\u0142os\u00f3w. Pomaga zwi\u0119kszy\u0107 przep\u0142yw krwi do cebulek w\u0142osowych, co stymuluje ich wzrost.<\/li>\n<li><strong>Biotyna<\/strong> &#8211; Witamina B7, kt\u00f3ra jest niezb\u0119dna do zdrowego wzrostu w\u0142os\u00f3w. Wzmacnia struktur\u0119 w\u0142osa, zapobiegaj\u0105c jego \u0142amaniu.<\/li>\n<li><strong>Kofeina<\/strong> &#8211; Aktywuje mieszki w\u0142osowe, przyspieszaj\u0105c ich regeneracj\u0119 i pobudzaj\u0105c wzrost nowych w\u0142os\u00f3w.<\/li>\n<li><strong>Pantenol<\/strong> &#8211; Dzi\u0119ki swoim w\u0142a\u015bciwo\u015bciom nawil\u017caj\u0105cym, pantenol sprawia, \u017ce w\u0142osy staj\u0105 si\u0119 mi\u0119kkie i l\u015bni\u0105ce, a sk\u00f3ra g\u0142owy jest dobrze nawil\u017cona.<\/li>\n<li><strong>Ekstrakt z pokrzywy<\/strong> &#8211; Znany ze swoich w\u0142a\u015bciwo\u015bci wzmacniaj\u0105cych i od\u017cywczych, pomaga w regeneracji sk\u00f3ry g\u0142owy i poprawie kondycji w\u0142os\u00f3w.<\/li>\n<li><strong>Kwasy t\u0142uszczowe omega-3<\/strong> &#8211; Wspieraj\u0105 zdrowie sk\u00f3ry g\u0142owy i pomagaj\u0105 w walce z jej przesuszeniem.<\/li>\n<\/ol>\n<h2>Efekty stosowania &#8211; Dzia\u0142anie Hair Perfecta<\/h2>\n<p>Regularne stosowanie Hair Perfecta mo\u017ce przynie\u015b\u0107 zauwa\u017calne efekty ju\u017c po kilku tygodniach. Oto, jak dzia\u0142a preparat:<\/p>\n<ol>\n<li><strong>Zatrzymanie wypadania w\u0142os\u00f3w<\/strong> \u2013 Dzi\u0119ki sk\u0142adnikom aktywnym, takim jak minoksydyl, spray pomaga zatrzyma\u0107 wypadanie w\u0142os\u00f3w, poprawiaj\u0105c ich kondycj\u0119.<\/li>\n<li><strong>Stymulacja wzrostu nowych w\u0142os\u00f3w<\/strong> \u2013 Spray dzia\u0142a na poziomie cebulek w\u0142osowych, pobudzaj\u0105c je do wzrostu i wspomagaj\u0105c odrastanie nowych, zdrowych w\u0142os\u00f3w.<\/li>\n<li><strong>Wzmacnianie struktury w\u0142os\u00f3w<\/strong> \u2013 Dzi\u0119ki zawarto\u015bci biotyny i pantenolu, spray wzmacnia w\u0142osy, sprawiaj\u0105c, \u017ce staj\u0105 si\u0119 one bardziej odporne na uszkodzenia.<\/li>\n<li><strong>Poprawa kondycji sk\u00f3ry g\u0142owy<\/strong> \u2013 Ekstrakty ro\u015blinne oraz kofeina poprawiaj\u0105 mikrokr\u0105\u017cenie, co sprzyja zdrowemu \u015brodowisku do wzrostu w\u0142os\u00f3w.<\/li>\n<\/ol>\n<p>Efekty stosowania Hair Perfecta s\u0105 zazwyczaj zauwa\u017calne po oko\u0142o <strong>3-6 tygodniach regularnego stosowania<\/strong>. W\u0142osy staj\u0105 si\u0119 mocniejsze, bardziej l\u015bni\u0105ce i odporne na wypadanie.<\/p>\n<h2>Gdzie kupi\u0107 Hair Perfecta?<\/h2>\n<p><strong>Gdzie mo\u017cna kupi\u0107 Hair Perfecta?<\/strong> To pytanie zadaje sobie wielu potencjalnych u\u017cytkownik\u00f3w. Warto wiedzie\u0107, \u017ce preparat ten nie jest dost\u0119pny w stacjonarnych aptekach, co mo\u017ce zaskoczy\u0107 wielu konsument\u00f3w. Dlatego aby <strong>kupi\u0107 Hair Perfecta<\/strong>, najlepiej poszuka\u0107 go <strong>w Internecie<\/strong>.<\/p>\n<p>Najlepszym miejscem do zakupu jest <strong>oficjalna strona producenta<\/strong>, gdzie mo\u017cna zam\u00f3wi\u0107 produkt bezpo\u015brednio i mie\u0107 pewno\u015b\u0107, \u017ce otrzymujemy oryginalny preparat. Kupuj\u0105c bezpo\u015brednio u producenta, otrzymujesz gwarancj\u0119 autentyczno\u015bci, co jest szczeg\u00f3lnie istotne, aby unikn\u0105\u0107 zakupu podr\u00f3bek. Warto r\u00f3wnie\u017c zwr\u00f3ci\u0107 uwag\u0119 na ewentualne promocje lub rabaty oferowane przez producenta.<\/p>\n<p>Innym miejscem, gdzie mo\u017cna <strong>kupi\u0107 Hair Perfecta<\/strong>, s\u0105 <strong>platformy sprzeda\u017cowe<\/strong>, takie jak Allegro czy Amazon, jednak nale\u017cy by\u0107 ostro\u017cnym i upewni\u0107 si\u0119, \u017ce produkt pochodzi od sprawdzonego sprzedawcy.<\/p>\n<p>Aby zapewni\u0107 sobie najlepsze efekty, poszukuj miejsc, gdzie Hair Perfecta jest oferowana w pe\u0142ni oryginalnej wersji. Unikaj stacjonarnych aptek, kt\u00f3re mog\u0105 nie mie\u0107 tego produktu w ofercie. Zakupy przez Internet to najwygodniejszy i najbezpieczniejszy spos\u00f3b na zdobycie preparatu.<\/p>\n<p>Hair Perfecta to innowacyjny spray, kt\u00f3ry skutecznie walczy z wypadaniem w\u0142os\u00f3w i wspomaga ich regeneracj\u0119. Dzi\u0119ki swoim naturalnym sk\u0142adnikom i wyj\u0105tkowej formule, preparat ten zdoby\u0142 uznanie w\u015br\u00f3d os\u00f3b borykaj\u0105cych si\u0119 z problemem os\u0142abionych i wypadaj\u0105cych w\u0142os\u00f3w. Regularne stosowanie sprayu mo\u017ce przynie\u015b\u0107 widoczne efekty, przywracaj\u0105c zdrowy wygl\u0105d Twoim w\u0142osom. Je\u015bli chcesz cieszy\u0107 si\u0119 pi\u0119knymi, mocnymi w\u0142osami, poszukaj Hair Perfecta online i zam\u00f3w go ju\u017c dzi\u015b!<\/p>\n<p style=\"text-align: center;\"><a class=\"border-button\" href=\"https:\/\/tl-track.com\/tracker\/vQSu\">KUPI\u0106 PO CENIE PRODUCENTA (-50%)<\/a><\/p>\n","protected":false},"excerpt":{"rendered":"<p>Nr kat.: 870874009<\/p>\n<p style=\"text-align: center;\"><a class=\"border-button\" href=\"https:\/\/tl-track.com\/tracker\/vQSu\">KUP TERAZ<\/a><\/p>\n","protected":false},"featured_media":1029,"comment_status":"open","ping_status":"closed","template":"","meta":[],"product_brand":[],"product_cat":[18],"product_tag":[],"class_list":{"0":"post-987","1":"product","2":"type-product","3":"status-publish","4":"has-post-thumbnail","6":"product_cat-suplementy","8":"first","9":"instock","10":"sale","11":"shipping-taxable","12":"purchasable","13":"product-type-simple"},"aioseo_notices":[],"_links":{"self":[{"href":"https:\/\/lekarzpodroznik.pl\/store\/wp-json\/wp\/v2\/product\/987","targetHints":{"allow":["GET"]}}],"collection":[{"href":"https:\/\/lekarzpodroznik.pl\/store\/wp-json\/wp\/v2\/product"}],"about":[{"href":"https:\/\/lekarzpodroznik.pl\/store\/wp-json\/wp\/v2\/types\/product"}],"replies":[{"embeddable":true,"href":"https:\/\/lekarzpodroznik.pl\/store\/wp-json\/wp\/v2\/comments?post=987"}],"wp:featuredmedia":[{"embeddable":true,"href":"https:\/\/lekarzpodroznik.pl\/store\/wp-json\/wp\/v2\/media\/1029"}],"wp:attachment":[{"href":"https:\/\/lekarzpodroznik.pl\/store\/wp-json\/wp\/v2\/media?parent=987"}],"wp:term":[{"taxonomy":"product_brand","embeddable":true,"href":"https:\/\/lekarzpodroznik.pl\/store\/wp-json\/wp\/v2\/product_brand?post=987"},{"taxonomy":"product_cat","embeddable":true,"href":"https:\/\/lekarzpodroznik.pl\/store\/wp-json\/wp\/v2\/product_cat?post=987"},{"taxonomy":"product_tag","embeddable":true,"href":"https:\/\/lekarzpodroznik.pl\/store\/wp-json\/wp\/v2\/product_tag?post=987"}],"curies":[{"name":"wp","href":"https:\/\/api.w.org\/{rel}","templated":true}]}}